{"id":2678,"date":"2019-04-17T10:19:59","date_gmt":"2019-04-17T10:19:59","guid":{"rendered":"https:\/\/personalinjuryattorney-fresno.com\/?page_id=2678"},"modified":"2024-10-08T09:53:08","modified_gmt":"2024-10-08T09:53:08","slug":"paralizado-despues-de-un-accidente","status":"publish","type":"page","link":"https:\/\/personalinjuryattorney-fresno.com\/es\/lesiones-personales\/tipos-de-lesiones\/paralizado-despues-de-un-accidente\/","title":{"rendered":"paralizado-despu\u00e9s-de-un-accidente"},"content":{"rendered":"\n<p>La par\u00e1lisis puede ser el resultado de una lesi\u00f3n en la espalda, el cuello y, en algunos casos, en la cabeza. En t\u00e9rminos generales, la par\u00e1lisis ocurre debido al da\u00f1o severo infligido a la m\u00e9dula espinal. La par\u00e1lisis no siempre es permanente y, en algunos casos, es temporal y no completa. Algunas v\u00edctimas de par\u00e1lisis pueden experimentar una p\u00e9rdida parcial de la sensaci\u00f3n (sensorial) y de la funci\u00f3n (movilidad). La par\u00e1lisis puede afectar varias partes del cuerpo dependiendo de la ubicaci\u00f3n donde la m\u00e9dula espinal recibi\u00f3 el da\u00f1o.<br><\/p>\n\n\n\n<p>Las lesiones que resultan en par\u00e1lisis pueden tener consecuencias devastadoras para las v\u00edctimas y sus familias. La v\u00edctima requerir\u00e1 atenci\u00f3n m\u00e9dica a largo plazo, as\u00ed como apoyo financiero y emocional de su familia. Si usted o un ser querido han estado involucrados en un accidente y est\u00e1n sufriendo de par\u00e1lisis, contacte a un abogado de par\u00e1lisis en Fresno hoy para discutir los m\u00e9ritos de su caso.<\/p>\n\n\n\n<figure class=\"wp-block-image size-large\"><img loading=\"lazy\" decoding=\"async\" width=\"1110\" height=\"741\" src=\"https:\/\/personalinjuryattorney-fresno.com\/wp-content\/uploads\/2024\/01\/Personal-Injury-Lawyer-Fresno-1110x741.webp\" alt=\"\" class=\"wp-image-2579\" srcset=\"https:\/\/personalinjuryattorney-fresno.com\/wp-content\/uploads\/2024\/01\/Personal-Injury-Lawyer-Fresno-1110x741.webp 1110w, https:\/\/personalinjuryattorney-fresno.com\/wp-content\/uploads\/2024\/01\/Personal-Injury-Lawyer-Fresno-449x300.webp 449w, https:\/\/personalinjuryattorney-fresno.com\/wp-content\/uploads\/2024\/01\/Personal-Injury-Lawyer-Fresno-768x513.webp 768w, https:\/\/personalinjuryattorney-fresno.com\/wp-content\/uploads\/2024\/01\/Personal-Injury-Lawyer-Fresno-1536x1025.webp 1536w, https:\/\/personalinjuryattorney-fresno.com\/wp-content\/uploads\/2024\/01\/Personal-Injury-Lawyer-Fresno.webp 1600w\" sizes=\"auto, (max-width: 1110px) 100vw, 1110px\" \/><\/figure>\n\n\n\n<h2 class=\"wp-block-heading\">\u00bfQu\u00e9 es la Par\u00e1lisis?<\/h2>\n\n\n\n<p>La par\u00e1lisis es la p\u00e9rdida de fuerza y control sobre un m\u00fasculo o grupo de m\u00fasculos. La par\u00e1lisis se clasifica en dos categor\u00edas: completa o incompleta. Los s\u00edntomas de la par\u00e1lisis var\u00edan seg\u00fan el sitio de la lesi\u00f3n. Debido a que la par\u00e1lisis afecta un m\u00fasculo o grupo de m\u00fasculos, muchas funciones corporales pueden verse afectadas. Algunos de los problemas que pueden ocurrir junto con la par\u00e1lisis incluyen:<\/p>\n\n\n\n<ul class=\"wp-block-list\">\n<li>Problemas con el flujo sangu\u00edneo, la respiraci\u00f3n y el ritmo card\u00edaco<\/li>\n\n\n\n<li>P\u00e9rdida de la funci\u00f3n normal de \u00f3rganos, gl\u00e1ndulas y otros tejidos<\/li>\n\n\n\n<li>Cambios en los m\u00fasculos, articulaciones y huesos<\/li>\n\n\n\n<li>Lesiones en la piel (\u00falceras por presi\u00f3n debido a la incapacidad de moverse)<\/li>\n\n\n\n<li>Co\u00e1gulos de sangre en las piernas (debido a la lesi\u00f3n y la falta de movimiento)<\/li>\n\n\n\n<li>P\u00e9rdida del control urinario y fecal (debido a la p\u00e9rdida de sensibilidad)<\/li>\n\n\n\n<li>Disfunci\u00f3n sexual (debido a la falta de movilidad y la p\u00e9rdida de sensaci\u00f3n)<\/li>\n\n\n\n<li>Problemas con las cuerdas vocales, hablar o tragar<\/li>\n\n\n\n<li>Cambios en el comportamiento y las emociones<\/li>\n<\/ul>\n\n\n\n<h2 class=\"wp-block-heading\">Causas Comunes de la Par\u00e1lisis<\/h2>\n\n\n\n<p>El movimiento del cuerpo est\u00e1 controlado por se\u00f1ales transmitidas desde el cerebro. El cerebro, la m\u00e9dula espinal, los nervios y la uni\u00f3n entre los nervios y los m\u00fasculos forman un sistema de transmisi\u00f3n. Cuando cualquier parte del sistema de transmisi\u00f3n se da\u00f1a, las se\u00f1ales no llegan al m\u00fasculo y ocurre la par\u00e1lisis. Los accidentes comunes que resultan en par\u00e1lisis incluyen:<br><\/p>\n\n\n\n<ul class=\"wp-block-list\">\n<li>Accidentes automovil\u00edsticos<\/li>\n\n\n\n<li>Accidentes de camiones<\/li>\n\n\n\n<li>Accidentes de motocicletas<\/li>\n\n\n\n<li>Accidentes peatonales<\/li>\n\n\n\n<li>Accidentes por resbalones y ca\u00eddas<\/li>\n\n\n\n<li>Violencia<\/li>\n\n\n\n<li>Accidentes laborales<\/li>\n\n\n\n<li>Lesiones en la cabeza<\/li>\n\n\n\n<li>Lesiones de la m\u00e9dula espinal<\/li>\n\n\n\n<li>Accidentes deportivos<\/li>\n<\/ul>\n\n\n\n<h2 class=\"wp-block-heading\">Tipos de Par\u00e1lisis<\/h2>\n\n\n\n<p>Hay muchos tipos y grados de par\u00e1lisis. Los tipos comunes de par\u00e1lisis incluyen:<br><\/p>\n\n\n\n<ul class=\"wp-block-list\">\n<li><a href=\"https:\/\/www.spinalcord.com\/blog\/learn-the-types-of-paralysis-due-to-spinal-cord-injury\" target=\"_blank\" rel=\"noreferrer noopener nofollow\">Par\u00e1lisis completa<\/a>: ocurre cuando los m\u00fasculos no pueden moverse, se pierde el control muscular y nunca regresa.<\/li>\n\n\n\n<li><a href=\"https:\/\/www.spinalcord.com\/blog\/learn-the-types-of-paralysis-due-to-spinal-cord-injury\" target=\"_blank\" rel=\"noreferrer noopener nofollow\">Par\u00e1lisis temporal<\/a>: ocurre cuando se recupera algo de control muscular.<\/li>\n\n\n\n<li><a href=\"https:\/\/www.spinalcord.com\/blog\/learn-the-types-of-paralysis-due-to-spinal-cord-injury\" target=\"_blank\" rel=\"noreferrer noopener nofollow\">Par\u00e1lisis fl\u00e1cida<\/a>: cuando los m\u00fasculos se vuelven fl\u00e1cidos y se encogen.<\/li>\n\n\n\n<li><a href=\"https:\/\/www.spinalcord.com\/blog\/learn-the-types-of-paralysis-due-to-spinal-cord-injury\" target=\"_blank\" rel=\"noreferrer noopener nofollow\">Par\u00e1lisis esp\u00e1stica<\/a>: cuando los m\u00fasculos est\u00e1n tensos, duros y se mueven de manera extra\u00f1a y espasm\u00f3dica.<\/li>\n<\/ul>\n\n\n\n<p>La par\u00e1lisis puede ocurrir en cualquier parte del cuerpo y se clasifica como localizada (afecta solo una parte del cuerpo) o generalizada (afecta una \u00e1rea m\u00e1s amplia del cuerpo). Ejemplos de par\u00e1lisis localizada y generalizada incluyen:<\/p>\n\n\n\n<ul class=\"wp-block-list\">\n<li>Par\u00e1lisis localizada: a menudo afecta \u00e1reas como la cara, las manos, los pies o las cuerdas vocales.<\/li>\n\n\n\n<li>Par\u00e1lisis generalizada: se determina seg\u00fan cu\u00e1nto del cuerpo est\u00e1 paralizado.\n<ul class=\"wp-block-list\">\n<li>Monoplej\u00eda: afecta solo una extremidad. Un ejemplo es un brazo o una pierna.<\/li>\n\n\n\n<li>Hemiplej\u00eda: afecta un lado del cuerpo. Un ejemplo es la pierna y el brazo del mismo lado del cuerpo.<\/li>\n\n\n\n<li>Diplej\u00eda: afecta la misma \u00e1rea en ambos lados del cuerpo. Un ejemplo es que ambos brazos o ambos lados de la cara presentan par\u00e1lisis.<\/li>\n\n\n\n<li>Paraplej\u00eda: afecta ambas piernas y, a veces, partes del tronco.<\/li>\n\n\n\n<li>Cuadriplej\u00eda: afecta ambos brazos, piernas y puede afectar toda el \u00e1rea desde el cuello hacia abajo. La funci\u00f3n del coraz\u00f3n, los pulmones y otros \u00f3rganos tambi\u00e9n podr\u00eda verse afectada.<\/li>\n<\/ul>\n<\/li>\n<\/ul>\n\n\n\n<h2 class=\"wp-block-heading\">Hable con un Abogado de Par\u00e1lisis en Fresno<\/h2>\n\n\n\n<p>La par\u00e1lisis cambia su vida, por eso Grossman Law Offices examina cada aspecto del accidente que caus\u00f3 su lesi\u00f3n por par\u00e1lisis. Las compa\u00f1\u00edas de seguros har\u00e1n todo lo posible para limitar la cantidad que deben a las v\u00edctimas de lesiones disputando la responsabilidad y desafiando la cantidad de los da\u00f1os. Los abogados experimentados en par\u00e1lisis y <a href=\"\/es\/lesiones-personales\/tipos-de-lesiones\/abogado-de-lesiones-de-la-medula-espinal-en-fresno\/\">lesiones de la m\u00e9dula espinal<\/a> en Grossman Law Offices saben que sus clientes tienen una oportunidad para lograr un acuerdo o juicio que cubrir\u00e1 sus necesidades futuras. En Grossman Law Offices, consultamos con una variedad de expertos, como planificadores de atenci\u00f3n a largo plazo, economistas, expertos m\u00e9dicos y especialistas en rehabilitaci\u00f3n vocacional para determinar y cuantificar las p\u00e9rdidas pasadas, presentes y futuras de nuestros clientes. Si necesita un abogado de lesiones personales para luchar por sus derechos, por favor contacte a los abogados de lesiones personales de <a href=\"https:\/\/personalinjuryattorney-fresno.com\/es\/\">Fresno en Grossman Law Offices<\/a> hoy para programar su consulta gratuita.<\/p>\n","protected":false},"excerpt":{"rendered":"<p>La par\u00e1lisis puede ser el resultado de una lesi\u00f3n en la espalda, el cuello y, en algunos casos, en la&#8230;<\/p>\n","protected":false},"author":5,"featured_media":0,"parent":2111,"menu_order":0,"comment_status":"closed","ping_status":"closed","template":"template-practice-area.php","meta":{"footnotes":""},"class_list":["post-2678","page","type-page","status-publish","hentry"],"yoast_head":"<!-- This site is optimized with the Yoast SEO plugin v25.0 - https:\/\/yoast.com\/wordpress\/plugins\/seo\/ -->\n<title>paralizado-despu\u00e9s-de-un-accidente | Grossman Law Offices<\/title>\n<meta name=\"robots\" content=\"index, follow, max-snippet:-1, max-image-preview:large, max-video-preview:-1\" \/>\n<link rel=\"canonical\" href=\"https:\/\/personalinjuryattorney-fresno.com\/es\/lesiones-personales\/tipos-de-lesiones\/paralizado-despues-de-un-accidente\/\" \/>\n<meta property=\"og:locale\" content=\"es_ES\" \/>\n<meta property=\"og:type\" content=\"article\" \/>\n<meta property=\"og:title\" content=\"paralizado-despu\u00e9s-de-un-accidente | Grossman Law Offices\" \/>\n<meta property=\"og:description\" content=\"La par\u00e1lisis puede ser el resultado de una lesi\u00f3n en la espalda, el cuello y, en algunos casos, en la...\" \/>\n<meta property=\"og:url\" content=\"https:\/\/personalinjuryattorney-fresno.com\/es\/lesiones-personales\/tipos-de-lesiones\/paralizado-despues-de-un-accidente\/\" \/>\n<meta property=\"og:site_name\" content=\"Grossman Law Offices\" \/>\n<meta property=\"article:modified_time\" content=\"2024-10-08T09:53:08+00:00\" \/>\n<meta property=\"og:image\" content=\"https:\/\/personalinjuryattorney-fresno.com\/wp-content\/uploads\/2024\/01\/Personal-Injury-Lawyer-Fresno-1110x741.webp\" \/>\n<meta name=\"twitter:card\" content=\"summary_large_image\" \/>\n<meta name=\"twitter:label1\" content=\"Tiempo de lectura\" \/>\n\t<meta name=\"twitter:data1\" content=\"4 minutos\" \/>\n<script type=\"application\/ld+json\" class=\"yoast-schema-graph\">{\"@context\":\"https:\/\/schema.org\",\"@graph\":[{\"@type\":\"WebPage\",\"@id\":\"https:\/\/personalinjuryattorney-fresno.com\/es\/lesiones-personales\/tipos-de-lesiones\/paralizado-despues-de-un-accidente\/\",\"url\":\"https:\/\/personalinjuryattorney-fresno.com\/es\/lesiones-personales\/tipos-de-lesiones\/paralizado-despues-de-un-accidente\/\",\"name\":\"paralizado-despu\u00e9s-de-un-accidente | Grossman Law Offices\",\"isPartOf\":{\"@id\":\"https:\/\/personalinjuryattorney-fresno.com\/es\/#website\"},\"primaryImageOfPage\":{\"@id\":\"https:\/\/personalinjuryattorney-fresno.com\/es\/lesiones-personales\/tipos-de-lesiones\/paralizado-despues-de-un-accidente\/#primaryimage\"},\"image\":{\"@id\":\"https:\/\/personalinjuryattorney-fresno.com\/es\/lesiones-personales\/tipos-de-lesiones\/paralizado-despues-de-un-accidente\/#primaryimage\"},\"thumbnailUrl\":\"https:\/\/personalinjuryattorney-fresno.com\/wp-content\/uploads\/2024\/01\/Personal-Injury-Lawyer-Fresno-1110x741.webp\",\"datePublished\":\"2019-04-17T10:19:59+00:00\",\"dateModified\":\"2024-10-08T09:53:08+00:00\",\"breadcrumb\":{\"@id\":\"https:\/\/personalinjuryattorney-fresno.com\/es\/lesiones-personales\/tipos-de-lesiones\/paralizado-despues-de-un-accidente\/#breadcrumb\"},\"inLanguage\":\"es\",\"potentialAction\":[{\"@type\":\"ReadAction\",\"target\":[\"https:\/\/personalinjuryattorney-fresno.com\/es\/lesiones-personales\/tipos-de-lesiones\/paralizado-despues-de-un-accidente\/\"]}]},{\"@type\":\"ImageObject\",\"inLanguage\":\"es\",\"@id\":\"https:\/\/personalinjuryattorney-fresno.com\/es\/lesiones-personales\/tipos-de-lesiones\/paralizado-despues-de-un-accidente\/#primaryimage\",\"url\":\"https:\/\/personalinjuryattorney-fresno.com\/wp-content\/uploads\/2024\/01\/Personal-Injury-Lawyer-Fresno-1110x741.webp\",\"contentUrl\":\"https:\/\/personalinjuryattorney-fresno.com\/wp-content\/uploads\/2024\/01\/Personal-Injury-Lawyer-Fresno-1110x741.webp\"},{\"@type\":\"BreadcrumbList\",\"@id\":\"https:\/\/personalinjuryattorney-fresno.com\/es\/lesiones-personales\/tipos-de-lesiones\/paralizado-despues-de-un-accidente\/#breadcrumb\",\"itemListElement\":[{\"@type\":\"ListItem\",\"position\":1,\"name\":\"Inicio\",\"item\":\"https:\/\/personalinjuryattorney-fresno.com\/es\/\"},{\"@type\":\"ListItem\",\"position\":2,\"name\":\"Lesiones Persona\",\"item\":\"https:\/\/personalinjuryattorney-fresno.com\/es\/lesiones-personales\/\"},{\"@type\":\"ListItem\",\"position\":3,\"name\":\"Tipos de Lesiones\",\"item\":\"https:\/\/personalinjuryattorney-fresno.com\/es\/lesiones-personales\/tipos-de-lesiones\/\"},{\"@type\":\"ListItem\",\"position\":4,\"name\":\"paralizado-despu\u00e9s-de-un-accidente\"}]},{\"@type\":\"WebSite\",\"@id\":\"https:\/\/personalinjuryattorney-fresno.com\/es\/#website\",\"url\":\"https:\/\/personalinjuryattorney-fresno.com\/es\/\",\"name\":\"Grossman Law Offices\",\"description\":\"Experienced Attorneys Representing Accident Victims Throughout California\",\"potentialAction\":[{\"@type\":\"SearchAction\",\"target\":{\"@type\":\"EntryPoint\",\"urlTemplate\":\"https:\/\/personalinjuryattorney-fresno.com\/es\/?s={search_term_string}\"},\"query-input\":{\"@type\":\"PropertyValueSpecification\",\"valueRequired\":true,\"valueName\":\"search_term_string\"}}],\"inLanguage\":\"es\"}]}<\/script>\n<!-- \/ Yoast SEO plugin. -->","yoast_head_json":{"title":"paralizado-despu\u00e9s-de-un-accidente | Grossman Law Offices","robots":{"index":"index","follow":"follow","max-snippet":"max-snippet:-1","max-image-preview":"max-image-preview:large","max-video-preview":"max-video-preview:-1"},"canonical":"https:\/\/personalinjuryattorney-fresno.com\/es\/lesiones-personales\/tipos-de-lesiones\/paralizado-despues-de-un-accidente\/","og_locale":"es_ES","og_type":"article","og_title":"paralizado-despu\u00e9s-de-un-accidente | Grossman Law Offices","og_description":"La par\u00e1lisis puede ser el resultado de una lesi\u00f3n en la espalda, el cuello y, en algunos casos, en la...","og_url":"https:\/\/personalinjuryattorney-fresno.com\/es\/lesiones-personales\/tipos-de-lesiones\/paralizado-despues-de-un-accidente\/","og_site_name":"Grossman Law Offices","article_modified_time":"2024-10-08T09:53:08+00:00","og_image":[{"url":"https:\/\/personalinjuryattorney-fresno.com\/wp-content\/uploads\/2024\/01\/Personal-Injury-Lawyer-Fresno-1110x741.webp","type":"","width":"","height":""}],"twitter_card":"summary_large_image","twitter_misc":{"Tiempo de lectura":"4 minutos"},"schema":{"@context":"https:\/\/schema.org","@graph":[{"@type":"WebPage","@id":"https:\/\/personalinjuryattorney-fresno.com\/es\/lesiones-personales\/tipos-de-lesiones\/paralizado-despues-de-un-accidente\/","url":"https:\/\/personalinjuryattorney-fresno.com\/es\/lesiones-personales\/tipos-de-lesiones\/paralizado-despues-de-un-accidente\/","name":"paralizado-despu\u00e9s-de-un-accidente | Grossman Law Offices","isPartOf":{"@id":"https:\/\/personalinjuryattorney-fresno.com\/es\/#website"},"primaryImageOfPage":{"@id":"https:\/\/personalinjuryattorney-fresno.com\/es\/lesiones-personales\/tipos-de-lesiones\/paralizado-despues-de-un-accidente\/#primaryimage"},"image":{"@id":"https:\/\/personalinjuryattorney-fresno.com\/es\/lesiones-personales\/tipos-de-lesiones\/paralizado-despues-de-un-accidente\/#primaryimage"},"thumbnailUrl":"https:\/\/personalinjuryattorney-fresno.com\/wp-content\/uploads\/2024\/01\/Personal-Injury-Lawyer-Fresno-1110x741.webp","datePublished":"2019-04-17T10:19:59+00:00","dateModified":"2024-10-08T09:53:08+00:00","breadcrumb":{"@id":"https:\/\/personalinjuryattorney-fresno.com\/es\/lesiones-personales\/tipos-de-lesiones\/paralizado-despues-de-un-accidente\/#breadcrumb"},"inLanguage":"es","potentialAction":[{"@type":"ReadAction","target":["https:\/\/personalinjuryattorney-fresno.com\/es\/lesiones-personales\/tipos-de-lesiones\/paralizado-despues-de-un-accidente\/"]}]},{"@type":"ImageObject","inLanguage":"es","@id":"https:\/\/personalinjuryattorney-fresno.com\/es\/lesiones-personales\/tipos-de-lesiones\/paralizado-despues-de-un-accidente\/#primaryimage","url":"https:\/\/personalinjuryattorney-fresno.com\/wp-content\/uploads\/2024\/01\/Personal-Injury-Lawyer-Fresno-1110x741.webp","contentUrl":"https:\/\/personalinjuryattorney-fresno.com\/wp-content\/uploads\/2024\/01\/Personal-Injury-Lawyer-Fresno-1110x741.webp"},{"@type":"BreadcrumbList","@id":"https:\/\/personalinjuryattorney-fresno.com\/es\/lesiones-personales\/tipos-de-lesiones\/paralizado-despues-de-un-accidente\/#breadcrumb","itemListElement":[{"@type":"ListItem","position":1,"name":"Inicio","item":"https:\/\/personalinjuryattorney-fresno.com\/es\/"},{"@type":"ListItem","position":2,"name":"Lesiones Persona","item":"https:\/\/personalinjuryattorney-fresno.com\/es\/lesiones-personales\/"},{"@type":"ListItem","position":3,"name":"Tipos de Lesiones","item":"https:\/\/personalinjuryattorney-fresno.com\/es\/lesiones-personales\/tipos-de-lesiones\/"},{"@type":"ListItem","position":4,"name":"paralizado-despu\u00e9s-de-un-accidente"}]},{"@type":"WebSite","@id":"https:\/\/personalinjuryattorney-fresno.com\/es\/#website","url":"https:\/\/personalinjuryattorney-fresno.com\/es\/","name":"Grossman Law Offices","description":"Experienced Attorneys Representing Accident Victims Throughout California","potentialAction":[{"@type":"SearchAction","target":{"@type":"EntryPoint","urlTemplate":"https:\/\/personalinjuryattorney-fresno.com\/es\/?s={search_term_string}"},"query-input":{"@type":"PropertyValueSpecification","valueRequired":true,"valueName":"search_term_string"}}],"inLanguage":"es"}]}},"_links":{"self":[{"href":"https:\/\/personalinjuryattorney-fresno.com\/es\/wp-json\/wp\/v2\/pages\/2678","targetHints":{"allow":["GET"]}}],"collection":[{"href":"https:\/\/personalinjuryattorney-fresno.com\/es\/wp-json\/wp\/v2\/pages"}],"about":[{"href":"https:\/\/personalinjuryattorney-fresno.com\/es\/wp-json\/wp\/v2\/types\/page"}],"author":[{"embeddable":true,"href":"https:\/\/personalinjuryattorney-fresno.com\/es\/wp-json\/wp\/v2\/users\/5"}],"replies":[{"embeddable":true,"href":"https:\/\/personalinjuryattorney-fresno.com\/es\/wp-json\/wp\/v2\/comments?post=2678"}],"version-history":[{"count":0,"href":"https:\/\/personalinjuryattorney-fresno.com\/es\/wp-json\/wp\/v2\/pages\/2678\/revisions"}],"up":[{"embeddable":true,"href":"https:\/\/personalinjuryattorney-fresno.com\/es\/wp-json\/wp\/v2\/pages\/2111"}],"wp:attachment":[{"href":"https:\/\/personalinjuryattorney-fresno.com\/es\/wp-json\/wp\/v2\/media?parent=2678"}],"curies":[{"name":"wp","href":"https:\/\/api.w.org\/{rel}","templated":true}]}}