{"id":2644,"date":"2019-03-19T13:20:08","date_gmt":"2019-03-19T13:20:08","guid":{"rendered":"https:\/\/personalinjuryattorney-fresno.com\/?page_id=2644"},"modified":"2024-07-22T05:40:48","modified_gmt":"2024-07-22T05:40:48","slug":"pulmones-y-vias-respiratorias","status":"publish","type":"page","link":"https:\/\/personalinjuryattorney-fresno.com\/es\/lesiones-personales\/compensacion-laboral\/pulmones-y-vias-respiratorias\/","title":{"rendered":"PULMONES Y V\u00cdAS RESPIRATORIAS"},"content":{"rendered":"\n<p>Bienvenido a The Grossman Law Offices. Convenientemente ubicados en Fresno, nuestros abogados han estado luchando para proteger los derechos de las v\u00edctimas de lesiones laborales en toda el \u00e1rea durante m\u00e1s de 40 a\u00f1os.<\/p>\n\n\n\n<p>La exposici\u00f3n a productos qu\u00edmicos nocivos y otras sustancias t\u00f3xicas en el lugar de trabajo puede llevar al desarrollo de una amplia gama de enfermedades pulmonares y respiratorias. Debido a que puede ser dif\u00edcil probar que estas enfermedades son resultado directo de la exposici\u00f3n en el lugar de trabajo, estos casos son extremadamente complejos y requieren la asistencia de un asesor legal altamente calificado.<\/p>\n\n\n\n<p>Uno de los bufetes de abogados de compensaci\u00f3n laboral m\u00e1s experimentados de Fresno, los abogados de The Grossman Law Offices poseen las habilidades necesarias para ayudarte a probar tu caso y obtener los beneficios de compensaci\u00f3n laboral a los que tienes derecho.<\/p>\n\n\n\n<p>Cont\u00e1ctanos hoy al (800) 462-5555 para programar tu consulta gratuita y an\u00e1lisis de caso. Revisaremos minuciosamente tu reclamo y tus registros m\u00e9dicos, y tomaremos un historial m\u00e9dico completo para determinar la mejor estrategia para probar el v\u00ednculo entre tu diagn\u00f3stico y tus deberes y actividades en el lugar de trabajo.<\/p>\n\n\n\n<h2 class=\"wp-block-heading\">ABOGADO DE ENFERMEDADES PULMONARES Y RESPIRATORIAS EN EL LUGAR DE TRABAJO EN FRESNO<\/h2>\n\n\n\n<p>En The Grossman Law Offices, hemos representado con \u00e9xito a clientes que han sido diagnosticados con una amplia gama de enfermedades pulmonares y respiratorias relacionadas con el trabajo e industriales, incluyendo:<\/p>\n\n\n\n<ul class=\"wp-block-list\">\n<li>Asbestosis<\/li>\n\n\n\n<li>Asma<\/li>\n\n\n\n<li>Bronquitis cr\u00f3nica<\/li>\n\n\n\n<li>Neumon\u00eda cr\u00f3nica<\/li>\n\n\n\n<li>EPOC<\/li>\n\n\n\n<li>Fibrosis qu\u00edstica<\/li>\n\n\n\n<li>Enfisema<\/li>\n\n\n\n<li>Pulm\u00f3n del granjero<\/li>\n\n\n\n<li>C\u00e1ncer de pulm\u00f3n<\/li>\n\n\n\n<li>Mesotelioma<\/li>\n\n\n\n<li>Silicosis<\/li>\n<\/ul>\n\n\n\n<p>Debido a la gravedad de estas enfermedades, nuestros clientes a menudo sufren complicaciones de salud secundarias que hacen que la capacidad para realizar tareas simples sea extremadamente dif\u00edcil. La mayor\u00eda tambi\u00e9n tienen una alta tasa de mortalidad. El no contratar a un abogado experimentado y capacitado puede resultar en la negaci\u00f3n de tu reclamo por beneficios de compensaci\u00f3n laboral.<\/p>\n\n\n\n<p>Complicando a\u00fan m\u00e1s las cosas, estas enfermedades pueden tardar d\u00e9cadas en desarrollarse, aumentando la dificultad de probar tu reclamo. Nuestros experimentados abogados de compensaci\u00f3n laboral de Fresno entienden las complejidades de estas enfermedades y trabajamos con expertos que pueden testificar sobre la causa de tu condici\u00f3n.<\/p>\n\n\n\n<p>Adem\u00e1s, revisaremos tu caso para determinar la responsabilidad de terceros (por ejemplo, el fabricante de productos que contienen productos qu\u00edmicos t\u00f3xicos como el asbesto). Donde sea apropiado, tambi\u00e9n podemos presentar una demanda por lesiones personales contra terceros cuya negligencia o fabricaci\u00f3n de una sustancia inherentemente peligrosa haya llevado directamente a tu enfermedad.<\/p>\n\n\n\n<h2 class=\"wp-block-heading\">CONSULTA GRATUITA CON UN ABOGADO DE COMPENSACI\u00d3N LABORAL EN FRESNO<\/h2>\n\n\n\n<p>Si has sido diagnosticado con una enfermedad pulmonar o respiratoria relacionada con el trabajo, completa nuestro formulario de evaluaci\u00f3n de caso de compensaci\u00f3n laboral. Uno de nuestros abogados revisar\u00e1 la informaci\u00f3n que proporcionas y nuestro bufete de abogados se pondr\u00e1 en contacto contigo.<\/p>\n\n\n\n<p>Para asistencia inmediata y respuestas a tus preguntas, llama hoy a un abogado de compensaci\u00f3n laboral en Fresno al (800) 462-5555. Organizaremos tu consulta gratuita con un abogado experimentado en enfermedades pulmonares y respiratorias de compensaci\u00f3n laboral en Fresno.<\/p>\n\n\n\n<p>Ayudando a clientes que viven y trabajan en Fresno desde 1972, \u00a1perm\u00edtenos poner nuestra experiencia a trabajar para ti!<\/p>\n","protected":false},"excerpt":{"rendered":"<p>Bienvenido a The Grossman Law Offices. Convenientemente ubicados en Fresno, nuestros abogados han estado luchando para proteger los derechos de&#8230;<\/p>\n","protected":false},"author":5,"featured_media":0,"parent":2002,"menu_order":0,"comment_status":"closed","ping_status":"closed","template":"template-practice-area.php","meta":{"footnotes":""},"class_list":["post-2644","page","type-page","status-publish","hentry"],"yoast_head":"<!-- This site is optimized with the Yoast SEO plugin v25.0 - https:\/\/yoast.com\/wordpress\/plugins\/seo\/ -->\n<title>PULMONES Y V\u00cdAS RESPIRATORIAS | Grossman Law Offices<\/title>\n<meta name=\"robots\" content=\"index, follow, max-snippet:-1, max-image-preview:large, max-video-preview:-1\" \/>\n<link rel=\"canonical\" href=\"https:\/\/personalinjuryattorney-fresno.com\/es\/lesiones-personales\/compensacion-laboral\/pulmones-y-vias-respiratorias\/\" \/>\n<meta property=\"og:locale\" content=\"es_ES\" \/>\n<meta property=\"og:type\" content=\"article\" \/>\n<meta property=\"og:title\" content=\"PULMONES Y V\u00cdAS RESPIRATORIAS | Grossman Law Offices\" \/>\n<meta property=\"og:description\" content=\"Bienvenido a The Grossman Law Offices. Convenientemente ubicados en Fresno, nuestros abogados han estado luchando para proteger los derechos de...\" \/>\n<meta property=\"og:url\" content=\"https:\/\/personalinjuryattorney-fresno.com\/es\/lesiones-personales\/compensacion-laboral\/pulmones-y-vias-respiratorias\/\" \/>\n<meta property=\"og:site_name\" content=\"Grossman Law Offices\" \/>\n<meta property=\"article:modified_time\" content=\"2024-07-22T05:40:48+00:00\" \/>\n<meta property=\"og:image\" content=\"https:\/\/personalinjuryattorney-fresno.com\/wp-content\/uploads\/2019\/03\/og-logo.jpg\" \/>\n\t<meta property=\"og:image:width\" content=\"400\" \/>\n\t<meta property=\"og:image:height\" content=\"400\" \/>\n\t<meta property=\"og:image:type\" content=\"image\/jpeg\" \/>\n<meta name=\"twitter:card\" content=\"summary_large_image\" \/>\n<meta name=\"twitter:label1\" content=\"Tiempo de lectura\" \/>\n\t<meta name=\"twitter:data1\" content=\"3 minutos\" \/>\n<script type=\"application\/ld+json\" class=\"yoast-schema-graph\">{\"@context\":\"https:\/\/schema.org\",\"@graph\":[{\"@type\":\"WebPage\",\"@id\":\"https:\/\/personalinjuryattorney-fresno.com\/es\/lesiones-personales\/compensacion-laboral\/pulmones-y-vias-respiratorias\/\",\"url\":\"https:\/\/personalinjuryattorney-fresno.com\/es\/lesiones-personales\/compensacion-laboral\/pulmones-y-vias-respiratorias\/\",\"name\":\"PULMONES Y V\u00cdAS RESPIRATORIAS | Grossman Law Offices\",\"isPartOf\":{\"@id\":\"https:\/\/personalinjuryattorney-fresno.com\/es\/#website\"},\"datePublished\":\"2019-03-19T13:20:08+00:00\",\"dateModified\":\"2024-07-22T05:40:48+00:00\",\"breadcrumb\":{\"@id\":\"https:\/\/personalinjuryattorney-fresno.com\/es\/lesiones-personales\/compensacion-laboral\/pulmones-y-vias-respiratorias\/#breadcrumb\"},\"inLanguage\":\"es\",\"potentialAction\":[{\"@type\":\"ReadAction\",\"target\":[\"https:\/\/personalinjuryattorney-fresno.com\/es\/lesiones-personales\/compensacion-laboral\/pulmones-y-vias-respiratorias\/\"]}]},{\"@type\":\"BreadcrumbList\",\"@id\":\"https:\/\/personalinjuryattorney-fresno.com\/es\/lesiones-personales\/compensacion-laboral\/pulmones-y-vias-respiratorias\/#breadcrumb\",\"itemListElement\":[{\"@type\":\"ListItem\",\"position\":1,\"name\":\"Inicio\",\"item\":\"https:\/\/personalinjuryattorney-fresno.com\/es\/\"},{\"@type\":\"ListItem\",\"position\":2,\"name\":\"Lesiones Persona\",\"item\":\"https:\/\/personalinjuryattorney-fresno.com\/es\/lesiones-personales\/\"},{\"@type\":\"ListItem\",\"position\":3,\"name\":\"Compensaci\u00f3n Laboral\",\"item\":\"https:\/\/personalinjuryattorney-fresno.com\/es\/lesiones-personales\/compensacion-laboral\/\"},{\"@type\":\"ListItem\",\"position\":4,\"name\":\"PULMONES Y V\u00cdAS RESPIRATORIAS\"}]},{\"@type\":\"WebSite\",\"@id\":\"https:\/\/personalinjuryattorney-fresno.com\/es\/#website\",\"url\":\"https:\/\/personalinjuryattorney-fresno.com\/es\/\",\"name\":\"Grossman Law Offices\",\"description\":\"Experienced Attorneys Representing Accident Victims Throughout California\",\"potentialAction\":[{\"@type\":\"SearchAction\",\"target\":{\"@type\":\"EntryPoint\",\"urlTemplate\":\"https:\/\/personalinjuryattorney-fresno.com\/es\/?s={search_term_string}\"},\"query-input\":{\"@type\":\"PropertyValueSpecification\",\"valueRequired\":true,\"valueName\":\"search_term_string\"}}],\"inLanguage\":\"es\"}]}<\/script>\n<!-- \/ Yoast SEO plugin. -->","yoast_head_json":{"title":"PULMONES Y V\u00cdAS RESPIRATORIAS | Grossman Law Offices","robots":{"index":"index","follow":"follow","max-snippet":"max-snippet:-1","max-image-preview":"max-image-preview:large","max-video-preview":"max-video-preview:-1"},"canonical":"https:\/\/personalinjuryattorney-fresno.com\/es\/lesiones-personales\/compensacion-laboral\/pulmones-y-vias-respiratorias\/","og_locale":"es_ES","og_type":"article","og_title":"PULMONES Y V\u00cdAS RESPIRATORIAS | Grossman Law Offices","og_description":"Bienvenido a The Grossman Law Offices. Convenientemente ubicados en Fresno, nuestros abogados han estado luchando para proteger los derechos de...","og_url":"https:\/\/personalinjuryattorney-fresno.com\/es\/lesiones-personales\/compensacion-laboral\/pulmones-y-vias-respiratorias\/","og_site_name":"Grossman Law Offices","article_modified_time":"2024-07-22T05:40:48+00:00","og_image":[{"width":400,"height":400,"url":"https:\/\/personalinjuryattorney-fresno.com\/wp-content\/uploads\/2019\/03\/og-logo.jpg","type":"image\/jpeg"}],"twitter_card":"summary_large_image","twitter_misc":{"Tiempo de lectura":"3 minutos"},"schema":{"@context":"https:\/\/schema.org","@graph":[{"@type":"WebPage","@id":"https:\/\/personalinjuryattorney-fresno.com\/es\/lesiones-personales\/compensacion-laboral\/pulmones-y-vias-respiratorias\/","url":"https:\/\/personalinjuryattorney-fresno.com\/es\/lesiones-personales\/compensacion-laboral\/pulmones-y-vias-respiratorias\/","name":"PULMONES Y V\u00cdAS RESPIRATORIAS | Grossman Law Offices","isPartOf":{"@id":"https:\/\/personalinjuryattorney-fresno.com\/es\/#website"},"datePublished":"2019-03-19T13:20:08+00:00","dateModified":"2024-07-22T05:40:48+00:00","breadcrumb":{"@id":"https:\/\/personalinjuryattorney-fresno.com\/es\/lesiones-personales\/compensacion-laboral\/pulmones-y-vias-respiratorias\/#breadcrumb"},"inLanguage":"es","potentialAction":[{"@type":"ReadAction","target":["https:\/\/personalinjuryattorney-fresno.com\/es\/lesiones-personales\/compensacion-laboral\/pulmones-y-vias-respiratorias\/"]}]},{"@type":"BreadcrumbList","@id":"https:\/\/personalinjuryattorney-fresno.com\/es\/lesiones-personales\/compensacion-laboral\/pulmones-y-vias-respiratorias\/#breadcrumb","itemListElement":[{"@type":"ListItem","position":1,"name":"Inicio","item":"https:\/\/personalinjuryattorney-fresno.com\/es\/"},{"@type":"ListItem","position":2,"name":"Lesiones Persona","item":"https:\/\/personalinjuryattorney-fresno.com\/es\/lesiones-personales\/"},{"@type":"ListItem","position":3,"name":"Compensaci\u00f3n Laboral","item":"https:\/\/personalinjuryattorney-fresno.com\/es\/lesiones-personales\/compensacion-laboral\/"},{"@type":"ListItem","position":4,"name":"PULMONES Y V\u00cdAS RESPIRATORIAS"}]},{"@type":"WebSite","@id":"https:\/\/personalinjuryattorney-fresno.com\/es\/#website","url":"https:\/\/personalinjuryattorney-fresno.com\/es\/","name":"Grossman Law Offices","description":"Experienced Attorneys Representing Accident Victims Throughout California","potentialAction":[{"@type":"SearchAction","target":{"@type":"EntryPoint","urlTemplate":"https:\/\/personalinjuryattorney-fresno.com\/es\/?s={search_term_string}"},"query-input":{"@type":"PropertyValueSpecification","valueRequired":true,"valueName":"search_term_string"}}],"inLanguage":"es"}]}},"_links":{"self":[{"href":"https:\/\/personalinjuryattorney-fresno.com\/es\/wp-json\/wp\/v2\/pages\/2644","targetHints":{"allow":["GET"]}}],"collection":[{"href":"https:\/\/personalinjuryattorney-fresno.com\/es\/wp-json\/wp\/v2\/pages"}],"about":[{"href":"https:\/\/personalinjuryattorney-fresno.com\/es\/wp-json\/wp\/v2\/types\/page"}],"author":[{"embeddable":true,"href":"https:\/\/personalinjuryattorney-fresno.com\/es\/wp-json\/wp\/v2\/users\/5"}],"replies":[{"embeddable":true,"href":"https:\/\/personalinjuryattorney-fresno.com\/es\/wp-json\/wp\/v2\/comments?post=2644"}],"version-history":[{"count":0,"href":"https:\/\/personalinjuryattorney-fresno.com\/es\/wp-json\/wp\/v2\/pages\/2644\/revisions"}],"up":[{"embeddable":true,"href":"https:\/\/personalinjuryattorney-fresno.com\/es\/wp-json\/wp\/v2\/pages\/2002"}],"wp:attachment":[{"href":"https:\/\/personalinjuryattorney-fresno.com\/es\/wp-json\/wp\/v2\/media?parent=2644"}],"curies":[{"name":"wp","href":"https:\/\/api.w.org\/{rel}","templated":true}]}}