{"id":2643,"date":"2019-07-29T06:48:57","date_gmt":"2019-07-29T06:48:57","guid":{"rendered":"https:\/\/personalinjuryattorney-fresno.com\/?page_id=2643"},"modified":"2024-07-19T12:28:20","modified_gmt":"2024-07-19T12:28:20","slug":"accidentes-comunes-en-el-lugar-de-trabajo-en-fresno","status":"publish","type":"page","link":"https:\/\/personalinjuryattorney-fresno.com\/es\/lesiones-personales\/compensacion-laboral\/accidentes-comunes-en-el-lugar-de-trabajo-en-fresno\/","title":{"rendered":"Accidentes Comunes en el Lugar de Trabajo en Fresno"},"content":{"rendered":"\n<p>Todos los trabajos tienen algunos riesgos, pero los trabajos de cuello azul son particularmente peligrosos. Y en Fresno, aproximadamente el 24.52 % de los trabajadores est\u00e1n empleados en industrias de cuello azul. Como resultado, hay muchos accidentes laborales. No importa qu\u00e9 tipo de trabajo tengas, podr\u00edas ser v\u00edctima de un accidente laboral.<\/p>\n\n\n\n<p>Existen leyes para proteger a los trabajadores de lesiones en el trabajo. Sin embargo, es posible que necesites luchar por tus derechos. Un abogado de compensaci\u00f3n laboral en Fresno puede defenderte. Con la ayuda de Grossman Law Offices, puedes recibir dinero por tus lesiones y otros gastos del accidente. Conoce m\u00e1s sobre los accidentes laborales comunes en Fresno y descubre c\u00f3mo un abogado puede marcar la diferencia en tu caso.<\/p>\n\n\n\n<h2 class=\"wp-block-heading\">LOS ACCIDENTES LABORALES M\u00c1S COMUNES EN FRESNO<\/h2>\n\n\n<div class=\"wp-block-image is-resized\">\n<figure class=\"aligncenter size-full\"><img loading=\"lazy\" decoding=\"async\" width=\"730\" height=\"487\" src=\"https:\/\/personalinjuryattorney-fresno.com\/wp-content\/uploads\/2023\/12\/spinal-cord-injuries-wheel-chair-min.webp\" alt=\"\" class=\"wp-image-1735\" srcset=\"https:\/\/personalinjuryattorney-fresno.com\/wp-content\/uploads\/2023\/12\/spinal-cord-injuries-wheel-chair-min.webp 730w, https:\/\/personalinjuryattorney-fresno.com\/wp-content\/uploads\/2023\/12\/spinal-cord-injuries-wheel-chair-min-450x300.webp 450w\" sizes=\"auto, (max-width: 730px) 100vw, 730px\" \/><\/figure><\/div>\n\n\n<p>Los accidentes ocurren de muchas maneras. Sin embargo, todos pueden tener el mismo resultado: lesiones graves. Si tu empleador es negligente, podr\u00edas ser v\u00edctima de alguno de los siguientes accidentes:<\/p>\n\n\n\n<h3 class=\"wp-block-heading\">ACCIDENTES DE RESBAL\u00d3N Y CA\u00cdDA<\/h3>\n\n\n\n<p>Muchos trabajadores en Fresno son v\u00edctimas de accidentes de resbal\u00f3n y ca\u00edda. De hecho, es una de las principales causas de reclamaciones de compensaci\u00f3n laboral en los Estados Unidos. Una raz\u00f3n para la frecuencia de este tipo de accidentes es el hecho de que puede ocurrir en cualquier lugar. Podr\u00eda ocurrir en una oficina, un sitio de construcci\u00f3n o cualquier otro lugar de trabajo.<\/p>\n\n\n\n<p>Cuando ocurre un resbal\u00f3n y ca\u00edda, existe un alto potencial de lesiones. Las lesiones comunes asociadas con este tipo de accidente incluyen esguinces de mu\u00f1eca, lesiones de rodilla y huesos fracturados.<\/p>\n\n\n\n<h3 class=\"wp-block-heading\">ACCIDENTES RELACIONADOS CON LA OFICINA<\/h3>\n\n\n\n<p>Trabajar en una oficina no te excluye de las lesiones. De hecho, una oficina puede estar llena de peligros. Podr\u00edas tropezar con un cable, lastimarte la espalda al levantar una caja pesada o sufrir una lesi\u00f3n por movimiento repetitivo.<\/p>\n\n\n\n<h3 class=\"wp-block-heading\">ACCIDENTES DE M\u00c1QUINAS<\/h3>\n\n\n\n<p>Con mayor frecuencia, los accidentes de m\u00e1quinas en Fresno ocurren en sitios de construcci\u00f3n. Y con una industria de la construcci\u00f3n en auge, la ciudad ve su parte justa de accidentes de construcci\u00f3n. Todos los d\u00edas, los trabajadores lidian con equipos pesados y materiales da\u00f1inos.<\/p>\n\n\n\n<p>Los accidentes de gr\u00faas, montacargas y andamios pueden ocurrir y causar lesiones graves. Si un trabajador es aplastado por una m\u00e1quina, puede sufrir una lesi\u00f3n en la m\u00e9dula espinal o convertirse en un amputado. La lesi\u00f3n puede causar una vida entera de dolor y sufrimiento.<\/p>\n\n\n\n<h3 class=\"wp-block-heading\">CA\u00cdDA DE OBJETOS<\/h3>\n\n\n\n<p>Aunque este accidente ocurre con m\u00e1s frecuencia en sitios de construcci\u00f3n, puede ocurrir en cualquier lugar. Un objeto puede caer desde arriba y causar una lesi\u00f3n cerebral. Incluso una lesi\u00f3n cerebral leve puede impactar tu vida. Si es una lesi\u00f3n cerebral traum\u00e1tica, puedes sufrir efectos secundarios permanentes.<\/p>\n\n\n\n<p>Un abogado de accidentes de construcci\u00f3n en Fresno puede encargarse de tu accidente. Pueden asesorarte sobre los pasos que puedes tomar para recibir compensaci\u00f3n. Luego, pueden tomar tu caso.<\/p>\n\n\n\n<h3 class=\"wp-block-heading\">ACCIDENTES DE AUTOM\u00d3VIL<\/h3>\n\n\n\n<p>La mayor\u00eda de la gente no piensa en un accidente automovil\u00edstico como un accidente relacionado con el trabajo. Sin embargo, si conduces un veh\u00edculo de trabajo, un accidente puede ser un accidente laboral.<\/p>\n\n\n\n<p>En Fresno, conducir es particularmente peligroso. Cada vez que sales a la carretera, hay conductores distra\u00eddos, conductores ebrios y conductores a alta velocidad. Su falta de cuidado te pone en peligro.<\/p>\n\n\n\n<p>Si est\u00e1s conduciendo un veh\u00edculo de trabajo y te ves involucrado en un accidente, el seguro de autom\u00f3vil podr\u00eda cubrir el costo de tus lesiones. Sin embargo, hay l\u00edmites de p\u00f3liza. Esos l\u00edmites pueden no cubrir la totalidad del da\u00f1o. Puedes necesitar un abogado para recibir el dinero que necesitas para recuperarte del accidente.<\/p>\n\n\n\n<h3 class=\"wp-block-heading\">ACCIDENTES HOSPITALARIOS<\/h3>\n\n\n\n<p>Hay varios hospitales en el \u00e1rea de Fresno, lo que significa que hay muchos trabajadores hospitalarios. Por lo tanto, no deber\u00eda sorprender que los accidentes hospitalarios sean comunes. Adem\u00e1s de lidiar con los mismos peligros que muchas otras profesiones, tienen que enfrentar a\u00fan m\u00e1s peligros.<\/p>\n\n\n\n<p>Por ejemplo, podr\u00edan enfermarse por sus pacientes. Si el hospital no tiene la capacitaci\u00f3n adecuada o medidas de seguridad en su lugar, la enfermedad de un trabajador podr\u00eda ser culpa del hospital. Otro peligro potencial proviene de levantar pacientes. Las lesiones de espalda y cuello no son infrecuentes en el campo m\u00e9dico.<\/p>\n\n\n\n<h2 class=\"wp-block-heading\">LAS COMPLEJIDADES DE LOS ACCIDENTES LABORALES<\/h2>\n\n\n\n<p>Si est\u00e1s involucrado en un accidente laboral en Fresno, tienes derecho a compensaci\u00f3n laboral o beneficios por discapacidad. Desafortunadamente, el proceso es dif\u00edcil. La mayor\u00eda de las v\u00edctimas necesitan luchar por sus beneficios.<\/p>\n\n\n\n<p>El proceso de solicitud puede ser confuso, y un peque\u00f1o error puede resultar en que pierdas tu derecho a los beneficios. Incluso si haces todo correctamente, podr\u00edas enfrentar resistencia. Algunas compa\u00f1\u00edas de seguros no pagan reclamaciones v\u00e1lidas.<\/p>\n\n\n\n<p>Con un abogado a tu lado, puedes mejorar tus posibilidades de tener \u00e9xito en una reclamaci\u00f3n de compensaci\u00f3n laboral. Adem\u00e1s de presentar tu reclamo, un abogado puede informarte sobre otras opciones de compensaci\u00f3n. Si tienes un caso para una demanda, pueden representarte en la corte.<\/p>\n\n\n\n<p>Grossman Law Offices sabe que un accidente laboral puede cambiar tu vida. Las v\u00edctimas a menudo luchan para llegar a fin de mes y quedan para lidiar con el dolor diario. Si quieres compensaci\u00f3n por tu lesi\u00f3n, debes contactarnos. Usaremos nuestras habilidades y recursos para luchar por tus beneficios.<\/p>\n","protected":false},"excerpt":{"rendered":"<p>Todos los trabajos tienen algunos riesgos, pero los trabajos de cuello azul son particularmente peligrosos. Y en Fresno, aproximadamente el&#8230;<\/p>\n","protected":false},"author":5,"featured_media":0,"parent":2002,"menu_order":0,"comment_status":"closed","ping_status":"closed","template":"template-practice-area.php","meta":{"footnotes":""},"class_list":["post-2643","page","type-page","status-publish","hentry"],"yoast_head":"<!-- This site is optimized with the Yoast SEO plugin v25.0 - https:\/\/yoast.com\/wordpress\/plugins\/seo\/ -->\n<title>Accidentes Comunes en el Lugar de Trabajo en Fresno | Grossman Law Offices<\/title>\n<meta name=\"robots\" content=\"index, follow, max-snippet:-1, max-image-preview:large, max-video-preview:-1\" \/>\n<link rel=\"canonical\" href=\"https:\/\/personalinjuryattorney-fresno.com\/es\/lesiones-personales\/compensacion-laboral\/accidentes-comunes-en-el-lugar-de-trabajo-en-fresno\/\" \/>\n<meta property=\"og:locale\" content=\"es_ES\" \/>\n<meta property=\"og:type\" content=\"article\" \/>\n<meta property=\"og:title\" content=\"Accidentes Comunes en el Lugar de Trabajo en Fresno | Grossman Law Offices\" \/>\n<meta property=\"og:description\" content=\"Todos los trabajos tienen algunos riesgos, pero los trabajos de cuello azul son particularmente peligrosos. Y en Fresno, aproximadamente el...\" \/>\n<meta property=\"og:url\" content=\"https:\/\/personalinjuryattorney-fresno.com\/es\/lesiones-personales\/compensacion-laboral\/accidentes-comunes-en-el-lugar-de-trabajo-en-fresno\/\" \/>\n<meta property=\"og:site_name\" content=\"Grossman Law Offices\" \/>\n<meta property=\"article:modified_time\" content=\"2024-07-19T12:28:20+00:00\" \/>\n<meta property=\"og:image\" content=\"https:\/\/personalinjuryattorney-fresno.com\/wp-content\/uploads\/2023\/12\/spinal-cord-injuries-wheel-chair-min.webp\" \/>\n<meta name=\"twitter:card\" content=\"summary_large_image\" \/>\n<meta name=\"twitter:label1\" content=\"Tiempo de lectura\" \/>\n\t<meta name=\"twitter:data1\" content=\"4 minutos\" \/>\n<script type=\"application\/ld+json\" class=\"yoast-schema-graph\">{\"@context\":\"https:\/\/schema.org\",\"@graph\":[{\"@type\":\"WebPage\",\"@id\":\"https:\/\/personalinjuryattorney-fresno.com\/es\/lesiones-personales\/compensacion-laboral\/accidentes-comunes-en-el-lugar-de-trabajo-en-fresno\/\",\"url\":\"https:\/\/personalinjuryattorney-fresno.com\/es\/lesiones-personales\/compensacion-laboral\/accidentes-comunes-en-el-lugar-de-trabajo-en-fresno\/\",\"name\":\"Accidentes Comunes en el Lugar de Trabajo en Fresno | Grossman Law Offices\",\"isPartOf\":{\"@id\":\"https:\/\/personalinjuryattorney-fresno.com\/es\/#website\"},\"primaryImageOfPage\":{\"@id\":\"https:\/\/personalinjuryattorney-fresno.com\/es\/lesiones-personales\/compensacion-laboral\/accidentes-comunes-en-el-lugar-de-trabajo-en-fresno\/#primaryimage\"},\"image\":{\"@id\":\"https:\/\/personalinjuryattorney-fresno.com\/es\/lesiones-personales\/compensacion-laboral\/accidentes-comunes-en-el-lugar-de-trabajo-en-fresno\/#primaryimage\"},\"thumbnailUrl\":\"https:\/\/personalinjuryattorney-fresno.com\/wp-content\/uploads\/2023\/12\/spinal-cord-injuries-wheel-chair-min.webp\",\"datePublished\":\"2019-07-29T06:48:57+00:00\",\"dateModified\":\"2024-07-19T12:28:20+00:00\",\"breadcrumb\":{\"@id\":\"https:\/\/personalinjuryattorney-fresno.com\/es\/lesiones-personales\/compensacion-laboral\/accidentes-comunes-en-el-lugar-de-trabajo-en-fresno\/#breadcrumb\"},\"inLanguage\":\"es\",\"potentialAction\":[{\"@type\":\"ReadAction\",\"target\":[\"https:\/\/personalinjuryattorney-fresno.com\/es\/lesiones-personales\/compensacion-laboral\/accidentes-comunes-en-el-lugar-de-trabajo-en-fresno\/\"]}]},{\"@type\":\"ImageObject\",\"inLanguage\":\"es\",\"@id\":\"https:\/\/personalinjuryattorney-fresno.com\/es\/lesiones-personales\/compensacion-laboral\/accidentes-comunes-en-el-lugar-de-trabajo-en-fresno\/#primaryimage\",\"url\":\"https:\/\/personalinjuryattorney-fresno.com\/wp-content\/uploads\/2023\/12\/spinal-cord-injuries-wheel-chair-min.webp\",\"contentUrl\":\"https:\/\/personalinjuryattorney-fresno.com\/wp-content\/uploads\/2023\/12\/spinal-cord-injuries-wheel-chair-min.webp\"},{\"@type\":\"BreadcrumbList\",\"@id\":\"https:\/\/personalinjuryattorney-fresno.com\/es\/lesiones-personales\/compensacion-laboral\/accidentes-comunes-en-el-lugar-de-trabajo-en-fresno\/#breadcrumb\",\"itemListElement\":[{\"@type\":\"ListItem\",\"position\":1,\"name\":\"Inicio\",\"item\":\"https:\/\/personalinjuryattorney-fresno.com\/es\/\"},{\"@type\":\"ListItem\",\"position\":2,\"name\":\"Lesiones Persona\",\"item\":\"https:\/\/personalinjuryattorney-fresno.com\/es\/lesiones-personales\/\"},{\"@type\":\"ListItem\",\"position\":3,\"name\":\"Compensaci\u00f3n Laboral\",\"item\":\"https:\/\/personalinjuryattorney-fresno.com\/es\/lesiones-personales\/compensacion-laboral\/\"},{\"@type\":\"ListItem\",\"position\":4,\"name\":\"Accidentes Comunes en el Lugar de Trabajo en Fresno\"}]},{\"@type\":\"WebSite\",\"@id\":\"https:\/\/personalinjuryattorney-fresno.com\/es\/#website\",\"url\":\"https:\/\/personalinjuryattorney-fresno.com\/es\/\",\"name\":\"Grossman Law Offices\",\"description\":\"Experienced Attorneys Representing Accident Victims Throughout California\",\"potentialAction\":[{\"@type\":\"SearchAction\",\"target\":{\"@type\":\"EntryPoint\",\"urlTemplate\":\"https:\/\/personalinjuryattorney-fresno.com\/es\/?s={search_term_string}\"},\"query-input\":{\"@type\":\"PropertyValueSpecification\",\"valueRequired\":true,\"valueName\":\"search_term_string\"}}],\"inLanguage\":\"es\"}]}<\/script>\n<!-- \/ Yoast SEO plugin. -->","yoast_head_json":{"title":"Accidentes Comunes en el Lugar de Trabajo en Fresno | Grossman Law Offices","robots":{"index":"index","follow":"follow","max-snippet":"max-snippet:-1","max-image-preview":"max-image-preview:large","max-video-preview":"max-video-preview:-1"},"canonical":"https:\/\/personalinjuryattorney-fresno.com\/es\/lesiones-personales\/compensacion-laboral\/accidentes-comunes-en-el-lugar-de-trabajo-en-fresno\/","og_locale":"es_ES","og_type":"article","og_title":"Accidentes Comunes en el Lugar de Trabajo en Fresno | Grossman Law Offices","og_description":"Todos los trabajos tienen algunos riesgos, pero los trabajos de cuello azul son particularmente peligrosos. Y en Fresno, aproximadamente el...","og_url":"https:\/\/personalinjuryattorney-fresno.com\/es\/lesiones-personales\/compensacion-laboral\/accidentes-comunes-en-el-lugar-de-trabajo-en-fresno\/","og_site_name":"Grossman Law Offices","article_modified_time":"2024-07-19T12:28:20+00:00","og_image":[{"url":"https:\/\/personalinjuryattorney-fresno.com\/wp-content\/uploads\/2023\/12\/spinal-cord-injuries-wheel-chair-min.webp","type":"","width":"","height":""}],"twitter_card":"summary_large_image","twitter_misc":{"Tiempo de lectura":"4 minutos"},"schema":{"@context":"https:\/\/schema.org","@graph":[{"@type":"WebPage","@id":"https:\/\/personalinjuryattorney-fresno.com\/es\/lesiones-personales\/compensacion-laboral\/accidentes-comunes-en-el-lugar-de-trabajo-en-fresno\/","url":"https:\/\/personalinjuryattorney-fresno.com\/es\/lesiones-personales\/compensacion-laboral\/accidentes-comunes-en-el-lugar-de-trabajo-en-fresno\/","name":"Accidentes Comunes en el Lugar de Trabajo en Fresno | Grossman Law Offices","isPartOf":{"@id":"https:\/\/personalinjuryattorney-fresno.com\/es\/#website"},"primaryImageOfPage":{"@id":"https:\/\/personalinjuryattorney-fresno.com\/es\/lesiones-personales\/compensacion-laboral\/accidentes-comunes-en-el-lugar-de-trabajo-en-fresno\/#primaryimage"},"image":{"@id":"https:\/\/personalinjuryattorney-fresno.com\/es\/lesiones-personales\/compensacion-laboral\/accidentes-comunes-en-el-lugar-de-trabajo-en-fresno\/#primaryimage"},"thumbnailUrl":"https:\/\/personalinjuryattorney-fresno.com\/wp-content\/uploads\/2023\/12\/spinal-cord-injuries-wheel-chair-min.webp","datePublished":"2019-07-29T06:48:57+00:00","dateModified":"2024-07-19T12:28:20+00:00","breadcrumb":{"@id":"https:\/\/personalinjuryattorney-fresno.com\/es\/lesiones-personales\/compensacion-laboral\/accidentes-comunes-en-el-lugar-de-trabajo-en-fresno\/#breadcrumb"},"inLanguage":"es","potentialAction":[{"@type":"ReadAction","target":["https:\/\/personalinjuryattorney-fresno.com\/es\/lesiones-personales\/compensacion-laboral\/accidentes-comunes-en-el-lugar-de-trabajo-en-fresno\/"]}]},{"@type":"ImageObject","inLanguage":"es","@id":"https:\/\/personalinjuryattorney-fresno.com\/es\/lesiones-personales\/compensacion-laboral\/accidentes-comunes-en-el-lugar-de-trabajo-en-fresno\/#primaryimage","url":"https:\/\/personalinjuryattorney-fresno.com\/wp-content\/uploads\/2023\/12\/spinal-cord-injuries-wheel-chair-min.webp","contentUrl":"https:\/\/personalinjuryattorney-fresno.com\/wp-content\/uploads\/2023\/12\/spinal-cord-injuries-wheel-chair-min.webp"},{"@type":"BreadcrumbList","@id":"https:\/\/personalinjuryattorney-fresno.com\/es\/lesiones-personales\/compensacion-laboral\/accidentes-comunes-en-el-lugar-de-trabajo-en-fresno\/#breadcrumb","itemListElement":[{"@type":"ListItem","position":1,"name":"Inicio","item":"https:\/\/personalinjuryattorney-fresno.com\/es\/"},{"@type":"ListItem","position":2,"name":"Lesiones Persona","item":"https:\/\/personalinjuryattorney-fresno.com\/es\/lesiones-personales\/"},{"@type":"ListItem","position":3,"name":"Compensaci\u00f3n Laboral","item":"https:\/\/personalinjuryattorney-fresno.com\/es\/lesiones-personales\/compensacion-laboral\/"},{"@type":"ListItem","position":4,"name":"Accidentes Comunes en el Lugar de Trabajo en Fresno"}]},{"@type":"WebSite","@id":"https:\/\/personalinjuryattorney-fresno.com\/es\/#website","url":"https:\/\/personalinjuryattorney-fresno.com\/es\/","name":"Grossman Law Offices","description":"Experienced Attorneys Representing Accident Victims Throughout California","potentialAction":[{"@type":"SearchAction","target":{"@type":"EntryPoint","urlTemplate":"https:\/\/personalinjuryattorney-fresno.com\/es\/?s={search_term_string}"},"query-input":{"@type":"PropertyValueSpecification","valueRequired":true,"valueName":"search_term_string"}}],"inLanguage":"es"}]}},"_links":{"self":[{"href":"https:\/\/personalinjuryattorney-fresno.com\/es\/wp-json\/wp\/v2\/pages\/2643","targetHints":{"allow":["GET"]}}],"collection":[{"href":"https:\/\/personalinjuryattorney-fresno.com\/es\/wp-json\/wp\/v2\/pages"}],"about":[{"href":"https:\/\/personalinjuryattorney-fresno.com\/es\/wp-json\/wp\/v2\/types\/page"}],"author":[{"embeddable":true,"href":"https:\/\/personalinjuryattorney-fresno.com\/es\/wp-json\/wp\/v2\/users\/5"}],"replies":[{"embeddable":true,"href":"https:\/\/personalinjuryattorney-fresno.com\/es\/wp-json\/wp\/v2\/comments?post=2643"}],"version-history":[{"count":0,"href":"https:\/\/personalinjuryattorney-fresno.com\/es\/wp-json\/wp\/v2\/pages\/2643\/revisions"}],"up":[{"embeddable":true,"href":"https:\/\/personalinjuryattorney-fresno.com\/es\/wp-json\/wp\/v2\/pages\/2002"}],"wp:attachment":[{"href":"https:\/\/personalinjuryattorney-fresno.com\/es\/wp-json\/wp\/v2\/media?parent=2643"}],"curies":[{"name":"wp","href":"https:\/\/api.w.org\/{rel}","templated":true}]}}