{"id":2641,"date":"2019-03-19T12:50:10","date_gmt":"2019-03-19T12:50:10","guid":{"rendered":"https:\/\/personalinjuryattorney-fresno.com\/?page_id=2641"},"modified":"2024-07-19T12:04:24","modified_gmt":"2024-07-19T12:04:24","slug":"abogado-de-compensacion-laboral-para-lesiones-de-espalda-y-cuello-en-fresno","status":"publish","type":"page","link":"https:\/\/personalinjuryattorney-fresno.com\/es\/lesiones-personales\/compensacion-laboral\/abogado-de-compensacion-laboral-para-lesiones-de-espalda-y-cuello-en-fresno\/","title":{"rendered":"ABOGADO DE COMPENSACI\u00d3N LABORAL PARA LESIONES DE ESPALDA Y CUELLO EN FRESNO"},"content":{"rendered":"\n<p>Los empleadores tienen el deber de mantener seguros a sus empleados mientras est\u00e1n en el trabajo, incluyendo el cumplimiento de los requisitos de OSHA. Sin embargo, una lesi\u00f3n laboral puede ocurrir incluso cuando el empleador toma las medidas necesarias para proteger a sus trabajadores.<\/p>\n\n\n\n<p>Los abogados de compensaci\u00f3n laboral de Fresno en The Grossman Law Offices han luchado por preservar y proteger los derechos de los trabajadores lesionados que viven y trabajan en la zona durante m\u00e1s de 40 a\u00f1os.<\/p>\n\n\n\n<p>Si t\u00fa o un ser querido han sufrido una lesi\u00f3n en la espalda o el cuello durante el curso y alcance del empleo, es imperativo que contrates a un abogado de compensaci\u00f3n laboral con amplia experiencia ayudando a clientes a presentar tanto reclamaciones de compensaci\u00f3n laboral como apelaciones de compensaci\u00f3n laboral.<\/p>\n\n\n\n<p>Por favor, contacta hoy mismo a un abogado de compensaci\u00f3n laboral de Fresno llamando al (800) 462-5555 para programar tu consulta gratuita en la oficina. Revisaremos tu caso a fondo contigo y te ofreceremos un an\u00e1lisis honesto y directo del mismo.<\/p>\n\n\n\n<h2 class=\"wp-block-heading\">ABOGADO DE LESIONES DE ESPALDA Y CUELLO EN EL TRABAJO EN FRESNO<\/h2>\n\n\n\n<p>En The Grossman Law Offices, nuestro equipo de abogados expertos entiende cu\u00e1n debilitante puede ser una lesi\u00f3n en la espalda o el cuello, y estamos comprometidos a obtener los m\u00e1ximos beneficios de compensaci\u00f3n laboral en tu nombre.<\/p>\n\n\n\n<p>Las lesiones laborales en la espalda y el cuello pueden ocurrir de diversas maneras, incluyendo accidentes de tr\u00e1fico, ca\u00eddas, objetos que caen, levantamiento de objetos pesados, y al doblarse o moverse en una posici\u00f3n inc\u00f3moda. Independientemente de la culpa, si te lesionaste en el trabajo, tienes derecho a la compensaci\u00f3n laboral.<\/p>\n\n\n\n<p>Nuestros abogados de lesiones de espalda y cuello en Fresno han representado a clientes de compensaci\u00f3n laboral que han sufrido una amplia variedad de lesiones, incluyendo (pero no limit\u00e1ndose a) aquellos que han sufrido:<\/p>\n\n\n\n<ul class=\"wp-block-list\">\n<li>Amputaci\u00f3n de d\u00edgitos y extremidades<\/li>\n\n\n\n<li>Huesos rotos<\/li>\n\n\n\n<li>Discos abultados<\/li>\n\n\n\n<li>V\u00e9rtebras aplastadas<\/li>\n\n\n\n<li>Hernias discales<\/li>\n\n\n\n<li>Lesiones de ligamentos<\/li>\n\n\n\n<li>Lesiones musculares<\/li>\n\n\n\n<li>Par\u00e1lisis<\/li>\n\n\n\n<li>Nervios pinzados<\/li>\n\n\n\n<li>Lesiones del manguito rotador<\/li>\n\n\n\n<li>Discos deslizados<\/li>\n\n\n\n<li>Lesiones de tejidos blandos<\/li>\n\n\n\n<li>Lesiones de la m\u00e9dula espinal<\/li>\n\n\n\n<li>Fracturas de la columna vertebral<\/li>\n\n\n\n<li>Estenosis espinal<\/li>\n\n\n\n<li>Subluxaci\u00f3n espinal<\/li>\n\n\n\n<li>Latigazo cervical (t\u00edpicamente relacionado con un accidente vehicular durante el alcance del empleo)<\/li>\n<\/ul>\n\n\n\n<p>La mayor\u00eda de estas lesiones son graves. Como m\u00ednimo, pueden requerir meses de fisioterapia, aunque la mayor\u00eda requiere cirug\u00eda, hospitalizaci\u00f3n prolongada y terapia ocupacional\/rehabilitativa.<\/p>\n\n\n\n<p>Incluso si has tenido problemas con lesiones similares en el pasado, un abogado experimentado en compensaci\u00f3n laboral de Fresno puede ayudarte a obtener beneficios si estuviste involucrado en un accidente que agrav\u00f3 estas lesiones. Es vital que contrates a un bufete de abogados de compensaci\u00f3n laboral con amplia experiencia representando a clientes en estos asuntos, ya que es probable que tu empleador afirme que la lesi\u00f3n actual no est\u00e1 relacionada con tu trabajo.<\/p>\n\n\n\n<h2 class=\"wp-block-heading\">CONTACTA A UN BUFETE DE ABOGADOS DE COMPENSACI\u00d3N LABORAL EN FRESNO<\/h2>\n\n\n\n<p>Para hablar con un abogado de compensaci\u00f3n laboral de Fresno compasivo y experto en lesiones de espalda y cuello, por favor contacta a The Grossman Law Offices llamando al (800) 462-5555 para hablar con un abogado altamente calificado sobre todas tus opciones legales.<\/p>\n\n\n\n<p>Si tu reclamaci\u00f3n de compensaci\u00f3n laboral ya ha sido denegada, podemos presentar una apelaci\u00f3n en tu nombre y lucharemos agresivamente para proteger tus intereses f\u00edsicos y monetarios. Nuestro objetivo principal es asistir a nuestros clientes que han sufrido una lesi\u00f3n laboral, escuchar tus necesidades y trabajar diligentemente para asegurarnos de que recibas los beneficios a los que tienes derecho.<\/p>\n\n\n\n<p>Si presentamos una apelaci\u00f3n en tu nombre y obtenemos resultados exitosos, tu compensaci\u00f3n ser\u00e1 retroactiva a la fecha de la lesi\u00f3n.<\/p>\n\n\n\n<p>Cuando la experiencia es esencial, contacta a un abogado de compensaci\u00f3n laboral de Fresno en The Grossman Law Offices hoy mismo.<\/p>\n","protected":false},"excerpt":{"rendered":"<p>Los empleadores tienen el deber de mantener seguros a sus empleados mientras est\u00e1n en el trabajo, incluyendo el cumplimiento de&#8230;<\/p>\n","protected":false},"author":5,"featured_media":0,"parent":2002,"menu_order":0,"comment_status":"closed","ping_status":"closed","template":"template-practice-area.php","meta":{"footnotes":""},"class_list":["post-2641","page","type-page","status-publish","hentry"],"yoast_head":"<!-- This site is optimized with the Yoast SEO plugin v25.0 - https:\/\/yoast.com\/wordpress\/plugins\/seo\/ -->\n<title>ABOGADO DE COMPENSACI\u00d3N LABORAL PARA LESIONES DE ESPALDA Y CUELLO EN FRESNO | Grossman Law Offices<\/title>\n<meta name=\"robots\" content=\"index, follow, max-snippet:-1, max-image-preview:large, max-video-preview:-1\" \/>\n<link rel=\"canonical\" href=\"https:\/\/personalinjuryattorney-fresno.com\/es\/lesiones-personales\/compensacion-laboral\/abogado-de-compensacion-laboral-para-lesiones-de-espalda-y-cuello-en-fresno\/\" \/>\n<meta property=\"og:locale\" content=\"es_ES\" \/>\n<meta property=\"og:type\" content=\"article\" \/>\n<meta property=\"og:title\" content=\"ABOGADO DE COMPENSACI\u00d3N LABORAL PARA LESIONES DE ESPALDA Y CUELLO EN FRESNO | Grossman Law Offices\" \/>\n<meta property=\"og:description\" content=\"Los empleadores tienen el deber de mantener seguros a sus empleados mientras est\u00e1n en el trabajo, incluyendo el cumplimiento de...\" \/>\n<meta property=\"og:url\" content=\"https:\/\/personalinjuryattorney-fresno.com\/es\/lesiones-personales\/compensacion-laboral\/abogado-de-compensacion-laboral-para-lesiones-de-espalda-y-cuello-en-fresno\/\" \/>\n<meta property=\"og:site_name\" content=\"Grossman Law Offices\" \/>\n<meta property=\"article:modified_time\" content=\"2024-07-19T12:04:24+00:00\" \/>\n<meta property=\"og:image\" content=\"https:\/\/personalinjuryattorney-fresno.com\/wp-content\/uploads\/2019\/03\/og-logo.jpg\" \/>\n\t<meta property=\"og:image:width\" content=\"400\" \/>\n\t<meta property=\"og:image:height\" content=\"400\" \/>\n\t<meta property=\"og:image:type\" content=\"image\/jpeg\" \/>\n<meta name=\"twitter:card\" content=\"summary_large_image\" \/>\n<meta name=\"twitter:label1\" content=\"Tiempo de lectura\" \/>\n\t<meta name=\"twitter:data1\" content=\"3 minutos\" \/>\n<script type=\"application\/ld+json\" class=\"yoast-schema-graph\">{\"@context\":\"https:\/\/schema.org\",\"@graph\":[{\"@type\":\"WebPage\",\"@id\":\"https:\/\/personalinjuryattorney-fresno.com\/es\/lesiones-personales\/compensacion-laboral\/abogado-de-compensacion-laboral-para-lesiones-de-espalda-y-cuello-en-fresno\/\",\"url\":\"https:\/\/personalinjuryattorney-fresno.com\/es\/lesiones-personales\/compensacion-laboral\/abogado-de-compensacion-laboral-para-lesiones-de-espalda-y-cuello-en-fresno\/\",\"name\":\"ABOGADO DE COMPENSACI\u00d3N LABORAL PARA LESIONES DE ESPALDA Y CUELLO EN FRESNO | Grossman Law Offices\",\"isPartOf\":{\"@id\":\"https:\/\/personalinjuryattorney-fresno.com\/es\/#website\"},\"datePublished\":\"2019-03-19T12:50:10+00:00\",\"dateModified\":\"2024-07-19T12:04:24+00:00\",\"breadcrumb\":{\"@id\":\"https:\/\/personalinjuryattorney-fresno.com\/es\/lesiones-personales\/compensacion-laboral\/abogado-de-compensacion-laboral-para-lesiones-de-espalda-y-cuello-en-fresno\/#breadcrumb\"},\"inLanguage\":\"es\",\"potentialAction\":[{\"@type\":\"ReadAction\",\"target\":[\"https:\/\/personalinjuryattorney-fresno.com\/es\/lesiones-personales\/compensacion-laboral\/abogado-de-compensacion-laboral-para-lesiones-de-espalda-y-cuello-en-fresno\/\"]}]},{\"@type\":\"BreadcrumbList\",\"@id\":\"https:\/\/personalinjuryattorney-fresno.com\/es\/lesiones-personales\/compensacion-laboral\/abogado-de-compensacion-laboral-para-lesiones-de-espalda-y-cuello-en-fresno\/#breadcrumb\",\"itemListElement\":[{\"@type\":\"ListItem\",\"position\":1,\"name\":\"Inicio\",\"item\":\"https:\/\/personalinjuryattorney-fresno.com\/es\/\"},{\"@type\":\"ListItem\",\"position\":2,\"name\":\"Lesiones Persona\",\"item\":\"https:\/\/personalinjuryattorney-fresno.com\/es\/lesiones-personales\/\"},{\"@type\":\"ListItem\",\"position\":3,\"name\":\"Compensaci\u00f3n Laboral\",\"item\":\"https:\/\/personalinjuryattorney-fresno.com\/es\/lesiones-personales\/compensacion-laboral\/\"},{\"@type\":\"ListItem\",\"position\":4,\"name\":\"ABOGADO DE COMPENSACI\u00d3N LABORAL PARA LESIONES DE ESPALDA Y CUELLO EN FRESNO\"}]},{\"@type\":\"WebSite\",\"@id\":\"https:\/\/personalinjuryattorney-fresno.com\/es\/#website\",\"url\":\"https:\/\/personalinjuryattorney-fresno.com\/es\/\",\"name\":\"Grossman Law Offices\",\"description\":\"Experienced Attorneys Representing Accident Victims Throughout California\",\"potentialAction\":[{\"@type\":\"SearchAction\",\"target\":{\"@type\":\"EntryPoint\",\"urlTemplate\":\"https:\/\/personalinjuryattorney-fresno.com\/es\/?s={search_term_string}\"},\"query-input\":{\"@type\":\"PropertyValueSpecification\",\"valueRequired\":true,\"valueName\":\"search_term_string\"}}],\"inLanguage\":\"es\"}]}<\/script>\n<!-- \/ Yoast SEO plugin. -->","yoast_head_json":{"title":"ABOGADO DE COMPENSACI\u00d3N LABORAL PARA LESIONES DE ESPALDA Y CUELLO EN FRESNO | Grossman Law Offices","robots":{"index":"index","follow":"follow","max-snippet":"max-snippet:-1","max-image-preview":"max-image-preview:large","max-video-preview":"max-video-preview:-1"},"canonical":"https:\/\/personalinjuryattorney-fresno.com\/es\/lesiones-personales\/compensacion-laboral\/abogado-de-compensacion-laboral-para-lesiones-de-espalda-y-cuello-en-fresno\/","og_locale":"es_ES","og_type":"article","og_title":"ABOGADO DE COMPENSACI\u00d3N LABORAL PARA LESIONES DE ESPALDA Y CUELLO EN FRESNO | Grossman Law Offices","og_description":"Los empleadores tienen el deber de mantener seguros a sus empleados mientras est\u00e1n en el trabajo, incluyendo el cumplimiento de...","og_url":"https:\/\/personalinjuryattorney-fresno.com\/es\/lesiones-personales\/compensacion-laboral\/abogado-de-compensacion-laboral-para-lesiones-de-espalda-y-cuello-en-fresno\/","og_site_name":"Grossman Law Offices","article_modified_time":"2024-07-19T12:04:24+00:00","og_image":[{"width":400,"height":400,"url":"https:\/\/personalinjuryattorney-fresno.com\/wp-content\/uploads\/2019\/03\/og-logo.jpg","type":"image\/jpeg"}],"twitter_card":"summary_large_image","twitter_misc":{"Tiempo de lectura":"3 minutos"},"schema":{"@context":"https:\/\/schema.org","@graph":[{"@type":"WebPage","@id":"https:\/\/personalinjuryattorney-fresno.com\/es\/lesiones-personales\/compensacion-laboral\/abogado-de-compensacion-laboral-para-lesiones-de-espalda-y-cuello-en-fresno\/","url":"https:\/\/personalinjuryattorney-fresno.com\/es\/lesiones-personales\/compensacion-laboral\/abogado-de-compensacion-laboral-para-lesiones-de-espalda-y-cuello-en-fresno\/","name":"ABOGADO DE COMPENSACI\u00d3N LABORAL PARA LESIONES DE ESPALDA Y CUELLO EN FRESNO | Grossman Law Offices","isPartOf":{"@id":"https:\/\/personalinjuryattorney-fresno.com\/es\/#website"},"datePublished":"2019-03-19T12:50:10+00:00","dateModified":"2024-07-19T12:04:24+00:00","breadcrumb":{"@id":"https:\/\/personalinjuryattorney-fresno.com\/es\/lesiones-personales\/compensacion-laboral\/abogado-de-compensacion-laboral-para-lesiones-de-espalda-y-cuello-en-fresno\/#breadcrumb"},"inLanguage":"es","potentialAction":[{"@type":"ReadAction","target":["https:\/\/personalinjuryattorney-fresno.com\/es\/lesiones-personales\/compensacion-laboral\/abogado-de-compensacion-laboral-para-lesiones-de-espalda-y-cuello-en-fresno\/"]}]},{"@type":"BreadcrumbList","@id":"https:\/\/personalinjuryattorney-fresno.com\/es\/lesiones-personales\/compensacion-laboral\/abogado-de-compensacion-laboral-para-lesiones-de-espalda-y-cuello-en-fresno\/#breadcrumb","itemListElement":[{"@type":"ListItem","position":1,"name":"Inicio","item":"https:\/\/personalinjuryattorney-fresno.com\/es\/"},{"@type":"ListItem","position":2,"name":"Lesiones Persona","item":"https:\/\/personalinjuryattorney-fresno.com\/es\/lesiones-personales\/"},{"@type":"ListItem","position":3,"name":"Compensaci\u00f3n Laboral","item":"https:\/\/personalinjuryattorney-fresno.com\/es\/lesiones-personales\/compensacion-laboral\/"},{"@type":"ListItem","position":4,"name":"ABOGADO DE COMPENSACI\u00d3N LABORAL PARA LESIONES DE ESPALDA Y CUELLO EN FRESNO"}]},{"@type":"WebSite","@id":"https:\/\/personalinjuryattorney-fresno.com\/es\/#website","url":"https:\/\/personalinjuryattorney-fresno.com\/es\/","name":"Grossman Law Offices","description":"Experienced Attorneys Representing Accident Victims Throughout California","potentialAction":[{"@type":"SearchAction","target":{"@type":"EntryPoint","urlTemplate":"https:\/\/personalinjuryattorney-fresno.com\/es\/?s={search_term_string}"},"query-input":{"@type":"PropertyValueSpecification","valueRequired":true,"valueName":"search_term_string"}}],"inLanguage":"es"}]}},"_links":{"self":[{"href":"https:\/\/personalinjuryattorney-fresno.com\/es\/wp-json\/wp\/v2\/pages\/2641","targetHints":{"allow":["GET"]}}],"collection":[{"href":"https:\/\/personalinjuryattorney-fresno.com\/es\/wp-json\/wp\/v2\/pages"}],"about":[{"href":"https:\/\/personalinjuryattorney-fresno.com\/es\/wp-json\/wp\/v2\/types\/page"}],"author":[{"embeddable":true,"href":"https:\/\/personalinjuryattorney-fresno.com\/es\/wp-json\/wp\/v2\/users\/5"}],"replies":[{"embeddable":true,"href":"https:\/\/personalinjuryattorney-fresno.com\/es\/wp-json\/wp\/v2\/comments?post=2641"}],"version-history":[{"count":0,"href":"https:\/\/personalinjuryattorney-fresno.com\/es\/wp-json\/wp\/v2\/pages\/2641\/revisions"}],"up":[{"embeddable":true,"href":"https:\/\/personalinjuryattorney-fresno.com\/es\/wp-json\/wp\/v2\/pages\/2002"}],"wp:attachment":[{"href":"https:\/\/personalinjuryattorney-fresno.com\/es\/wp-json\/wp\/v2\/media?parent=2641"}],"curies":[{"name":"wp","href":"https:\/\/api.w.org\/{rel}","templated":true}]}}