{"id":2632,"date":"2019-04-17T10:16:12","date_gmt":"2019-04-17T10:16:12","guid":{"rendered":"https:\/\/personalinjuryattorney-fresno.com\/?page_id=2632"},"modified":"2024-07-19T10:49:00","modified_gmt":"2024-07-19T10:49:00","slug":"abogado-de-lesiones-en-la-cabeza-en-fresno","status":"publish","type":"page","link":"https:\/\/personalinjuryattorney-fresno.com\/es\/lesiones-personales\/tipos-de-lesiones\/abogado-de-lesiones-en-la-cabeza-en-fresno\/","title":{"rendered":"ABOGADO DE LESIONES EN LA CABEZA EN FRESNO\u00a0"},"content":{"rendered":"\n<p>Las lesiones en la cabeza var\u00edan desde un golpe, moret\u00f3n o corte leve en la cabeza hasta lesiones moderadas o graves como una conmoci\u00f3n cerebral, corte profundo, fractura del cr\u00e1neo o huesos, o sangrado interno. El t\u00e9rmino \u00ablesi\u00f3n en la cabeza\u00bb se utiliza para describir una amplia variedad de lesiones que ocurren en el cuero cabelludo, cr\u00e1neo, cerebro, y los tejidos subyacentes y vasos sangu\u00edneos. La recuperaci\u00f3n y el nivel de discapacidad de las lesiones en la cabeza dependen de la gravedad de la lesi\u00f3n.<\/p>\n\n\n\n<p>Las lesiones en la cabeza no solo infligen da\u00f1os f\u00edsicos, sino tambi\u00e9n emocionales, dependiendo de la parte del cerebro que result\u00f3 lesionada. Las lesiones graves en la cabeza se consideran catastr\u00f3ficas ya que dejan a la v\u00edctima con da\u00f1os permanentes y discapacidad. Si t\u00fa o un ser querido han sufrido una lesi\u00f3n en la cabeza como resultado de la negligencia de otra persona, es importante que hables con un abogado de lesiones en la cabeza en Fresno.<\/p>\n\n\n\n<figure class=\"wp-block-image size-large\"><img loading=\"lazy\" decoding=\"async\" width=\"1110\" height=\"740\" src=\"https:\/\/personalinjuryattorney-fresno.com\/wp-content\/uploads\/2022\/06\/head-injury-1110x740.jpeg\" alt=\"Head Injury\" class=\"wp-image-1249\" srcset=\"https:\/\/personalinjuryattorney-fresno.com\/wp-content\/uploads\/2022\/06\/head-injury-1110x740.jpeg 1110w, https:\/\/personalinjuryattorney-fresno.com\/wp-content\/uploads\/2022\/06\/head-injury-450x300.jpeg 450w, https:\/\/personalinjuryattorney-fresno.com\/wp-content\/uploads\/2022\/06\/head-injury-768x512.jpeg 768w, https:\/\/personalinjuryattorney-fresno.com\/wp-content\/uploads\/2022\/06\/head-injury-1536x1024.jpeg 1536w, https:\/\/personalinjuryattorney-fresno.com\/wp-content\/uploads\/2022\/06\/head-injury.jpeg 1920w\" sizes=\"auto, (max-width: 1110px) 100vw, 1110px\" \/><\/figure>\n\n\n\n<h2 class=\"wp-block-heading\">TIPOS DE LESIONES EN LA CABEZA<\/h2>\n\n\n\n<p>Las lesiones en la cabeza pueden ser abiertas o cerradas. Una lesi\u00f3n cerrada no rompe ni perfora el cr\u00e1neo. Una lesi\u00f3n abierta en la cabeza es una lesi\u00f3n penetrante en la que un objeto atraviesa el cr\u00e1neo y entra en el cerebro. Las lesiones cerradas no siempre son menos graves que las lesiones abiertas. Los siguientes son diferentes tipos de lesiones en la cabeza:<\/p>\n\n\n\n<ul class=\"wp-block-list\">\n<li>Conmoci\u00f3n cerebral: Una lesi\u00f3n cerrada en la cabeza puede causar una p\u00e9rdida de conciencia o alerta por un corto per\u00edodo de varias horas despu\u00e9s de la lesi\u00f3n.<\/li>\n\n\n\n<li>Fractura de cr\u00e1neo: Una lesi\u00f3n abierta en la cabeza en la que se ha producido una rotura en el hueso del cr\u00e1neo. Las fracturas de cr\u00e1neo se agrupan en cuatro categor\u00edas:\n<ul class=\"wp-block-list\">\n<li>Fractura de cr\u00e1neo lineal (la fractura m\u00e1s com\u00fan y generalmente no requiere intervenci\u00f3n)<\/li>\n\n\n\n<li>Fractura de cr\u00e1neo deprimida (puede requerir intervenci\u00f3n quir\u00fargica)<\/li>\n\n\n\n<li>Fractura de cr\u00e1neo diagn\u00f3stica (a menudo vista en reci\u00e9n nacidos y beb\u00e9s mayores)<\/li>\n\n\n\n<li>Fractura de base del cr\u00e1neo (la fractura de cr\u00e1neo m\u00e1s grave)<\/li>\n<\/ul>\n<\/li>\n\n\n\n<li>Hematoma intracraneal: Existen varios tipos de hematomas intracraneales y se clasifican seg\u00fan su ubicaci\u00f3n en el cerebro. Los hematomas pueden variar desde lesiones leves en la cabeza hasta lesiones graves y potencialmente mortales.<\/li>\n<\/ul>\n\n\n\n<h2 class=\"wp-block-heading\">CAUSAS DE MORETONES EN LA CABEZA Y DA\u00d1O INTERNO&nbsp;<\/h2>\n\n\n\n<p>Aunque hay muchas causas de lesiones en la cabeza, las lesiones traum\u00e1ticas m\u00e1s comunes son por accidentes de veh\u00edculos motorizados, accidentes de motocicleta, accidentes peatonales, violencia y ca\u00eddas. Un golpe directo en la cabeza o una lesi\u00f3n tipo latigazo cervical en accidentes de veh\u00edculos motorizados puede causar moretones en el cerebro y da\u00f1o en los tejidos internos y vasos sangu\u00edneos.<\/p>\n\n\n\n<p>Un moret\u00f3n directamente relacionado con el trauma en el lugar del impacto se llama lesi\u00f3n por coup. Cuando el cerebro se sacude hacia atr\u00e1s, puede golpear el cr\u00e1neo en el lado opuesto, lo que resulta en un moret\u00f3n llamado lesi\u00f3n por contracoup. El choque del cerebro contra los lados del cr\u00e1neo puede causar desgarro del revestimiento interno, tejidos y vasos sangu\u00edneos, lo que tambi\u00e9n puede causar sangrado interno, moretones o hinchaz\u00f3n del cerebro.<\/p>\n\n\n\n<h2 class=\"wp-block-heading\">S\u00cdNTOMAS DE LESIONES EN LA CABEZA&nbsp;<\/h2>\n\n\n\n<p>Si has estado recientemente involucrado en un accidente, es importante que aprendas los signos y s\u00edntomas de una lesi\u00f3n en la cabeza. Los s\u00edntomas de una lesi\u00f3n en la cabeza imitan muchas otras condiciones m\u00e9dicas, por lo que es muy importante que te familiarices con los s\u00edntomas y busques atenci\u00f3n m\u00e9dica inmediata despu\u00e9s de un accidente. Los s\u00edntomas de una lesi\u00f3n en la cabeza pueden incluir:<\/p>\n\n\n\n<ul class=\"wp-block-list\">\n<li>Dolor de cabeza postraum\u00e1tico que empeora y no desaparece<\/li>\n\n\n\n<li>V\u00f3mitos y\/o n\u00e1useas<\/li>\n\n\n\n<li>Convulsiones<\/li>\n\n\n\n<li>Incapacidad para despertar<\/li>\n\n\n\n<li>Pupilas dilatadas en uno o ambos ojos<\/li>\n\n\n\n<li>Habla arrastrada<\/li>\n\n\n\n<li>Debilidad o entumecimiento en las extremidades, brazos y piernas<\/li>\n\n\n\n<li>P\u00e9rdida de coordinaci\u00f3n<\/li>\n\n\n\n<li>Aumento de la confusi\u00f3n, inquietud y agitaci\u00f3n<\/li>\n<\/ul>\n\n\n\n<h2 class=\"wp-block-heading\">ABOGADO DE LESIONES EN LA CABEZA EN FRESNO&nbsp;<\/h2>\n\n\n\n<p>Las personas que sufren lesiones graves en el cerebro pueden perder fuerza muscular, habilidades motoras finas, habla, visi\u00f3n y otras funciones, dependiendo de la gravedad del da\u00f1o. Tambi\u00e9n pueden ocurrir cambios a largo o corto plazo en la personalidad y el comportamiento. Estas personas requerir\u00e1n manejo m\u00e9dico y rehabilitativo a largo plazo, lo cual puede ser financieramente y emocionalmente agotador.<\/p>\n\n\n\n<p>En Grossman Law Offices entendemos el camino hacia la recuperaci\u00f3n que enfrentan las v\u00edctimas de lesiones en la cabeza. Permite que Grossman Law Offices se enfoque en maximizar tu compensaci\u00f3n para ayudar con la carga de los gastos m\u00e9dicos y la p\u00e9rdida de ingresos, para que t\u00fa y tu familia puedan concentrarse en lo m\u00e1s importante: tu recuperaci\u00f3n.<\/p>\n","protected":false},"excerpt":{"rendered":"<p>Las lesiones en la cabeza var\u00edan desde un golpe, moret\u00f3n o corte leve en la cabeza hasta lesiones moderadas o&#8230;<\/p>\n","protected":false},"author":5,"featured_media":0,"parent":2111,"menu_order":0,"comment_status":"closed","ping_status":"closed","template":"template-practice-area.php","meta":{"footnotes":""},"class_list":["post-2632","page","type-page","status-publish","hentry"],"yoast_head":"<!-- This site is optimized with the Yoast SEO plugin v25.0 - https:\/\/yoast.com\/wordpress\/plugins\/seo\/ -->\n<title>ABOGADO DE LESIONES EN LA CABEZA EN FRESNO\u00a0 | Grossman Law Offices<\/title>\n<meta name=\"robots\" content=\"index, follow, max-snippet:-1, max-image-preview:large, max-video-preview:-1\" \/>\n<link rel=\"canonical\" href=\"https:\/\/personalinjuryattorney-fresno.com\/es\/lesiones-personales\/tipos-de-lesiones\/abogado-de-lesiones-en-la-cabeza-en-fresno\/\" \/>\n<meta property=\"og:locale\" content=\"es_ES\" \/>\n<meta property=\"og:type\" content=\"article\" \/>\n<meta property=\"og:title\" content=\"ABOGADO DE LESIONES EN LA CABEZA EN FRESNO\u00a0 | Grossman Law Offices\" \/>\n<meta property=\"og:description\" content=\"Las lesiones en la cabeza var\u00edan desde un golpe, moret\u00f3n o corte leve en la cabeza hasta lesiones moderadas o...\" \/>\n<meta property=\"og:url\" content=\"https:\/\/personalinjuryattorney-fresno.com\/es\/lesiones-personales\/tipos-de-lesiones\/abogado-de-lesiones-en-la-cabeza-en-fresno\/\" \/>\n<meta property=\"og:site_name\" content=\"Grossman Law Offices\" \/>\n<meta property=\"article:modified_time\" content=\"2024-07-19T10:49:00+00:00\" \/>\n<meta property=\"og:image\" content=\"https:\/\/personalinjuryattorney-fresno.com\/wp-content\/uploads\/2022\/06\/head-injury-1110x740.jpeg\" \/>\n<meta name=\"twitter:card\" content=\"summary_large_image\" \/>\n<meta name=\"twitter:label1\" content=\"Tiempo de lectura\" \/>\n\t<meta name=\"twitter:data1\" content=\"4 minutos\" \/>\n<script type=\"application\/ld+json\" class=\"yoast-schema-graph\">{\"@context\":\"https:\/\/schema.org\",\"@graph\":[{\"@type\":\"WebPage\",\"@id\":\"https:\/\/personalinjuryattorney-fresno.com\/es\/lesiones-personales\/tipos-de-lesiones\/abogado-de-lesiones-en-la-cabeza-en-fresno\/\",\"url\":\"https:\/\/personalinjuryattorney-fresno.com\/es\/lesiones-personales\/tipos-de-lesiones\/abogado-de-lesiones-en-la-cabeza-en-fresno\/\",\"name\":\"ABOGADO DE LESIONES EN LA CABEZA EN FRESNO\u00a0 | Grossman Law Offices\",\"isPartOf\":{\"@id\":\"https:\/\/personalinjuryattorney-fresno.com\/es\/#website\"},\"primaryImageOfPage\":{\"@id\":\"https:\/\/personalinjuryattorney-fresno.com\/es\/lesiones-personales\/tipos-de-lesiones\/abogado-de-lesiones-en-la-cabeza-en-fresno\/#primaryimage\"},\"image\":{\"@id\":\"https:\/\/personalinjuryattorney-fresno.com\/es\/lesiones-personales\/tipos-de-lesiones\/abogado-de-lesiones-en-la-cabeza-en-fresno\/#primaryimage\"},\"thumbnailUrl\":\"https:\/\/personalinjuryattorney-fresno.com\/wp-content\/uploads\/2022\/06\/head-injury-1110x740.jpeg\",\"datePublished\":\"2019-04-17T10:16:12+00:00\",\"dateModified\":\"2024-07-19T10:49:00+00:00\",\"breadcrumb\":{\"@id\":\"https:\/\/personalinjuryattorney-fresno.com\/es\/lesiones-personales\/tipos-de-lesiones\/abogado-de-lesiones-en-la-cabeza-en-fresno\/#breadcrumb\"},\"inLanguage\":\"es\",\"potentialAction\":[{\"@type\":\"ReadAction\",\"target\":[\"https:\/\/personalinjuryattorney-fresno.com\/es\/lesiones-personales\/tipos-de-lesiones\/abogado-de-lesiones-en-la-cabeza-en-fresno\/\"]}]},{\"@type\":\"ImageObject\",\"inLanguage\":\"es\",\"@id\":\"https:\/\/personalinjuryattorney-fresno.com\/es\/lesiones-personales\/tipos-de-lesiones\/abogado-de-lesiones-en-la-cabeza-en-fresno\/#primaryimage\",\"url\":\"https:\/\/personalinjuryattorney-fresno.com\/wp-content\/uploads\/2022\/06\/head-injury-1110x740.jpeg\",\"contentUrl\":\"https:\/\/personalinjuryattorney-fresno.com\/wp-content\/uploads\/2022\/06\/head-injury-1110x740.jpeg\"},{\"@type\":\"BreadcrumbList\",\"@id\":\"https:\/\/personalinjuryattorney-fresno.com\/es\/lesiones-personales\/tipos-de-lesiones\/abogado-de-lesiones-en-la-cabeza-en-fresno\/#breadcrumb\",\"itemListElement\":[{\"@type\":\"ListItem\",\"position\":1,\"name\":\"Inicio\",\"item\":\"https:\/\/personalinjuryattorney-fresno.com\/es\/\"},{\"@type\":\"ListItem\",\"position\":2,\"name\":\"Lesiones Persona\",\"item\":\"https:\/\/personalinjuryattorney-fresno.com\/es\/lesiones-personales\/\"},{\"@type\":\"ListItem\",\"position\":3,\"name\":\"Tipos de Lesiones\",\"item\":\"https:\/\/personalinjuryattorney-fresno.com\/es\/lesiones-personales\/tipos-de-lesiones\/\"},{\"@type\":\"ListItem\",\"position\":4,\"name\":\"ABOGADO DE LESIONES EN LA CABEZA EN FRESNO\u00a0\"}]},{\"@type\":\"WebSite\",\"@id\":\"https:\/\/personalinjuryattorney-fresno.com\/es\/#website\",\"url\":\"https:\/\/personalinjuryattorney-fresno.com\/es\/\",\"name\":\"Grossman Law Offices\",\"description\":\"Experienced Attorneys Representing Accident Victims Throughout California\",\"potentialAction\":[{\"@type\":\"SearchAction\",\"target\":{\"@type\":\"EntryPoint\",\"urlTemplate\":\"https:\/\/personalinjuryattorney-fresno.com\/es\/?s={search_term_string}\"},\"query-input\":{\"@type\":\"PropertyValueSpecification\",\"valueRequired\":true,\"valueName\":\"search_term_string\"}}],\"inLanguage\":\"es\"}]}<\/script>\n<!-- \/ Yoast SEO plugin. -->","yoast_head_json":{"title":"ABOGADO DE LESIONES EN LA CABEZA EN FRESNO\u00a0 | Grossman Law Offices","robots":{"index":"index","follow":"follow","max-snippet":"max-snippet:-1","max-image-preview":"max-image-preview:large","max-video-preview":"max-video-preview:-1"},"canonical":"https:\/\/personalinjuryattorney-fresno.com\/es\/lesiones-personales\/tipos-de-lesiones\/abogado-de-lesiones-en-la-cabeza-en-fresno\/","og_locale":"es_ES","og_type":"article","og_title":"ABOGADO DE LESIONES EN LA CABEZA EN FRESNO\u00a0 | Grossman Law Offices","og_description":"Las lesiones en la cabeza var\u00edan desde un golpe, moret\u00f3n o corte leve en la cabeza hasta lesiones moderadas o...","og_url":"https:\/\/personalinjuryattorney-fresno.com\/es\/lesiones-personales\/tipos-de-lesiones\/abogado-de-lesiones-en-la-cabeza-en-fresno\/","og_site_name":"Grossman Law Offices","article_modified_time":"2024-07-19T10:49:00+00:00","og_image":[{"url":"https:\/\/personalinjuryattorney-fresno.com\/wp-content\/uploads\/2022\/06\/head-injury-1110x740.jpeg","type":"","width":"","height":""}],"twitter_card":"summary_large_image","twitter_misc":{"Tiempo de lectura":"4 minutos"},"schema":{"@context":"https:\/\/schema.org","@graph":[{"@type":"WebPage","@id":"https:\/\/personalinjuryattorney-fresno.com\/es\/lesiones-personales\/tipos-de-lesiones\/abogado-de-lesiones-en-la-cabeza-en-fresno\/","url":"https:\/\/personalinjuryattorney-fresno.com\/es\/lesiones-personales\/tipos-de-lesiones\/abogado-de-lesiones-en-la-cabeza-en-fresno\/","name":"ABOGADO DE LESIONES EN LA CABEZA EN FRESNO\u00a0 | Grossman Law Offices","isPartOf":{"@id":"https:\/\/personalinjuryattorney-fresno.com\/es\/#website"},"primaryImageOfPage":{"@id":"https:\/\/personalinjuryattorney-fresno.com\/es\/lesiones-personales\/tipos-de-lesiones\/abogado-de-lesiones-en-la-cabeza-en-fresno\/#primaryimage"},"image":{"@id":"https:\/\/personalinjuryattorney-fresno.com\/es\/lesiones-personales\/tipos-de-lesiones\/abogado-de-lesiones-en-la-cabeza-en-fresno\/#primaryimage"},"thumbnailUrl":"https:\/\/personalinjuryattorney-fresno.com\/wp-content\/uploads\/2022\/06\/head-injury-1110x740.jpeg","datePublished":"2019-04-17T10:16:12+00:00","dateModified":"2024-07-19T10:49:00+00:00","breadcrumb":{"@id":"https:\/\/personalinjuryattorney-fresno.com\/es\/lesiones-personales\/tipos-de-lesiones\/abogado-de-lesiones-en-la-cabeza-en-fresno\/#breadcrumb"},"inLanguage":"es","potentialAction":[{"@type":"ReadAction","target":["https:\/\/personalinjuryattorney-fresno.com\/es\/lesiones-personales\/tipos-de-lesiones\/abogado-de-lesiones-en-la-cabeza-en-fresno\/"]}]},{"@type":"ImageObject","inLanguage":"es","@id":"https:\/\/personalinjuryattorney-fresno.com\/es\/lesiones-personales\/tipos-de-lesiones\/abogado-de-lesiones-en-la-cabeza-en-fresno\/#primaryimage","url":"https:\/\/personalinjuryattorney-fresno.com\/wp-content\/uploads\/2022\/06\/head-injury-1110x740.jpeg","contentUrl":"https:\/\/personalinjuryattorney-fresno.com\/wp-content\/uploads\/2022\/06\/head-injury-1110x740.jpeg"},{"@type":"BreadcrumbList","@id":"https:\/\/personalinjuryattorney-fresno.com\/es\/lesiones-personales\/tipos-de-lesiones\/abogado-de-lesiones-en-la-cabeza-en-fresno\/#breadcrumb","itemListElement":[{"@type":"ListItem","position":1,"name":"Inicio","item":"https:\/\/personalinjuryattorney-fresno.com\/es\/"},{"@type":"ListItem","position":2,"name":"Lesiones Persona","item":"https:\/\/personalinjuryattorney-fresno.com\/es\/lesiones-personales\/"},{"@type":"ListItem","position":3,"name":"Tipos de Lesiones","item":"https:\/\/personalinjuryattorney-fresno.com\/es\/lesiones-personales\/tipos-de-lesiones\/"},{"@type":"ListItem","position":4,"name":"ABOGADO DE LESIONES EN LA CABEZA EN FRESNO\u00a0"}]},{"@type":"WebSite","@id":"https:\/\/personalinjuryattorney-fresno.com\/es\/#website","url":"https:\/\/personalinjuryattorney-fresno.com\/es\/","name":"Grossman Law Offices","description":"Experienced Attorneys Representing Accident Victims Throughout California","potentialAction":[{"@type":"SearchAction","target":{"@type":"EntryPoint","urlTemplate":"https:\/\/personalinjuryattorney-fresno.com\/es\/?s={search_term_string}"},"query-input":{"@type":"PropertyValueSpecification","valueRequired":true,"valueName":"search_term_string"}}],"inLanguage":"es"}]}},"_links":{"self":[{"href":"https:\/\/personalinjuryattorney-fresno.com\/es\/wp-json\/wp\/v2\/pages\/2632","targetHints":{"allow":["GET"]}}],"collection":[{"href":"https:\/\/personalinjuryattorney-fresno.com\/es\/wp-json\/wp\/v2\/pages"}],"about":[{"href":"https:\/\/personalinjuryattorney-fresno.com\/es\/wp-json\/wp\/v2\/types\/page"}],"author":[{"embeddable":true,"href":"https:\/\/personalinjuryattorney-fresno.com\/es\/wp-json\/wp\/v2\/users\/5"}],"replies":[{"embeddable":true,"href":"https:\/\/personalinjuryattorney-fresno.com\/es\/wp-json\/wp\/v2\/comments?post=2632"}],"version-history":[{"count":0,"href":"https:\/\/personalinjuryattorney-fresno.com\/es\/wp-json\/wp\/v2\/pages\/2632\/revisions"}],"up":[{"embeddable":true,"href":"https:\/\/personalinjuryattorney-fresno.com\/es\/wp-json\/wp\/v2\/pages\/2111"}],"wp:attachment":[{"href":"https:\/\/personalinjuryattorney-fresno.com\/es\/wp-json\/wp\/v2\/media?parent=2632"}],"curies":[{"name":"wp","href":"https:\/\/api.w.org\/{rel}","templated":true}]}}