{"id":2630,"date":"2019-04-17T10:22:55","date_gmt":"2019-04-17T10:22:55","guid":{"rendered":"https:\/\/personalinjuryattorney-fresno.com\/?page_id=2630"},"modified":"2024-07-19T09:22:36","modified_gmt":"2024-07-19T09:22:36","slug":"abogado-de-lesiones-cerebrales-en-fresno","status":"publish","type":"page","link":"https:\/\/personalinjuryattorney-fresno.com\/es\/lesiones-personales\/tipos-de-lesiones\/abogado-de-lesiones-cerebrales-en-fresno\/","title":{"rendered":"ABOGADO DE LESIONES CEREBRALES EN FRESNO\u00a0"},"content":{"rendered":"\n<p>Si eres una v\u00edctima de lesiones cerebrales que ha sufrido debido a la negligencia de otro, entonces los abogados de lesiones cerebrales en Fresno de Grossman Law Offices pueden ayudarte a recuperar da\u00f1os en un caso de lesiones personales.&nbsp;<\/p>\n\n\n\n<h2 class=\"wp-block-heading\">\u00bfQU\u00c9 ES UNA LESI\u00d3N CEREBRAL TRAUM\u00c1TICA?&nbsp;<\/h2>\n\n\n\n<p>Una lesi\u00f3n cerebral traum\u00e1tica (TBI, por sus siglas en ingl\u00e9s) generalmente es causada por un golpe o sacudida en la cabeza debido a un asalto, una ca\u00edda, un accidente automovil\u00edstico o una lesi\u00f3n deportiva. Debido a que estas lesiones resultan en s\u00edntomas complejos y requieren cuidados m\u00e9dicos extensos y costosos, nuestros abogados de lesiones cerebrales en Fresno luchan para que nuestros clientes recuperen la cantidad total de sus p\u00e9rdidas.&nbsp;<\/p>\n\n\n\n<h2 class=\"wp-block-heading\">CAUSAS DE LA LESI\u00d3N CEREBRAL TRAUM\u00c1TICA&nbsp;<\/h2>\n\n\n\n<p>Hay muchas maneras en que el cerebro puede resultar lesionado. Una lesi\u00f3n cerebral es muy grave y un tratamiento adecuado siempre conlleva gastos m\u00e9dicos muy altos. Un abogado de lesiones cerebrales te ayuda a establecer la responsabilidad y lucha para que recibas una compensaci\u00f3n por parte de la compa\u00f1\u00eda de seguros del responsable.&nbsp;<\/p>\n\n\n\n<p>En 2020, hubo m\u00e1s de 2.1 millones de visitas a salas de emergencias por lesiones causadas por accidentes automovil\u00edsticos. El impacto de la colisi\u00f3n puede hacer que el cerebro golpee el interior del cr\u00e1neo, lo que da\u00f1a gravemente los tejidos nerviosos, interrumpe los procesos qu\u00edmicos en el cerebro y afecta la comunicaci\u00f3n con las diferentes partes del cuerpo. Los accidentes automovil\u00edsticos son causados por muchas razones, pero los que resultan en lesiones cerebrales traum\u00e1ticas a menudo involucran exceso de velocidad, alcohol, distracciones al conducir y otras conductas imprudentes.&nbsp;<\/p>\n\n\n\n<p>Un accidente de motocicleta tambi\u00e9n puede resultar en una lesi\u00f3n cerebral grave. Debido a que un motociclista no tiene ninguna barrera protectora como la que tendr\u00eda en un veh\u00edculo de pasajeros, es m\u00e1s probable que sufra lesiones graves y requiera atenci\u00f3n m\u00e9dica inmediata por lesiones potencialmente mortales. Seg\u00fan la Secci\u00f3n 27803 del C\u00f3digo de Veh\u00edculos de California, todos los motociclistas de Fresno deben usar un casco para proteger la cabeza y la cara de lesiones.&nbsp;<\/p>\n\n\n\n<p>Los camiones comerciales tienen m\u00e1s peso y masa que la mayor\u00eda de los otros tipos de veh\u00edculos de motor, por lo que cualquier colisi\u00f3n con un cami\u00f3n resultar\u00e1 en lesiones graves para los pasajeros en un autom\u00f3vil m\u00e1s peque\u00f1o o para peatones, motociclistas y ciclistas. Las v\u00edctimas de una colisi\u00f3n que involucra a camiones de 18 ruedas y remolques pueden sufrir una lesi\u00f3n cerebral traum\u00e1tica despu\u00e9s de experimentar la fuerza del impacto.&nbsp;<\/p>\n\n\n\n<p>Si has sufrido una lesi\u00f3n cerebral en Fresno debido a la negligencia de otra persona, entonces mereces ser tratado justamente y recuperar da\u00f1os. Llama a los abogados de lesiones personales de Fresno en Grossman Law Offices si estuviste en un accidente y consecuentemente sufriste una lesi\u00f3n cerebral.<\/p>\n\n\n\n<figure class=\"wp-block-image size-large\"><img loading=\"lazy\" decoding=\"async\" width=\"1110\" height=\"741\" src=\"https:\/\/personalinjuryattorney-fresno.com\/wp-content\/uploads\/2022\/06\/head-injury-woman-suffering-pain-min-1-1110x741.jpg\" alt=\"Head Injury\" class=\"wp-image-1244\" srcset=\"https:\/\/personalinjuryattorney-fresno.com\/wp-content\/uploads\/2022\/06\/head-injury-woman-suffering-pain-min-1-1110x741.jpg 1110w, https:\/\/personalinjuryattorney-fresno.com\/wp-content\/uploads\/2022\/06\/head-injury-woman-suffering-pain-min-1-450x300.jpg 450w, https:\/\/personalinjuryattorney-fresno.com\/wp-content\/uploads\/2022\/06\/head-injury-woman-suffering-pain-min-1-768x512.jpg 768w, https:\/\/personalinjuryattorney-fresno.com\/wp-content\/uploads\/2022\/06\/head-injury-woman-suffering-pain-min-1-1536x1025.jpg 1536w, https:\/\/personalinjuryattorney-fresno.com\/wp-content\/uploads\/2022\/06\/head-injury-woman-suffering-pain-min-1.jpg 1920w\" sizes=\"auto, (max-width: 1110px) 100vw, 1110px\" \/><\/figure>\n\n\n\n<h2 class=\"wp-block-heading\">TIPOS DE LESIONES CEREBRALES TRAUM\u00c1TICAS EN FRESNO&nbsp;<\/h2>\n\n\n\n<p>Existen dos tipos de lesiones cerebrales: lesiones cerebrales abiertas y lesiones cerradas. Una lesi\u00f3n cerebral cerrada es cuando el cerebro resulta lesionado dentro del cr\u00e1neo. Generalmente es causada por un movimiento r\u00e1pido hacia adelante y hacia atr\u00e1s o sacudidas del cerebro que lo hacen golpear las paredes internas del cr\u00e1neo, lo que resulta en contusiones o desgarros de los vasos sangu\u00edneos y tejidos cerebrales. Esto interrumpe la funci\u00f3n cerebral normal. Los s\u00edntomas comunes de una TBI cerrada incluyen conmoci\u00f3n cerebral, dolor de cabeza, n\u00e1useas y confusi\u00f3n. Hay muchos tipos de TBI cerradas:&nbsp;<\/p>\n\n\n\n<ul class=\"wp-block-list\">\n<li>Hemorragia cerebral: Sangrado descontrolado en el cerebro\u00a0<\/li>\n\n\n\n<li>Hematoma intracraneal: Cuando un vaso sangu\u00edneo rupturado causa una acumulaci\u00f3n de sangre dentro del cr\u00e1neo\u00a0<\/li>\n\n\n\n<li>Lesi\u00f3n axonal difusa (DAI, por sus siglas en ingl\u00e9s): Cuando el cerebro se desplaza r\u00e1pidamente dentro del cr\u00e1neo durante un evento traum\u00e1tico f\u00edsico, desgarrando los axones y interrumpiendo la comunicaci\u00f3n entre las c\u00e9lulas\u00a0<\/li>\n\n\n\n<li>Lesiones por impacto y contragolpe: Cuando la fuerza del impacto hace que el cerebro golpee la parte frontal del cr\u00e1neo, luego rebote y golpee la parte posterior del cr\u00e1neo\u00a0<\/li>\n<\/ul>\n\n\n\n<p>Una lesi\u00f3n cerebral abierta es cuando un objeto penetra en el cr\u00e1neo o este se fractura. A menudo resulta en una TBI grave. Los s\u00edntomas de una TBI grave incluyen:&nbsp;<\/p>\n\n\n\n<ul class=\"wp-block-list\">\n<li>Convulsiones\u00a0<\/li>\n\n\n\n<li>Coma\u00a0<\/li>\n\n\n\n<li>Drenaje de l\u00edquido claro por la nariz o los o\u00eddos\u00a0<\/li>\n\n\n\n<li>V\u00f3mitos repetidos\u00a0<\/li>\n\n\n\n<li>Habla arrastrada\u00a0<\/li>\n\n\n\n<li>Sensibilidad a la luz\u00a0<\/li>\n\n\n\n<li>Dolores de cabeza extremos que no disminuyen ni desaparecen\u00a0<\/li>\n\n\n\n<li>Debilidad o entumecimiento en los brazos\u00a0<\/li>\n<\/ul>\n\n\n\n<h2 class=\"wp-block-heading\">COMPENSACI\u00d3N POTENCIAL DISPONIBLE&nbsp;<\/h2>\n\n\n\n<p>Si has sufrido una lesi\u00f3n cerebral en Fresno, puedes recuperar una compensaci\u00f3n por tus lesiones y gastos relacionados con el accidente. Hay tres tipos de compensaci\u00f3n que nuestros abogados de lesiones cerebrales pueden ayudarte a recuperar: da\u00f1os econ\u00f3micos, da\u00f1os no econ\u00f3micos y, en algunos casos, da\u00f1os punitivos.&nbsp;<\/p>\n\n\n\n<h3 class=\"wp-block-heading\">DA\u00d1OS ECON\u00d3MICOS&nbsp;<\/h3>\n\n\n\n<p>Los da\u00f1os econ\u00f3micos est\u00e1n destinados a compensarte por p\u00e9rdidas financieras relacionadas con tus lesiones, incluidos:&nbsp;<\/p>\n\n\n\n<ul class=\"wp-block-list\">\n<li>Tu tratamiento m\u00e9dico, como tu estancia en el hospital, cirug\u00edas, medicamentos recetados, dispositivos m\u00e9dicos de asistencia, cuidados de seguimiento y rehabilitaci\u00f3n\u00a0<\/li>\n\n\n\n<li>Salarios perdidos\u00a0<\/li>\n\n\n\n<li>Reparaciones o reemplazo de tu veh\u00edculo si result\u00f3 da\u00f1ado en el accidente\u00a0<\/li>\n\n\n\n<li>Cualquier otro gasto de tu bolsillo\u00a0<\/li>\n<\/ul>\n\n\n\n<p>Nuestros abogados de accidentes en Fresno suman la cantidad de tus facturas m\u00e9dicas, recibos, facturas y otros documentos para calcular una cantidad justa de liquidaci\u00f3n por la que luchar\u00e1n para que la recibas en un juicio por lesiones personales.&nbsp;<\/p>\n\n\n\n<h3 class=\"wp-block-heading\">DA\u00d1OS NO ECON\u00d3MICOS&nbsp;<\/h3>\n\n\n\n<p>Tambi\u00e9n puedes recuperar da\u00f1os no econ\u00f3micos despu\u00e9s de tu accidente en Fresno. Los da\u00f1os no econ\u00f3micos te compensan por el dolor y el sufrimiento que sufriste en el accidente. Ejemplos de da\u00f1os no econ\u00f3micos incluyen compensaci\u00f3n financiera por tu angustia emocional, dolor cr\u00f3nico, discapacidad permanente, ansiedad y depresi\u00f3n.&nbsp;<\/p>\n\n\n\n<h3 class=\"wp-block-heading\">DA\u00d1OS PUNITIVOS&nbsp;<\/h3>\n\n\n\n<p>Aunque no siempre se otorgan en cada caso, cuando hay pruebas claras y convincentes de que el demandado es culpable de fraude, malicia u opresi\u00f3n, entonces la v\u00edctima puede recuperar da\u00f1os punitivos. No hay l\u00edmites en los da\u00f1os punitivos en California, pero la Cl\u00e1usula del Debido Proceso de la Decimocuarta Enmienda proh\u00edbe imponer castigos excesivamente arbitrarios o excesivamente excesivos a los demandados. Los da\u00f1os punitivos est\u00e1n destinados a castigar a un demandado cuya conducta fue gravemente negligente o intencional y disuadir a otros de cometer actos similares.&nbsp;<\/p>\n\n\n\n<h2 class=\"wp-block-heading\">POR QU\u00c9 NECESITAS UN ABOGADO DE LESIONES CEREBRALES&nbsp;<\/h2>\n\n\n\n<p>Los da\u00f1os en demandas por lesiones cerebrales suelen ser muy altos porque el cuidado m\u00e9dico para estos tipos de lesiones graves es extremadamente costoso. Por lo tanto, la compa\u00f1\u00eda de seguros luchar\u00e1 arduamente para reducir la cantidad que paga en compensaci\u00f3n a las v\u00edctimas de lesiones cerebrales. Los abogados de lesiones cerebrales de nuestra firma de abogados en Fresno, CA, est\u00e1n decididos a proporcionar a las v\u00edctimas de lesiones cerebrales la defensa tenaz que necesitan para obtener una compensaci\u00f3n m\u00e1xima por sus lesiones.&nbsp;<\/p>\n\n\n\n<h3 class=\"wp-block-heading\">ABOGADO DE LESIONES CEREBRALES EN FRESNO&nbsp;<\/h3>\n\n\n\n<p>Los abogados de lesiones cerebrales en Grossman Law Offices luchar\u00e1n por ti para que puedas concentrarte en tu recuperaci\u00f3n en lugar del estr\u00e9s de tus problemas legales. No dejamos piedra sin remover cuando se trata de investigar tu caso de lesiones cerebrales en Fresno, CA. Despu\u00e9s de tu consulta gratuita con uno de nuestros abogados de lesiones cerebrales en Fresno, comenzaremos con tu caso. Recopilamos evidencia del lugar donde ocurrieron tus lesiones, tus registros m\u00e9dicos y entrevistamos a testigos del accidente. Consultamos con los expertos m\u00e9dicos que te est\u00e1n tratando para aprender m\u00e1s sobre la gravedad de tus s\u00edntomas para poder transmitir la gravedad de tu situaci\u00f3n a la compa\u00f1\u00eda de seguros o al juez.&nbsp;<\/p>\n\n\n\n<p>Recopilamos declaraciones juradas de testigos expertos para ayudar al juez o al ajustador de seguros a entender la evidencia presentada o determinar los hechos que estamos tratando de establecer en tu caso. Un testigo experto es una autoridad cuyo testimonio ayuda a los abogados de lesiones cerebrales en Fresno a probar la responsabilidad. Los expertos forenses y m\u00e9dicos son algunas de las autoridades que pueden desempe\u00f1ar un papel cr\u00edtico en obtener la compensaci\u00f3n que necesitas.<\/p>\n\n\n\n<h2 class=\"wp-block-heading\">AGENDA TU CONSULTA GRATUITA HOY&nbsp;<\/h2>\n\n\n\n<p>Con m\u00e1s de 60 a\u00f1os de experiencia en ley de lesiones personales, puedes confiar en los compasivos abogados de Grossman Law Offices para tratarte con respeto durante este momento dif\u00edcil. Llama al (866) 982-5094 ahora para programar tu consulta gratuita con nuestros abogados de lesiones cerebrales en Fresno.<\/p>\n","protected":false},"excerpt":{"rendered":"<p>Si eres una v\u00edctima de lesiones cerebrales que ha sufrido debido a la negligencia de otro, entonces los abogados de&#8230;<\/p>\n","protected":false},"author":5,"featured_media":0,"parent":2111,"menu_order":0,"comment_status":"closed","ping_status":"closed","template":"template-practice-area.php","meta":{"footnotes":""},"class_list":["post-2630","page","type-page","status-publish","hentry"],"yoast_head":"<!-- This site is optimized with the Yoast SEO plugin v25.0 - https:\/\/yoast.com\/wordpress\/plugins\/seo\/ -->\n<title>ABOGADO DE LESIONES CEREBRALES EN FRESNO\u00a0 | Grossman Law Offices<\/title>\n<meta name=\"robots\" content=\"index, follow, max-snippet:-1, max-image-preview:large, max-video-preview:-1\" \/>\n<link rel=\"canonical\" href=\"https:\/\/personalinjuryattorney-fresno.com\/es\/lesiones-personales\/tipos-de-lesiones\/abogado-de-lesiones-cerebrales-en-fresno\/\" \/>\n<meta property=\"og:locale\" content=\"es_ES\" \/>\n<meta property=\"og:type\" content=\"article\" \/>\n<meta property=\"og:title\" content=\"ABOGADO DE LESIONES CEREBRALES EN FRESNO\u00a0 | Grossman Law Offices\" \/>\n<meta property=\"og:description\" content=\"Si eres una v\u00edctima de lesiones cerebrales que ha sufrido debido a la negligencia de otro, entonces los abogados de...\" \/>\n<meta property=\"og:url\" content=\"https:\/\/personalinjuryattorney-fresno.com\/es\/lesiones-personales\/tipos-de-lesiones\/abogado-de-lesiones-cerebrales-en-fresno\/\" \/>\n<meta property=\"og:site_name\" content=\"Grossman Law Offices\" \/>\n<meta property=\"article:modified_time\" content=\"2024-07-19T09:22:36+00:00\" \/>\n<meta property=\"og:image\" content=\"https:\/\/personalinjuryattorney-fresno.com\/wp-content\/uploads\/2022\/06\/head-injury-woman-suffering-pain-min-1-1110x741.jpg\" \/>\n<meta name=\"twitter:card\" content=\"summary_large_image\" \/>\n<meta name=\"twitter:label1\" content=\"Tiempo de lectura\" \/>\n\t<meta name=\"twitter:data1\" content=\"7 minutos\" \/>\n<script type=\"application\/ld+json\" class=\"yoast-schema-graph\">{\"@context\":\"https:\/\/schema.org\",\"@graph\":[{\"@type\":\"WebPage\",\"@id\":\"https:\/\/personalinjuryattorney-fresno.com\/es\/lesiones-personales\/tipos-de-lesiones\/abogado-de-lesiones-cerebrales-en-fresno\/\",\"url\":\"https:\/\/personalinjuryattorney-fresno.com\/es\/lesiones-personales\/tipos-de-lesiones\/abogado-de-lesiones-cerebrales-en-fresno\/\",\"name\":\"ABOGADO DE LESIONES CEREBRALES EN FRESNO\u00a0 | Grossman Law Offices\",\"isPartOf\":{\"@id\":\"https:\/\/personalinjuryattorney-fresno.com\/es\/#website\"},\"primaryImageOfPage\":{\"@id\":\"https:\/\/personalinjuryattorney-fresno.com\/es\/lesiones-personales\/tipos-de-lesiones\/abogado-de-lesiones-cerebrales-en-fresno\/#primaryimage\"},\"image\":{\"@id\":\"https:\/\/personalinjuryattorney-fresno.com\/es\/lesiones-personales\/tipos-de-lesiones\/abogado-de-lesiones-cerebrales-en-fresno\/#primaryimage\"},\"thumbnailUrl\":\"https:\/\/personalinjuryattorney-fresno.com\/wp-content\/uploads\/2022\/06\/head-injury-woman-suffering-pain-min-1-1110x741.jpg\",\"datePublished\":\"2019-04-17T10:22:55+00:00\",\"dateModified\":\"2024-07-19T09:22:36+00:00\",\"breadcrumb\":{\"@id\":\"https:\/\/personalinjuryattorney-fresno.com\/es\/lesiones-personales\/tipos-de-lesiones\/abogado-de-lesiones-cerebrales-en-fresno\/#breadcrumb\"},\"inLanguage\":\"es\",\"potentialAction\":[{\"@type\":\"ReadAction\",\"target\":[\"https:\/\/personalinjuryattorney-fresno.com\/es\/lesiones-personales\/tipos-de-lesiones\/abogado-de-lesiones-cerebrales-en-fresno\/\"]}]},{\"@type\":\"ImageObject\",\"inLanguage\":\"es\",\"@id\":\"https:\/\/personalinjuryattorney-fresno.com\/es\/lesiones-personales\/tipos-de-lesiones\/abogado-de-lesiones-cerebrales-en-fresno\/#primaryimage\",\"url\":\"https:\/\/personalinjuryattorney-fresno.com\/wp-content\/uploads\/2022\/06\/head-injury-woman-suffering-pain-min-1-1110x741.jpg\",\"contentUrl\":\"https:\/\/personalinjuryattorney-fresno.com\/wp-content\/uploads\/2022\/06\/head-injury-woman-suffering-pain-min-1-1110x741.jpg\"},{\"@type\":\"BreadcrumbList\",\"@id\":\"https:\/\/personalinjuryattorney-fresno.com\/es\/lesiones-personales\/tipos-de-lesiones\/abogado-de-lesiones-cerebrales-en-fresno\/#breadcrumb\",\"itemListElement\":[{\"@type\":\"ListItem\",\"position\":1,\"name\":\"Inicio\",\"item\":\"https:\/\/personalinjuryattorney-fresno.com\/es\/\"},{\"@type\":\"ListItem\",\"position\":2,\"name\":\"Lesiones Persona\",\"item\":\"https:\/\/personalinjuryattorney-fresno.com\/es\/lesiones-personales\/\"},{\"@type\":\"ListItem\",\"position\":3,\"name\":\"Tipos de Lesiones\",\"item\":\"https:\/\/personalinjuryattorney-fresno.com\/es\/lesiones-personales\/tipos-de-lesiones\/\"},{\"@type\":\"ListItem\",\"position\":4,\"name\":\"ABOGADO DE LESIONES CEREBRALES EN FRESNO\u00a0\"}]},{\"@type\":\"WebSite\",\"@id\":\"https:\/\/personalinjuryattorney-fresno.com\/es\/#website\",\"url\":\"https:\/\/personalinjuryattorney-fresno.com\/es\/\",\"name\":\"Grossman Law Offices\",\"description\":\"Experienced Attorneys Representing Accident Victims Throughout California\",\"potentialAction\":[{\"@type\":\"SearchAction\",\"target\":{\"@type\":\"EntryPoint\",\"urlTemplate\":\"https:\/\/personalinjuryattorney-fresno.com\/es\/?s={search_term_string}\"},\"query-input\":{\"@type\":\"PropertyValueSpecification\",\"valueRequired\":true,\"valueName\":\"search_term_string\"}}],\"inLanguage\":\"es\"}]}<\/script>\n<!-- \/ Yoast SEO plugin. -->","yoast_head_json":{"title":"ABOGADO DE LESIONES CEREBRALES EN FRESNO\u00a0 | Grossman Law Offices","robots":{"index":"index","follow":"follow","max-snippet":"max-snippet:-1","max-image-preview":"max-image-preview:large","max-video-preview":"max-video-preview:-1"},"canonical":"https:\/\/personalinjuryattorney-fresno.com\/es\/lesiones-personales\/tipos-de-lesiones\/abogado-de-lesiones-cerebrales-en-fresno\/","og_locale":"es_ES","og_type":"article","og_title":"ABOGADO DE LESIONES CEREBRALES EN FRESNO\u00a0 | Grossman Law Offices","og_description":"Si eres una v\u00edctima de lesiones cerebrales que ha sufrido debido a la negligencia de otro, entonces los abogados de...","og_url":"https:\/\/personalinjuryattorney-fresno.com\/es\/lesiones-personales\/tipos-de-lesiones\/abogado-de-lesiones-cerebrales-en-fresno\/","og_site_name":"Grossman Law Offices","article_modified_time":"2024-07-19T09:22:36+00:00","og_image":[{"url":"https:\/\/personalinjuryattorney-fresno.com\/wp-content\/uploads\/2022\/06\/head-injury-woman-suffering-pain-min-1-1110x741.jpg","type":"","width":"","height":""}],"twitter_card":"summary_large_image","twitter_misc":{"Tiempo de lectura":"7 minutos"},"schema":{"@context":"https:\/\/schema.org","@graph":[{"@type":"WebPage","@id":"https:\/\/personalinjuryattorney-fresno.com\/es\/lesiones-personales\/tipos-de-lesiones\/abogado-de-lesiones-cerebrales-en-fresno\/","url":"https:\/\/personalinjuryattorney-fresno.com\/es\/lesiones-personales\/tipos-de-lesiones\/abogado-de-lesiones-cerebrales-en-fresno\/","name":"ABOGADO DE LESIONES CEREBRALES EN FRESNO\u00a0 | Grossman Law Offices","isPartOf":{"@id":"https:\/\/personalinjuryattorney-fresno.com\/es\/#website"},"primaryImageOfPage":{"@id":"https:\/\/personalinjuryattorney-fresno.com\/es\/lesiones-personales\/tipos-de-lesiones\/abogado-de-lesiones-cerebrales-en-fresno\/#primaryimage"},"image":{"@id":"https:\/\/personalinjuryattorney-fresno.com\/es\/lesiones-personales\/tipos-de-lesiones\/abogado-de-lesiones-cerebrales-en-fresno\/#primaryimage"},"thumbnailUrl":"https:\/\/personalinjuryattorney-fresno.com\/wp-content\/uploads\/2022\/06\/head-injury-woman-suffering-pain-min-1-1110x741.jpg","datePublished":"2019-04-17T10:22:55+00:00","dateModified":"2024-07-19T09:22:36+00:00","breadcrumb":{"@id":"https:\/\/personalinjuryattorney-fresno.com\/es\/lesiones-personales\/tipos-de-lesiones\/abogado-de-lesiones-cerebrales-en-fresno\/#breadcrumb"},"inLanguage":"es","potentialAction":[{"@type":"ReadAction","target":["https:\/\/personalinjuryattorney-fresno.com\/es\/lesiones-personales\/tipos-de-lesiones\/abogado-de-lesiones-cerebrales-en-fresno\/"]}]},{"@type":"ImageObject","inLanguage":"es","@id":"https:\/\/personalinjuryattorney-fresno.com\/es\/lesiones-personales\/tipos-de-lesiones\/abogado-de-lesiones-cerebrales-en-fresno\/#primaryimage","url":"https:\/\/personalinjuryattorney-fresno.com\/wp-content\/uploads\/2022\/06\/head-injury-woman-suffering-pain-min-1-1110x741.jpg","contentUrl":"https:\/\/personalinjuryattorney-fresno.com\/wp-content\/uploads\/2022\/06\/head-injury-woman-suffering-pain-min-1-1110x741.jpg"},{"@type":"BreadcrumbList","@id":"https:\/\/personalinjuryattorney-fresno.com\/es\/lesiones-personales\/tipos-de-lesiones\/abogado-de-lesiones-cerebrales-en-fresno\/#breadcrumb","itemListElement":[{"@type":"ListItem","position":1,"name":"Inicio","item":"https:\/\/personalinjuryattorney-fresno.com\/es\/"},{"@type":"ListItem","position":2,"name":"Lesiones Persona","item":"https:\/\/personalinjuryattorney-fresno.com\/es\/lesiones-personales\/"},{"@type":"ListItem","position":3,"name":"Tipos de Lesiones","item":"https:\/\/personalinjuryattorney-fresno.com\/es\/lesiones-personales\/tipos-de-lesiones\/"},{"@type":"ListItem","position":4,"name":"ABOGADO DE LESIONES CEREBRALES EN FRESNO\u00a0"}]},{"@type":"WebSite","@id":"https:\/\/personalinjuryattorney-fresno.com\/es\/#website","url":"https:\/\/personalinjuryattorney-fresno.com\/es\/","name":"Grossman Law Offices","description":"Experienced Attorneys Representing Accident Victims Throughout California","potentialAction":[{"@type":"SearchAction","target":{"@type":"EntryPoint","urlTemplate":"https:\/\/personalinjuryattorney-fresno.com\/es\/?s={search_term_string}"},"query-input":{"@type":"PropertyValueSpecification","valueRequired":true,"valueName":"search_term_string"}}],"inLanguage":"es"}]}},"_links":{"self":[{"href":"https:\/\/personalinjuryattorney-fresno.com\/es\/wp-json\/wp\/v2\/pages\/2630","targetHints":{"allow":["GET"]}}],"collection":[{"href":"https:\/\/personalinjuryattorney-fresno.com\/es\/wp-json\/wp\/v2\/pages"}],"about":[{"href":"https:\/\/personalinjuryattorney-fresno.com\/es\/wp-json\/wp\/v2\/types\/page"}],"author":[{"embeddable":true,"href":"https:\/\/personalinjuryattorney-fresno.com\/es\/wp-json\/wp\/v2\/users\/5"}],"replies":[{"embeddable":true,"href":"https:\/\/personalinjuryattorney-fresno.com\/es\/wp-json\/wp\/v2\/comments?post=2630"}],"version-history":[{"count":0,"href":"https:\/\/personalinjuryattorney-fresno.com\/es\/wp-json\/wp\/v2\/pages\/2630\/revisions"}],"up":[{"embeddable":true,"href":"https:\/\/personalinjuryattorney-fresno.com\/es\/wp-json\/wp\/v2\/pages\/2111"}],"wp:attachment":[{"href":"https:\/\/personalinjuryattorney-fresno.com\/es\/wp-json\/wp\/v2\/media?parent=2630"}],"curies":[{"name":"wp","href":"https:\/\/api.w.org\/{rel}","templated":true}]}}