{"id":2629,"date":"2022-11-07T12:00:11","date_gmt":"2022-11-07T12:00:11","guid":{"rendered":"https:\/\/personalinjuryattorney-fresno.com\/?page_id=2629"},"modified":"2024-07-19T09:17:07","modified_gmt":"2024-07-19T09:17:07","slug":"abogado-de-lesiones-de-nacimiento-en-fresno","status":"publish","type":"page","link":"https:\/\/personalinjuryattorney-fresno.com\/es\/lesiones-personales\/tipos-de-lesiones\/abogado-de-lesiones-de-nacimiento-en-fresno\/","title":{"rendered":"ABOGADO DE LESIONES DE NACIMIENTO EN FRESNO"},"content":{"rendered":"\n<p>El nacimiento de un hijo deber\u00eda ser uno de los d\u00edas m\u00e1s emocionantes en la vida de una persona. Ya sea que te conviertas en padre por primera vez o que introduzcas a un nuevo hermano en la familia, hay muchas emociones que acompa\u00f1an el nacimiento de tu hijo. Por lo tanto, cuando ocurre una lesi\u00f3n, es traum\u00e1tico a muchos niveles. Podemos ayudarte a recuperar da\u00f1os para que puedas pagar los gastos m\u00e9dicos y el cuidado de tu hijo.<\/p>\n\n\n<div class=\"wp-block-image\">\n<figure class=\"aligncenter size-large\"><img loading=\"lazy\" decoding=\"async\" width=\"1110\" height=\"624\" src=\"https:\/\/personalinjuryattorney-fresno.com\/wp-content\/uploads\/2022\/11\/shutterstock_1537325582-1110x624.jpg\" alt=\"A Woman Giving Birth\" class=\"wp-image-1559\" srcset=\"https:\/\/personalinjuryattorney-fresno.com\/wp-content\/uploads\/2022\/11\/shutterstock_1537325582-1110x624.jpg 1110w, https:\/\/personalinjuryattorney-fresno.com\/wp-content\/uploads\/2022\/11\/shutterstock_1537325582-533x300.jpg 533w, https:\/\/personalinjuryattorney-fresno.com\/wp-content\/uploads\/2022\/11\/shutterstock_1537325582-768x432.jpg 768w, https:\/\/personalinjuryattorney-fresno.com\/wp-content\/uploads\/2022\/11\/shutterstock_1537325582-1536x864.jpg 1536w, https:\/\/personalinjuryattorney-fresno.com\/wp-content\/uploads\/2022\/11\/shutterstock_1537325582.jpg 1920w\" sizes=\"auto, (max-width: 1110px) 100vw, 1110px\" \/><\/figure><\/div>\n\n\n<h2 class=\"wp-block-heading\">\u00bfQU\u00c9 ES UNA LESI\u00d3N DE NACIMIENTO?<\/h2>\n\n\n\n<p>Las lesiones de nacimiento ocurren mientras el beb\u00e9 est\u00e1 naciendo, incluyendo el trabajo de parto y el cuidado postnatal. Algunos beb\u00e9s sufren lesiones debido a la presi\u00f3n f\u00edsica al pasar por el canal de parto. Desafortunadamente, no todas las lesiones de nacimiento pueden prevenirse, y incluso las madres que toman todas las precauciones adecuadas a\u00fan pueden enfrentar complicaciones importantes. Los profesionales m\u00e9dicos pueden reducir las posibilidades de sufrir una lesi\u00f3n de nacimiento al monitorear cuidadosamente la salud de la madre y del beb\u00e9, y proporcionar un cuidado postnatal adecuado. Cuando necesites un abogado de lesiones de nacimiento en Fresno, llama a Grossman Law Offices.<\/p>\n\n\n\n<h2 class=\"wp-block-heading\">\u00bfCU\u00c1LES SON LAS LESIONES DE NACIMIENTO M\u00c1S COMUNES?<\/h2>\n\n\n\n<p>Un abogado de lesiones de nacimiento puede ayudarte si tu hijo ha sufrido una de estas lesiones comunes de nacimiento.<\/p>\n\n\n\n<h3 class=\"wp-block-heading\">CAPUT SUCCEDANEUM<\/h3>\n\n\n\n<p>El caput succedaneum es una hinchaz\u00f3n alrededor del cr\u00e1neo del reci\u00e9n nacido causada por el uso de f\u00f3rceps durante el parto. Si la hinchaz\u00f3n no disminuye en unos d\u00edas, podr\u00eda provocar lesiones cerebrales permanentes.<\/p>\n\n\n\n<h3 class=\"wp-block-heading\">CEFALOHEMATOMA<\/h3>\n\n\n\n<p>Esta condici\u00f3n causa la acumulaci\u00f3n de sangre bajo el cuero cabelludo del reci\u00e9n nacido despu\u00e9s de que peque\u00f1os vasos sangu\u00edneos se hayan roto durante el parto. Los expertos m\u00e9dicos coinciden en que a menudo es el resultado de negligencia m\u00e9dica cuando un m\u00e9dico usa demasiada fuerza, como la t\u00e9cnica de extracci\u00f3n al vac\u00edo.<\/p>\n\n\n\n<h3 class=\"wp-block-heading\">PAR\u00c1LISIS CEREBRAL<\/h3>\n\n\n\n<p>Como la discapacidad motora m\u00e1s com\u00fan en la infancia, la prevalencia de la par\u00e1lisis cerebral se estima en 1 a casi 4 por cada 1,000 nacidos vivos o por cada 1,000 ni\u00f1os. Un estudio realizado en 2010 encontr\u00f3 que el 7.8% de los ni\u00f1os de 8 a\u00f1os con par\u00e1lisis cerebral caminaban usando un dispositivo de movilidad manual, y otro 33.3% ten\u00eda capacidad de caminar limitada o nula. Un abogado de lesiones de nacimiento en Fresno puede ayudarte a recolectar da\u00f1os por estas lesiones, incluyendo los costos m\u00e9dicos necesarios para tratar al ni\u00f1o durante toda su vida. Un estudio encontr\u00f3 que el costo m\u00e9dico de criar a un ni\u00f1o con par\u00e1lisis cerebral es 10 veces mayor que para los ni\u00f1os sin par\u00e1lisis cerebral u otra discapacidad intelectual.<\/p>\n\n\n\n<h3 class=\"wp-block-heading\">PAR\u00c1LISIS FACIAL<\/h3>\n\n\n\n<p>Cuando los nervios en la cara del beb\u00e9 se da\u00f1an durante el parto, puede resultar en la p\u00e9rdida de movimiento muscular voluntario, lo que complica la alimentaci\u00f3n y el desarrollo del lenguaje m\u00e1s adelante. A menudo es causado por los m\u00e9dicos que usan f\u00f3rceps durante el parto.<\/p>\n\n\n\n<h3 class=\"wp-block-heading\">FRACTURAS DE CLAV\u00cdCULA<\/h3>\n\n\n\n<p>Las fracturas de clav\u00edcula son una de las lesiones m\u00e1s comunes que sufren los reci\u00e9n nacidos durante el parto. Estas lesiones tardan de 7 a 10 d\u00edas en sanar, pero el beb\u00e9 necesita ser monitoreado todo el tiempo para posibles infecciones por complicaciones de los fragmentos \u00f3seos al sanar juntos. Una fractura de clav\u00edcula se diagnostica a trav\u00e9s de una radiograf\u00eda o imagen de ultrasonido para confirmar que est\u00e1 rota. Los beb\u00e9s con una clav\u00edcula rota est\u00e1n irritables o lloran y tienen poco movimiento del brazo afectado. El brazo puede incluso quedar colgando a su lado. Ll\u00e1manos hoy si tu hijo sufri\u00f3 una fractura de clav\u00edcula durante el nacimiento.<\/p>\n\n\n\n<h3 class=\"wp-block-heading\">PLEXO BRAQUIAL<\/h3>\n\n\n\n<p>Una complicaci\u00f3n com\u00fan asociada con una fractura de clav\u00edcula es una lesi\u00f3n en el plexo braquial, que es una red de nervios que comunica entre la m\u00e9dula espinal y el hombro, brazo y mano. Si el plexo braquial se da\u00f1a por un hueso fracturado en la clav\u00edcula, el reci\u00e9n nacido puede ser temporalmente incapaz de mover su brazo en el lado lesionado o posiblemente nunca recuperar su capacidad de mover el brazo.<\/p>\n\n\n\n<h3 class=\"wp-block-heading\">PRIVACI\u00d3N DE OX\u00cdGENO<\/h3>\n\n\n\n<p>La hipoxia, que es otro nombre para la privaci\u00f3n de ox\u00edgeno al nacer, interrumpe las operaciones adecuadas de las c\u00e9lulas en los \u00f3rganos y el cerebro. Cada segundo cuenta en los primeros minutos de vida, y cada momento que un beb\u00e9 no tiene ox\u00edgeno puede contribuir a problemas y deficiencias cognitivas, de desarrollo e intelectuales a medida que crecen, en comparaci\u00f3n con los beb\u00e9s que no sufrieron asfixia al nacer.<\/p>\n\n\n\n<h2 class=\"wp-block-heading\">\u00bfCU\u00c1NDO DEBER\u00cdA CONTACTAR A UN ABOGADO DE LESIONES DE NACIMIENTO?<\/h2>\n\n\n\n<p>El plazo de prescripci\u00f3n para reclamos de lesiones personales en California es de dos a\u00f1os, lo que significa que tienes dos a\u00f1os a partir de la fecha del nacimiento de tu hijo para presentar tu demanda. Los tribunales de Fresno son muy estrictos con este plazo, por lo que deber\u00edas hablar con un abogado de lesiones de nacimiento en Fresno de inmediato.<\/p>\n\n\n\n<p>Un abogado de lesiones de nacimiento en Fresno puede ayudarte a recuperar da\u00f1os econ\u00f3micos y no econ\u00f3micos de una demanda por lesiones personales. Los da\u00f1os econ\u00f3micos te compensan por las p\u00e9rdidas financieras relacionadas con la lesi\u00f3n de nacimiento. Sin embargo, lo que complica estos tipos de casos es que no hay manera de calcular un total exacto que la negligencia m\u00e9dica le costar\u00e1 a tu hijo a lo largo de su vida, especialmente si el ni\u00f1o a\u00fan es un beb\u00e9 o un ni\u00f1o peque\u00f1o.<\/p>\n\n\n\n<p>Sin embargo, un abogado experimentado puede trabajar con expertos relevantes que pueden llegar a una cantidad de acuerdo justa que incluya una estimaci\u00f3n de cu\u00e1nto cuidado m\u00e9dico ser\u00e1 necesario. Durante la vida del ni\u00f1o, sus necesidades terap\u00e9uticas, sus gastos de educaci\u00f3n especial y qu\u00e9 tipo de trabajo el ni\u00f1o puede obtener cuando se convierta en adulto. Tambi\u00e9n incluye el costo de cualquier dispositivo m\u00e9dico de asistencia que el ni\u00f1o necesitar\u00e1, como ayudas de movilidad.<\/p>\n\n\n\n<p>Los da\u00f1os no econ\u00f3micos compensan al ni\u00f1o por el sufrimiento que soportar\u00e1 por el resto de su vida, as\u00ed como el trauma psicol\u00f3gico que viene con una condici\u00f3n debilitante. Puedes recibir da\u00f1os econ\u00f3micos si la calidad de vida de tu hijo ha disminuido debido a la lesi\u00f3n de nacimiento.<\/p>\n\n\n<div class=\"wp-block-image\">\n<figure class=\"aligncenter size-large\"><img loading=\"lazy\" decoding=\"async\" width=\"1110\" height=\"741\" src=\"https:\/\/personalinjuryattorney-fresno.com\/wp-content\/uploads\/2022\/11\/spine-fracture-1110x741.jpeg\" alt=\"Doctor Checking Birth Injury\" class=\"wp-image-1560\" srcset=\"https:\/\/personalinjuryattorney-fresno.com\/wp-content\/uploads\/2022\/11\/spine-fracture-1110x741.jpeg 1110w, https:\/\/personalinjuryattorney-fresno.com\/wp-content\/uploads\/2022\/11\/spine-fracture-450x300.jpeg 450w, https:\/\/personalinjuryattorney-fresno.com\/wp-content\/uploads\/2022\/11\/spine-fracture-768x512.jpeg 768w, https:\/\/personalinjuryattorney-fresno.com\/wp-content\/uploads\/2022\/11\/spine-fracture-1536x1025.jpeg 1536w, https:\/\/personalinjuryattorney-fresno.com\/wp-content\/uploads\/2022\/11\/spine-fracture.jpeg 1920w\" sizes=\"auto, (max-width: 1110px) 100vw, 1110px\" \/><\/figure><\/div>\n\n\n<h2 class=\"wp-block-heading\">LLAMA AHORA PARA HABLAR CON UN ABOGADO DE LESIONES DE NACIMIENTO EN FRESNO<\/h2>\n\n\n\n<p>Llama a Grossman Law Offices hoy al 866-982-5094 para hablar con un abogado de lesiones de nacimiento en Fresno. Comenzamos ofreci\u00e9ndote una consulta gratuita donde te asesoramos sobre tus derechos seg\u00fan la ley de lesiones personales de California y cu\u00e1les son los pr\u00f3ximos pasos que debes seguir. Proporcionamos asesor\u00eda legal compasiva y representaci\u00f3n agresiva.<\/p>\n","protected":false},"excerpt":{"rendered":"<p>El nacimiento de un hijo deber\u00eda ser uno de los d\u00edas m\u00e1s emocionantes en la vida de una persona. Ya&#8230;<\/p>\n","protected":false},"author":5,"featured_media":0,"parent":2111,"menu_order":0,"comment_status":"closed","ping_status":"closed","template":"template-practice-area.php","meta":{"footnotes":""},"class_list":["post-2629","page","type-page","status-publish","hentry"],"yoast_head":"<!-- This site is optimized with the Yoast SEO plugin v25.0 - https:\/\/yoast.com\/wordpress\/plugins\/seo\/ -->\n<title>ABOGADO DE LESIONES DE NACIMIENTO EN FRESNO | Grossman Law Offices<\/title>\n<meta name=\"robots\" content=\"index, follow, max-snippet:-1, max-image-preview:large, max-video-preview:-1\" \/>\n<link rel=\"canonical\" href=\"https:\/\/personalinjuryattorney-fresno.com\/es\/lesiones-personales\/tipos-de-lesiones\/abogado-de-lesiones-de-nacimiento-en-fresno\/\" \/>\n<meta property=\"og:locale\" content=\"es_ES\" \/>\n<meta property=\"og:type\" content=\"article\" \/>\n<meta property=\"og:title\" content=\"ABOGADO DE LESIONES DE NACIMIENTO EN FRESNO | Grossman Law Offices\" \/>\n<meta property=\"og:description\" content=\"El nacimiento de un hijo deber\u00eda ser uno de los d\u00edas m\u00e1s emocionantes en la vida de una persona. Ya...\" \/>\n<meta property=\"og:url\" content=\"https:\/\/personalinjuryattorney-fresno.com\/es\/lesiones-personales\/tipos-de-lesiones\/abogado-de-lesiones-de-nacimiento-en-fresno\/\" \/>\n<meta property=\"og:site_name\" content=\"Grossman Law Offices\" \/>\n<meta property=\"article:modified_time\" content=\"2024-07-19T09:17:07+00:00\" \/>\n<meta property=\"og:image\" content=\"https:\/\/personalinjuryattorney-fresno.com\/wp-content\/uploads\/2022\/11\/shutterstock_1537325582-1110x624.jpg\" \/>\n<meta name=\"twitter:card\" content=\"summary_large_image\" \/>\n<meta name=\"twitter:label1\" content=\"Tiempo de lectura\" \/>\n\t<meta name=\"twitter:data1\" content=\"6 minutos\" \/>\n<script type=\"application\/ld+json\" class=\"yoast-schema-graph\">{\"@context\":\"https:\/\/schema.org\",\"@graph\":[{\"@type\":\"WebPage\",\"@id\":\"https:\/\/personalinjuryattorney-fresno.com\/es\/lesiones-personales\/tipos-de-lesiones\/abogado-de-lesiones-de-nacimiento-en-fresno\/\",\"url\":\"https:\/\/personalinjuryattorney-fresno.com\/es\/lesiones-personales\/tipos-de-lesiones\/abogado-de-lesiones-de-nacimiento-en-fresno\/\",\"name\":\"ABOGADO DE LESIONES DE NACIMIENTO EN FRESNO | Grossman Law Offices\",\"isPartOf\":{\"@id\":\"https:\/\/personalinjuryattorney-fresno.com\/es\/#website\"},\"primaryImageOfPage\":{\"@id\":\"https:\/\/personalinjuryattorney-fresno.com\/es\/lesiones-personales\/tipos-de-lesiones\/abogado-de-lesiones-de-nacimiento-en-fresno\/#primaryimage\"},\"image\":{\"@id\":\"https:\/\/personalinjuryattorney-fresno.com\/es\/lesiones-personales\/tipos-de-lesiones\/abogado-de-lesiones-de-nacimiento-en-fresno\/#primaryimage\"},\"thumbnailUrl\":\"https:\/\/personalinjuryattorney-fresno.com\/wp-content\/uploads\/2022\/11\/shutterstock_1537325582-1110x624.jpg\",\"datePublished\":\"2022-11-07T12:00:11+00:00\",\"dateModified\":\"2024-07-19T09:17:07+00:00\",\"breadcrumb\":{\"@id\":\"https:\/\/personalinjuryattorney-fresno.com\/es\/lesiones-personales\/tipos-de-lesiones\/abogado-de-lesiones-de-nacimiento-en-fresno\/#breadcrumb\"},\"inLanguage\":\"es\",\"potentialAction\":[{\"@type\":\"ReadAction\",\"target\":[\"https:\/\/personalinjuryattorney-fresno.com\/es\/lesiones-personales\/tipos-de-lesiones\/abogado-de-lesiones-de-nacimiento-en-fresno\/\"]}]},{\"@type\":\"ImageObject\",\"inLanguage\":\"es\",\"@id\":\"https:\/\/personalinjuryattorney-fresno.com\/es\/lesiones-personales\/tipos-de-lesiones\/abogado-de-lesiones-de-nacimiento-en-fresno\/#primaryimage\",\"url\":\"https:\/\/personalinjuryattorney-fresno.com\/wp-content\/uploads\/2022\/11\/shutterstock_1537325582-1110x624.jpg\",\"contentUrl\":\"https:\/\/personalinjuryattorney-fresno.com\/wp-content\/uploads\/2022\/11\/shutterstock_1537325582-1110x624.jpg\"},{\"@type\":\"BreadcrumbList\",\"@id\":\"https:\/\/personalinjuryattorney-fresno.com\/es\/lesiones-personales\/tipos-de-lesiones\/abogado-de-lesiones-de-nacimiento-en-fresno\/#breadcrumb\",\"itemListElement\":[{\"@type\":\"ListItem\",\"position\":1,\"name\":\"Inicio\",\"item\":\"https:\/\/personalinjuryattorney-fresno.com\/es\/\"},{\"@type\":\"ListItem\",\"position\":2,\"name\":\"Lesiones Persona\",\"item\":\"https:\/\/personalinjuryattorney-fresno.com\/es\/lesiones-personales\/\"},{\"@type\":\"ListItem\",\"position\":3,\"name\":\"Tipos de Lesiones\",\"item\":\"https:\/\/personalinjuryattorney-fresno.com\/es\/lesiones-personales\/tipos-de-lesiones\/\"},{\"@type\":\"ListItem\",\"position\":4,\"name\":\"ABOGADO DE LESIONES DE NACIMIENTO EN FRESNO\"}]},{\"@type\":\"WebSite\",\"@id\":\"https:\/\/personalinjuryattorney-fresno.com\/es\/#website\",\"url\":\"https:\/\/personalinjuryattorney-fresno.com\/es\/\",\"name\":\"Grossman Law Offices\",\"description\":\"Experienced Attorneys Representing Accident Victims Throughout California\",\"potentialAction\":[{\"@type\":\"SearchAction\",\"target\":{\"@type\":\"EntryPoint\",\"urlTemplate\":\"https:\/\/personalinjuryattorney-fresno.com\/es\/?s={search_term_string}\"},\"query-input\":{\"@type\":\"PropertyValueSpecification\",\"valueRequired\":true,\"valueName\":\"search_term_string\"}}],\"inLanguage\":\"es\"}]}<\/script>\n<!-- \/ Yoast SEO plugin. -->","yoast_head_json":{"title":"ABOGADO DE LESIONES DE NACIMIENTO EN FRESNO | Grossman Law Offices","robots":{"index":"index","follow":"follow","max-snippet":"max-snippet:-1","max-image-preview":"max-image-preview:large","max-video-preview":"max-video-preview:-1"},"canonical":"https:\/\/personalinjuryattorney-fresno.com\/es\/lesiones-personales\/tipos-de-lesiones\/abogado-de-lesiones-de-nacimiento-en-fresno\/","og_locale":"es_ES","og_type":"article","og_title":"ABOGADO DE LESIONES DE NACIMIENTO EN FRESNO | Grossman Law Offices","og_description":"El nacimiento de un hijo deber\u00eda ser uno de los d\u00edas m\u00e1s emocionantes en la vida de una persona. Ya...","og_url":"https:\/\/personalinjuryattorney-fresno.com\/es\/lesiones-personales\/tipos-de-lesiones\/abogado-de-lesiones-de-nacimiento-en-fresno\/","og_site_name":"Grossman Law Offices","article_modified_time":"2024-07-19T09:17:07+00:00","og_image":[{"url":"https:\/\/personalinjuryattorney-fresno.com\/wp-content\/uploads\/2022\/11\/shutterstock_1537325582-1110x624.jpg","type":"","width":"","height":""}],"twitter_card":"summary_large_image","twitter_misc":{"Tiempo de lectura":"6 minutos"},"schema":{"@context":"https:\/\/schema.org","@graph":[{"@type":"WebPage","@id":"https:\/\/personalinjuryattorney-fresno.com\/es\/lesiones-personales\/tipos-de-lesiones\/abogado-de-lesiones-de-nacimiento-en-fresno\/","url":"https:\/\/personalinjuryattorney-fresno.com\/es\/lesiones-personales\/tipos-de-lesiones\/abogado-de-lesiones-de-nacimiento-en-fresno\/","name":"ABOGADO DE LESIONES DE NACIMIENTO EN FRESNO | Grossman Law Offices","isPartOf":{"@id":"https:\/\/personalinjuryattorney-fresno.com\/es\/#website"},"primaryImageOfPage":{"@id":"https:\/\/personalinjuryattorney-fresno.com\/es\/lesiones-personales\/tipos-de-lesiones\/abogado-de-lesiones-de-nacimiento-en-fresno\/#primaryimage"},"image":{"@id":"https:\/\/personalinjuryattorney-fresno.com\/es\/lesiones-personales\/tipos-de-lesiones\/abogado-de-lesiones-de-nacimiento-en-fresno\/#primaryimage"},"thumbnailUrl":"https:\/\/personalinjuryattorney-fresno.com\/wp-content\/uploads\/2022\/11\/shutterstock_1537325582-1110x624.jpg","datePublished":"2022-11-07T12:00:11+00:00","dateModified":"2024-07-19T09:17:07+00:00","breadcrumb":{"@id":"https:\/\/personalinjuryattorney-fresno.com\/es\/lesiones-personales\/tipos-de-lesiones\/abogado-de-lesiones-de-nacimiento-en-fresno\/#breadcrumb"},"inLanguage":"es","potentialAction":[{"@type":"ReadAction","target":["https:\/\/personalinjuryattorney-fresno.com\/es\/lesiones-personales\/tipos-de-lesiones\/abogado-de-lesiones-de-nacimiento-en-fresno\/"]}]},{"@type":"ImageObject","inLanguage":"es","@id":"https:\/\/personalinjuryattorney-fresno.com\/es\/lesiones-personales\/tipos-de-lesiones\/abogado-de-lesiones-de-nacimiento-en-fresno\/#primaryimage","url":"https:\/\/personalinjuryattorney-fresno.com\/wp-content\/uploads\/2022\/11\/shutterstock_1537325582-1110x624.jpg","contentUrl":"https:\/\/personalinjuryattorney-fresno.com\/wp-content\/uploads\/2022\/11\/shutterstock_1537325582-1110x624.jpg"},{"@type":"BreadcrumbList","@id":"https:\/\/personalinjuryattorney-fresno.com\/es\/lesiones-personales\/tipos-de-lesiones\/abogado-de-lesiones-de-nacimiento-en-fresno\/#breadcrumb","itemListElement":[{"@type":"ListItem","position":1,"name":"Inicio","item":"https:\/\/personalinjuryattorney-fresno.com\/es\/"},{"@type":"ListItem","position":2,"name":"Lesiones Persona","item":"https:\/\/personalinjuryattorney-fresno.com\/es\/lesiones-personales\/"},{"@type":"ListItem","position":3,"name":"Tipos de Lesiones","item":"https:\/\/personalinjuryattorney-fresno.com\/es\/lesiones-personales\/tipos-de-lesiones\/"},{"@type":"ListItem","position":4,"name":"ABOGADO DE LESIONES DE NACIMIENTO EN FRESNO"}]},{"@type":"WebSite","@id":"https:\/\/personalinjuryattorney-fresno.com\/es\/#website","url":"https:\/\/personalinjuryattorney-fresno.com\/es\/","name":"Grossman Law Offices","description":"Experienced Attorneys Representing Accident Victims Throughout California","potentialAction":[{"@type":"SearchAction","target":{"@type":"EntryPoint","urlTemplate":"https:\/\/personalinjuryattorney-fresno.com\/es\/?s={search_term_string}"},"query-input":{"@type":"PropertyValueSpecification","valueRequired":true,"valueName":"search_term_string"}}],"inLanguage":"es"}]}},"_links":{"self":[{"href":"https:\/\/personalinjuryattorney-fresno.com\/es\/wp-json\/wp\/v2\/pages\/2629","targetHints":{"allow":["GET"]}}],"collection":[{"href":"https:\/\/personalinjuryattorney-fresno.com\/es\/wp-json\/wp\/v2\/pages"}],"about":[{"href":"https:\/\/personalinjuryattorney-fresno.com\/es\/wp-json\/wp\/v2\/types\/page"}],"author":[{"embeddable":true,"href":"https:\/\/personalinjuryattorney-fresno.com\/es\/wp-json\/wp\/v2\/users\/5"}],"replies":[{"embeddable":true,"href":"https:\/\/personalinjuryattorney-fresno.com\/es\/wp-json\/wp\/v2\/comments?post=2629"}],"version-history":[{"count":0,"href":"https:\/\/personalinjuryattorney-fresno.com\/es\/wp-json\/wp\/v2\/pages\/2629\/revisions"}],"up":[{"embeddable":true,"href":"https:\/\/personalinjuryattorney-fresno.com\/es\/wp-json\/wp\/v2\/pages\/2111"}],"wp:attachment":[{"href":"https:\/\/personalinjuryattorney-fresno.com\/es\/wp-json\/wp\/v2\/media?parent=2629"}],"curies":[{"name":"wp","href":"https:\/\/api.w.org\/{rel}","templated":true}]}}