{"id":2628,"date":"2019-04-17T10:10:26","date_gmt":"2019-04-17T10:10:26","guid":{"rendered":"https:\/\/personalinjuryattorney-fresno.com\/?page_id=2628"},"modified":"2024-07-19T09:12:19","modified_gmt":"2024-07-19T09:12:19","slug":"abogado-de-lesiones-de-espalda-en-fresno","status":"publish","type":"page","link":"https:\/\/personalinjuryattorney-fresno.com\/es\/lesiones-personales\/tipos-de-lesiones\/abogado-de-lesiones-de-espalda-en-fresno\/","title":{"rendered":"ABOGADO DE LESIONES DE ESPALDA EN FRESNO"},"content":{"rendered":"\n<p>Todos los d\u00edas, aproximadamente 7,000 personas resultan heridas en accidentes automovil\u00edsticos u otros accidentes (por ejemplo, resbalones y ca\u00eddas, accidentes laborales, ca\u00eddas de escaleras). Las lesiones por accidentes pueden variar desde rasgu\u00f1os y moretones menores hasta lesiones mucho m\u00e1s graves. Cuando est\u00e1s involucrado en un accidente, las lesiones de espalda y m\u00e9dula espinal pueden ser algunas de las m\u00e1s graves.<\/p>\n\n\n\n<p>En un accidente automovil\u00edstico, la aceleraci\u00f3n y desaceleraci\u00f3n pueden hacer que el cuerpo se mueva r\u00e1pidamente y se estire demasiado. La fuerza r\u00e1pida ejercida durante el estiramiento no natural hace que los discos a lo largo de la columna se tuerzan o salgan de alineaci\u00f3n. Esto tambi\u00e9n podr\u00eda causar fracturas en la columna vertebral y lesiones en la m\u00e9dula espinal. Si has sufrido una lesi\u00f3n de espalda como resultado de la negligencia de alguien, contacta a un abogado de lesiones personales en Fresno para discutir tus opciones de reclamo por lesiones personales.<\/p>\n\n\n\n<figure class=\"wp-block-image size-large\"><img loading=\"lazy\" decoding=\"async\" width=\"1110\" height=\"740\" src=\"https:\/\/personalinjuryattorney-fresno.com\/wp-content\/uploads\/2022\/06\/back-injury-1110x740.jpeg\" alt=\"Back Injury\" class=\"wp-image-1241\" srcset=\"https:\/\/personalinjuryattorney-fresno.com\/wp-content\/uploads\/2022\/06\/back-injury-1110x740.jpeg 1110w, https:\/\/personalinjuryattorney-fresno.com\/wp-content\/uploads\/2022\/06\/back-injury-450x300.jpeg 450w, https:\/\/personalinjuryattorney-fresno.com\/wp-content\/uploads\/2022\/06\/back-injury-768x512.jpeg 768w, https:\/\/personalinjuryattorney-fresno.com\/wp-content\/uploads\/2022\/06\/back-injury-1536x1024.jpeg 1536w, https:\/\/personalinjuryattorney-fresno.com\/wp-content\/uploads\/2022\/06\/back-injury.jpeg 1920w\" sizes=\"auto, (max-width: 1110px) 100vw, 1110px\" \/><\/figure>\n\n\n\n<h2 class=\"wp-block-heading\">ACCIDENTES COMUNES QUE CAUSAN LESIONES DE ESPALDA<\/h2>\n\n\n\n<ul class=\"wp-block-list\">\n<li>Accidentes automovil\u00edsticos<\/li>\n\n\n\n<li>Accidentes de motocicleta<\/li>\n\n\n\n<li>Resbalones y ca\u00eddas<\/li>\n\n\n\n<li>Accidentes ocupacionales o laborales<\/li>\n\n\n\n<li>Asalto<\/li>\n\n\n\n<li>Lesiones deportivas<\/li>\n<\/ul>\n\n\n\n<h2 class=\"wp-block-heading\">TIPOS DE LESIONES DE ESPALDA<\/h2>\n\n\n\n<p>Torceduras y distensiones: Una torcedura o distensi\u00f3n de espalda ocurre generalmente cuando los m\u00fasculos alrededor de la columna se estiran demasiado y se producen peque\u00f1as roturas. Las roturas de los m\u00fasculos y ligamentos com\u00fanmente causan una cantidad microsc\u00f3pica de sangrado en el m\u00fasculo, lo que a su vez resulta en hinchaz\u00f3n y dolorosos espasmos musculares. Los espasmos musculares van desde leves contracciones hasta un dolor severo. El dolor y los espasmos son la forma en que el cuerpo te informa que un m\u00fasculo ha sido lesionado y requiere protecci\u00f3n contra un uso adicional.<\/p>\n\n\n\n<p>Discos herniados: Un disco herniado no es doloroso, pero el material que se escapa del disco pellizca o irrita un nervio cercano. Esto causa dolor radicular, que se irradia a otras partes del cuerpo. Un ejemplo de dolor irradiado es el dolor desde el cuello hasta el brazo que se irradia hacia la espalda y hacia abajo por la pierna.<\/p>\n\n\n\n<p>V\u00e9rtebras fracturadas: Las fracturas por compresi\u00f3n se consideran simples en comparaci\u00f3n con las fracturas por estallido. En una fractura por compresi\u00f3n, el hueso se colapsa sobre s\u00ed mismo y se aplasta. En una fractura por estallido, los pedazos del hueso fracturado explotan en los tejidos alrededor de la columna (incluyendo los nervios de la m\u00e9dula espinal). Una de las peores lesiones es la fractura-dislocaci\u00f3n. En una fractura-dislocaci\u00f3n, un pedazo suelto de hueso queda atrapado entre los extremos de los huesos dislocados. Esta lesi\u00f3n generalmente requiere reparaci\u00f3n quir\u00fargica.<\/p>\n\n\n\n<h2 class=\"wp-block-heading\">S\u00cdNTOMAS DE LESIONES DE ESPALDA Y M\u00c9DULA ESPINAL<\/h2>\n\n\n\n<p>Las torceduras de espalda y los espasmos musculares son lesiones comunes de espalda despu\u00e9s de un accidente. Este tipo de lesi\u00f3n generalmente se maneja con medicamentos antiinflamatorios, reposo y la aplicaci\u00f3n de hielo en el \u00e1rea lesionada. Si tus s\u00edntomas no mejoran, debes buscar atenci\u00f3n m\u00e9dica. Algunos s\u00edntomas de lesiones de espalda y m\u00e9dula espinal incluyen:<\/p>\n\n\n\n<ul class=\"wp-block-list\">\n<li>Debilidad en los m\u00fasculos de las piernas<\/li>\n\n\n\n<li>Inestabilidad al caminar y una disminuci\u00f3n en la distancia que puedes caminar<\/li>\n\n\n\n<li>Dolor y entumecimiento que viajan por tus piernas, especialmente si se agravan al estornudar, toser o sentarse<\/li>\n\n\n\n<li>Dolor que te despierta por la noche y empeora cuando est\u00e1s acostado<\/li>\n\n\n\n<li>Entumecimiento en tus nalgas, alrededor del ano o \u00e1rea genital<\/li>\n\n\n\n<li>Dificultad para comenzar tu flujo urinario y no poder sentir tu flujo urinario Si has experimentado alguno de los s\u00edntomas mencionados anteriormente, busca atenci\u00f3n m\u00e9dica inmediata y obt\u00e9n un diagn\u00f3stico adecuado.<\/li>\n<\/ul>\n\n\n\n<h2 class=\"wp-block-heading\">\u00bfC\u00d3MO PUEDE AYUDARME UN ABOGADO A OBTENER COMPENSACI\u00d3N?<\/h2>\n\n\n\n<p>Si has sufrido una lesi\u00f3n de espalda o m\u00e9dula espinal como resultado de la negligencia de otra persona, es posible que tengas derecho a compensaci\u00f3n. Llama a nuestra oficina hoy mismo y programa una evaluaci\u00f3n sin cargo de tu accidente y lesiones.<\/p>\n","protected":false},"excerpt":{"rendered":"<p>Todos los d\u00edas, aproximadamente 7,000 personas resultan heridas en accidentes automovil\u00edsticos u otros accidentes (por ejemplo, resbalones y ca\u00eddas, accidentes&#8230;<\/p>\n","protected":false},"author":5,"featured_media":0,"parent":2111,"menu_order":0,"comment_status":"closed","ping_status":"closed","template":"template-practice-area.php","meta":{"footnotes":""},"class_list":["post-2628","page","type-page","status-publish","hentry"],"yoast_head":"<!-- This site is optimized with the Yoast SEO plugin v25.0 - https:\/\/yoast.com\/wordpress\/plugins\/seo\/ -->\n<title>ABOGADO DE LESIONES DE ESPALDA EN FRESNO | Grossman Law Offices<\/title>\n<meta name=\"robots\" content=\"index, follow, max-snippet:-1, max-image-preview:large, max-video-preview:-1\" \/>\n<link rel=\"canonical\" href=\"https:\/\/personalinjuryattorney-fresno.com\/es\/lesiones-personales\/tipos-de-lesiones\/abogado-de-lesiones-de-espalda-en-fresno\/\" \/>\n<meta property=\"og:locale\" content=\"es_ES\" \/>\n<meta property=\"og:type\" content=\"article\" \/>\n<meta property=\"og:title\" content=\"ABOGADO DE LESIONES DE ESPALDA EN FRESNO | Grossman Law Offices\" \/>\n<meta property=\"og:description\" content=\"Todos los d\u00edas, aproximadamente 7,000 personas resultan heridas en accidentes automovil\u00edsticos u otros accidentes (por ejemplo, resbalones y ca\u00eddas, accidentes...\" \/>\n<meta property=\"og:url\" content=\"https:\/\/personalinjuryattorney-fresno.com\/es\/lesiones-personales\/tipos-de-lesiones\/abogado-de-lesiones-de-espalda-en-fresno\/\" \/>\n<meta property=\"og:site_name\" content=\"Grossman Law Offices\" \/>\n<meta property=\"article:modified_time\" content=\"2024-07-19T09:12:19+00:00\" \/>\n<meta property=\"og:image\" content=\"https:\/\/personalinjuryattorney-fresno.com\/wp-content\/uploads\/2022\/06\/back-injury-1110x740.jpeg\" \/>\n<meta name=\"twitter:card\" content=\"summary_large_image\" \/>\n<meta name=\"twitter:label1\" content=\"Tiempo de lectura\" \/>\n\t<meta name=\"twitter:data1\" content=\"3 minutos\" \/>\n<script type=\"application\/ld+json\" class=\"yoast-schema-graph\">{\"@context\":\"https:\/\/schema.org\",\"@graph\":[{\"@type\":\"WebPage\",\"@id\":\"https:\/\/personalinjuryattorney-fresno.com\/es\/lesiones-personales\/tipos-de-lesiones\/abogado-de-lesiones-de-espalda-en-fresno\/\",\"url\":\"https:\/\/personalinjuryattorney-fresno.com\/es\/lesiones-personales\/tipos-de-lesiones\/abogado-de-lesiones-de-espalda-en-fresno\/\",\"name\":\"ABOGADO DE LESIONES DE ESPALDA EN FRESNO | Grossman Law Offices\",\"isPartOf\":{\"@id\":\"https:\/\/personalinjuryattorney-fresno.com\/es\/#website\"},\"primaryImageOfPage\":{\"@id\":\"https:\/\/personalinjuryattorney-fresno.com\/es\/lesiones-personales\/tipos-de-lesiones\/abogado-de-lesiones-de-espalda-en-fresno\/#primaryimage\"},\"image\":{\"@id\":\"https:\/\/personalinjuryattorney-fresno.com\/es\/lesiones-personales\/tipos-de-lesiones\/abogado-de-lesiones-de-espalda-en-fresno\/#primaryimage\"},\"thumbnailUrl\":\"https:\/\/personalinjuryattorney-fresno.com\/wp-content\/uploads\/2022\/06\/back-injury-1110x740.jpeg\",\"datePublished\":\"2019-04-17T10:10:26+00:00\",\"dateModified\":\"2024-07-19T09:12:19+00:00\",\"breadcrumb\":{\"@id\":\"https:\/\/personalinjuryattorney-fresno.com\/es\/lesiones-personales\/tipos-de-lesiones\/abogado-de-lesiones-de-espalda-en-fresno\/#breadcrumb\"},\"inLanguage\":\"es\",\"potentialAction\":[{\"@type\":\"ReadAction\",\"target\":[\"https:\/\/personalinjuryattorney-fresno.com\/es\/lesiones-personales\/tipos-de-lesiones\/abogado-de-lesiones-de-espalda-en-fresno\/\"]}]},{\"@type\":\"ImageObject\",\"inLanguage\":\"es\",\"@id\":\"https:\/\/personalinjuryattorney-fresno.com\/es\/lesiones-personales\/tipos-de-lesiones\/abogado-de-lesiones-de-espalda-en-fresno\/#primaryimage\",\"url\":\"https:\/\/personalinjuryattorney-fresno.com\/wp-content\/uploads\/2022\/06\/back-injury-1110x740.jpeg\",\"contentUrl\":\"https:\/\/personalinjuryattorney-fresno.com\/wp-content\/uploads\/2022\/06\/back-injury-1110x740.jpeg\"},{\"@type\":\"BreadcrumbList\",\"@id\":\"https:\/\/personalinjuryattorney-fresno.com\/es\/lesiones-personales\/tipos-de-lesiones\/abogado-de-lesiones-de-espalda-en-fresno\/#breadcrumb\",\"itemListElement\":[{\"@type\":\"ListItem\",\"position\":1,\"name\":\"Inicio\",\"item\":\"https:\/\/personalinjuryattorney-fresno.com\/es\/\"},{\"@type\":\"ListItem\",\"position\":2,\"name\":\"Lesiones Persona\",\"item\":\"https:\/\/personalinjuryattorney-fresno.com\/es\/lesiones-personales\/\"},{\"@type\":\"ListItem\",\"position\":3,\"name\":\"Tipos de Lesiones\",\"item\":\"https:\/\/personalinjuryattorney-fresno.com\/es\/lesiones-personales\/tipos-de-lesiones\/\"},{\"@type\":\"ListItem\",\"position\":4,\"name\":\"ABOGADO DE LESIONES DE ESPALDA EN FRESNO\"}]},{\"@type\":\"WebSite\",\"@id\":\"https:\/\/personalinjuryattorney-fresno.com\/es\/#website\",\"url\":\"https:\/\/personalinjuryattorney-fresno.com\/es\/\",\"name\":\"Grossman Law Offices\",\"description\":\"Experienced Attorneys Representing Accident Victims Throughout California\",\"potentialAction\":[{\"@type\":\"SearchAction\",\"target\":{\"@type\":\"EntryPoint\",\"urlTemplate\":\"https:\/\/personalinjuryattorney-fresno.com\/es\/?s={search_term_string}\"},\"query-input\":{\"@type\":\"PropertyValueSpecification\",\"valueRequired\":true,\"valueName\":\"search_term_string\"}}],\"inLanguage\":\"es\"}]}<\/script>\n<!-- \/ Yoast SEO plugin. -->","yoast_head_json":{"title":"ABOGADO DE LESIONES DE ESPALDA EN FRESNO | Grossman Law Offices","robots":{"index":"index","follow":"follow","max-snippet":"max-snippet:-1","max-image-preview":"max-image-preview:large","max-video-preview":"max-video-preview:-1"},"canonical":"https:\/\/personalinjuryattorney-fresno.com\/es\/lesiones-personales\/tipos-de-lesiones\/abogado-de-lesiones-de-espalda-en-fresno\/","og_locale":"es_ES","og_type":"article","og_title":"ABOGADO DE LESIONES DE ESPALDA EN FRESNO | Grossman Law Offices","og_description":"Todos los d\u00edas, aproximadamente 7,000 personas resultan heridas en accidentes automovil\u00edsticos u otros accidentes (por ejemplo, resbalones y ca\u00eddas, accidentes...","og_url":"https:\/\/personalinjuryattorney-fresno.com\/es\/lesiones-personales\/tipos-de-lesiones\/abogado-de-lesiones-de-espalda-en-fresno\/","og_site_name":"Grossman Law Offices","article_modified_time":"2024-07-19T09:12:19+00:00","og_image":[{"url":"https:\/\/personalinjuryattorney-fresno.com\/wp-content\/uploads\/2022\/06\/back-injury-1110x740.jpeg","type":"","width":"","height":""}],"twitter_card":"summary_large_image","twitter_misc":{"Tiempo de lectura":"3 minutos"},"schema":{"@context":"https:\/\/schema.org","@graph":[{"@type":"WebPage","@id":"https:\/\/personalinjuryattorney-fresno.com\/es\/lesiones-personales\/tipos-de-lesiones\/abogado-de-lesiones-de-espalda-en-fresno\/","url":"https:\/\/personalinjuryattorney-fresno.com\/es\/lesiones-personales\/tipos-de-lesiones\/abogado-de-lesiones-de-espalda-en-fresno\/","name":"ABOGADO DE LESIONES DE ESPALDA EN FRESNO | Grossman Law Offices","isPartOf":{"@id":"https:\/\/personalinjuryattorney-fresno.com\/es\/#website"},"primaryImageOfPage":{"@id":"https:\/\/personalinjuryattorney-fresno.com\/es\/lesiones-personales\/tipos-de-lesiones\/abogado-de-lesiones-de-espalda-en-fresno\/#primaryimage"},"image":{"@id":"https:\/\/personalinjuryattorney-fresno.com\/es\/lesiones-personales\/tipos-de-lesiones\/abogado-de-lesiones-de-espalda-en-fresno\/#primaryimage"},"thumbnailUrl":"https:\/\/personalinjuryattorney-fresno.com\/wp-content\/uploads\/2022\/06\/back-injury-1110x740.jpeg","datePublished":"2019-04-17T10:10:26+00:00","dateModified":"2024-07-19T09:12:19+00:00","breadcrumb":{"@id":"https:\/\/personalinjuryattorney-fresno.com\/es\/lesiones-personales\/tipos-de-lesiones\/abogado-de-lesiones-de-espalda-en-fresno\/#breadcrumb"},"inLanguage":"es","potentialAction":[{"@type":"ReadAction","target":["https:\/\/personalinjuryattorney-fresno.com\/es\/lesiones-personales\/tipos-de-lesiones\/abogado-de-lesiones-de-espalda-en-fresno\/"]}]},{"@type":"ImageObject","inLanguage":"es","@id":"https:\/\/personalinjuryattorney-fresno.com\/es\/lesiones-personales\/tipos-de-lesiones\/abogado-de-lesiones-de-espalda-en-fresno\/#primaryimage","url":"https:\/\/personalinjuryattorney-fresno.com\/wp-content\/uploads\/2022\/06\/back-injury-1110x740.jpeg","contentUrl":"https:\/\/personalinjuryattorney-fresno.com\/wp-content\/uploads\/2022\/06\/back-injury-1110x740.jpeg"},{"@type":"BreadcrumbList","@id":"https:\/\/personalinjuryattorney-fresno.com\/es\/lesiones-personales\/tipos-de-lesiones\/abogado-de-lesiones-de-espalda-en-fresno\/#breadcrumb","itemListElement":[{"@type":"ListItem","position":1,"name":"Inicio","item":"https:\/\/personalinjuryattorney-fresno.com\/es\/"},{"@type":"ListItem","position":2,"name":"Lesiones Persona","item":"https:\/\/personalinjuryattorney-fresno.com\/es\/lesiones-personales\/"},{"@type":"ListItem","position":3,"name":"Tipos de Lesiones","item":"https:\/\/personalinjuryattorney-fresno.com\/es\/lesiones-personales\/tipos-de-lesiones\/"},{"@type":"ListItem","position":4,"name":"ABOGADO DE LESIONES DE ESPALDA EN FRESNO"}]},{"@type":"WebSite","@id":"https:\/\/personalinjuryattorney-fresno.com\/es\/#website","url":"https:\/\/personalinjuryattorney-fresno.com\/es\/","name":"Grossman Law Offices","description":"Experienced Attorneys Representing Accident Victims Throughout California","potentialAction":[{"@type":"SearchAction","target":{"@type":"EntryPoint","urlTemplate":"https:\/\/personalinjuryattorney-fresno.com\/es\/?s={search_term_string}"},"query-input":{"@type":"PropertyValueSpecification","valueRequired":true,"valueName":"search_term_string"}}],"inLanguage":"es"}]}},"_links":{"self":[{"href":"https:\/\/personalinjuryattorney-fresno.com\/es\/wp-json\/wp\/v2\/pages\/2628","targetHints":{"allow":["GET"]}}],"collection":[{"href":"https:\/\/personalinjuryattorney-fresno.com\/es\/wp-json\/wp\/v2\/pages"}],"about":[{"href":"https:\/\/personalinjuryattorney-fresno.com\/es\/wp-json\/wp\/v2\/types\/page"}],"author":[{"embeddable":true,"href":"https:\/\/personalinjuryattorney-fresno.com\/es\/wp-json\/wp\/v2\/users\/5"}],"replies":[{"embeddable":true,"href":"https:\/\/personalinjuryattorney-fresno.com\/es\/wp-json\/wp\/v2\/comments?post=2628"}],"version-history":[{"count":0,"href":"https:\/\/personalinjuryattorney-fresno.com\/es\/wp-json\/wp\/v2\/pages\/2628\/revisions"}],"up":[{"embeddable":true,"href":"https:\/\/personalinjuryattorney-fresno.com\/es\/wp-json\/wp\/v2\/pages\/2111"}],"wp:attachment":[{"href":"https:\/\/personalinjuryattorney-fresno.com\/es\/wp-json\/wp\/v2\/media?parent=2628"}],"curies":[{"name":"wp","href":"https:\/\/api.w.org\/{rel}","templated":true}]}}