{"id":2624,"date":"2019-11-19T18:12:18","date_gmt":"2019-11-19T18:12:18","guid":{"rendered":"https:\/\/personalinjuryattorney-fresno.com\/?page_id=2624"},"modified":"2024-07-19T05:45:09","modified_gmt":"2024-07-19T05:45:09","slug":"responsabilidad-por-productos-debido-a-defectos-de-diseno","status":"publish","type":"page","link":"https:\/\/personalinjuryattorney-fresno.com\/es\/lesiones-personales\/responsabilidad-civil\/responsabilidad-por-productos-debido-a-defectos-de-diseno\/","title":{"rendered":"RESPONSABILIDAD POR PRODUCTOS DEBIDO A DEFECTOS DE DISE\u00d1O"},"content":{"rendered":"\n<p>Los casos de responsabilidad por productos ocurren por muchas razones. Una causa com\u00fan de la responsabilidad por productos son los defectos de dise\u00f1o. Si un dise\u00f1o defectuoso causa tu accidente, no necesitas sufrir. Existen leyes para protegerte de las muchas p\u00e9rdidas que vienen con los accidentes de responsabilidad por productos.<\/p>\n\n\n\n<p>Grossman Law Offices ha pasado a\u00f1os representando a aquellos que fueron v\u00edctimas de la responsabilidad por productos debido a defectos de dise\u00f1o. Queremos que conozcas tus derechos y c\u00f3mo puedes comenzar el camino para obtener compensaci\u00f3n.<\/p>\n\n\n\n<h2 class=\"wp-block-heading\">\u00bfQU\u00c9 SON LOS DEFECTOS DE DISE\u00d1O?<\/h2>\n\n\n\n<p>Los defectos de dise\u00f1o son fallos o errores en el dise\u00f1o de un producto que lo hacen peligroso para los consumidores. Sin embargo, no todos los productos peligrosos tienen defectos de dise\u00f1o. El peligro debe ser irrazonable e inevitable. Por ejemplo, un cuchillo de cocina no puede ser tan romo que no corte los alimentos. Debido a que un cuchillo es inherentemente afilado, no hay forma de evitar que sea peligroso.<\/p>\n\n\n\n<p>Por otro lado, un cuchillo ser\u00eda irrazonablemente peligroso si no tuviera un mango seguro. El mango mal dise\u00f1ado har\u00eda que el producto cayera en la categor\u00eda de defecto de dise\u00f1o. Si te lesionas con \u00e9l, podr\u00edas presentar una demanda por lesiones personales contra la parte responsable. Por lo general, la demanda es contra el fabricante que dise\u00f1\u00f3 el producto y no contra un vendedor.<\/p>\n\n\n\n<p>Los defectos de dise\u00f1o difieren de los defectos de fabricaci\u00f3n en que el problema no est\u00e1 en el proceso de fabricaci\u00f3n. Cuando se comete un error durante el proceso de fabricaci\u00f3n, el producto final no se ve ni funciona como deber\u00eda. Por otro lado, un producto con un defecto de dise\u00f1o se fabrica de la manera que se pretende.<\/p>\n\n\n\n<h3 class=\"wp-block-heading\">OTROS EJEMPLOS DE DEFECTOS DE DISE\u00d1O<\/h3>\n\n\n\n<p>Para comprender mejor los defectos de dise\u00f1o, debes considerar algunos ejemplos. Todas las siguientes situaciones implican responsabilidad por productos debido a defectos de dise\u00f1o:<\/p>\n\n\n\n<ul class=\"wp-block-list\">\n<li>Una mesa o silla que intencionalmente tiene patas desiguales, lo que la hace inestable<\/li>\n\n\n\n<li>Un juguete destinado a un ni\u00f1o pero que representa un grave peligro de asfixia<\/li>\n\n\n\n<li>Un secador de cabello propenso a derretirse o incendiarse<\/li>\n\n\n\n<li>Un juguete que contiene un l\u00edquido t\u00f3xico que no est\u00e1 adecuadamente asegurado<\/li>\n\n\n\n<li>Un coche que es propenso a volcarse<\/li>\n<\/ul>\n\n\n\n<p>Existen muchas otras formas en que pueden ocurrir defectos de dise\u00f1o. Si crees que tu accidente puede haber sido causado por un defecto, debes contactar a un abogado de responsabilidad por locales en Fresno.<\/p>\n\n\n\n<h2 class=\"wp-block-heading\">C\u00d3MO PROBAR UN DEFECTO DE DISE\u00d1O<\/h2>\n\n\n\n<p>El \u00e9xito de tu demanda por lesiones personales depende de que pruebes que, de hecho, hubo un defecto de dise\u00f1o. Por lo tanto, necesitas pruebas de que el fabricante deber\u00eda haber sabido que el producto ser\u00eda un riesgo para los consumidores. Si el fabricante no ten\u00eda forma de saber que el producto ser\u00eda peligroso, no actuaron con negligencia y no tienes una demanda por lesiones personales.<\/p>\n\n\n\n<p>Hay m\u00e1s en tu demanda que demostrar que el fabricante estaba al tanto del dise\u00f1o peligroso. Dependiendo de la jurisdicci\u00f3n del incidente, es posible que debas demostrar que hab\u00eda una mejor manera de dise\u00f1ar el producto. El otro m\u00e9todo no debe ser prohibitivo en costos ni afectar la funci\u00f3n del producto. Por lo general, necesitas trabajar con un testigo experto para demostrar este dise\u00f1o alternativo.<\/p>\n\n\n\n<p>Si usaste el producto de una manera que no estaba destinada a ser usada, entonces no tienes base para una demanda por lesiones personales. Por esa raz\u00f3n, tu demanda depende de tu capacidad para demostrar que usaste el producto de la manera prevista. Aunque esto no es dif\u00edcil de probar, es crucial que est\u00e9s al tanto de esto antes de pasar por la molestia de presentar una demanda por lesiones personales.<\/p>\n\n\n\n<h2 class=\"wp-block-heading\">LA IMPORTANCIA DE TRABAJAR CON UN ABOGADO EXPERIMENTADO EN RESPONSABILIDAD POR PRODUCTOS<\/h2>\n\n\n\n<p>En 2018, el Community Regional Medical Center tuvo 114,025 visitas a la sala de emergencias. Algunos de esos visitantes estuvieron all\u00ed debido a accidentes prevenibles, como incidentes de defectos de dise\u00f1o. Adem\u00e1s de soportar la carga financiera de sus gastos m\u00e9dicos, las v\u00edctimas de accidentes tuvieron que enfrentar el dolor f\u00edsico y emocional de sus lesiones.<\/p>\n\n\n\n<p>Si estuviste involucrado en un accidente por defecto de dise\u00f1o, es posible que nunca te recuperes por completo. Tus lesiones podr\u00edan impedirte vivir tu vida al m\u00e1ximo. Debido a eso, mereces compensaci\u00f3n y justicia.<\/p>\n\n\n\n<p>Grossman Law Offices est\u00e1 muy consciente de los muchos desaf\u00edos que conllevan los casos de defectos de dise\u00f1o. Estamos preparados para asumir tu caso y trabajar hacia el resultado que deseas. Si est\u00e1s listo para comenzar, ll\u00e1manos hoy.<\/p>\n","protected":false},"excerpt":{"rendered":"<p>Los casos de responsabilidad por productos ocurren por muchas razones. Una causa com\u00fan de la responsabilidad por productos son los&#8230;<\/p>\n","protected":false},"author":5,"featured_media":0,"parent":2073,"menu_order":0,"comment_status":"closed","ping_status":"closed","template":"template-practice-area.php","meta":{"footnotes":""},"class_list":["post-2624","page","type-page","status-publish","hentry"],"yoast_head":"<!-- This site is optimized with the Yoast SEO plugin v25.0 - https:\/\/yoast.com\/wordpress\/plugins\/seo\/ -->\n<title>RESPONSABILIDAD POR PRODUCTOS DEBIDO A DEFECTOS DE DISE\u00d1O | Grossman Law Offices<\/title>\n<meta name=\"robots\" content=\"index, follow, max-snippet:-1, max-image-preview:large, max-video-preview:-1\" \/>\n<link rel=\"canonical\" href=\"https:\/\/personalinjuryattorney-fresno.com\/es\/lesiones-personales\/responsabilidad-civil\/responsabilidad-por-productos-debido-a-defectos-de-diseno\/\" \/>\n<meta property=\"og:locale\" content=\"es_ES\" \/>\n<meta property=\"og:type\" content=\"article\" \/>\n<meta property=\"og:title\" content=\"RESPONSABILIDAD POR PRODUCTOS DEBIDO A DEFECTOS DE DISE\u00d1O | Grossman Law Offices\" \/>\n<meta property=\"og:description\" content=\"Los casos de responsabilidad por productos ocurren por muchas razones. Una causa com\u00fan de la responsabilidad por productos son los...\" \/>\n<meta property=\"og:url\" content=\"https:\/\/personalinjuryattorney-fresno.com\/es\/lesiones-personales\/responsabilidad-civil\/responsabilidad-por-productos-debido-a-defectos-de-diseno\/\" \/>\n<meta property=\"og:site_name\" content=\"Grossman Law Offices\" \/>\n<meta property=\"article:modified_time\" content=\"2024-07-19T05:45:09+00:00\" \/>\n<meta property=\"og:image\" content=\"https:\/\/personalinjuryattorney-fresno.com\/wp-content\/uploads\/2019\/03\/og-logo.jpg\" \/>\n\t<meta property=\"og:image:width\" content=\"400\" \/>\n\t<meta property=\"og:image:height\" content=\"400\" \/>\n\t<meta property=\"og:image:type\" content=\"image\/jpeg\" \/>\n<meta name=\"twitter:card\" content=\"summary_large_image\" \/>\n<meta name=\"twitter:label1\" content=\"Tiempo de lectura\" \/>\n\t<meta name=\"twitter:data1\" content=\"4 minutos\" \/>\n<script type=\"application\/ld+json\" class=\"yoast-schema-graph\">{\"@context\":\"https:\/\/schema.org\",\"@graph\":[{\"@type\":\"WebPage\",\"@id\":\"https:\/\/personalinjuryattorney-fresno.com\/es\/lesiones-personales\/responsabilidad-civil\/responsabilidad-por-productos-debido-a-defectos-de-diseno\/\",\"url\":\"https:\/\/personalinjuryattorney-fresno.com\/es\/lesiones-personales\/responsabilidad-civil\/responsabilidad-por-productos-debido-a-defectos-de-diseno\/\",\"name\":\"RESPONSABILIDAD POR PRODUCTOS DEBIDO A DEFECTOS DE DISE\u00d1O | Grossman Law Offices\",\"isPartOf\":{\"@id\":\"https:\/\/personalinjuryattorney-fresno.com\/es\/#website\"},\"datePublished\":\"2019-11-19T18:12:18+00:00\",\"dateModified\":\"2024-07-19T05:45:09+00:00\",\"breadcrumb\":{\"@id\":\"https:\/\/personalinjuryattorney-fresno.com\/es\/lesiones-personales\/responsabilidad-civil\/responsabilidad-por-productos-debido-a-defectos-de-diseno\/#breadcrumb\"},\"inLanguage\":\"es\",\"potentialAction\":[{\"@type\":\"ReadAction\",\"target\":[\"https:\/\/personalinjuryattorney-fresno.com\/es\/lesiones-personales\/responsabilidad-civil\/responsabilidad-por-productos-debido-a-defectos-de-diseno\/\"]}]},{\"@type\":\"BreadcrumbList\",\"@id\":\"https:\/\/personalinjuryattorney-fresno.com\/es\/lesiones-personales\/responsabilidad-civil\/responsabilidad-por-productos-debido-a-defectos-de-diseno\/#breadcrumb\",\"itemListElement\":[{\"@type\":\"ListItem\",\"position\":1,\"name\":\"Inicio\",\"item\":\"https:\/\/personalinjuryattorney-fresno.com\/es\/\"},{\"@type\":\"ListItem\",\"position\":2,\"name\":\"Lesiones Persona\",\"item\":\"https:\/\/personalinjuryattorney-fresno.com\/es\/lesiones-personales\/\"},{\"@type\":\"ListItem\",\"position\":3,\"name\":\"Responsabilidad Civil\",\"item\":\"https:\/\/personalinjuryattorney-fresno.com\/es\/lesiones-personales\/responsabilidad-civil\/\"},{\"@type\":\"ListItem\",\"position\":4,\"name\":\"RESPONSABILIDAD POR PRODUCTOS DEBIDO A DEFECTOS DE DISE\u00d1O\"}]},{\"@type\":\"WebSite\",\"@id\":\"https:\/\/personalinjuryattorney-fresno.com\/es\/#website\",\"url\":\"https:\/\/personalinjuryattorney-fresno.com\/es\/\",\"name\":\"Grossman Law Offices\",\"description\":\"Experienced Attorneys Representing Accident Victims Throughout California\",\"potentialAction\":[{\"@type\":\"SearchAction\",\"target\":{\"@type\":\"EntryPoint\",\"urlTemplate\":\"https:\/\/personalinjuryattorney-fresno.com\/es\/?s={search_term_string}\"},\"query-input\":{\"@type\":\"PropertyValueSpecification\",\"valueRequired\":true,\"valueName\":\"search_term_string\"}}],\"inLanguage\":\"es\"}]}<\/script>\n<!-- \/ Yoast SEO plugin. -->","yoast_head_json":{"title":"RESPONSABILIDAD POR PRODUCTOS DEBIDO A DEFECTOS DE DISE\u00d1O | Grossman Law Offices","robots":{"index":"index","follow":"follow","max-snippet":"max-snippet:-1","max-image-preview":"max-image-preview:large","max-video-preview":"max-video-preview:-1"},"canonical":"https:\/\/personalinjuryattorney-fresno.com\/es\/lesiones-personales\/responsabilidad-civil\/responsabilidad-por-productos-debido-a-defectos-de-diseno\/","og_locale":"es_ES","og_type":"article","og_title":"RESPONSABILIDAD POR PRODUCTOS DEBIDO A DEFECTOS DE DISE\u00d1O | Grossman Law Offices","og_description":"Los casos de responsabilidad por productos ocurren por muchas razones. Una causa com\u00fan de la responsabilidad por productos son los...","og_url":"https:\/\/personalinjuryattorney-fresno.com\/es\/lesiones-personales\/responsabilidad-civil\/responsabilidad-por-productos-debido-a-defectos-de-diseno\/","og_site_name":"Grossman Law Offices","article_modified_time":"2024-07-19T05:45:09+00:00","og_image":[{"width":400,"height":400,"url":"https:\/\/personalinjuryattorney-fresno.com\/wp-content\/uploads\/2019\/03\/og-logo.jpg","type":"image\/jpeg"}],"twitter_card":"summary_large_image","twitter_misc":{"Tiempo de lectura":"4 minutos"},"schema":{"@context":"https:\/\/schema.org","@graph":[{"@type":"WebPage","@id":"https:\/\/personalinjuryattorney-fresno.com\/es\/lesiones-personales\/responsabilidad-civil\/responsabilidad-por-productos-debido-a-defectos-de-diseno\/","url":"https:\/\/personalinjuryattorney-fresno.com\/es\/lesiones-personales\/responsabilidad-civil\/responsabilidad-por-productos-debido-a-defectos-de-diseno\/","name":"RESPONSABILIDAD POR PRODUCTOS DEBIDO A DEFECTOS DE DISE\u00d1O | Grossman Law Offices","isPartOf":{"@id":"https:\/\/personalinjuryattorney-fresno.com\/es\/#website"},"datePublished":"2019-11-19T18:12:18+00:00","dateModified":"2024-07-19T05:45:09+00:00","breadcrumb":{"@id":"https:\/\/personalinjuryattorney-fresno.com\/es\/lesiones-personales\/responsabilidad-civil\/responsabilidad-por-productos-debido-a-defectos-de-diseno\/#breadcrumb"},"inLanguage":"es","potentialAction":[{"@type":"ReadAction","target":["https:\/\/personalinjuryattorney-fresno.com\/es\/lesiones-personales\/responsabilidad-civil\/responsabilidad-por-productos-debido-a-defectos-de-diseno\/"]}]},{"@type":"BreadcrumbList","@id":"https:\/\/personalinjuryattorney-fresno.com\/es\/lesiones-personales\/responsabilidad-civil\/responsabilidad-por-productos-debido-a-defectos-de-diseno\/#breadcrumb","itemListElement":[{"@type":"ListItem","position":1,"name":"Inicio","item":"https:\/\/personalinjuryattorney-fresno.com\/es\/"},{"@type":"ListItem","position":2,"name":"Lesiones Persona","item":"https:\/\/personalinjuryattorney-fresno.com\/es\/lesiones-personales\/"},{"@type":"ListItem","position":3,"name":"Responsabilidad Civil","item":"https:\/\/personalinjuryattorney-fresno.com\/es\/lesiones-personales\/responsabilidad-civil\/"},{"@type":"ListItem","position":4,"name":"RESPONSABILIDAD POR PRODUCTOS DEBIDO A DEFECTOS DE DISE\u00d1O"}]},{"@type":"WebSite","@id":"https:\/\/personalinjuryattorney-fresno.com\/es\/#website","url":"https:\/\/personalinjuryattorney-fresno.com\/es\/","name":"Grossman Law Offices","description":"Experienced Attorneys Representing Accident Victims Throughout California","potentialAction":[{"@type":"SearchAction","target":{"@type":"EntryPoint","urlTemplate":"https:\/\/personalinjuryattorney-fresno.com\/es\/?s={search_term_string}"},"query-input":{"@type":"PropertyValueSpecification","valueRequired":true,"valueName":"search_term_string"}}],"inLanguage":"es"}]}},"_links":{"self":[{"href":"https:\/\/personalinjuryattorney-fresno.com\/es\/wp-json\/wp\/v2\/pages\/2624","targetHints":{"allow":["GET"]}}],"collection":[{"href":"https:\/\/personalinjuryattorney-fresno.com\/es\/wp-json\/wp\/v2\/pages"}],"about":[{"href":"https:\/\/personalinjuryattorney-fresno.com\/es\/wp-json\/wp\/v2\/types\/page"}],"author":[{"embeddable":true,"href":"https:\/\/personalinjuryattorney-fresno.com\/es\/wp-json\/wp\/v2\/users\/5"}],"replies":[{"embeddable":true,"href":"https:\/\/personalinjuryattorney-fresno.com\/es\/wp-json\/wp\/v2\/comments?post=2624"}],"version-history":[{"count":0,"href":"https:\/\/personalinjuryattorney-fresno.com\/es\/wp-json\/wp\/v2\/pages\/2624\/revisions"}],"up":[{"embeddable":true,"href":"https:\/\/personalinjuryattorney-fresno.com\/es\/wp-json\/wp\/v2\/pages\/2073"}],"wp:attachment":[{"href":"https:\/\/personalinjuryattorney-fresno.com\/es\/wp-json\/wp\/v2\/media?parent=2624"}],"curies":[{"name":"wp","href":"https:\/\/api.w.org\/{rel}","templated":true}]}}