{"id":2623,"date":"2019-08-06T09:08:38","date_gmt":"2019-08-06T09:08:38","guid":{"rendered":"https:\/\/personalinjuryattorney-fresno.com\/?page_id=2623"},"modified":"2024-07-19T05:42:48","modified_gmt":"2024-07-19T05:42:48","slug":"accidentes-de-ascensores-y-escaleras-mecanicas-mal-mantenidos","status":"publish","type":"page","link":"https:\/\/personalinjuryattorney-fresno.com\/es\/lesiones-personales\/responsabilidad-civil\/accidentes-de-ascensores-y-escaleras-mecanicas-mal-mantenidos\/","title":{"rendered":"ACCIDENTES DE ASCENSORES Y ESCALERAS MEC\u00c1NICAS MAL MANTENIDOS"},"content":{"rendered":"\n<figure class=\"wp-block-image size-full\"><img loading=\"lazy\" decoding=\"async\" width=\"730\" height=\"486\" src=\"https:\/\/personalinjuryattorney-fresno.com\/wp-content\/uploads\/2023\/12\/escalator-828621_1280-min.webp\" alt=\"\" class=\"wp-image-1703\" srcset=\"https:\/\/personalinjuryattorney-fresno.com\/wp-content\/uploads\/2023\/12\/escalator-828621_1280-min.webp 730w, https:\/\/personalinjuryattorney-fresno.com\/wp-content\/uploads\/2023\/12\/escalator-828621_1280-min-451x300.webp 451w\" sizes=\"auto, (max-width: 730px) 100vw, 730px\" \/><\/figure>\n\n\n\n<p>Cada a\u00f1o, miles de millones de personas usan escaleras mec\u00e1nicas y ascensores. Y aunque puede que no lo pienses dos veces antes de subirte a uno, una escalera mec\u00e1nica o un ascensor pueden fallar. Esto puede resultar en lesiones graves o incluso la muerte.<\/p>\n\n\n\n<p>Hay varias causas de accidentes en escaleras mec\u00e1nicas y ascensores, pero una de las m\u00e1s comunes es el mal mantenimiento. Cuando ocurren accidentes por ascensores y escaleras mec\u00e1nicas mal mantenidos, las v\u00edctimas pueden tomar acciones legales. Un abogado de responsabilidad por locales en Fresno puede ayudarte a buscar compensaci\u00f3n por tu accidente. Las oficinas de Grossman Law quieren representarte y guiarte a trav\u00e9s del proceso.<\/p>\n\n\n\n<h2 class=\"wp-block-heading\">LOS HECHOS SOBRE LOS ACCIDENTES DE ASCENSORES Y ESCALERAS MEC\u00c1NICAS<\/h2>\n\n\n\n<p>En promedio, solo ocurren alrededor de 27 muertes cada a\u00f1o en ascensores. Pero hay un n\u00famero mucho mayor de personas que resultan heridas. Aunque las muertes y lesiones no son comunes, a\u00fan ocurren.<\/p>\n\n\n\n<p>Con los ascensores, los golpes de puertas pueden causar lesiones. Cuando alguien est\u00e1 entrando o saliendo del ascensor, una puerta puede cerrarse y causar una lesi\u00f3n. Un accidente causado por esto suele ser debido a un mal mantenimiento. Por ejemplo, el inspector podr\u00eda haber recortado el trabajo y no realizar una inspecci\u00f3n completa. En otras ocasiones, el propietario del lugar es responsable del accidente. Si, por ejemplo, no programaron una inspecci\u00f3n, podr\u00eda causar el accidente de golpe de puerta.<\/p>\n\n\n\n<p>Otro problema potencial con los ascensores es el nivelado. Esto ocurre cuando la brecha entre el piso del ascensor y el piso del aterrizaje es demasiado grande. Como resultado, una persona puede tropezar al entrar o salir del ascensor. Por lo general, el piso del ascensor no debe estar m\u00e1s de media pulgada m\u00e1s alto o m\u00e1s bajo que el piso del aterrizaje. Una vez m\u00e1s, el mal mantenimiento puede ser la causa del accidente. Una inspecci\u00f3n detectar\u00eda el problema y requerir\u00eda que se solucionara.<\/p>\n\n\n\n<p>Finalmente, est\u00e1 el atrapamiento. Si un ascensor no se mantiene adecuadamente, podr\u00eda detenerse y atrapar a las personas dentro. Alguien podr\u00eda intentar salir del ascensor y llegar a un aterrizaje visible. Sin embargo, esto tambi\u00e9n puede resultar en una lesi\u00f3n. De hecho, puede ser mortal. Esta es una de las causas m\u00e1s comunes de muertes en ascensores.<\/p>\n\n\n\n<h3 class=\"wp-block-heading\">HECHOS SOBRE LOS ACCIDENTES EN ESCALERAS MEC\u00c1NICAS<\/h3>\n\n\n\n<p>De manera similar a los ascensores, las escaleras mec\u00e1nicas mal mantenidas pueden causar accidentes.<\/p>\n\n\n\n<p>Aunque la mayor\u00eda de los accidentes en escaleras mec\u00e1nicas son resultado de un mal uso, el mal mantenimiento puede ser un problema real. Uno de los ejemplos m\u00e1s comunes de mal mantenimiento que conduce a un accidente es un pasamanos detenido. Si el pasamanos deja de funcionar mientras las escaleras siguen movi\u00e9ndose, puede tirar hacia atr\u00e1s a un pasajero y hacer que pierda el equilibrio. Puede caer por la escalera mec\u00e1nica o por el borde del pasamanos.<\/p>\n\n\n\n<p>La propia escalera mec\u00e1nica podr\u00eda detenerse abruptamente. Esto podr\u00eda causar una p\u00e9rdida de equilibrio. Una o varias personas pueden caer y sufrir lesiones graves.<\/p>\n\n\n\n<h2 class=\"wp-block-heading\">TOMANDO ACCIONES CONTRA LA PARTE RESPONSABLE<\/h2>\n\n\n\n<p>El mal mantenimiento es un tipo de negligencia. Al no mantener sus ascensores o escaleras mec\u00e1nicas, un propietario tambi\u00e9n est\u00e1 fallando en mantener tu seguridad. Esto te hace elegible para presentar una demanda por lesiones personales.<\/p>\n\n\n\n<p>Para tener una demanda exitosa, debes demostrar que has sufrido una o m\u00e1s lesiones. Esas lesiones pueden variar desde laceraciones hasta traumatismos en la cabeza. Incluso las lesiones menores podr\u00edan hacerte elegible para presentar una demanda contra la parte responsable.<\/p>\n\n\n\n<p>Si tu demanda tiene \u00e9xito, puedes recibir dinero para tus facturas m\u00e9dicas. Si tendr\u00e1s futuras facturas m\u00e9dicas, tambi\u00e9n puedes recibir compensaci\u00f3n por ellas. Puedes recuperar da\u00f1os por los salarios que perdiste al no poder trabajar. Finalmente, puedes recibir dinero por tu dolor y sufrimiento.<\/p>\n\n\n\n<p>Para saber cu\u00e1nto vale tu caso, debes contactar a un abogado de locales inseguros en Fresno. Ellos pueden escuchar tu historia y decirte m\u00e1s sobre tus posibilidades de una demanda exitosa. Adem\u00e1s, pueden determinar qui\u00e9n es responsable de tu accidente y si tienes parte de la culpa. Si compartes algo de la culpa, a\u00fan tienes la oportunidad de recibir compensaci\u00f3n. Sin embargo, puede ser menor que el valor que recibir\u00edas si no tuvieras ninguna culpa.<\/p>\n\n\n\n<h2 class=\"wp-block-heading\">\u00bfERES UNA DE LAS V\u00cdCTIMAS DE ACCIDENTES DE ASCENSORES Y ESCALERAS MEC\u00c1NICAS MAL MANTENIDOS?<\/h2>\n\n\n\n<p>No hay tantos edificios altos en Fresno como en algunas de las ciudades m\u00e1s grandes de California, pero todav\u00eda tenemos muchas escaleras mec\u00e1nicas y ascensores. Aunque los edificios en el \u00e1rea del centro est\u00e1n limitados a 15 pisos, la mayor\u00eda de ellos tienen ascensores y escaleras mec\u00e1nicas. A medida que se construyen, estos edificios aumentar\u00e1n el n\u00famero de ascensores y escaleras mec\u00e1nicas en la ciudad.<\/p>\n\n\n\n<p>Si t\u00fa o un ser querido fueron v\u00edctimas de un accidente causado por mal mantenimiento, debes contactarnos en las oficinas de Grossman Law. Estamos listos para defenderte.<\/p>\n","protected":false},"excerpt":{"rendered":"<p>Cada a\u00f1o, miles de millones de personas usan escaleras mec\u00e1nicas y ascensores. Y aunque puede que no lo pienses dos&#8230;<\/p>\n","protected":false},"author":5,"featured_media":0,"parent":2073,"menu_order":0,"comment_status":"closed","ping_status":"closed","template":"template-practice-area.php","meta":{"footnotes":""},"class_list":["post-2623","page","type-page","status-publish","hentry"],"yoast_head":"<!-- This site is optimized with the Yoast SEO plugin v25.0 - https:\/\/yoast.com\/wordpress\/plugins\/seo\/ -->\n<title>ACCIDENTES DE ASCENSORES Y ESCALERAS MEC\u00c1NICAS MAL MANTENIDOS | Grossman Law Offices<\/title>\n<meta name=\"robots\" content=\"index, follow, max-snippet:-1, max-image-preview:large, max-video-preview:-1\" \/>\n<link rel=\"canonical\" href=\"https:\/\/personalinjuryattorney-fresno.com\/es\/lesiones-personales\/responsabilidad-civil\/accidentes-de-ascensores-y-escaleras-mecanicas-mal-mantenidos\/\" \/>\n<meta property=\"og:locale\" content=\"es_ES\" \/>\n<meta property=\"og:type\" content=\"article\" \/>\n<meta property=\"og:title\" content=\"ACCIDENTES DE ASCENSORES Y ESCALERAS MEC\u00c1NICAS MAL MANTENIDOS | Grossman Law Offices\" \/>\n<meta property=\"og:description\" content=\"Cada a\u00f1o, miles de millones de personas usan escaleras mec\u00e1nicas y ascensores. Y aunque puede que no lo pienses dos...\" \/>\n<meta property=\"og:url\" content=\"https:\/\/personalinjuryattorney-fresno.com\/es\/lesiones-personales\/responsabilidad-civil\/accidentes-de-ascensores-y-escaleras-mecanicas-mal-mantenidos\/\" \/>\n<meta property=\"og:site_name\" content=\"Grossman Law Offices\" \/>\n<meta property=\"article:modified_time\" content=\"2024-07-19T05:42:48+00:00\" \/>\n<meta property=\"og:image\" content=\"https:\/\/personalinjuryattorney-fresno.com\/wp-content\/uploads\/2023\/12\/escalator-828621_1280-min.webp\" \/>\n<meta name=\"twitter:card\" content=\"summary_large_image\" \/>\n<meta name=\"twitter:label1\" content=\"Tiempo de lectura\" \/>\n\t<meta name=\"twitter:data1\" content=\"4 minutos\" \/>\n<script type=\"application\/ld+json\" class=\"yoast-schema-graph\">{\"@context\":\"https:\/\/schema.org\",\"@graph\":[{\"@type\":\"WebPage\",\"@id\":\"https:\/\/personalinjuryattorney-fresno.com\/es\/lesiones-personales\/responsabilidad-civil\/accidentes-de-ascensores-y-escaleras-mecanicas-mal-mantenidos\/\",\"url\":\"https:\/\/personalinjuryattorney-fresno.com\/es\/lesiones-personales\/responsabilidad-civil\/accidentes-de-ascensores-y-escaleras-mecanicas-mal-mantenidos\/\",\"name\":\"ACCIDENTES DE ASCENSORES Y ESCALERAS MEC\u00c1NICAS MAL MANTENIDOS | Grossman Law Offices\",\"isPartOf\":{\"@id\":\"https:\/\/personalinjuryattorney-fresno.com\/es\/#website\"},\"primaryImageOfPage\":{\"@id\":\"https:\/\/personalinjuryattorney-fresno.com\/es\/lesiones-personales\/responsabilidad-civil\/accidentes-de-ascensores-y-escaleras-mecanicas-mal-mantenidos\/#primaryimage\"},\"image\":{\"@id\":\"https:\/\/personalinjuryattorney-fresno.com\/es\/lesiones-personales\/responsabilidad-civil\/accidentes-de-ascensores-y-escaleras-mecanicas-mal-mantenidos\/#primaryimage\"},\"thumbnailUrl\":\"https:\/\/personalinjuryattorney-fresno.com\/wp-content\/uploads\/2023\/12\/escalator-828621_1280-min.webp\",\"datePublished\":\"2019-08-06T09:08:38+00:00\",\"dateModified\":\"2024-07-19T05:42:48+00:00\",\"breadcrumb\":{\"@id\":\"https:\/\/personalinjuryattorney-fresno.com\/es\/lesiones-personales\/responsabilidad-civil\/accidentes-de-ascensores-y-escaleras-mecanicas-mal-mantenidos\/#breadcrumb\"},\"inLanguage\":\"es\",\"potentialAction\":[{\"@type\":\"ReadAction\",\"target\":[\"https:\/\/personalinjuryattorney-fresno.com\/es\/lesiones-personales\/responsabilidad-civil\/accidentes-de-ascensores-y-escaleras-mecanicas-mal-mantenidos\/\"]}]},{\"@type\":\"ImageObject\",\"inLanguage\":\"es\",\"@id\":\"https:\/\/personalinjuryattorney-fresno.com\/es\/lesiones-personales\/responsabilidad-civil\/accidentes-de-ascensores-y-escaleras-mecanicas-mal-mantenidos\/#primaryimage\",\"url\":\"https:\/\/personalinjuryattorney-fresno.com\/wp-content\/uploads\/2023\/12\/escalator-828621_1280-min.webp\",\"contentUrl\":\"https:\/\/personalinjuryattorney-fresno.com\/wp-content\/uploads\/2023\/12\/escalator-828621_1280-min.webp\"},{\"@type\":\"BreadcrumbList\",\"@id\":\"https:\/\/personalinjuryattorney-fresno.com\/es\/lesiones-personales\/responsabilidad-civil\/accidentes-de-ascensores-y-escaleras-mecanicas-mal-mantenidos\/#breadcrumb\",\"itemListElement\":[{\"@type\":\"ListItem\",\"position\":1,\"name\":\"Inicio\",\"item\":\"https:\/\/personalinjuryattorney-fresno.com\/es\/\"},{\"@type\":\"ListItem\",\"position\":2,\"name\":\"Lesiones Persona\",\"item\":\"https:\/\/personalinjuryattorney-fresno.com\/es\/lesiones-personales\/\"},{\"@type\":\"ListItem\",\"position\":3,\"name\":\"Responsabilidad Civil\",\"item\":\"https:\/\/personalinjuryattorney-fresno.com\/es\/lesiones-personales\/responsabilidad-civil\/\"},{\"@type\":\"ListItem\",\"position\":4,\"name\":\"ACCIDENTES DE ASCENSORES Y ESCALERAS MEC\u00c1NICAS MAL MANTENIDOS\"}]},{\"@type\":\"WebSite\",\"@id\":\"https:\/\/personalinjuryattorney-fresno.com\/es\/#website\",\"url\":\"https:\/\/personalinjuryattorney-fresno.com\/es\/\",\"name\":\"Grossman Law Offices\",\"description\":\"Experienced Attorneys Representing Accident Victims Throughout California\",\"potentialAction\":[{\"@type\":\"SearchAction\",\"target\":{\"@type\":\"EntryPoint\",\"urlTemplate\":\"https:\/\/personalinjuryattorney-fresno.com\/es\/?s={search_term_string}\"},\"query-input\":{\"@type\":\"PropertyValueSpecification\",\"valueRequired\":true,\"valueName\":\"search_term_string\"}}],\"inLanguage\":\"es\"}]}<\/script>\n<!-- \/ Yoast SEO plugin. -->","yoast_head_json":{"title":"ACCIDENTES DE ASCENSORES Y ESCALERAS MEC\u00c1NICAS MAL MANTENIDOS | Grossman Law Offices","robots":{"index":"index","follow":"follow","max-snippet":"max-snippet:-1","max-image-preview":"max-image-preview:large","max-video-preview":"max-video-preview:-1"},"canonical":"https:\/\/personalinjuryattorney-fresno.com\/es\/lesiones-personales\/responsabilidad-civil\/accidentes-de-ascensores-y-escaleras-mecanicas-mal-mantenidos\/","og_locale":"es_ES","og_type":"article","og_title":"ACCIDENTES DE ASCENSORES Y ESCALERAS MEC\u00c1NICAS MAL MANTENIDOS | Grossman Law Offices","og_description":"Cada a\u00f1o, miles de millones de personas usan escaleras mec\u00e1nicas y ascensores. Y aunque puede que no lo pienses dos...","og_url":"https:\/\/personalinjuryattorney-fresno.com\/es\/lesiones-personales\/responsabilidad-civil\/accidentes-de-ascensores-y-escaleras-mecanicas-mal-mantenidos\/","og_site_name":"Grossman Law Offices","article_modified_time":"2024-07-19T05:42:48+00:00","og_image":[{"url":"https:\/\/personalinjuryattorney-fresno.com\/wp-content\/uploads\/2023\/12\/escalator-828621_1280-min.webp","type":"","width":"","height":""}],"twitter_card":"summary_large_image","twitter_misc":{"Tiempo de lectura":"4 minutos"},"schema":{"@context":"https:\/\/schema.org","@graph":[{"@type":"WebPage","@id":"https:\/\/personalinjuryattorney-fresno.com\/es\/lesiones-personales\/responsabilidad-civil\/accidentes-de-ascensores-y-escaleras-mecanicas-mal-mantenidos\/","url":"https:\/\/personalinjuryattorney-fresno.com\/es\/lesiones-personales\/responsabilidad-civil\/accidentes-de-ascensores-y-escaleras-mecanicas-mal-mantenidos\/","name":"ACCIDENTES DE ASCENSORES Y ESCALERAS MEC\u00c1NICAS MAL MANTENIDOS | Grossman Law Offices","isPartOf":{"@id":"https:\/\/personalinjuryattorney-fresno.com\/es\/#website"},"primaryImageOfPage":{"@id":"https:\/\/personalinjuryattorney-fresno.com\/es\/lesiones-personales\/responsabilidad-civil\/accidentes-de-ascensores-y-escaleras-mecanicas-mal-mantenidos\/#primaryimage"},"image":{"@id":"https:\/\/personalinjuryattorney-fresno.com\/es\/lesiones-personales\/responsabilidad-civil\/accidentes-de-ascensores-y-escaleras-mecanicas-mal-mantenidos\/#primaryimage"},"thumbnailUrl":"https:\/\/personalinjuryattorney-fresno.com\/wp-content\/uploads\/2023\/12\/escalator-828621_1280-min.webp","datePublished":"2019-08-06T09:08:38+00:00","dateModified":"2024-07-19T05:42:48+00:00","breadcrumb":{"@id":"https:\/\/personalinjuryattorney-fresno.com\/es\/lesiones-personales\/responsabilidad-civil\/accidentes-de-ascensores-y-escaleras-mecanicas-mal-mantenidos\/#breadcrumb"},"inLanguage":"es","potentialAction":[{"@type":"ReadAction","target":["https:\/\/personalinjuryattorney-fresno.com\/es\/lesiones-personales\/responsabilidad-civil\/accidentes-de-ascensores-y-escaleras-mecanicas-mal-mantenidos\/"]}]},{"@type":"ImageObject","inLanguage":"es","@id":"https:\/\/personalinjuryattorney-fresno.com\/es\/lesiones-personales\/responsabilidad-civil\/accidentes-de-ascensores-y-escaleras-mecanicas-mal-mantenidos\/#primaryimage","url":"https:\/\/personalinjuryattorney-fresno.com\/wp-content\/uploads\/2023\/12\/escalator-828621_1280-min.webp","contentUrl":"https:\/\/personalinjuryattorney-fresno.com\/wp-content\/uploads\/2023\/12\/escalator-828621_1280-min.webp"},{"@type":"BreadcrumbList","@id":"https:\/\/personalinjuryattorney-fresno.com\/es\/lesiones-personales\/responsabilidad-civil\/accidentes-de-ascensores-y-escaleras-mecanicas-mal-mantenidos\/#breadcrumb","itemListElement":[{"@type":"ListItem","position":1,"name":"Inicio","item":"https:\/\/personalinjuryattorney-fresno.com\/es\/"},{"@type":"ListItem","position":2,"name":"Lesiones Persona","item":"https:\/\/personalinjuryattorney-fresno.com\/es\/lesiones-personales\/"},{"@type":"ListItem","position":3,"name":"Responsabilidad Civil","item":"https:\/\/personalinjuryattorney-fresno.com\/es\/lesiones-personales\/responsabilidad-civil\/"},{"@type":"ListItem","position":4,"name":"ACCIDENTES DE ASCENSORES Y ESCALERAS MEC\u00c1NICAS MAL MANTENIDOS"}]},{"@type":"WebSite","@id":"https:\/\/personalinjuryattorney-fresno.com\/es\/#website","url":"https:\/\/personalinjuryattorney-fresno.com\/es\/","name":"Grossman Law Offices","description":"Experienced Attorneys Representing Accident Victims Throughout California","potentialAction":[{"@type":"SearchAction","target":{"@type":"EntryPoint","urlTemplate":"https:\/\/personalinjuryattorney-fresno.com\/es\/?s={search_term_string}"},"query-input":{"@type":"PropertyValueSpecification","valueRequired":true,"valueName":"search_term_string"}}],"inLanguage":"es"}]}},"_links":{"self":[{"href":"https:\/\/personalinjuryattorney-fresno.com\/es\/wp-json\/wp\/v2\/pages\/2623","targetHints":{"allow":["GET"]}}],"collection":[{"href":"https:\/\/personalinjuryattorney-fresno.com\/es\/wp-json\/wp\/v2\/pages"}],"about":[{"href":"https:\/\/personalinjuryattorney-fresno.com\/es\/wp-json\/wp\/v2\/types\/page"}],"author":[{"embeddable":true,"href":"https:\/\/personalinjuryattorney-fresno.com\/es\/wp-json\/wp\/v2\/users\/5"}],"replies":[{"embeddable":true,"href":"https:\/\/personalinjuryattorney-fresno.com\/es\/wp-json\/wp\/v2\/comments?post=2623"}],"version-history":[{"count":0,"href":"https:\/\/personalinjuryattorney-fresno.com\/es\/wp-json\/wp\/v2\/pages\/2623\/revisions"}],"up":[{"embeddable":true,"href":"https:\/\/personalinjuryattorney-fresno.com\/es\/wp-json\/wp\/v2\/pages\/2073"}],"wp:attachment":[{"href":"https:\/\/personalinjuryattorney-fresno.com\/es\/wp-json\/wp\/v2\/media?parent=2623"}],"curies":[{"name":"wp","href":"https:\/\/api.w.org\/{rel}","templated":true}]}}