{"id":2620,"date":"2020-04-10T16:01:05","date_gmt":"2020-04-10T16:01:05","guid":{"rendered":"https:\/\/personalinjuryattorney-fresno.com\/?page_id=2620"},"modified":"2024-07-19T05:13:31","modified_gmt":"2024-07-19T05:13:31","slug":"accidentes-por-efecto-tijera","status":"publish","type":"page","link":"https:\/\/personalinjuryattorney-fresno.com\/es\/lesiones-personales\/accidente-de-camion\/accidentes-por-efecto-tijera\/","title":{"rendered":"ACCIDENTES POR EFECTO TIJERA"},"content":{"rendered":"\n<p>Viajar por una carretera en la que circulan camiones comerciales, como camiones de 18 ruedas y semirremolques, puede ser una experiencia intimidante, incluso sabiendo que los conductores comerciales son muy experimentados y h\u00e1biles en su profesi\u00f3n. Como conductor de un veh\u00edculo de pasajeros, aceptas estos riesgos cada vez que conduces por una carretera principal, y es importante que entiendas tus derechos como conductor. En caso de que est\u00e9s involucrado en un accidente con un cami\u00f3n comercial, debido a un accidente por efecto tijera en Fresno, o cualquier otro tipo de choque, tienes derechos como v\u00edctima que el equipo de Grossman Law Offices est\u00e1 encantado de ayudarte a proteger y obtener el dinero que mereces como v\u00edctima de este tipo de accidente.<\/p>\n\n\n\n<h3 class=\"wp-block-heading\">ENCUENTRA UN ABOGADO EN EL QUE PUEDAS CONFIAR<\/h3>\n\n\n\n<p>Trabajar con una compa\u00f1\u00eda de seguros de camiones comerciales puede ser una experiencia muy complicada, especialmente cuando la p\u00f3liza de seguros tiene un valor particularmente alto. En estos casos, puedes estar seguro de que la compa\u00f1\u00eda de seguros tendr\u00e1 a sus mejores abogados manejando tus reclamos para proteger sus finanzas tanto como sea posible. La \u00fanica forma l\u00f3gica de responder a esto es contratando a tu propio abogado agresivo que pueda ayudarte a contraatacar y, en \u00faltima instancia, obtener el acuerdo que mereces.<\/p>\n\n\n\n<p>Lee m\u00e1s abajo para aprender m\u00e1s sobre los accidentes por efecto tijera, incluyendo qu\u00e9 son, c\u00f3mo ocurren y el tipo de da\u00f1os que pueden causar. Contacta al equipo de Grossman Law Offices lo antes posible para programar una consulta inicial, donde podremos discutir los detalles de tu accidente, tus lesiones y tener una mejor idea de c\u00f3mo podemos proceder como tus abogados de accidentes de camiones en Fresno.<\/p>\n\n\n\n<h2 class=\"wp-block-heading\">\u00bfQU\u00c9 ES UN ACCIDENTE POR EFECTO TIJERA?<\/h2>\n\n\n\n<p>\u00abEfecto tijera\u00bb es un t\u00e9rmino utilizado para un accidente que ocurre cuando un veh\u00edculo articulado, como un tr\u00e1iler o un veh\u00edculo de pasajeros que remolca algo, se gira de tal manera que se asemeja a un cuchillo plegado, con el veh\u00edculo formando un \u00e1ngulo agudo con el remolque, formando una L o una V. Por lo general, estos accidentes ocurren cuando el veh\u00edculo y\/o el remolque pierden tracci\u00f3n y quedan fuera de control.<\/p>\n\n\n\n<h3 class=\"wp-block-heading\">\u00bfQU\u00c9 CAUSA UN ACCIDENTE POR EFECTO TIJERA?<\/h3>\n\n\n\n<p>Cuando un remolque est\u00e1 cargado con mercanc\u00eda y el cami\u00f3n comienza a hacer efecto tijera, el conductor pierde la mayor parte, si no todo, el control del veh\u00edculo, ya que una parte del veh\u00edculo comienza a deslizarse por la carretera. Los conductores est\u00e1n entrenados para evitar este tipo de situaciones y tambi\u00e9n est\u00e1n capacitados en c\u00f3mo maniobrar a trav\u00e9s de uno de estos accidentes de una manera que maximice la seguridad de todos los que los rodean, pero este entrenamiento a\u00fan no garantiza que evitar\u00e1s ser lesionado.<\/p>\n\n\n\n<p>Una de las causas m\u00e1s comunes de estos accidentes es que el conductor entra en una curva demasiado r\u00e1pido y necesita frenar en medio de la curva, lo que provoca que la cabina o el tractor pierdan su agarre en la carretera. Pavimento mojado, altas velocidades, carga pesada y frenos bloqueados son una combinaci\u00f3n desastrosa cuando un conductor de cami\u00f3n comercial necesita actuar r\u00e1pidamente y pone el veh\u00edculo en una posici\u00f3n de efecto tijera. Desde all\u00ed, pueden deslizarse hacia adelante y chocar contra los veh\u00edculos que tienen delante, causar que los veh\u00edculos detr\u00e1s de ellos choquen y m\u00e1s.<\/p>\n\n\n\n<h2 class=\"wp-block-heading\">LESIONES COMUNES DESPU\u00c9S DE ACCIDENTES POR EFECTO TIJERA<\/h2>\n\n\n\n<p>En muchos sentidos, un accidente por efecto tijera en Fresno es similar a muchos otros tipos de accidentes, especialmente porque son peligrosos y representan una amenaza seria de lesiones. Al igual que en cualquier accidente, los tipos de lesiones que sufres dependen de un n\u00famero incalculable de variables que hacen que cada colisi\u00f3n sea \u00fanica, pero las siguientes son algunas de las lesiones m\u00e1s comunes representadas en las reclamaciones por accidentes de efecto tijera.<\/p>\n\n\n\n<h3 class=\"wp-block-heading\">FRACTURAS<\/h3>\n\n\n\n<p>Una fractura es un hueso roto, aunque existen malentendidos comunes sobre que son dos tipos de lesiones diferentes. Este tipo de lesiones ocurren cuando el hueso se dobla o se fuerza m\u00e1s all\u00e1 de sus l\u00edmites, y dado que un hueso tiene muy poca elasticidad, causa que las fibras del hueso se rompan. Estas lesiones pueden ser muy dolorosas y, a menudo, requieren un yeso, f\u00e9rula e incluso intervenci\u00f3n m\u00e9dica para sanar adecuadamente.<\/p>\n\n\n\n<h3 class=\"wp-block-heading\">LESIONES CEREBRALES TRAUM\u00c1TICAS<\/h3>\n\n\n\n<p>Una lesi\u00f3n cerebral traum\u00e1tica puede variar en gravedad, desde una conmoci\u00f3n cerebral menor y casi imperceptible hasta un da\u00f1o cerebral permanente e incluso la muerte. Este tipo de lesiones son conocidas como \u00abasesinos silenciosos\u00bb porque muchas veces hay pocos, si es que hay alguno, indicios f\u00edsicos de que la v\u00edctima ha sido lesionada. Los s\u00edntomas comunes incluyen dolores de cabeza, confusi\u00f3n, dificultad para concentrarse, cambios de humor y m\u00e1s. Si sospechas que t\u00fa o alguien que conoces ha sufrido una LCT, es muy importante que esta lesi\u00f3n sea atendida por un profesional m\u00e9dico lo antes posible.<\/p>\n\n\n\n<h3 class=\"wp-block-heading\">LATIGAZO CERVICAL<\/h3>\n\n\n\n<p>El latigazo cervical es uno de los tipos de lesiones m\u00e1s comunes que un v\u00edctima de accidente de tr\u00e1fico enfrenta, simplemente debido a la naturaleza de la lesi\u00f3n. El latigazo cervical ocurre cuando la cabeza se mueve bruscamente hacia adelante, hacia abajo y luego hacia atr\u00e1s en un r\u00e1pido movimiento en \u00abS\u00bb, desgarrando los tejidos blandos, discos y ligamentos en el cuello. En casi todos los casos, el plan de tratamiento para este tipo de lesi\u00f3n es descansar y estabilizar la cabeza hasta que los tejidos y m\u00fasculos puedan repararse.<\/p>\n","protected":false},"excerpt":{"rendered":"<p>Viajar por una carretera en la que circulan camiones comerciales, como camiones de 18 ruedas y semirremolques, puede ser una&#8230;<\/p>\n","protected":false},"author":5,"featured_media":0,"parent":2038,"menu_order":0,"comment_status":"closed","ping_status":"closed","template":"template-practice-area.php","meta":{"footnotes":""},"class_list":["post-2620","page","type-page","status-publish","hentry"],"yoast_head":"<!-- This site is optimized with the Yoast SEO plugin v25.0 - https:\/\/yoast.com\/wordpress\/plugins\/seo\/ -->\n<title>ACCIDENTES POR EFECTO TIJERA | Grossman Law Offices<\/title>\n<meta name=\"robots\" content=\"index, follow, max-snippet:-1, max-image-preview:large, max-video-preview:-1\" \/>\n<link rel=\"canonical\" href=\"https:\/\/personalinjuryattorney-fresno.com\/es\/lesiones-personales\/accidente-de-camion\/accidentes-por-efecto-tijera\/\" \/>\n<meta property=\"og:locale\" content=\"es_ES\" \/>\n<meta property=\"og:type\" content=\"article\" \/>\n<meta property=\"og:title\" content=\"ACCIDENTES POR EFECTO TIJERA | Grossman Law Offices\" \/>\n<meta property=\"og:description\" content=\"Viajar por una carretera en la que circulan camiones comerciales, como camiones de 18 ruedas y semirremolques, puede ser una...\" \/>\n<meta property=\"og:url\" content=\"https:\/\/personalinjuryattorney-fresno.com\/es\/lesiones-personales\/accidente-de-camion\/accidentes-por-efecto-tijera\/\" \/>\n<meta property=\"og:site_name\" content=\"Grossman Law Offices\" \/>\n<meta property=\"article:modified_time\" content=\"2024-07-19T05:13:31+00:00\" \/>\n<meta property=\"og:image\" content=\"https:\/\/personalinjuryattorney-fresno.com\/wp-content\/uploads\/2019\/03\/og-logo.jpg\" \/>\n\t<meta property=\"og:image:width\" content=\"400\" \/>\n\t<meta property=\"og:image:height\" content=\"400\" \/>\n\t<meta property=\"og:image:type\" content=\"image\/jpeg\" \/>\n<meta name=\"twitter:card\" content=\"summary_large_image\" \/>\n<meta name=\"twitter:label1\" content=\"Tiempo de lectura\" \/>\n\t<meta name=\"twitter:data1\" content=\"4 minutos\" \/>\n<script type=\"application\/ld+json\" class=\"yoast-schema-graph\">{\"@context\":\"https:\/\/schema.org\",\"@graph\":[{\"@type\":\"WebPage\",\"@id\":\"https:\/\/personalinjuryattorney-fresno.com\/es\/lesiones-personales\/accidente-de-camion\/accidentes-por-efecto-tijera\/\",\"url\":\"https:\/\/personalinjuryattorney-fresno.com\/es\/lesiones-personales\/accidente-de-camion\/accidentes-por-efecto-tijera\/\",\"name\":\"ACCIDENTES POR EFECTO TIJERA | Grossman Law Offices\",\"isPartOf\":{\"@id\":\"https:\/\/personalinjuryattorney-fresno.com\/es\/#website\"},\"datePublished\":\"2020-04-10T16:01:05+00:00\",\"dateModified\":\"2024-07-19T05:13:31+00:00\",\"breadcrumb\":{\"@id\":\"https:\/\/personalinjuryattorney-fresno.com\/es\/lesiones-personales\/accidente-de-camion\/accidentes-por-efecto-tijera\/#breadcrumb\"},\"inLanguage\":\"es\",\"potentialAction\":[{\"@type\":\"ReadAction\",\"target\":[\"https:\/\/personalinjuryattorney-fresno.com\/es\/lesiones-personales\/accidente-de-camion\/accidentes-por-efecto-tijera\/\"]}]},{\"@type\":\"BreadcrumbList\",\"@id\":\"https:\/\/personalinjuryattorney-fresno.com\/es\/lesiones-personales\/accidente-de-camion\/accidentes-por-efecto-tijera\/#breadcrumb\",\"itemListElement\":[{\"@type\":\"ListItem\",\"position\":1,\"name\":\"Inicio\",\"item\":\"https:\/\/personalinjuryattorney-fresno.com\/es\/\"},{\"@type\":\"ListItem\",\"position\":2,\"name\":\"Lesiones Persona\",\"item\":\"https:\/\/personalinjuryattorney-fresno.com\/es\/lesiones-personales\/\"},{\"@type\":\"ListItem\",\"position\":3,\"name\":\"Accidente de Cami\u00f3n\",\"item\":\"https:\/\/personalinjuryattorney-fresno.com\/es\/lesiones-personales\/accidente-de-camion\/\"},{\"@type\":\"ListItem\",\"position\":4,\"name\":\"ACCIDENTES POR EFECTO TIJERA\"}]},{\"@type\":\"WebSite\",\"@id\":\"https:\/\/personalinjuryattorney-fresno.com\/es\/#website\",\"url\":\"https:\/\/personalinjuryattorney-fresno.com\/es\/\",\"name\":\"Grossman Law Offices\",\"description\":\"Experienced Attorneys Representing Accident Victims Throughout California\",\"potentialAction\":[{\"@type\":\"SearchAction\",\"target\":{\"@type\":\"EntryPoint\",\"urlTemplate\":\"https:\/\/personalinjuryattorney-fresno.com\/es\/?s={search_term_string}\"},\"query-input\":{\"@type\":\"PropertyValueSpecification\",\"valueRequired\":true,\"valueName\":\"search_term_string\"}}],\"inLanguage\":\"es\"}]}<\/script>\n<!-- \/ Yoast SEO plugin. -->","yoast_head_json":{"title":"ACCIDENTES POR EFECTO TIJERA | Grossman Law Offices","robots":{"index":"index","follow":"follow","max-snippet":"max-snippet:-1","max-image-preview":"max-image-preview:large","max-video-preview":"max-video-preview:-1"},"canonical":"https:\/\/personalinjuryattorney-fresno.com\/es\/lesiones-personales\/accidente-de-camion\/accidentes-por-efecto-tijera\/","og_locale":"es_ES","og_type":"article","og_title":"ACCIDENTES POR EFECTO TIJERA | Grossman Law Offices","og_description":"Viajar por una carretera en la que circulan camiones comerciales, como camiones de 18 ruedas y semirremolques, puede ser una...","og_url":"https:\/\/personalinjuryattorney-fresno.com\/es\/lesiones-personales\/accidente-de-camion\/accidentes-por-efecto-tijera\/","og_site_name":"Grossman Law Offices","article_modified_time":"2024-07-19T05:13:31+00:00","og_image":[{"width":400,"height":400,"url":"https:\/\/personalinjuryattorney-fresno.com\/wp-content\/uploads\/2019\/03\/og-logo.jpg","type":"image\/jpeg"}],"twitter_card":"summary_large_image","twitter_misc":{"Tiempo de lectura":"4 minutos"},"schema":{"@context":"https:\/\/schema.org","@graph":[{"@type":"WebPage","@id":"https:\/\/personalinjuryattorney-fresno.com\/es\/lesiones-personales\/accidente-de-camion\/accidentes-por-efecto-tijera\/","url":"https:\/\/personalinjuryattorney-fresno.com\/es\/lesiones-personales\/accidente-de-camion\/accidentes-por-efecto-tijera\/","name":"ACCIDENTES POR EFECTO TIJERA | Grossman Law Offices","isPartOf":{"@id":"https:\/\/personalinjuryattorney-fresno.com\/es\/#website"},"datePublished":"2020-04-10T16:01:05+00:00","dateModified":"2024-07-19T05:13:31+00:00","breadcrumb":{"@id":"https:\/\/personalinjuryattorney-fresno.com\/es\/lesiones-personales\/accidente-de-camion\/accidentes-por-efecto-tijera\/#breadcrumb"},"inLanguage":"es","potentialAction":[{"@type":"ReadAction","target":["https:\/\/personalinjuryattorney-fresno.com\/es\/lesiones-personales\/accidente-de-camion\/accidentes-por-efecto-tijera\/"]}]},{"@type":"BreadcrumbList","@id":"https:\/\/personalinjuryattorney-fresno.com\/es\/lesiones-personales\/accidente-de-camion\/accidentes-por-efecto-tijera\/#breadcrumb","itemListElement":[{"@type":"ListItem","position":1,"name":"Inicio","item":"https:\/\/personalinjuryattorney-fresno.com\/es\/"},{"@type":"ListItem","position":2,"name":"Lesiones Persona","item":"https:\/\/personalinjuryattorney-fresno.com\/es\/lesiones-personales\/"},{"@type":"ListItem","position":3,"name":"Accidente de Cami\u00f3n","item":"https:\/\/personalinjuryattorney-fresno.com\/es\/lesiones-personales\/accidente-de-camion\/"},{"@type":"ListItem","position":4,"name":"ACCIDENTES POR EFECTO TIJERA"}]},{"@type":"WebSite","@id":"https:\/\/personalinjuryattorney-fresno.com\/es\/#website","url":"https:\/\/personalinjuryattorney-fresno.com\/es\/","name":"Grossman Law Offices","description":"Experienced Attorneys Representing Accident Victims Throughout California","potentialAction":[{"@type":"SearchAction","target":{"@type":"EntryPoint","urlTemplate":"https:\/\/personalinjuryattorney-fresno.com\/es\/?s={search_term_string}"},"query-input":{"@type":"PropertyValueSpecification","valueRequired":true,"valueName":"search_term_string"}}],"inLanguage":"es"}]}},"_links":{"self":[{"href":"https:\/\/personalinjuryattorney-fresno.com\/es\/wp-json\/wp\/v2\/pages\/2620","targetHints":{"allow":["GET"]}}],"collection":[{"href":"https:\/\/personalinjuryattorney-fresno.com\/es\/wp-json\/wp\/v2\/pages"}],"about":[{"href":"https:\/\/personalinjuryattorney-fresno.com\/es\/wp-json\/wp\/v2\/types\/page"}],"author":[{"embeddable":true,"href":"https:\/\/personalinjuryattorney-fresno.com\/es\/wp-json\/wp\/v2\/users\/5"}],"replies":[{"embeddable":true,"href":"https:\/\/personalinjuryattorney-fresno.com\/es\/wp-json\/wp\/v2\/comments?post=2620"}],"version-history":[{"count":0,"href":"https:\/\/personalinjuryattorney-fresno.com\/es\/wp-json\/wp\/v2\/pages\/2620\/revisions"}],"up":[{"embeddable":true,"href":"https:\/\/personalinjuryattorney-fresno.com\/es\/wp-json\/wp\/v2\/pages\/2038"}],"wp:attachment":[{"href":"https:\/\/personalinjuryattorney-fresno.com\/es\/wp-json\/wp\/v2\/media?parent=2620"}],"curies":[{"name":"wp","href":"https:\/\/api.w.org\/{rel}","templated":true}]}}