{"id":2616,"date":"2022-08-10T11:58:32","date_gmt":"2022-08-10T11:58:32","guid":{"rendered":"https:\/\/personalinjuryattorney-fresno.com\/?page_id=2616"},"modified":"2024-07-19T04:49:34","modified_gmt":"2024-07-19T04:49:34","slug":"accidentes-por-pavimento-desigual","status":"publish","type":"page","link":"https:\/\/personalinjuryattorney-fresno.com\/es\/lesiones-personales\/accidentes-de-motocicleta\/accidentes-por-pavimento-desigual\/","title":{"rendered":"ACCIDENTES POR PAVIMENTO DESIGUAL"},"content":{"rendered":"\n<p>En 2016, la Administraci\u00f3n Nacional de Seguridad del Tr\u00e1fico en las Carreteras afirm\u00f3 que aproximadamente el 14% de los accidentes de tr\u00e1fico mortales involucraron una motocicleta. Las motocicletas son peque\u00f1as y no ofrecen una barrera protectora como un autom\u00f3vil. Esto significa que los peligros en la carretera, como baches o pavimento desigual, pueden representar un peligro real para los motociclistas.<\/p>\n\n\n\n<p>Si un autom\u00f3vil pasa por un pavimento desigual, causa sacudidas o vibraciones, lo que podr\u00eda resultar en da\u00f1os. Las consecuencias son mucho peores si un motociclista conduce por la misma \u00e1rea. Un accidente de este tipo puede resultar en que los motociclistas sufran heridas graves o incluso la muerte.<\/p>\n\n\n<div class=\"wp-block-image\">\n<figure class=\"aligncenter size-full\"><img loading=\"lazy\" decoding=\"async\" width=\"730\" height=\"487\" src=\"https:\/\/personalinjuryattorney-fresno.com\/wp-content\/uploads\/2023\/12\/how-much-is-a-motorcycle-injury.webp\" alt=\"\" class=\"wp-image-1723\" srcset=\"https:\/\/personalinjuryattorney-fresno.com\/wp-content\/uploads\/2023\/12\/how-much-is-a-motorcycle-injury.webp 730w, https:\/\/personalinjuryattorney-fresno.com\/wp-content\/uploads\/2023\/12\/how-much-is-a-motorcycle-injury-450x300.webp 450w\" sizes=\"auto, (max-width: 730px) 100vw, 730px\" \/><\/figure><\/div>\n\n\n<h2 class=\"wp-block-heading\">LAS CAUSAS M\u00c1S COMUNES DEL PAVIMENTO DESIGUAL<\/h2>\n\n\n\n<p>Independientemente de las precauciones que tome un motociclista, siempre hay una ligera posibilidad de colisionar con peligros en la carretera inesperados o no visibles. Cualquier cambio repentino entre los niveles de la carretera podr\u00eda potencialmente da\u00f1ar a los motociclistas y causar un accidente. Las causas m\u00e1s comunes del pavimento desigual incluyen:<\/p>\n\n\n\n<ul class=\"wp-block-list\">\n<li><strong>Desgaste y deterioro:<\/strong> Las carreteras pueden desmoronarse y debilitarse debido al desgaste normal.<\/li>\n\n\n\n<li><strong>Proyectos de construcci\u00f3n:<\/strong> Las empresas pueden cavar partes de la carretera para colocar una nueva l\u00ednea de acceso o asfalto.<\/li>\n\n\n\n<li><strong>Erosi\u00f3n clim\u00e1tica:<\/strong> El agua puede debilitar el suelo debajo de las calles, por lo que pueden aparecer grietas o empeorar cuando llueve.<\/li>\n\n\n\n<li><strong>Roturas en los bordes:<\/strong> Estas roturas ocurren cuando los carriles adyacentes est\u00e1n a diferentes niveles.<\/li>\n<\/ul>\n\n\n\n<p>Con pavimentos desiguales o escombros en la carretera, no es sorprendente que los motociclistas necesiten un nivel de conciencia aumentado mientras est\u00e1n en la carretera. Un peque\u00f1o error, y podr\u00edas resultar gravemente herido en un accidente de motocicleta. Si eso ocurre, puedes tener derecho a buscar compensaci\u00f3n por tus lesiones y p\u00e9rdidas. Llama a nuestros abogados de lesiones personales en Grossman Law Offices para una consulta gratuita.<\/p>\n\n\n\n<h2 class=\"wp-block-heading\">\u00bfC\u00d3MO IDENTIFICAR QUI\u00c9N TIENE LA CULPA DE TU ACCIDENTE DE MOTOCICLETA?<\/h2>\n\n\n\n<p>Puedes estar involucrado en un accidente de motocicleta causado solo por una carretera mal mantenida. Sin embargo, dependiendo de los hechos de tu accidente de motocicleta, no todo pavimento desigual o bache puede llevar a una posible demanda. La negligencia es dif\u00edcil de analizar y determinar en un caso de accidente por pavimento desigual. En la mayor\u00eda de los casos, importa cu\u00e1nto tiempo estuvo el pavimento desigual, si el gobierno lo hab\u00eda notado y cu\u00e1nto tiempo las autoridades eran conscientes del problema. Por eso es \u00fatil reunirse con un abogado de accidentes de motocicleta en Fresno en Grossman Law Offices. Nuestro equipo legal puede necesitar realizar una investigaci\u00f3n preliminar de tu accidente de motocicleta y sus circunstancias para aprender m\u00e1s sobre el pavimento desigual.<\/p>\n\n\n\n<p>Adem\u00e1s, antes de presentar tu reclamaci\u00f3n por lesiones personales, debes determinar qui\u00e9n es la parte responsable que no mantuvo la carretera en buenas condiciones. Las carreteras son privadas o p\u00fablicas, por lo que las leyes de responsabilidad de locales de California se aplicar\u00e1n si has sido lesionado en una carretera privada. Si el propietario de la carretera no la ha mantenido adecuadamente y te invit\u00f3 a la calle, es posible que puedas presentar una reclamaci\u00f3n por lesiones personales y llevar tu caso a los tribunales.<\/p>\n\n\n\n<p>Por separado, si has sido lesionado en una carretera p\u00fablica, entonces puedes demandar a los gobiernos estatales o locales responsables del mantenimiento de la carretera. Sin embargo, necesitar\u00e1s identificar la agencia adecuada para presentar tu reclamaci\u00f3n de accidente de motocicleta. Por ejemplo, la mayor\u00eda de las agencias gubernamentales contratan a empresas privadas de construcci\u00f3n para encargarse del trabajo en la carretera, por lo que pueden ser responsables de tus lesiones.<\/p>\n\n\n\n<p>En Grossman Law Offices, podemos determinar de qui\u00e9n fue la negligencia que cre\u00f3 un peligro que result\u00f3 en tu accidente y contribuy\u00f3 a tus lesiones. Contacta a nuestro equipo legal para programar una consulta inicial gratuita y una evaluaci\u00f3n de tu caso.<\/p>\n\n\n\n<h2 class=\"wp-block-heading\">\u00bfPOR QU\u00c9 DEBER\u00cdAS CONTACTAR A UN ABOGADO DE LESIONES PERSONALES EN FRESNO?<\/h2>\n\n\n\n<p>Cuando te lesionas en un accidente de motocicleta debido a un pavimento desigual, la lucha por recuperar la compensaci\u00f3n monetaria puede ser insoportable. Aunque como motociclista puedes experimentar mucha libertad en la carretera, esa libertad a menudo viene con un peligro a\u00f1adido. Si fuiste herido en un accidente de motocicleta, podr\u00edas ser elegible para buscar compensaci\u00f3n por tus p\u00e9rdidas y lesiones. No tienes que luchar por tus derechos solo. Un abogado de accidentes de motocicleta en Fresno de Grossman Law Offices puede trabajar para responsabilizar a la parte culpable mientras t\u00fa te enfocas en tu recuperaci\u00f3n.<\/p>\n\n\n\n<p>Cuando contactes a Grossman Law Offices, podemos comenzar a investigar las causas de tu accidente de motocicleta, determinar las partes responsables, abogar en tu nombre y, si es necesario, luchar por tu compensaci\u00f3n en un juicio. Es recomendable tener un abogado experimentado en lesiones personales en Fresno a tu lado. Puedes comunicarte con nosotros llamando al (866) 982-5094.<\/p>\n","protected":false},"excerpt":{"rendered":"<p>En 2016, la Administraci\u00f3n Nacional de Seguridad del Tr\u00e1fico en las Carreteras afirm\u00f3 que aproximadamente el 14% de los accidentes&#8230;<\/p>\n","protected":false},"author":5,"featured_media":0,"parent":2022,"menu_order":0,"comment_status":"closed","ping_status":"closed","template":"template-practice-area.php","meta":{"footnotes":""},"class_list":["post-2616","page","type-page","status-publish","hentry"],"yoast_head":"<!-- This site is optimized with the Yoast SEO plugin v25.0 - https:\/\/yoast.com\/wordpress\/plugins\/seo\/ -->\n<title>ACCIDENTES POR PAVIMENTO DESIGUAL | Grossman Law Offices<\/title>\n<meta name=\"robots\" content=\"index, follow, max-snippet:-1, max-image-preview:large, max-video-preview:-1\" \/>\n<link rel=\"canonical\" href=\"https:\/\/personalinjuryattorney-fresno.com\/es\/lesiones-personales\/accidentes-de-motocicleta\/accidentes-por-pavimento-desigual\/\" \/>\n<meta property=\"og:locale\" content=\"es_ES\" \/>\n<meta property=\"og:type\" content=\"article\" \/>\n<meta property=\"og:title\" content=\"ACCIDENTES POR PAVIMENTO DESIGUAL | Grossman Law Offices\" \/>\n<meta property=\"og:description\" content=\"En 2016, la Administraci\u00f3n Nacional de Seguridad del Tr\u00e1fico en las Carreteras afirm\u00f3 que aproximadamente el 14% de los accidentes...\" \/>\n<meta property=\"og:url\" content=\"https:\/\/personalinjuryattorney-fresno.com\/es\/lesiones-personales\/accidentes-de-motocicleta\/accidentes-por-pavimento-desigual\/\" \/>\n<meta property=\"og:site_name\" content=\"Grossman Law Offices\" \/>\n<meta property=\"article:modified_time\" content=\"2024-07-19T04:49:34+00:00\" \/>\n<meta property=\"og:image\" content=\"https:\/\/personalinjuryattorney-fresno.com\/wp-content\/uploads\/2023\/12\/how-much-is-a-motorcycle-injury.webp\" \/>\n<meta name=\"twitter:card\" content=\"summary_large_image\" \/>\n<meta name=\"twitter:label1\" content=\"Tiempo de lectura\" \/>\n\t<meta name=\"twitter:data1\" content=\"4 minutos\" \/>\n<script type=\"application\/ld+json\" class=\"yoast-schema-graph\">{\"@context\":\"https:\/\/schema.org\",\"@graph\":[{\"@type\":\"WebPage\",\"@id\":\"https:\/\/personalinjuryattorney-fresno.com\/es\/lesiones-personales\/accidentes-de-motocicleta\/accidentes-por-pavimento-desigual\/\",\"url\":\"https:\/\/personalinjuryattorney-fresno.com\/es\/lesiones-personales\/accidentes-de-motocicleta\/accidentes-por-pavimento-desigual\/\",\"name\":\"ACCIDENTES POR PAVIMENTO DESIGUAL | Grossman Law Offices\",\"isPartOf\":{\"@id\":\"https:\/\/personalinjuryattorney-fresno.com\/es\/#website\"},\"primaryImageOfPage\":{\"@id\":\"https:\/\/personalinjuryattorney-fresno.com\/es\/lesiones-personales\/accidentes-de-motocicleta\/accidentes-por-pavimento-desigual\/#primaryimage\"},\"image\":{\"@id\":\"https:\/\/personalinjuryattorney-fresno.com\/es\/lesiones-personales\/accidentes-de-motocicleta\/accidentes-por-pavimento-desigual\/#primaryimage\"},\"thumbnailUrl\":\"https:\/\/personalinjuryattorney-fresno.com\/wp-content\/uploads\/2023\/12\/how-much-is-a-motorcycle-injury.webp\",\"datePublished\":\"2022-08-10T11:58:32+00:00\",\"dateModified\":\"2024-07-19T04:49:34+00:00\",\"breadcrumb\":{\"@id\":\"https:\/\/personalinjuryattorney-fresno.com\/es\/lesiones-personales\/accidentes-de-motocicleta\/accidentes-por-pavimento-desigual\/#breadcrumb\"},\"inLanguage\":\"es\",\"potentialAction\":[{\"@type\":\"ReadAction\",\"target\":[\"https:\/\/personalinjuryattorney-fresno.com\/es\/lesiones-personales\/accidentes-de-motocicleta\/accidentes-por-pavimento-desigual\/\"]}]},{\"@type\":\"ImageObject\",\"inLanguage\":\"es\",\"@id\":\"https:\/\/personalinjuryattorney-fresno.com\/es\/lesiones-personales\/accidentes-de-motocicleta\/accidentes-por-pavimento-desigual\/#primaryimage\",\"url\":\"https:\/\/personalinjuryattorney-fresno.com\/wp-content\/uploads\/2023\/12\/how-much-is-a-motorcycle-injury.webp\",\"contentUrl\":\"https:\/\/personalinjuryattorney-fresno.com\/wp-content\/uploads\/2023\/12\/how-much-is-a-motorcycle-injury.webp\"},{\"@type\":\"BreadcrumbList\",\"@id\":\"https:\/\/personalinjuryattorney-fresno.com\/es\/lesiones-personales\/accidentes-de-motocicleta\/accidentes-por-pavimento-desigual\/#breadcrumb\",\"itemListElement\":[{\"@type\":\"ListItem\",\"position\":1,\"name\":\"Inicio\",\"item\":\"https:\/\/personalinjuryattorney-fresno.com\/es\/\"},{\"@type\":\"ListItem\",\"position\":2,\"name\":\"Lesiones Persona\",\"item\":\"https:\/\/personalinjuryattorney-fresno.com\/es\/lesiones-personales\/\"},{\"@type\":\"ListItem\",\"position\":3,\"name\":\"Accidentes de Motocicleta\",\"item\":\"https:\/\/personalinjuryattorney-fresno.com\/es\/lesiones-personales\/accidentes-de-motocicleta\/\"},{\"@type\":\"ListItem\",\"position\":4,\"name\":\"ACCIDENTES POR PAVIMENTO DESIGUAL\"}]},{\"@type\":\"WebSite\",\"@id\":\"https:\/\/personalinjuryattorney-fresno.com\/es\/#website\",\"url\":\"https:\/\/personalinjuryattorney-fresno.com\/es\/\",\"name\":\"Grossman Law Offices\",\"description\":\"Experienced Attorneys Representing Accident Victims Throughout California\",\"potentialAction\":[{\"@type\":\"SearchAction\",\"target\":{\"@type\":\"EntryPoint\",\"urlTemplate\":\"https:\/\/personalinjuryattorney-fresno.com\/es\/?s={search_term_string}\"},\"query-input\":{\"@type\":\"PropertyValueSpecification\",\"valueRequired\":true,\"valueName\":\"search_term_string\"}}],\"inLanguage\":\"es\"}]}<\/script>\n<!-- \/ Yoast SEO plugin. -->","yoast_head_json":{"title":"ACCIDENTES POR PAVIMENTO DESIGUAL | Grossman Law Offices","robots":{"index":"index","follow":"follow","max-snippet":"max-snippet:-1","max-image-preview":"max-image-preview:large","max-video-preview":"max-video-preview:-1"},"canonical":"https:\/\/personalinjuryattorney-fresno.com\/es\/lesiones-personales\/accidentes-de-motocicleta\/accidentes-por-pavimento-desigual\/","og_locale":"es_ES","og_type":"article","og_title":"ACCIDENTES POR PAVIMENTO DESIGUAL | Grossman Law Offices","og_description":"En 2016, la Administraci\u00f3n Nacional de Seguridad del Tr\u00e1fico en las Carreteras afirm\u00f3 que aproximadamente el 14% de los accidentes...","og_url":"https:\/\/personalinjuryattorney-fresno.com\/es\/lesiones-personales\/accidentes-de-motocicleta\/accidentes-por-pavimento-desigual\/","og_site_name":"Grossman Law Offices","article_modified_time":"2024-07-19T04:49:34+00:00","og_image":[{"url":"https:\/\/personalinjuryattorney-fresno.com\/wp-content\/uploads\/2023\/12\/how-much-is-a-motorcycle-injury.webp","type":"","width":"","height":""}],"twitter_card":"summary_large_image","twitter_misc":{"Tiempo de lectura":"4 minutos"},"schema":{"@context":"https:\/\/schema.org","@graph":[{"@type":"WebPage","@id":"https:\/\/personalinjuryattorney-fresno.com\/es\/lesiones-personales\/accidentes-de-motocicleta\/accidentes-por-pavimento-desigual\/","url":"https:\/\/personalinjuryattorney-fresno.com\/es\/lesiones-personales\/accidentes-de-motocicleta\/accidentes-por-pavimento-desigual\/","name":"ACCIDENTES POR PAVIMENTO DESIGUAL | Grossman Law Offices","isPartOf":{"@id":"https:\/\/personalinjuryattorney-fresno.com\/es\/#website"},"primaryImageOfPage":{"@id":"https:\/\/personalinjuryattorney-fresno.com\/es\/lesiones-personales\/accidentes-de-motocicleta\/accidentes-por-pavimento-desigual\/#primaryimage"},"image":{"@id":"https:\/\/personalinjuryattorney-fresno.com\/es\/lesiones-personales\/accidentes-de-motocicleta\/accidentes-por-pavimento-desigual\/#primaryimage"},"thumbnailUrl":"https:\/\/personalinjuryattorney-fresno.com\/wp-content\/uploads\/2023\/12\/how-much-is-a-motorcycle-injury.webp","datePublished":"2022-08-10T11:58:32+00:00","dateModified":"2024-07-19T04:49:34+00:00","breadcrumb":{"@id":"https:\/\/personalinjuryattorney-fresno.com\/es\/lesiones-personales\/accidentes-de-motocicleta\/accidentes-por-pavimento-desigual\/#breadcrumb"},"inLanguage":"es","potentialAction":[{"@type":"ReadAction","target":["https:\/\/personalinjuryattorney-fresno.com\/es\/lesiones-personales\/accidentes-de-motocicleta\/accidentes-por-pavimento-desigual\/"]}]},{"@type":"ImageObject","inLanguage":"es","@id":"https:\/\/personalinjuryattorney-fresno.com\/es\/lesiones-personales\/accidentes-de-motocicleta\/accidentes-por-pavimento-desigual\/#primaryimage","url":"https:\/\/personalinjuryattorney-fresno.com\/wp-content\/uploads\/2023\/12\/how-much-is-a-motorcycle-injury.webp","contentUrl":"https:\/\/personalinjuryattorney-fresno.com\/wp-content\/uploads\/2023\/12\/how-much-is-a-motorcycle-injury.webp"},{"@type":"BreadcrumbList","@id":"https:\/\/personalinjuryattorney-fresno.com\/es\/lesiones-personales\/accidentes-de-motocicleta\/accidentes-por-pavimento-desigual\/#breadcrumb","itemListElement":[{"@type":"ListItem","position":1,"name":"Inicio","item":"https:\/\/personalinjuryattorney-fresno.com\/es\/"},{"@type":"ListItem","position":2,"name":"Lesiones Persona","item":"https:\/\/personalinjuryattorney-fresno.com\/es\/lesiones-personales\/"},{"@type":"ListItem","position":3,"name":"Accidentes de Motocicleta","item":"https:\/\/personalinjuryattorney-fresno.com\/es\/lesiones-personales\/accidentes-de-motocicleta\/"},{"@type":"ListItem","position":4,"name":"ACCIDENTES POR PAVIMENTO DESIGUAL"}]},{"@type":"WebSite","@id":"https:\/\/personalinjuryattorney-fresno.com\/es\/#website","url":"https:\/\/personalinjuryattorney-fresno.com\/es\/","name":"Grossman Law Offices","description":"Experienced Attorneys Representing Accident Victims Throughout California","potentialAction":[{"@type":"SearchAction","target":{"@type":"EntryPoint","urlTemplate":"https:\/\/personalinjuryattorney-fresno.com\/es\/?s={search_term_string}"},"query-input":{"@type":"PropertyValueSpecification","valueRequired":true,"valueName":"search_term_string"}}],"inLanguage":"es"}]}},"_links":{"self":[{"href":"https:\/\/personalinjuryattorney-fresno.com\/es\/wp-json\/wp\/v2\/pages\/2616","targetHints":{"allow":["GET"]}}],"collection":[{"href":"https:\/\/personalinjuryattorney-fresno.com\/es\/wp-json\/wp\/v2\/pages"}],"about":[{"href":"https:\/\/personalinjuryattorney-fresno.com\/es\/wp-json\/wp\/v2\/types\/page"}],"author":[{"embeddable":true,"href":"https:\/\/personalinjuryattorney-fresno.com\/es\/wp-json\/wp\/v2\/users\/5"}],"replies":[{"embeddable":true,"href":"https:\/\/personalinjuryattorney-fresno.com\/es\/wp-json\/wp\/v2\/comments?post=2616"}],"version-history":[{"count":0,"href":"https:\/\/personalinjuryattorney-fresno.com\/es\/wp-json\/wp\/v2\/pages\/2616\/revisions"}],"up":[{"embeddable":true,"href":"https:\/\/personalinjuryattorney-fresno.com\/es\/wp-json\/wp\/v2\/pages\/2022"}],"wp:attachment":[{"href":"https:\/\/personalinjuryattorney-fresno.com\/es\/wp-json\/wp\/v2\/media?parent=2616"}],"curies":[{"name":"wp","href":"https:\/\/api.w.org\/{rel}","templated":true}]}}