{"id":2615,"date":"2022-08-10T12:01:48","date_gmt":"2022-08-10T12:01:48","guid":{"rendered":"https:\/\/personalinjuryattorney-fresno.com\/?page_id=2615"},"modified":"2024-07-19T04:45:12","modified_gmt":"2024-07-19T04:45:12","slug":"accidentes-por-baches","status":"publish","type":"page","link":"https:\/\/personalinjuryattorney-fresno.com\/es\/lesiones-personales\/accidentes-de-motocicleta\/accidentes-por-baches\/","title":{"rendered":"Accidentes por Baches"},"content":{"rendered":"\n<p>Los baches son una vista familiar en nuestras carreteras, pero esto no significa que sean menos peligrosos para motociclistas y pasajeros. Pueden formarse debido al desgaste, el agua, las bajas temperaturas o el calor excesivo. Desafortunadamente, los baches pueden causar da\u00f1os a los veh\u00edculos y provocar lesiones graves para todos los automovilistas. Sin embargo, los motociclistas son los m\u00e1s vulnerables a estos peligros en la carretera. Debido al tama\u00f1o y dise\u00f1o de una motocicleta, los conductores tienen m\u00e1s probabilidades de perder el control despu\u00e9s de golpear un bache, lo que puede hacer que se volteen o se desv\u00eden hacia el tr\u00e1fico.<\/p>\n\n\n\n<p>Los baches pueden causar da\u00f1os a los veh\u00edculos por cientos e incluso miles de d\u00f3lares. El sesenta y tres por ciento de los estadounidenses no tienen el dinero para pagar estas reparaciones. Seg\u00fan la Comisi\u00f3n Nacional de Pol\u00edtica y Estudio de Ingresos de Transporte por Superficie del Congreso de los Estados Unidos, se requiere una inversi\u00f3n anual de $185 mil millones por a\u00f1o de todos los niveles de gobierno para mantener las carreteras, puentes y autopistas del pa\u00eds.<\/p>\n\n\n\n<h2 class=\"wp-block-heading\">\u00bfY SI UN BACHE CAUS\u00d3 TU ACCIDENTE DE MOTOCICLETA?<\/h2>\n\n\n\n<p>Las calles y carreteras mal mantenidas provocan muchos accidentes cada a\u00f1o. Si eres arrojado de tu motocicleta debido a un bache, puedes sufrir lesiones graves, desfiguraci\u00f3n o incluso la muerte. Si bien el gobierno federal, estatal y local es responsable de planificar, construir y mantener las carreteras estadounidenses, puede resultar complicado determinar qui\u00e9n es responsable de tu accidente de motocicleta.<\/p>\n\n\n\n<p>Si resultaste herido en un accidente por bache en el \u00e1rea de Fresno, es posible que puedas presentar una demanda por lesiones personales contra el municipio a cargo de esa carretera. Sin embargo, responsabilizar a las entidades gubernamentales por tus da\u00f1os e lesiones puede ser dif\u00edcil. Primero, debes determinar si la agencia gubernamental sab\u00eda del bache y no advirti\u00f3 a los conductores y motociclistas sobre los problemas o repar\u00f3 el bache.<\/p>\n\n\n\n<p>En Grossman Law Offices, podemos ayudarte a responsabilizar a la parte que caus\u00f3 tu accidente. Podemos ayudarte a buscar dinero para tus da\u00f1os y p\u00e9rdidas investigando qui\u00e9n estaba a cargo de la carretera cuando ocurri\u00f3 tu accidente de motocicleta. Un abogado de lesiones personales en Fresno en Grossman Law Offices puede investigar tu accidente, determinar la responsabilidad y manejar las negociaciones para recuperar una compensaci\u00f3n justa. Cont\u00e1ctanos hoy mismo. Independientemente de la causa de tu accidente de motocicleta, estamos aqu\u00ed para ti.<\/p>\n\n\n\n<h2 class=\"wp-block-heading\">CONSEJOS DE SEGURIDAD PARA BACHES<\/h2>\n\n\n\n<p>Los baches tienden a pasar desapercibidos hasta que es demasiado tarde. No parecer\u00e1n diferentes a charcos ordinarios si est\u00e1n llenos de agua. Por la noche, suelen ser dif\u00edciles de ver. Puedes golpear un bache a plena luz del d\u00eda porque el tr\u00e1fico puede ser demasiado intenso para esquivarlo. Sin embargo, debes considerar los siguientes consejos de seguridad mientras est\u00e1s en la carretera:<\/p>\n\n\n\n<ul class=\"wp-block-list\">\n<li>Mant\u00e9n siempre una distancia segura para ver y reaccionar ante un bache. Si sigues a camiones grandes, es mejor mantenerse a\u00fan m\u00e1s alejado.<\/li>\n\n\n\n<li>Reduce la velocidad en las esquinas. Tu vista puede estar limitada en las curvas, lo que te impide ver los baches que se avecinan.<\/li>\n\n\n\n<li>Presta atenci\u00f3n a los autom\u00f3viles y camiones que van delante de ti. Si el tr\u00e1fico est\u00e1 esquivando algo adelante, esto puede ser una se\u00f1al de un obst\u00e1culo, pavimento irregular o un bache. Tambi\u00e9n puedes notar si un auto pasa sobre un bache juzgando por su movimiento hacia arriba y hacia abajo.<\/li>\n\n\n\n<li>Reporta baches y peligros en la carretera al Departamento de Transporte de California para que puedan ser reparados.<\/li>\n\n\n\n<li>Ten cuidado con los charcos<\/li>\n<\/ul>\n\n\n\n<p>La gravedad de los baches puede variar mucho. Algunos baches pueden ser relativamente poco profundos, pero los m\u00e1s profundos y grandes pueden da\u00f1ar gravemente tu motocicleta y a ti mismo. Incluso si puedes recuperar el control de tu motocicleta y no golpear otros objetos, es posible que a\u00fan debas manejar lesiones causadas por el impacto con el bache en s\u00ed mismo.<\/p>\n\n\n\n<p>Entendemos lo graves que pueden ser estos accidentes de motocicleta, as\u00ed que queremos ayudarte a buscar la compensaci\u00f3n que mereces. Habla con un abogado de accidentes de motocicleta de Grossman Law Offices hoy mismo y agenda tu consulta gratuita.<\/p>\n\n\n\n<h2 class=\"wp-block-heading\">\u00bfNECESITAS AYUDA LEGAL? CONTACTA GROSSMAN LAW OFFICES<\/h2>\n\n\n\n<p>Cualquier persona que haya contribuido a tu accidente de motocicleta puede ser considerada responsable de tus p\u00e9rdidas y lesiones. Si has resultado herido en un accidente de motocicleta debido a un bache en Fresno o en \u00e1reas circundantes, contacta a Grossman Law Offices hoy mismo y programa una consulta gratuita. Puede ser dif\u00edcil navegar un caso complicado de accidente de motocicleta por tu cuenta mientras te enfocas en recuperarte de tus lesiones. Pero m\u00e1s que eso, no tienes que luchar por tus derechos solo. Contacta a un abogado de accidentes de motocicleta en Fresno lo antes posible.<\/p>\n","protected":false},"excerpt":{"rendered":"<p>Los baches son una vista familiar en nuestras carreteras, pero esto no significa que sean menos peligrosos para motociclistas y&#8230;<\/p>\n","protected":false},"author":5,"featured_media":0,"parent":2022,"menu_order":0,"comment_status":"closed","ping_status":"closed","template":"template-practice-area.php","meta":{"footnotes":""},"class_list":["post-2615","page","type-page","status-publish","hentry"],"yoast_head":"<!-- This site is optimized with the Yoast SEO plugin v25.0 - https:\/\/yoast.com\/wordpress\/plugins\/seo\/ -->\n<title>Accidentes por Baches | Grossman Law Offices<\/title>\n<meta name=\"robots\" content=\"index, follow, max-snippet:-1, max-image-preview:large, max-video-preview:-1\" \/>\n<link rel=\"canonical\" href=\"https:\/\/personalinjuryattorney-fresno.com\/es\/lesiones-personales\/accidentes-de-motocicleta\/accidentes-por-baches\/\" \/>\n<meta property=\"og:locale\" content=\"es_ES\" \/>\n<meta property=\"og:type\" content=\"article\" \/>\n<meta property=\"og:title\" content=\"Accidentes por Baches | Grossman Law Offices\" \/>\n<meta property=\"og:description\" content=\"Los baches son una vista familiar en nuestras carreteras, pero esto no significa que sean menos peligrosos para motociclistas y...\" \/>\n<meta property=\"og:url\" content=\"https:\/\/personalinjuryattorney-fresno.com\/es\/lesiones-personales\/accidentes-de-motocicleta\/accidentes-por-baches\/\" \/>\n<meta property=\"og:site_name\" content=\"Grossman Law Offices\" \/>\n<meta property=\"article:modified_time\" content=\"2024-07-19T04:45:12+00:00\" \/>\n<meta property=\"og:image\" content=\"https:\/\/personalinjuryattorney-fresno.com\/wp-content\/uploads\/2019\/03\/og-logo.jpg\" \/>\n\t<meta property=\"og:image:width\" content=\"400\" \/>\n\t<meta property=\"og:image:height\" content=\"400\" \/>\n\t<meta property=\"og:image:type\" content=\"image\/jpeg\" \/>\n<meta name=\"twitter:card\" content=\"summary_large_image\" \/>\n<meta name=\"twitter:label1\" content=\"Tiempo de lectura\" \/>\n\t<meta name=\"twitter:data1\" content=\"4 minutos\" \/>\n<script type=\"application\/ld+json\" class=\"yoast-schema-graph\">{\"@context\":\"https:\/\/schema.org\",\"@graph\":[{\"@type\":\"WebPage\",\"@id\":\"https:\/\/personalinjuryattorney-fresno.com\/es\/lesiones-personales\/accidentes-de-motocicleta\/accidentes-por-baches\/\",\"url\":\"https:\/\/personalinjuryattorney-fresno.com\/es\/lesiones-personales\/accidentes-de-motocicleta\/accidentes-por-baches\/\",\"name\":\"Accidentes por Baches | Grossman Law Offices\",\"isPartOf\":{\"@id\":\"https:\/\/personalinjuryattorney-fresno.com\/es\/#website\"},\"datePublished\":\"2022-08-10T12:01:48+00:00\",\"dateModified\":\"2024-07-19T04:45:12+00:00\",\"breadcrumb\":{\"@id\":\"https:\/\/personalinjuryattorney-fresno.com\/es\/lesiones-personales\/accidentes-de-motocicleta\/accidentes-por-baches\/#breadcrumb\"},\"inLanguage\":\"es\",\"potentialAction\":[{\"@type\":\"ReadAction\",\"target\":[\"https:\/\/personalinjuryattorney-fresno.com\/es\/lesiones-personales\/accidentes-de-motocicleta\/accidentes-por-baches\/\"]}]},{\"@type\":\"BreadcrumbList\",\"@id\":\"https:\/\/personalinjuryattorney-fresno.com\/es\/lesiones-personales\/accidentes-de-motocicleta\/accidentes-por-baches\/#breadcrumb\",\"itemListElement\":[{\"@type\":\"ListItem\",\"position\":1,\"name\":\"Inicio\",\"item\":\"https:\/\/personalinjuryattorney-fresno.com\/es\/\"},{\"@type\":\"ListItem\",\"position\":2,\"name\":\"Lesiones Persona\",\"item\":\"https:\/\/personalinjuryattorney-fresno.com\/es\/lesiones-personales\/\"},{\"@type\":\"ListItem\",\"position\":3,\"name\":\"Accidentes de Motocicleta\",\"item\":\"https:\/\/personalinjuryattorney-fresno.com\/es\/lesiones-personales\/accidentes-de-motocicleta\/\"},{\"@type\":\"ListItem\",\"position\":4,\"name\":\"Accidentes por Baches\"}]},{\"@type\":\"WebSite\",\"@id\":\"https:\/\/personalinjuryattorney-fresno.com\/es\/#website\",\"url\":\"https:\/\/personalinjuryattorney-fresno.com\/es\/\",\"name\":\"Grossman Law Offices\",\"description\":\"Experienced Attorneys Representing Accident Victims Throughout California\",\"potentialAction\":[{\"@type\":\"SearchAction\",\"target\":{\"@type\":\"EntryPoint\",\"urlTemplate\":\"https:\/\/personalinjuryattorney-fresno.com\/es\/?s={search_term_string}\"},\"query-input\":{\"@type\":\"PropertyValueSpecification\",\"valueRequired\":true,\"valueName\":\"search_term_string\"}}],\"inLanguage\":\"es\"}]}<\/script>\n<!-- \/ Yoast SEO plugin. -->","yoast_head_json":{"title":"Accidentes por Baches | Grossman Law Offices","robots":{"index":"index","follow":"follow","max-snippet":"max-snippet:-1","max-image-preview":"max-image-preview:large","max-video-preview":"max-video-preview:-1"},"canonical":"https:\/\/personalinjuryattorney-fresno.com\/es\/lesiones-personales\/accidentes-de-motocicleta\/accidentes-por-baches\/","og_locale":"es_ES","og_type":"article","og_title":"Accidentes por Baches | Grossman Law Offices","og_description":"Los baches son una vista familiar en nuestras carreteras, pero esto no significa que sean menos peligrosos para motociclistas y...","og_url":"https:\/\/personalinjuryattorney-fresno.com\/es\/lesiones-personales\/accidentes-de-motocicleta\/accidentes-por-baches\/","og_site_name":"Grossman Law Offices","article_modified_time":"2024-07-19T04:45:12+00:00","og_image":[{"width":400,"height":400,"url":"https:\/\/personalinjuryattorney-fresno.com\/wp-content\/uploads\/2019\/03\/og-logo.jpg","type":"image\/jpeg"}],"twitter_card":"summary_large_image","twitter_misc":{"Tiempo de lectura":"4 minutos"},"schema":{"@context":"https:\/\/schema.org","@graph":[{"@type":"WebPage","@id":"https:\/\/personalinjuryattorney-fresno.com\/es\/lesiones-personales\/accidentes-de-motocicleta\/accidentes-por-baches\/","url":"https:\/\/personalinjuryattorney-fresno.com\/es\/lesiones-personales\/accidentes-de-motocicleta\/accidentes-por-baches\/","name":"Accidentes por Baches | Grossman Law Offices","isPartOf":{"@id":"https:\/\/personalinjuryattorney-fresno.com\/es\/#website"},"datePublished":"2022-08-10T12:01:48+00:00","dateModified":"2024-07-19T04:45:12+00:00","breadcrumb":{"@id":"https:\/\/personalinjuryattorney-fresno.com\/es\/lesiones-personales\/accidentes-de-motocicleta\/accidentes-por-baches\/#breadcrumb"},"inLanguage":"es","potentialAction":[{"@type":"ReadAction","target":["https:\/\/personalinjuryattorney-fresno.com\/es\/lesiones-personales\/accidentes-de-motocicleta\/accidentes-por-baches\/"]}]},{"@type":"BreadcrumbList","@id":"https:\/\/personalinjuryattorney-fresno.com\/es\/lesiones-personales\/accidentes-de-motocicleta\/accidentes-por-baches\/#breadcrumb","itemListElement":[{"@type":"ListItem","position":1,"name":"Inicio","item":"https:\/\/personalinjuryattorney-fresno.com\/es\/"},{"@type":"ListItem","position":2,"name":"Lesiones Persona","item":"https:\/\/personalinjuryattorney-fresno.com\/es\/lesiones-personales\/"},{"@type":"ListItem","position":3,"name":"Accidentes de Motocicleta","item":"https:\/\/personalinjuryattorney-fresno.com\/es\/lesiones-personales\/accidentes-de-motocicleta\/"},{"@type":"ListItem","position":4,"name":"Accidentes por Baches"}]},{"@type":"WebSite","@id":"https:\/\/personalinjuryattorney-fresno.com\/es\/#website","url":"https:\/\/personalinjuryattorney-fresno.com\/es\/","name":"Grossman Law Offices","description":"Experienced Attorneys Representing Accident Victims Throughout California","potentialAction":[{"@type":"SearchAction","target":{"@type":"EntryPoint","urlTemplate":"https:\/\/personalinjuryattorney-fresno.com\/es\/?s={search_term_string}"},"query-input":{"@type":"PropertyValueSpecification","valueRequired":true,"valueName":"search_term_string"}}],"inLanguage":"es"}]}},"_links":{"self":[{"href":"https:\/\/personalinjuryattorney-fresno.com\/es\/wp-json\/wp\/v2\/pages\/2615","targetHints":{"allow":["GET"]}}],"collection":[{"href":"https:\/\/personalinjuryattorney-fresno.com\/es\/wp-json\/wp\/v2\/pages"}],"about":[{"href":"https:\/\/personalinjuryattorney-fresno.com\/es\/wp-json\/wp\/v2\/types\/page"}],"author":[{"embeddable":true,"href":"https:\/\/personalinjuryattorney-fresno.com\/es\/wp-json\/wp\/v2\/users\/5"}],"replies":[{"embeddable":true,"href":"https:\/\/personalinjuryattorney-fresno.com\/es\/wp-json\/wp\/v2\/comments?post=2615"}],"version-history":[{"count":0,"href":"https:\/\/personalinjuryattorney-fresno.com\/es\/wp-json\/wp\/v2\/pages\/2615\/revisions"}],"up":[{"embeddable":true,"href":"https:\/\/personalinjuryattorney-fresno.com\/es\/wp-json\/wp\/v2\/pages\/2022"}],"wp:attachment":[{"href":"https:\/\/personalinjuryattorney-fresno.com\/es\/wp-json\/wp\/v2\/media?parent=2615"}],"curies":[{"name":"wp","href":"https:\/\/api.w.org\/{rel}","templated":true}]}}