{"id":2608,"date":"2024-10-05T04:53:00","date_gmt":"2024-10-05T04:53:00","guid":{"rendered":"https:\/\/personalinjuryattorney-fresno.com\/?page_id=2608"},"modified":"2024-07-18T11:37:55","modified_gmt":"2024-07-18T11:37:55","slug":"objetos-que-caen","status":"publish","type":"page","link":"https:\/\/personalinjuryattorney-fresno.com\/es\/lesiones-personales\/accidentes-de-construccio\/objetos-que-caen\/","title":{"rendered":"OBJETOS QUE CAEN"},"content":{"rendered":"\n<p>Las ca\u00eddas desde lugares altos como cerchas de techos, vigas de acero y andamios pueden causar moretones, fracturas, esguinces y torceduras, pero incluso objetos m\u00e1s peque\u00f1os como sujetadores y herramientas de mano pueden causar lesiones. Los trabajadores de la construcci\u00f3n y sus empleadores deben aplicar precauciones f\u00edsicas y de procedimiento para prevenir la ca\u00edda de objetos.<\/p>\n\n\n\n<p>California es un estado sin culpa para la Compensaci\u00f3n de Trabajadores, por lo que incluso si el empleado de la construcci\u00f3n tiene la culpa del accidente por ca\u00edda de objetos, sus beneficios est\u00e1n cubiertos. Sin embargo, a cambio de los beneficios sin culpa, los empleados renuncian a su derecho de presentar una demanda civil contra su empleador. Cuando tengas preguntas sobre tu accidente por objetos que caen, llama a Grossman Law Offices al (866) 982-5094. Investigamos a fondo tu reclamo y luchamos para obtener la m\u00e1xima compensaci\u00f3n de todas las partes responsables.<\/p>\n\n\n\n<h2 class=\"wp-block-heading\">\u00bfCU\u00c1LES SON LOS OBJETOS QUE CAEN M\u00c1S COMUNES?<\/h2>\n\n\n\n<p>La Administraci\u00f3n de Seguridad y Salud Ocupacional (OSHA) informa que los objetos que caen m\u00e1s comunes que causan lesiones a los trabajadores de la construcci\u00f3n incluyen, pero no se limitan a:<\/p>\n\n\n\n<ul class=\"wp-block-list\">\n<li>Ladrillos<\/li>\n\n\n\n<li>Tuber\u00edas<\/li>\n\n\n\n<li>Vidrio<\/li>\n\n\n\n<li>Madera<\/li>\n\n\n\n<li>Concreto<\/li>\n\n\n\n<li>Marcos de puertas<\/li>\n\n\n\n<li>Puertas<\/li>\n\n\n\n<li>Paredes<\/li>\n<\/ul>\n\n\n\n<h2 class=\"wp-block-heading\">LESIONES COMUNES CAUSADAS POR OBJETOS QUE CAEN<\/h2>\n\n\n\n<p>Aunque no hay dos lesiones por objetos que caen iguales, algunas lesiones comunes son causadas cuando los objetos caen desde gran altura sobre los trabajadores abajo.<\/p>\n\n\n\n<figure class=\"wp-block-image size-large\"><img loading=\"lazy\" decoding=\"async\" width=\"1110\" height=\"740\" src=\"https:\/\/personalinjuryattorney-fresno.com\/wp-content\/uploads\/2022\/10\/shutterstock_1320604343-min-1110x740.jpg\" alt=\"Common Injuries Caused By Falling Objects\" class=\"wp-image-1428\" srcset=\"https:\/\/personalinjuryattorney-fresno.com\/wp-content\/uploads\/2022\/10\/shutterstock_1320604343-min-1110x740.jpg 1110w, https:\/\/personalinjuryattorney-fresno.com\/wp-content\/uploads\/2022\/10\/shutterstock_1320604343-min-450x300.jpg 450w, https:\/\/personalinjuryattorney-fresno.com\/wp-content\/uploads\/2022\/10\/shutterstock_1320604343-min-768x512.jpg 768w, https:\/\/personalinjuryattorney-fresno.com\/wp-content\/uploads\/2022\/10\/shutterstock_1320604343-min-1536x1024.jpg 1536w, https:\/\/personalinjuryattorney-fresno.com\/wp-content\/uploads\/2022\/10\/shutterstock_1320604343-min-2048x1365.jpg 2048w\" sizes=\"auto, (max-width: 1110px) 100vw, 1110px\" \/><\/figure>\n\n\n\n<h3 class=\"wp-block-heading\">LESIONES EN LA CABEZA Y EL CEREBRO<\/h3>\n\n\n\n<p>Los objetos que caen pueden causar trauma craneal letal cuando caen directamente sobre la cabeza o la cara de un trabajador de la construcci\u00f3n y la v\u00edctima no lleva casco. El TBI abierto ocurre cuando un objeto penetra el cr\u00e1neo y da\u00f1a directamente el tejido cerebral. El TBI cerrado es una lesi\u00f3n donde el cr\u00e1neo no se fractura, pero la fuerza del impacto golpea el cerebro contra el interior del cr\u00e1neo, causando moretones, hemorragias y otras complicaciones. El TBI grave causado por objetos que caen puede llevar a la p\u00e9rdida de consciencia por varios minutos u horas, convulsiones o ataques, fluidos claros que drenan de la nariz o los o\u00eddos, v\u00f3mitos repetidos y dolor de cabeza persistente.<\/p>\n\n\n\n<h3 class=\"wp-block-heading\">MUERTE INJUSTA<\/h3>\n\n\n\n<p>En algunos casos tr\u00e1gicos, el objeto que cae o vuela puede causar una lesi\u00f3n letal. Si perdiste a un ser querido en un accidente fatal en un sitio de trabajo, puedes tomar acci\u00f3n legal. Puedes recuperar da\u00f1os por la atenci\u00f3n m\u00e9dica que tu ser querido recibi\u00f3 antes de su muerte prematura, salarios perdidos, y gastos funerarios y de entierro. La viuda o el viudo de la v\u00edctima, hijos sobrevivientes o padres pueden presentar una demanda por muerte injusta contra un tercero si su negligencia o acciones causaron la muerte de su ser querido. Estos casos se manejan de manera muy diferente a las reclamaciones de Compensaci\u00f3n de Trabajadores, por lo que debes contactar a Grossman Law Offices inmediatamente.<\/p>\n\n\n\n<h3 class=\"wp-block-heading\">HUESOS ROTOS<\/h3>\n\n\n\n<p>Los objetos que caen pueden fracturar el hombro, las v\u00e9rtebras y otros huesos y articulaciones del cuerpo. Las fracturas pueden requerir cirug\u00eda y meses o a\u00f1os de rehabilitaci\u00f3n f\u00edsica para que el trabajador de la construcci\u00f3n recupere su movilidad. Los huesos rotos son dolorosos f\u00edsicamente y evitan que el trabajador pueda ganarse la vida.<\/p>\n\n\n\n<h2 class=\"wp-block-heading\">\u00bfQU\u00c9 TIPO DE COMPENSACI\u00d3N PUEDO RECIBIR POR MIS LESIONES?<\/h2>\n\n\n\n<p>Si has sufrido lesiones por objetos que caen en un sitio de construcci\u00f3n, tienes derecho a ser compensado. Los da\u00f1os econ\u00f3micos te compensan por las p\u00e9rdidas monetarias, tales como:<\/p>\n\n\n\n<ul class=\"wp-block-list\">\n<li>Todos tus gastos m\u00e9dicos para tratar tus lesiones<\/li>\n\n\n\n<li>Gastos m\u00e9dicos futuros como terapia f\u00edsica y rehabilitaci\u00f3n<\/li>\n\n\n\n<li>Dispositivos m\u00e9dicos asistenciales, medicamentos con receta y visitas de seguimiento con m\u00e9dicos<\/li>\n\n\n\n<li>Salarios perdidos<\/li>\n\n\n\n<li>Potencial de ingresos futuros perdidos<\/li>\n\n\n\n<li>Cualquier otro gasto de bolsillo que no habr\u00edas tenido si no fuera por la negligencia de la parte culpable, como cuidado personal en el hogar, modificaciones a tu hogar o veh\u00edculo (por ejemplo, una rampa para silla de ruedas), y servicios dom\u00e9sticos o de cuidado infantil si no puedes realizarlos t\u00fa mismo<\/li>\n<\/ul>\n\n\n\n<p>Los da\u00f1os no econ\u00f3micos incluyen el dolor y sufrimiento, trastorno de estr\u00e9s postraum\u00e1tico, la p\u00e9rdida o p\u00e9rdida de uso de un miembro u \u00f3rgano, desfiguraci\u00f3n facial, cicatrices permanentes, shock, dolor y p\u00e9rdida de consorcio.<\/p>\n\n\n\n<h2 class=\"wp-block-heading\">\u00bfCU\u00c1NTO TIEMPO TENGO PARA PRESENTAR MI RECLAMO?<\/h2>\n\n\n\n<p>El estatuto de limitaciones es un plazo legal en el cual puedes presentar un reclamo por lesiones personales. Despu\u00e9s de esa fecha, no tendr\u00e1s ninguna posici\u00f3n legal para recibir compensaci\u00f3n por tus lesiones y p\u00e9rdidas. Debes hablar con un abogado sobre todos los plazos relevantes, incluyendo cu\u00e1ndo debes presentar tu reclamo de Compensaci\u00f3n de Trabajadores.<\/p>\n\n\n\n<h2 class=\"wp-block-heading\">CONTACTA A GROSSMAN LAW OFFICES HOY<\/h2>\n\n\n\n<p>Trabajar con un abogado de lesiones personales experimentado puede ayudarte a navegar un caso complejo. Un aviso es que los trabajadores de la construcci\u00f3n renuncian a su derecho a demandar a su empleador si resultan heridos en el trabajo. La negligencia no es un elemento requerido para recibir los beneficios de Compensaci\u00f3n de Trabajadores. Sin embargo, hay excepciones a esta regla de remedio exclusivo. A\u00fan puedes presentar una demanda por responsabilidad de locales contra un propietario negligente o cualquier otro tercero cuya negligencia caus\u00f3 tu lesi\u00f3n por objeto que cae.<\/p>\n\n\n\n<p>Solo un abogado puede aconsejarte si puedes o no potencialmente buscar y recolectar tanto da\u00f1os civiles como beneficios de Compensaci\u00f3n de Trabajadores. Grossman Law Offices ha recuperado m\u00e1s de $200 millones en acuerdos por reclamos de objetos que caen en California. Llama al (866) 982-5094 ahora para programar tu consulta gratuita con un abogado de lesiones personales.<\/p>\n","protected":false},"excerpt":{"rendered":"<p>Las ca\u00eddas desde lugares altos como cerchas de techos, vigas de acero y andamios pueden causar moretones, fracturas, esguinces y&#8230;<\/p>\n","protected":false},"author":5,"featured_media":0,"parent":2015,"menu_order":0,"comment_status":"closed","ping_status":"closed","template":"template-practice-area.php","meta":{"footnotes":""},"class_list":["post-2608","page","type-page","status-publish","hentry"],"yoast_head":"<!-- This site is optimized with the Yoast SEO plugin v25.0 - https:\/\/yoast.com\/wordpress\/plugins\/seo\/ -->\n<title>OBJETOS QUE CAEN | Grossman Law Offices<\/title>\n<meta name=\"robots\" content=\"index, follow, max-snippet:-1, max-image-preview:large, max-video-preview:-1\" \/>\n<link rel=\"canonical\" href=\"https:\/\/personalinjuryattorney-fresno.com\/es\/lesiones-personales\/accidentes-de-construccio\/objetos-que-caen\/\" \/>\n<meta property=\"og:locale\" content=\"es_ES\" \/>\n<meta property=\"og:type\" content=\"article\" \/>\n<meta property=\"og:title\" content=\"OBJETOS QUE CAEN | Grossman Law Offices\" \/>\n<meta property=\"og:description\" content=\"Las ca\u00eddas desde lugares altos como cerchas de techos, vigas de acero y andamios pueden causar moretones, fracturas, esguinces y...\" \/>\n<meta property=\"og:url\" content=\"https:\/\/personalinjuryattorney-fresno.com\/es\/lesiones-personales\/accidentes-de-construccio\/objetos-que-caen\/\" \/>\n<meta property=\"og:site_name\" content=\"Grossman Law Offices\" \/>\n<meta property=\"og:image\" content=\"https:\/\/personalinjuryattorney-fresno.com\/wp-content\/uploads\/2022\/10\/shutterstock_1320604343-min-1110x740.jpg\" \/>\n<meta name=\"twitter:card\" content=\"summary_large_image\" \/>\n<meta name=\"twitter:label1\" content=\"Tiempo de lectura\" \/>\n\t<meta name=\"twitter:data1\" content=\"5 minutos\" \/>\n<script type=\"application\/ld+json\" class=\"yoast-schema-graph\">{\"@context\":\"https:\/\/schema.org\",\"@graph\":[{\"@type\":\"WebPage\",\"@id\":\"https:\/\/personalinjuryattorney-fresno.com\/es\/lesiones-personales\/accidentes-de-construccio\/objetos-que-caen\/\",\"url\":\"https:\/\/personalinjuryattorney-fresno.com\/es\/lesiones-personales\/accidentes-de-construccio\/objetos-que-caen\/\",\"name\":\"OBJETOS QUE CAEN | Grossman Law Offices\",\"isPartOf\":{\"@id\":\"https:\/\/personalinjuryattorney-fresno.com\/es\/#website\"},\"primaryImageOfPage\":{\"@id\":\"https:\/\/personalinjuryattorney-fresno.com\/es\/lesiones-personales\/accidentes-de-construccio\/objetos-que-caen\/#primaryimage\"},\"image\":{\"@id\":\"https:\/\/personalinjuryattorney-fresno.com\/es\/lesiones-personales\/accidentes-de-construccio\/objetos-que-caen\/#primaryimage\"},\"thumbnailUrl\":\"https:\/\/personalinjuryattorney-fresno.com\/wp-content\/uploads\/2022\/10\/shutterstock_1320604343-min-1110x740.jpg\",\"datePublished\":\"2024-10-05T04:53:00+00:00\",\"breadcrumb\":{\"@id\":\"https:\/\/personalinjuryattorney-fresno.com\/es\/lesiones-personales\/accidentes-de-construccio\/objetos-que-caen\/#breadcrumb\"},\"inLanguage\":\"es\",\"potentialAction\":[{\"@type\":\"ReadAction\",\"target\":[\"https:\/\/personalinjuryattorney-fresno.com\/es\/lesiones-personales\/accidentes-de-construccio\/objetos-que-caen\/\"]}]},{\"@type\":\"ImageObject\",\"inLanguage\":\"es\",\"@id\":\"https:\/\/personalinjuryattorney-fresno.com\/es\/lesiones-personales\/accidentes-de-construccio\/objetos-que-caen\/#primaryimage\",\"url\":\"https:\/\/personalinjuryattorney-fresno.com\/wp-content\/uploads\/2022\/10\/shutterstock_1320604343-min-1110x740.jpg\",\"contentUrl\":\"https:\/\/personalinjuryattorney-fresno.com\/wp-content\/uploads\/2022\/10\/shutterstock_1320604343-min-1110x740.jpg\"},{\"@type\":\"BreadcrumbList\",\"@id\":\"https:\/\/personalinjuryattorney-fresno.com\/es\/lesiones-personales\/accidentes-de-construccio\/objetos-que-caen\/#breadcrumb\",\"itemListElement\":[{\"@type\":\"ListItem\",\"position\":1,\"name\":\"Inicio\",\"item\":\"https:\/\/personalinjuryattorney-fresno.com\/es\/\"},{\"@type\":\"ListItem\",\"position\":2,\"name\":\"Lesiones Persona\",\"item\":\"https:\/\/personalinjuryattorney-fresno.com\/es\/lesiones-personales\/\"},{\"@type\":\"ListItem\",\"position\":3,\"name\":\"Accidentes de Construcci\u00f3\",\"item\":\"https:\/\/personalinjuryattorney-fresno.com\/es\/lesiones-personales\/accidentes-de-construccio\/\"},{\"@type\":\"ListItem\",\"position\":4,\"name\":\"OBJETOS QUE CAEN\"}]},{\"@type\":\"WebSite\",\"@id\":\"https:\/\/personalinjuryattorney-fresno.com\/es\/#website\",\"url\":\"https:\/\/personalinjuryattorney-fresno.com\/es\/\",\"name\":\"Grossman Law Offices\",\"description\":\"Experienced Attorneys Representing Accident Victims Throughout California\",\"potentialAction\":[{\"@type\":\"SearchAction\",\"target\":{\"@type\":\"EntryPoint\",\"urlTemplate\":\"https:\/\/personalinjuryattorney-fresno.com\/es\/?s={search_term_string}\"},\"query-input\":{\"@type\":\"PropertyValueSpecification\",\"valueRequired\":true,\"valueName\":\"search_term_string\"}}],\"inLanguage\":\"es\"}]}<\/script>\n<!-- \/ Yoast SEO plugin. -->","yoast_head_json":{"title":"OBJETOS QUE CAEN | Grossman Law Offices","robots":{"index":"index","follow":"follow","max-snippet":"max-snippet:-1","max-image-preview":"max-image-preview:large","max-video-preview":"max-video-preview:-1"},"canonical":"https:\/\/personalinjuryattorney-fresno.com\/es\/lesiones-personales\/accidentes-de-construccio\/objetos-que-caen\/","og_locale":"es_ES","og_type":"article","og_title":"OBJETOS QUE CAEN | Grossman Law Offices","og_description":"Las ca\u00eddas desde lugares altos como cerchas de techos, vigas de acero y andamios pueden causar moretones, fracturas, esguinces y...","og_url":"https:\/\/personalinjuryattorney-fresno.com\/es\/lesiones-personales\/accidentes-de-construccio\/objetos-que-caen\/","og_site_name":"Grossman Law Offices","og_image":[{"url":"https:\/\/personalinjuryattorney-fresno.com\/wp-content\/uploads\/2022\/10\/shutterstock_1320604343-min-1110x740.jpg","type":"","width":"","height":""}],"twitter_card":"summary_large_image","twitter_misc":{"Tiempo de lectura":"5 minutos"},"schema":{"@context":"https:\/\/schema.org","@graph":[{"@type":"WebPage","@id":"https:\/\/personalinjuryattorney-fresno.com\/es\/lesiones-personales\/accidentes-de-construccio\/objetos-que-caen\/","url":"https:\/\/personalinjuryattorney-fresno.com\/es\/lesiones-personales\/accidentes-de-construccio\/objetos-que-caen\/","name":"OBJETOS QUE CAEN | Grossman Law Offices","isPartOf":{"@id":"https:\/\/personalinjuryattorney-fresno.com\/es\/#website"},"primaryImageOfPage":{"@id":"https:\/\/personalinjuryattorney-fresno.com\/es\/lesiones-personales\/accidentes-de-construccio\/objetos-que-caen\/#primaryimage"},"image":{"@id":"https:\/\/personalinjuryattorney-fresno.com\/es\/lesiones-personales\/accidentes-de-construccio\/objetos-que-caen\/#primaryimage"},"thumbnailUrl":"https:\/\/personalinjuryattorney-fresno.com\/wp-content\/uploads\/2022\/10\/shutterstock_1320604343-min-1110x740.jpg","datePublished":"2024-10-05T04:53:00+00:00","breadcrumb":{"@id":"https:\/\/personalinjuryattorney-fresno.com\/es\/lesiones-personales\/accidentes-de-construccio\/objetos-que-caen\/#breadcrumb"},"inLanguage":"es","potentialAction":[{"@type":"ReadAction","target":["https:\/\/personalinjuryattorney-fresno.com\/es\/lesiones-personales\/accidentes-de-construccio\/objetos-que-caen\/"]}]},{"@type":"ImageObject","inLanguage":"es","@id":"https:\/\/personalinjuryattorney-fresno.com\/es\/lesiones-personales\/accidentes-de-construccio\/objetos-que-caen\/#primaryimage","url":"https:\/\/personalinjuryattorney-fresno.com\/wp-content\/uploads\/2022\/10\/shutterstock_1320604343-min-1110x740.jpg","contentUrl":"https:\/\/personalinjuryattorney-fresno.com\/wp-content\/uploads\/2022\/10\/shutterstock_1320604343-min-1110x740.jpg"},{"@type":"BreadcrumbList","@id":"https:\/\/personalinjuryattorney-fresno.com\/es\/lesiones-personales\/accidentes-de-construccio\/objetos-que-caen\/#breadcrumb","itemListElement":[{"@type":"ListItem","position":1,"name":"Inicio","item":"https:\/\/personalinjuryattorney-fresno.com\/es\/"},{"@type":"ListItem","position":2,"name":"Lesiones Persona","item":"https:\/\/personalinjuryattorney-fresno.com\/es\/lesiones-personales\/"},{"@type":"ListItem","position":3,"name":"Accidentes de Construcci\u00f3","item":"https:\/\/personalinjuryattorney-fresno.com\/es\/lesiones-personales\/accidentes-de-construccio\/"},{"@type":"ListItem","position":4,"name":"OBJETOS QUE CAEN"}]},{"@type":"WebSite","@id":"https:\/\/personalinjuryattorney-fresno.com\/es\/#website","url":"https:\/\/personalinjuryattorney-fresno.com\/es\/","name":"Grossman Law Offices","description":"Experienced Attorneys Representing Accident Victims Throughout California","potentialAction":[{"@type":"SearchAction","target":{"@type":"EntryPoint","urlTemplate":"https:\/\/personalinjuryattorney-fresno.com\/es\/?s={search_term_string}"},"query-input":{"@type":"PropertyValueSpecification","valueRequired":true,"valueName":"search_term_string"}}],"inLanguage":"es"}]}},"_links":{"self":[{"href":"https:\/\/personalinjuryattorney-fresno.com\/es\/wp-json\/wp\/v2\/pages\/2608","targetHints":{"allow":["GET"]}}],"collection":[{"href":"https:\/\/personalinjuryattorney-fresno.com\/es\/wp-json\/wp\/v2\/pages"}],"about":[{"href":"https:\/\/personalinjuryattorney-fresno.com\/es\/wp-json\/wp\/v2\/types\/page"}],"author":[{"embeddable":true,"href":"https:\/\/personalinjuryattorney-fresno.com\/es\/wp-json\/wp\/v2\/users\/5"}],"replies":[{"embeddable":true,"href":"https:\/\/personalinjuryattorney-fresno.com\/es\/wp-json\/wp\/v2\/comments?post=2608"}],"version-history":[{"count":0,"href":"https:\/\/personalinjuryattorney-fresno.com\/es\/wp-json\/wp\/v2\/pages\/2608\/revisions"}],"up":[{"embeddable":true,"href":"https:\/\/personalinjuryattorney-fresno.com\/es\/wp-json\/wp\/v2\/pages\/2015"}],"wp:attachment":[{"href":"https:\/\/personalinjuryattorney-fresno.com\/es\/wp-json\/wp\/v2\/media?parent=2608"}],"curies":[{"name":"wp","href":"https:\/\/api.w.org\/{rel}","templated":true}]}}