{"id":2600,"date":"2019-07-29T07:37:54","date_gmt":"2019-07-29T07:37:54","guid":{"rendered":"https:\/\/personalinjuryattorney-fresno.com\/?page_id=2600"},"modified":"2024-07-18T09:56:13","modified_gmt":"2024-07-18T09:56:13","slug":"accidentes-por-giros-a-la-izquierda-mal-mantenidos","status":"publish","type":"page","link":"https:\/\/personalinjuryattorney-fresno.com\/es\/lesiones-personales\/accidentes-de-coche\/accidentes-por-giros-a-la-izquierda-mal-mantenidos\/","title":{"rendered":"ACCIDENTES POR GIROS A LA IZQUIERDA MAL MANTENIDOS"},"content":{"rendered":"<div class=\"wp-block-image is-resized\">\n<figure class=\"aligncenter\"><img loading=\"lazy\" decoding=\"async\" width=\"1110\" height=\"740\" src=\"https:\/\/personalinjuryattorney-fresno.com\/wp-content\/uploads\/2019\/07\/asphalt-automobile-blur-2705754-1-min-1110x740.jpg\" alt=\"Left-Turn Accidents in Fresno \" class=\"wp-image-617\" srcset=\"https:\/\/personalinjuryattorney-fresno.com\/wp-content\/uploads\/2019\/07\/asphalt-automobile-blur-2705754-1-min-1110x740.jpg 1110w, https:\/\/personalinjuryattorney-fresno.com\/wp-content\/uploads\/2019\/07\/asphalt-automobile-blur-2705754-1-min-450x300.jpg 450w, https:\/\/personalinjuryattorney-fresno.com\/wp-content\/uploads\/2019\/07\/asphalt-automobile-blur-2705754-1-min-768x512.jpg 768w, https:\/\/personalinjuryattorney-fresno.com\/wp-content\/uploads\/2019\/07\/asphalt-automobile-blur-2705754-1-min.jpg 1280w\" sizes=\"auto, (max-width: 1110px) 100vw, 1110px\" \/><\/figure><\/div>\n\n\n<p>Cuando alguien est\u00e1 girando a la izquierda, debe estar consciente de otros veh\u00edculos. Deben ceder el paso a los conductores que vienen en sentido contrario, a menos que tengan una luz verde para girar. Desafortunadamente, no todos los conductores son cautelosos. A veces giran sin mirar o esperan que el tr\u00e1fico se detenga por ellos. Con demasiada frecuencia, el resultado es un accidente de tr\u00e1fico.<\/p>\n\n\n\n<p>En Fresno, hubo 1,041 personas muertas y heridas en accidentes automovil\u00edsticos. Muchos de esos accidentes fueron colisiones por giros a la izquierda. Si eres v\u00edctima de una colisi\u00f3n de este tipo, podr\u00edas buscar compensaci\u00f3n. A menudo, el conductor que realiza el giro es responsable del accidente. Aqu\u00ed en Grossman Law Offices, tenemos el conocimiento y la habilidad necesarios para obtener el dinero que mereces.<\/p>\n\n\n\n<h2 class=\"wp-block-heading\">LEYES DE CALIFORNIA SOBRE GIROS A LA IZQUIERDA<\/h2>\n\n\n\n<p>La mayor\u00eda de los accidentes por giros a la izquierda son culpa del conductor que realiza el giro. Esto se debe a las leyes de conducci\u00f3n de California. En el estado, un veh\u00edculo que gira o hace un giro en U debe ceder el paso a todo el tr\u00e1fico que viene en sentido contrario. Por lo tanto, es responsabilidad del conductor que gira esperar hasta que el tr\u00e1fico est\u00e9 despejado para realizar el giro.<\/p>\n\n\n\n<p>Dicho esto, no todos los conductores que giran son responsables de los accidentes. A veces, hay culpa compartida. Si presentas una demanda contra el otro conductor, es responsabilidad de tu abogado demostrar que fueron negligentes.<\/p>\n\n\n\n<h3 class=\"wp-block-heading\">DETERMINANDO LA CAUSA<\/h3>\n\n\n\n<p>Antes de que tu abogado presente una reclamaci\u00f3n, necesitar\u00e1 determinar la causa del accidente. En ocasiones, el conductor que gira est\u00e1 distra\u00eddo y no busca veh\u00edculos que vienen en sentido contrario. Si hay un sem\u00e1foro con se\u00f1al de giro, pueden ignorar una luz roja y girar de todos modos. O pueden juzgar mal la velocidad a la que se aproxima tu veh\u00edculo.<\/p>\n\n\n\n<p>En cualquiera de los casos anteriores, el conductor que gira es responsable del accidente. Su negligencia fue un factor contribuyente, y podr\u00edan haber evitado una colisi\u00f3n si hubieran ejercido su deber de cuidado hacia otros conductores.<\/p>\n\n\n\n<p>A veces, otra parte es responsable del accidente. Por ejemplo, una pieza defectuosa podr\u00eda obligar al conductor a girar a la izquierda. En este caso, el fabricante de la pieza podr\u00eda ser el culpable del accidente. Si un conductor actuaba dentro de sus deberes como empleado, el accidente podr\u00eda ser culpa del empleador. Incluso puedes responsabilizar a un taller mec\u00e1nico por el incidente. Esto es com\u00fan cuando no logran reparar un problema o notificar al conductor sobre un problema.<\/p>\n\n\n\n<h3 class=\"wp-block-heading\">NEGLIGENCIA COMPARATIVA<\/h3>\n\n\n\n<p>Podr\u00edas ser parcialmente culpable del accidente. Sin embargo, esto no significa que no tengas una reclamaci\u00f3n por lesiones personales. En California, la negligencia comparativa permite a los conductores presentar demandas incluso si comparten parte de la culpa por el incidente.<\/p>\n\n\n\n<p>Si esto te sucede, debes estar consciente de que el valor de tu caso se ver\u00e1 afectado. No puedes recibir la totalidad de los da\u00f1os por tus lesiones y dolor emocional. Seg\u00fan la ley, solo puedes recibir un porcentaje del dinero.<\/p>\n\n\n\n<h2 class=\"wp-block-heading\">\u00bfQU\u00c9 LESIONES SE ASOCIAN CON LOS ACCIDENTES POR GIROS A LA IZQUIERDA?<\/h2>\n\n\n\n<p>Despu\u00e9s de un accidente, puedes tener una larga lista de problemas. Tus lesiones podr\u00edan ser dolorosas, podr\u00edas no poder trabajar y tu veh\u00edculo podr\u00eda estar da\u00f1ado. Por lo general, las lesiones asociadas con este tipo de accidente son graves. Todas las siguientes lesiones son comunes despu\u00e9s de un accidente por giro a la izquierda:<\/p>\n\n\n\n<ol class=\"wp-block-list\">\n<li>LESI\u00d3N EN LA CABEZA Este tipo de lesi\u00f3n puede cambiar tu vida dr\u00e1sticamente. Cuando una lesi\u00f3n en la cabeza es grave, la v\u00edctima podr\u00eda sufrir p\u00e9rdida de memoria, disminuci\u00f3n de la funci\u00f3n cognitiva y otras dificultades. Podr\u00edan necesitar atenci\u00f3n permanente de un profesional de la salud.<\/li>\n\n\n\n<li>DOLOR EN EL HOMBRO En las colisiones por giro a la izquierda en Fresno, el veh\u00edculo que viene en sentido contrario generalmente recibe un golpe en forma de \u00abT\u00bb. Esto coloca el impacto en el lado del conductor. Como resultado, pueden experimentar lesiones en el hombro.<\/li>\n\n\n\n<li>LESIONES INTERNAS Dependiendo de la fuerza de tu choque, podr\u00edas tener lesiones internas. Estas pueden ocurrir por el cintur\u00f3n de seguridad o la bolsa de aire. Si no se tratan, las lesiones internas pueden ser fatales.<\/li>\n\n\n\n<li>LESIONES EN EL CUELLO O LA ESPALDA A menudo, la fuerza de una colisi\u00f3n resulta en dolor en el cuello o la espalda. Latigazo cervical, discos herniados y lesiones en la m\u00e9dula espinal suelen afectar a las v\u00edctimas de accidentes. Los resultados pueden llevar a dolor cr\u00f3nico o requerir cirug\u00eda.<\/li>\n<\/ol>\n\n\n\n<h2 class=\"wp-block-heading\">OBTENIENDO COMPENSACI\u00d3N POR TU ACCIDENTE<\/h2>\n\n\n\n<p>Las facturas m\u00e9dicas de tu accidente pueden causar deudas. Como m\u00ednimo, pueden ser una carga para tus finanzas. Pero tu accidente no necesita destruir tu vida. Si presentas una reclamaci\u00f3n de seguro o una demanda contra un conductor negligente, puedes recibir dinero por tus lesiones y m\u00e1s.<\/p>\n\n\n\n<p>Adem\u00e1s de obtener dinero para tus facturas m\u00e9dicas, tambi\u00e9n puedes recuperar tus salarios perdidos. Si tu capacidad para trabajar se vio afectada, puedes recuperar dinero por tu capacidad de ingresos perdida. Las personas con lesiones graves tambi\u00e9n pueden recuperar da\u00f1os por dolor y sufrimiento.<\/p>\n\n\n\n<p>Al hablar con un abogado de accidentes automovil\u00edsticos en Fresno, puedes aprender m\u00e1s sobre el proceso de compensaci\u00f3n. Tambi\u00e9n puedes obtener la orientaci\u00f3n que necesitas para recibir un pago justo por tu caso. Si est\u00e1s listo para actuar, contacta a Grossman Law Offices.<\/p>\n","protected":false},"excerpt":{"rendered":"<p>Cuando alguien est\u00e1 girando a la izquierda, debe estar consciente de otros veh\u00edculos. Deben ceder el paso a los conductores&#8230;<\/p>\n","protected":false},"author":5,"featured_media":0,"parent":1975,"menu_order":0,"comment_status":"closed","ping_status":"closed","template":"template-practice-area.php","meta":{"footnotes":""},"class_list":["post-2600","page","type-page","status-publish","hentry"],"yoast_head":"<!-- This site is optimized with the Yoast SEO plugin v25.0 - https:\/\/yoast.com\/wordpress\/plugins\/seo\/ -->\n<title>ACCIDENTES POR GIROS A LA IZQUIERDA MAL MANTENIDOS | Grossman Law Offices<\/title>\n<meta name=\"robots\" content=\"index, follow, max-snippet:-1, max-image-preview:large, max-video-preview:-1\" \/>\n<link rel=\"canonical\" href=\"https:\/\/personalinjuryattorney-fresno.com\/es\/lesiones-personales\/accidentes-de-coche\/accidentes-por-giros-a-la-izquierda-mal-mantenidos\/\" \/>\n<meta property=\"og:locale\" content=\"es_ES\" \/>\n<meta property=\"og:type\" content=\"article\" \/>\n<meta property=\"og:title\" content=\"ACCIDENTES POR GIROS A LA IZQUIERDA MAL MANTENIDOS | Grossman Law Offices\" \/>\n<meta property=\"og:description\" content=\"Cuando alguien est\u00e1 girando a la izquierda, debe estar consciente de otros veh\u00edculos. Deben ceder el paso a los conductores...\" \/>\n<meta property=\"og:url\" content=\"https:\/\/personalinjuryattorney-fresno.com\/es\/lesiones-personales\/accidentes-de-coche\/accidentes-por-giros-a-la-izquierda-mal-mantenidos\/\" \/>\n<meta property=\"og:site_name\" content=\"Grossman Law Offices\" \/>\n<meta property=\"article:modified_time\" content=\"2024-07-18T09:56:13+00:00\" \/>\n<meta property=\"og:image\" content=\"https:\/\/personalinjuryattorney-fresno.com\/wp-content\/uploads\/2019\/07\/asphalt-automobile-blur-2705754-1-min-1110x740.jpg\" \/>\n<meta name=\"twitter:card\" content=\"summary_large_image\" \/>\n<meta name=\"twitter:label1\" content=\"Tiempo de lectura\" \/>\n\t<meta name=\"twitter:data1\" content=\"5 minutos\" \/>\n<script type=\"application\/ld+json\" class=\"yoast-schema-graph\">{\"@context\":\"https:\/\/schema.org\",\"@graph\":[{\"@type\":\"WebPage\",\"@id\":\"https:\/\/personalinjuryattorney-fresno.com\/es\/lesiones-personales\/accidentes-de-coche\/accidentes-por-giros-a-la-izquierda-mal-mantenidos\/\",\"url\":\"https:\/\/personalinjuryattorney-fresno.com\/es\/lesiones-personales\/accidentes-de-coche\/accidentes-por-giros-a-la-izquierda-mal-mantenidos\/\",\"name\":\"ACCIDENTES POR GIROS A LA IZQUIERDA MAL MANTENIDOS | Grossman Law Offices\",\"isPartOf\":{\"@id\":\"https:\/\/personalinjuryattorney-fresno.com\/es\/#website\"},\"primaryImageOfPage\":{\"@id\":\"https:\/\/personalinjuryattorney-fresno.com\/es\/lesiones-personales\/accidentes-de-coche\/accidentes-por-giros-a-la-izquierda-mal-mantenidos\/#primaryimage\"},\"image\":{\"@id\":\"https:\/\/personalinjuryattorney-fresno.com\/es\/lesiones-personales\/accidentes-de-coche\/accidentes-por-giros-a-la-izquierda-mal-mantenidos\/#primaryimage\"},\"thumbnailUrl\":\"https:\/\/personalinjuryattorney-fresno.com\/wp-content\/uploads\/2019\/07\/asphalt-automobile-blur-2705754-1-min-1110x740.jpg\",\"datePublished\":\"2019-07-29T07:37:54+00:00\",\"dateModified\":\"2024-07-18T09:56:13+00:00\",\"breadcrumb\":{\"@id\":\"https:\/\/personalinjuryattorney-fresno.com\/es\/lesiones-personales\/accidentes-de-coche\/accidentes-por-giros-a-la-izquierda-mal-mantenidos\/#breadcrumb\"},\"inLanguage\":\"es\",\"potentialAction\":[{\"@type\":\"ReadAction\",\"target\":[\"https:\/\/personalinjuryattorney-fresno.com\/es\/lesiones-personales\/accidentes-de-coche\/accidentes-por-giros-a-la-izquierda-mal-mantenidos\/\"]}]},{\"@type\":\"ImageObject\",\"inLanguage\":\"es\",\"@id\":\"https:\/\/personalinjuryattorney-fresno.com\/es\/lesiones-personales\/accidentes-de-coche\/accidentes-por-giros-a-la-izquierda-mal-mantenidos\/#primaryimage\",\"url\":\"https:\/\/personalinjuryattorney-fresno.com\/wp-content\/uploads\/2019\/07\/asphalt-automobile-blur-2705754-1-min-1110x740.jpg\",\"contentUrl\":\"https:\/\/personalinjuryattorney-fresno.com\/wp-content\/uploads\/2019\/07\/asphalt-automobile-blur-2705754-1-min-1110x740.jpg\"},{\"@type\":\"BreadcrumbList\",\"@id\":\"https:\/\/personalinjuryattorney-fresno.com\/es\/lesiones-personales\/accidentes-de-coche\/accidentes-por-giros-a-la-izquierda-mal-mantenidos\/#breadcrumb\",\"itemListElement\":[{\"@type\":\"ListItem\",\"position\":1,\"name\":\"Inicio\",\"item\":\"https:\/\/personalinjuryattorney-fresno.com\/es\/\"},{\"@type\":\"ListItem\",\"position\":2,\"name\":\"Lesiones Persona\",\"item\":\"https:\/\/personalinjuryattorney-fresno.com\/es\/lesiones-personales\/\"},{\"@type\":\"ListItem\",\"position\":3,\"name\":\"Accidentes De Coche\",\"item\":\"https:\/\/personalinjuryattorney-fresno.com\/es\/lesiones-personales\/accidentes-de-coche\/\"},{\"@type\":\"ListItem\",\"position\":4,\"name\":\"ACCIDENTES POR GIROS A LA IZQUIERDA MAL MANTENIDOS\"}]},{\"@type\":\"WebSite\",\"@id\":\"https:\/\/personalinjuryattorney-fresno.com\/es\/#website\",\"url\":\"https:\/\/personalinjuryattorney-fresno.com\/es\/\",\"name\":\"Grossman Law Offices\",\"description\":\"Experienced Attorneys Representing Accident Victims Throughout California\",\"potentialAction\":[{\"@type\":\"SearchAction\",\"target\":{\"@type\":\"EntryPoint\",\"urlTemplate\":\"https:\/\/personalinjuryattorney-fresno.com\/es\/?s={search_term_string}\"},\"query-input\":{\"@type\":\"PropertyValueSpecification\",\"valueRequired\":true,\"valueName\":\"search_term_string\"}}],\"inLanguage\":\"es\"}]}<\/script>\n<!-- \/ Yoast SEO plugin. -->","yoast_head_json":{"title":"ACCIDENTES POR GIROS A LA IZQUIERDA MAL MANTENIDOS | Grossman Law Offices","robots":{"index":"index","follow":"follow","max-snippet":"max-snippet:-1","max-image-preview":"max-image-preview:large","max-video-preview":"max-video-preview:-1"},"canonical":"https:\/\/personalinjuryattorney-fresno.com\/es\/lesiones-personales\/accidentes-de-coche\/accidentes-por-giros-a-la-izquierda-mal-mantenidos\/","og_locale":"es_ES","og_type":"article","og_title":"ACCIDENTES POR GIROS A LA IZQUIERDA MAL MANTENIDOS | Grossman Law Offices","og_description":"Cuando alguien est\u00e1 girando a la izquierda, debe estar consciente de otros veh\u00edculos. Deben ceder el paso a los conductores...","og_url":"https:\/\/personalinjuryattorney-fresno.com\/es\/lesiones-personales\/accidentes-de-coche\/accidentes-por-giros-a-la-izquierda-mal-mantenidos\/","og_site_name":"Grossman Law Offices","article_modified_time":"2024-07-18T09:56:13+00:00","og_image":[{"url":"https:\/\/personalinjuryattorney-fresno.com\/wp-content\/uploads\/2019\/07\/asphalt-automobile-blur-2705754-1-min-1110x740.jpg","type":"","width":"","height":""}],"twitter_card":"summary_large_image","twitter_misc":{"Tiempo de lectura":"5 minutos"},"schema":{"@context":"https:\/\/schema.org","@graph":[{"@type":"WebPage","@id":"https:\/\/personalinjuryattorney-fresno.com\/es\/lesiones-personales\/accidentes-de-coche\/accidentes-por-giros-a-la-izquierda-mal-mantenidos\/","url":"https:\/\/personalinjuryattorney-fresno.com\/es\/lesiones-personales\/accidentes-de-coche\/accidentes-por-giros-a-la-izquierda-mal-mantenidos\/","name":"ACCIDENTES POR GIROS A LA IZQUIERDA MAL MANTENIDOS | Grossman Law Offices","isPartOf":{"@id":"https:\/\/personalinjuryattorney-fresno.com\/es\/#website"},"primaryImageOfPage":{"@id":"https:\/\/personalinjuryattorney-fresno.com\/es\/lesiones-personales\/accidentes-de-coche\/accidentes-por-giros-a-la-izquierda-mal-mantenidos\/#primaryimage"},"image":{"@id":"https:\/\/personalinjuryattorney-fresno.com\/es\/lesiones-personales\/accidentes-de-coche\/accidentes-por-giros-a-la-izquierda-mal-mantenidos\/#primaryimage"},"thumbnailUrl":"https:\/\/personalinjuryattorney-fresno.com\/wp-content\/uploads\/2019\/07\/asphalt-automobile-blur-2705754-1-min-1110x740.jpg","datePublished":"2019-07-29T07:37:54+00:00","dateModified":"2024-07-18T09:56:13+00:00","breadcrumb":{"@id":"https:\/\/personalinjuryattorney-fresno.com\/es\/lesiones-personales\/accidentes-de-coche\/accidentes-por-giros-a-la-izquierda-mal-mantenidos\/#breadcrumb"},"inLanguage":"es","potentialAction":[{"@type":"ReadAction","target":["https:\/\/personalinjuryattorney-fresno.com\/es\/lesiones-personales\/accidentes-de-coche\/accidentes-por-giros-a-la-izquierda-mal-mantenidos\/"]}]},{"@type":"ImageObject","inLanguage":"es","@id":"https:\/\/personalinjuryattorney-fresno.com\/es\/lesiones-personales\/accidentes-de-coche\/accidentes-por-giros-a-la-izquierda-mal-mantenidos\/#primaryimage","url":"https:\/\/personalinjuryattorney-fresno.com\/wp-content\/uploads\/2019\/07\/asphalt-automobile-blur-2705754-1-min-1110x740.jpg","contentUrl":"https:\/\/personalinjuryattorney-fresno.com\/wp-content\/uploads\/2019\/07\/asphalt-automobile-blur-2705754-1-min-1110x740.jpg"},{"@type":"BreadcrumbList","@id":"https:\/\/personalinjuryattorney-fresno.com\/es\/lesiones-personales\/accidentes-de-coche\/accidentes-por-giros-a-la-izquierda-mal-mantenidos\/#breadcrumb","itemListElement":[{"@type":"ListItem","position":1,"name":"Inicio","item":"https:\/\/personalinjuryattorney-fresno.com\/es\/"},{"@type":"ListItem","position":2,"name":"Lesiones Persona","item":"https:\/\/personalinjuryattorney-fresno.com\/es\/lesiones-personales\/"},{"@type":"ListItem","position":3,"name":"Accidentes De Coche","item":"https:\/\/personalinjuryattorney-fresno.com\/es\/lesiones-personales\/accidentes-de-coche\/"},{"@type":"ListItem","position":4,"name":"ACCIDENTES POR GIROS A LA IZQUIERDA MAL MANTENIDOS"}]},{"@type":"WebSite","@id":"https:\/\/personalinjuryattorney-fresno.com\/es\/#website","url":"https:\/\/personalinjuryattorney-fresno.com\/es\/","name":"Grossman Law Offices","description":"Experienced Attorneys Representing Accident Victims Throughout California","potentialAction":[{"@type":"SearchAction","target":{"@type":"EntryPoint","urlTemplate":"https:\/\/personalinjuryattorney-fresno.com\/es\/?s={search_term_string}"},"query-input":{"@type":"PropertyValueSpecification","valueRequired":true,"valueName":"search_term_string"}}],"inLanguage":"es"}]}},"_links":{"self":[{"href":"https:\/\/personalinjuryattorney-fresno.com\/es\/wp-json\/wp\/v2\/pages\/2600","targetHints":{"allow":["GET"]}}],"collection":[{"href":"https:\/\/personalinjuryattorney-fresno.com\/es\/wp-json\/wp\/v2\/pages"}],"about":[{"href":"https:\/\/personalinjuryattorney-fresno.com\/es\/wp-json\/wp\/v2\/types\/page"}],"author":[{"embeddable":true,"href":"https:\/\/personalinjuryattorney-fresno.com\/es\/wp-json\/wp\/v2\/users\/5"}],"replies":[{"embeddable":true,"href":"https:\/\/personalinjuryattorney-fresno.com\/es\/wp-json\/wp\/v2\/comments?post=2600"}],"version-history":[{"count":0,"href":"https:\/\/personalinjuryattorney-fresno.com\/es\/wp-json\/wp\/v2\/pages\/2600\/revisions"}],"up":[{"embeddable":true,"href":"https:\/\/personalinjuryattorney-fresno.com\/es\/wp-json\/wp\/v2\/pages\/1975"}],"wp:attachment":[{"href":"https:\/\/personalinjuryattorney-fresno.com\/es\/wp-json\/wp\/v2\/media?parent=2600"}],"curies":[{"name":"wp","href":"https:\/\/api.w.org\/{rel}","templated":true}]}}