{"id":2598,"date":"2020-01-16T08:05:52","date_gmt":"2020-01-16T08:05:52","guid":{"rendered":"https:\/\/personalinjuryattorney-fresno.com\/?page_id=2598"},"modified":"2024-07-18T07:43:02","modified_gmt":"2024-07-18T07:43:02","slug":"reclamaciones-de-seguros-por-accidentes-de-auto","status":"publish","type":"page","link":"https:\/\/personalinjuryattorney-fresno.com\/es\/lesiones-personales\/accidentes-de-coche\/reclamaciones-de-seguros-por-accidentes-de-auto\/","title":{"rendered":"Reclamaciones de Seguros por Accidentes de Auto"},"content":{"rendered":"\n<p>Sufrir un accidente de auto puede ser una experiencia dif\u00edcil en s\u00ed misma, pero si has resultado lesionado y necesitas presentar una reclamaci\u00f3n de seguro, puedes encontrar r\u00e1pidamente que la situaci\u00f3n es m\u00e1s complicada de lo que hab\u00edas anticipado. Cuando est\u00e1s tratando de recuperarte de lesiones graves, lo \u00faltimo que necesitas es complicar las cosas al lidiar con un ajustador de reclamos de seguros que est\u00e1 tratando de desarmar tu reclamaci\u00f3n y limitar el dinero que recibes como compensaci\u00f3n. La compa\u00f1\u00eda de seguros se aprovecha de tu estr\u00e9s y del hecho de que puedas sentirte abrumado para ayudarles a limitar la cantidad de dinero que pagan, ya que es una parte central del modelo de negocio de una compa\u00f1\u00eda de seguros ahorrar la mayor cantidad de dinero posible. Tu reclamaci\u00f3n no ser\u00e1 diferente, por lo que es importante que entiendas c\u00f3mo manejar esta situaci\u00f3n.<\/p>\n\n\n\n<p>La mejor manera de enfrentar una reclamaci\u00f3n de seguro por un accidente de auto es con la ayuda de un abogado de lesiones personales experimentado en Fresno, por una variedad de razones que discutiremos a continuaci\u00f3n. Adem\u00e1s, es importante que entiendas cu\u00e1nto dinero te corresponde por tu accidente y los da\u00f1os asociados para que puedas usar esta cifra como una parte central de tu proceso de negociaci\u00f3n. Cuando los agentes de la compa\u00f1\u00eda de seguros saben que est\u00e1s preparado, ver\u00e1s que tomar\u00e1n tus ofertas de negociaci\u00f3n mucho m\u00e1s en serio. Sin embargo, nuevamente, la mejor decisi\u00f3n es contratar a un abogado para que maneje este proceso por ti.<\/p>\n\n\n<div class=\"wp-block-image is-resized\">\n<figure class=\"alignright size-full\"><img loading=\"lazy\" decoding=\"async\" width=\"457\" height=\"305\" src=\"https:\/\/personalinjuryattorney-fresno.com\/wp-content\/uploads\/2023\/12\/car-accident-highway-people-1.webp\" alt=\"\" class=\"wp-image-1734\" srcset=\"https:\/\/personalinjuryattorney-fresno.com\/wp-content\/uploads\/2023\/12\/car-accident-highway-people-1.webp 457w, https:\/\/personalinjuryattorney-fresno.com\/wp-content\/uploads\/2023\/12\/car-accident-highway-people-1-450x300.webp 450w\" sizes=\"auto, (max-width: 457px) 100vw, 457px\" \/><\/figure><\/div>\n\n\n<p>Lee m\u00e1s abajo sobre c\u00f3mo calcular los da\u00f1os a los que tienes derecho despu\u00e9s de tu accidente de auto en Fresno, y aprende m\u00e1s sobre c\u00f3mo un abogado puede ayudarte a obtener el dinero que realmente mereces. El equipo de Grossman Law Offices entiende que este es un momento estresante y tumultuoso en tu vida, por eso estaremos encantados de discutir tu situaci\u00f3n durante una consulta inicial y darte la tranquilidad que necesitas para avanzar con nosotros como tu representaci\u00f3n legal durante este proceso. Cont\u00e1ctanos ahora para programar tu consulta inicial gratuita y comenzar el camino hacia una compensaci\u00f3n justa hoy.<\/p>\n\n\n\n<h2 class=\"wp-block-heading\">C\u00e1lculo de Da\u00f1os Despu\u00e9s de un Accidente de Auto en Fresno<\/h2>\n\n\n\n<p>Si resultas lesionado en un accidente de auto, habr\u00e1 algunos costos y gastos evidentes desde el principio; particularmente, cualquier atenci\u00f3n m\u00e9dica de emergencia que hayas recibido y cualquier costo de reparaci\u00f3n o reemplazo de tu propiedad personal. Adem\u00e1s, puedes perder d\u00edas de trabajo debido a tus lesiones y comenzar\u00e1s a notar el impacto en tus cheques de pago como resultado, lo que aumenta el estr\u00e9s de tus facturas m\u00e9dicas.<\/p>\n\n\n\n<p>Estos son solo algunos ejemplos evidentes de los da\u00f1os que incurrir\u00e1s despu\u00e9s de un accidente de auto, pero solo proporcionan una ventana limitada para determinar cu\u00e1nto dinero realmente mereces. En un caso de lesiones personales, los da\u00f1os que sufres se dividen en dos partes: da\u00f1os econ\u00f3micos y da\u00f1os no econ\u00f3micos. Estos da\u00f1os son muy diferentes entre s\u00ed, como ver\u00e1s en las siguientes secciones.<\/p>\n\n\n\n<h3 class=\"wp-block-heading\">Da\u00f1os Econ\u00f3micos<\/h3>\n\n\n\n<p>Los da\u00f1os econ\u00f3micos son el n\u00facleo de tu reclamaci\u00f3n por lesiones, simplemente porque son los costos medibles asociados con el accidente. Incluyen las mencionadas facturas m\u00e9dicas y tus p\u00e9rdidas relacionadas con el empleo, pero van m\u00e1s all\u00e1 para incluir todos y cada uno de los gastos o p\u00e9rdidas que sufras como resultado del accidente. Esto incluso incluye servicios que tuviste que pagar y que de otro modo habr\u00edas realizado por tu cuenta, como contratar un servicio de lavander\u00eda o una ama de llaves mientras te recuperas. La compa\u00f1\u00eda de seguros intentar\u00e1 rechazar ciertos aspectos de estos da\u00f1os, pero en su mayor\u00eda, son bastante claros.<\/p>\n\n\n\n<h3 class=\"wp-block-heading\">Da\u00f1os No Econ\u00f3micos<\/h3>\n\n\n\n<p>La otra parte de tus da\u00f1os se llama \u201cda\u00f1os no econ\u00f3micos,\u201d porque no tienen valores econ\u00f3micos claros y medibles asociados con ellos. Incluyen cosas como el dolor y sufrimiento que experimentaste como resultado de tu accidente y lesiones, as\u00ed como los impactos emocionales que el accidente ha tenido en tu vida. Estos da\u00f1os son m\u00e1s dif\u00edciles de calcular debido a la falta de medidas tangibles, raz\u00f3n por la cual son m\u00e1s disputados por la compa\u00f1\u00eda de seguros durante las negociaciones de liquidaci\u00f3n. Hay una variedad de m\u00e9todos que los abogados de lesiones personales utilizan para llegar a estas cantidades seg\u00fan las circunstancias, pero cada uno est\u00e1 destinado a obtener el dinero que realmente mereces.<\/p>\n\n\n\n<h2 class=\"wp-block-heading\">Por Qu\u00e9 Trabajar con un Abogado de Accidentes de Auto<\/h2>\n\n\n\n<p>Una de las razones m\u00e1s importantes para contratar a un abogado experimentado despu\u00e9s de tu accidente de auto en Fresno es el estr\u00e9s que puedes evitar durante todo este proceso. Se ha demostrado repetidamente que el estr\u00e9s mental y emocional puede tener un impacto significativo en la recuperaci\u00f3n f\u00edsica, lo que significa que cada paso que tomes para reducir el estr\u00e9s es un paso para aumentar tu proceso de recuperaci\u00f3n.<\/p>\n\n\n\n<p>Adem\u00e1s del estr\u00e9s del proceso de reclamaci\u00f3n en s\u00ed, una negociaci\u00f3n o demanda exitosa requiere un s\u00f3lido entendimiento del sistema legal de los Estados Unidos y de los da\u00f1os. Si te representas a ti mismo durante estos pasos, necesitar\u00e1s hacer una enorme cantidad de investigaci\u00f3n y trabajo por tu cuenta para entender las decisiones apropiadas a tomar, c\u00f3mo manejar una negociaci\u00f3n, cu\u00e1ndo presentar una demanda en los tribunales de California y m\u00e1s. Si decides presentar una demanda, luego necesitar\u00e1s entender todos los requisitos y procesos adicionales presentes en un caso judicial que son diferentes a una negociaci\u00f3n de liquidaci\u00f3n fuera de la corte.<\/p>\n\n\n<div class=\"wp-block-image is-resized\">\n<figure class=\"alignright size-full\"><img loading=\"lazy\" decoding=\"async\" width=\"381\" height=\"254\" src=\"https:\/\/personalinjuryattorney-fresno.com\/wp-content\/uploads\/2023\/12\/asphalt-automobile-blur-2705754-1-min.webp\" alt=\"\" class=\"wp-image-1733\"\/><\/figure><\/div>\n\n\n<p>En \u00faltima instancia, contratar a un abogado significa que puedes priorizar tu propia salud con la confianza de que tu caso est\u00e1 siendo manejado por un abogado experimentado y agresivo que lucha por tus mejores intereses. Todo el tiempo que habr\u00edas pasado manejando llamadas, elaborando ofertas de liquidaci\u00f3n y contraofertas, y el tiempo dedicado a investigar los da\u00f1os de los Estados Unidos, es mucho mejor gastado enfoc\u00e1ndote en tu salud, tu familia, tu vida profesional y, en \u00faltima instancia, recuperando tu vida despu\u00e9s de esta terrible situaci\u00f3n.<\/p>\n\n\n\n<h2 class=\"wp-block-heading\">Cont\u00e1ctanos Hoy<\/h2>\n\n\n\n<p>Cuanto antes programes tu consulta inicial gratuita, antes podr\u00e1s comenzar con la negociaci\u00f3n de tu reclamaci\u00f3n con un representante legal de confianza. Durante tu consulta, estaremos encantados de discutir casos anteriores donde hemos ayudado a clientes en situaciones similares a la tuya, hablar sobre los impactos que este accidente ha tenido en tu vida hasta ahora, y darte una mejor idea de c\u00f3mo avanzar de las maneras m\u00e1s productivas posibles.<\/p>\n","protected":false},"excerpt":{"rendered":"<p>Sufrir un accidente de auto puede ser una experiencia dif\u00edcil en s\u00ed misma, pero si has resultado lesionado y necesitas&#8230;<\/p>\n","protected":false},"author":5,"featured_media":0,"parent":1975,"menu_order":0,"comment_status":"closed","ping_status":"closed","template":"template-practice-area.php","meta":{"footnotes":""},"class_list":["post-2598","page","type-page","status-publish","hentry"],"yoast_head":"<!-- This site is optimized with the Yoast SEO plugin v25.0 - https:\/\/yoast.com\/wordpress\/plugins\/seo\/ -->\n<title>Reclamaciones de Seguros por Accidentes de Auto | Grossman Law Offices<\/title>\n<meta name=\"robots\" content=\"index, follow, max-snippet:-1, max-image-preview:large, max-video-preview:-1\" \/>\n<link rel=\"canonical\" href=\"https:\/\/personalinjuryattorney-fresno.com\/es\/lesiones-personales\/accidentes-de-coche\/reclamaciones-de-seguros-por-accidentes-de-auto\/\" \/>\n<meta property=\"og:locale\" content=\"es_ES\" \/>\n<meta property=\"og:type\" content=\"article\" \/>\n<meta property=\"og:title\" content=\"Reclamaciones de Seguros por Accidentes de Auto | Grossman Law Offices\" \/>\n<meta property=\"og:description\" content=\"Sufrir un accidente de auto puede ser una experiencia dif\u00edcil en s\u00ed misma, pero si has resultado lesionado y necesitas...\" \/>\n<meta property=\"og:url\" content=\"https:\/\/personalinjuryattorney-fresno.com\/es\/lesiones-personales\/accidentes-de-coche\/reclamaciones-de-seguros-por-accidentes-de-auto\/\" \/>\n<meta property=\"og:site_name\" content=\"Grossman Law Offices\" \/>\n<meta property=\"article:modified_time\" content=\"2024-07-18T07:43:02+00:00\" \/>\n<meta property=\"og:image\" content=\"https:\/\/personalinjuryattorney-fresno.com\/wp-content\/uploads\/2023\/12\/car-accident-highway-people-1.webp\" \/>\n<meta name=\"twitter:card\" content=\"summary_large_image\" \/>\n<meta name=\"twitter:label1\" content=\"Tiempo de lectura\" \/>\n\t<meta name=\"twitter:data1\" content=\"6 minutos\" \/>\n<script type=\"application\/ld+json\" class=\"yoast-schema-graph\">{\"@context\":\"https:\/\/schema.org\",\"@graph\":[{\"@type\":\"WebPage\",\"@id\":\"https:\/\/personalinjuryattorney-fresno.com\/es\/lesiones-personales\/accidentes-de-coche\/reclamaciones-de-seguros-por-accidentes-de-auto\/\",\"url\":\"https:\/\/personalinjuryattorney-fresno.com\/es\/lesiones-personales\/accidentes-de-coche\/reclamaciones-de-seguros-por-accidentes-de-auto\/\",\"name\":\"Reclamaciones de Seguros por Accidentes de Auto | Grossman Law Offices\",\"isPartOf\":{\"@id\":\"https:\/\/personalinjuryattorney-fresno.com\/es\/#website\"},\"primaryImageOfPage\":{\"@id\":\"https:\/\/personalinjuryattorney-fresno.com\/es\/lesiones-personales\/accidentes-de-coche\/reclamaciones-de-seguros-por-accidentes-de-auto\/#primaryimage\"},\"image\":{\"@id\":\"https:\/\/personalinjuryattorney-fresno.com\/es\/lesiones-personales\/accidentes-de-coche\/reclamaciones-de-seguros-por-accidentes-de-auto\/#primaryimage\"},\"thumbnailUrl\":\"https:\/\/personalinjuryattorney-fresno.com\/wp-content\/uploads\/2023\/12\/car-accident-highway-people-1.webp\",\"datePublished\":\"2020-01-16T08:05:52+00:00\",\"dateModified\":\"2024-07-18T07:43:02+00:00\",\"breadcrumb\":{\"@id\":\"https:\/\/personalinjuryattorney-fresno.com\/es\/lesiones-personales\/accidentes-de-coche\/reclamaciones-de-seguros-por-accidentes-de-auto\/#breadcrumb\"},\"inLanguage\":\"es\",\"potentialAction\":[{\"@type\":\"ReadAction\",\"target\":[\"https:\/\/personalinjuryattorney-fresno.com\/es\/lesiones-personales\/accidentes-de-coche\/reclamaciones-de-seguros-por-accidentes-de-auto\/\"]}]},{\"@type\":\"ImageObject\",\"inLanguage\":\"es\",\"@id\":\"https:\/\/personalinjuryattorney-fresno.com\/es\/lesiones-personales\/accidentes-de-coche\/reclamaciones-de-seguros-por-accidentes-de-auto\/#primaryimage\",\"url\":\"https:\/\/personalinjuryattorney-fresno.com\/wp-content\/uploads\/2023\/12\/car-accident-highway-people-1.webp\",\"contentUrl\":\"https:\/\/personalinjuryattorney-fresno.com\/wp-content\/uploads\/2023\/12\/car-accident-highway-people-1.webp\"},{\"@type\":\"BreadcrumbList\",\"@id\":\"https:\/\/personalinjuryattorney-fresno.com\/es\/lesiones-personales\/accidentes-de-coche\/reclamaciones-de-seguros-por-accidentes-de-auto\/#breadcrumb\",\"itemListElement\":[{\"@type\":\"ListItem\",\"position\":1,\"name\":\"Inicio\",\"item\":\"https:\/\/personalinjuryattorney-fresno.com\/es\/\"},{\"@type\":\"ListItem\",\"position\":2,\"name\":\"Lesiones Persona\",\"item\":\"https:\/\/personalinjuryattorney-fresno.com\/es\/lesiones-personales\/\"},{\"@type\":\"ListItem\",\"position\":3,\"name\":\"Accidentes De Coche\",\"item\":\"https:\/\/personalinjuryattorney-fresno.com\/es\/lesiones-personales\/accidentes-de-coche\/\"},{\"@type\":\"ListItem\",\"position\":4,\"name\":\"Reclamaciones de Seguros por Accidentes de Auto\"}]},{\"@type\":\"WebSite\",\"@id\":\"https:\/\/personalinjuryattorney-fresno.com\/es\/#website\",\"url\":\"https:\/\/personalinjuryattorney-fresno.com\/es\/\",\"name\":\"Grossman Law Offices\",\"description\":\"Experienced Attorneys Representing Accident Victims Throughout California\",\"potentialAction\":[{\"@type\":\"SearchAction\",\"target\":{\"@type\":\"EntryPoint\",\"urlTemplate\":\"https:\/\/personalinjuryattorney-fresno.com\/es\/?s={search_term_string}\"},\"query-input\":{\"@type\":\"PropertyValueSpecification\",\"valueRequired\":true,\"valueName\":\"search_term_string\"}}],\"inLanguage\":\"es\"}]}<\/script>\n<!-- \/ Yoast SEO plugin. -->","yoast_head_json":{"title":"Reclamaciones de Seguros por Accidentes de Auto | Grossman Law Offices","robots":{"index":"index","follow":"follow","max-snippet":"max-snippet:-1","max-image-preview":"max-image-preview:large","max-video-preview":"max-video-preview:-1"},"canonical":"https:\/\/personalinjuryattorney-fresno.com\/es\/lesiones-personales\/accidentes-de-coche\/reclamaciones-de-seguros-por-accidentes-de-auto\/","og_locale":"es_ES","og_type":"article","og_title":"Reclamaciones de Seguros por Accidentes de Auto | Grossman Law Offices","og_description":"Sufrir un accidente de auto puede ser una experiencia dif\u00edcil en s\u00ed misma, pero si has resultado lesionado y necesitas...","og_url":"https:\/\/personalinjuryattorney-fresno.com\/es\/lesiones-personales\/accidentes-de-coche\/reclamaciones-de-seguros-por-accidentes-de-auto\/","og_site_name":"Grossman Law Offices","article_modified_time":"2024-07-18T07:43:02+00:00","og_image":[{"url":"https:\/\/personalinjuryattorney-fresno.com\/wp-content\/uploads\/2023\/12\/car-accident-highway-people-1.webp","type":"","width":"","height":""}],"twitter_card":"summary_large_image","twitter_misc":{"Tiempo de lectura":"6 minutos"},"schema":{"@context":"https:\/\/schema.org","@graph":[{"@type":"WebPage","@id":"https:\/\/personalinjuryattorney-fresno.com\/es\/lesiones-personales\/accidentes-de-coche\/reclamaciones-de-seguros-por-accidentes-de-auto\/","url":"https:\/\/personalinjuryattorney-fresno.com\/es\/lesiones-personales\/accidentes-de-coche\/reclamaciones-de-seguros-por-accidentes-de-auto\/","name":"Reclamaciones de Seguros por Accidentes de Auto | Grossman Law Offices","isPartOf":{"@id":"https:\/\/personalinjuryattorney-fresno.com\/es\/#website"},"primaryImageOfPage":{"@id":"https:\/\/personalinjuryattorney-fresno.com\/es\/lesiones-personales\/accidentes-de-coche\/reclamaciones-de-seguros-por-accidentes-de-auto\/#primaryimage"},"image":{"@id":"https:\/\/personalinjuryattorney-fresno.com\/es\/lesiones-personales\/accidentes-de-coche\/reclamaciones-de-seguros-por-accidentes-de-auto\/#primaryimage"},"thumbnailUrl":"https:\/\/personalinjuryattorney-fresno.com\/wp-content\/uploads\/2023\/12\/car-accident-highway-people-1.webp","datePublished":"2020-01-16T08:05:52+00:00","dateModified":"2024-07-18T07:43:02+00:00","breadcrumb":{"@id":"https:\/\/personalinjuryattorney-fresno.com\/es\/lesiones-personales\/accidentes-de-coche\/reclamaciones-de-seguros-por-accidentes-de-auto\/#breadcrumb"},"inLanguage":"es","potentialAction":[{"@type":"ReadAction","target":["https:\/\/personalinjuryattorney-fresno.com\/es\/lesiones-personales\/accidentes-de-coche\/reclamaciones-de-seguros-por-accidentes-de-auto\/"]}]},{"@type":"ImageObject","inLanguage":"es","@id":"https:\/\/personalinjuryattorney-fresno.com\/es\/lesiones-personales\/accidentes-de-coche\/reclamaciones-de-seguros-por-accidentes-de-auto\/#primaryimage","url":"https:\/\/personalinjuryattorney-fresno.com\/wp-content\/uploads\/2023\/12\/car-accident-highway-people-1.webp","contentUrl":"https:\/\/personalinjuryattorney-fresno.com\/wp-content\/uploads\/2023\/12\/car-accident-highway-people-1.webp"},{"@type":"BreadcrumbList","@id":"https:\/\/personalinjuryattorney-fresno.com\/es\/lesiones-personales\/accidentes-de-coche\/reclamaciones-de-seguros-por-accidentes-de-auto\/#breadcrumb","itemListElement":[{"@type":"ListItem","position":1,"name":"Inicio","item":"https:\/\/personalinjuryattorney-fresno.com\/es\/"},{"@type":"ListItem","position":2,"name":"Lesiones Persona","item":"https:\/\/personalinjuryattorney-fresno.com\/es\/lesiones-personales\/"},{"@type":"ListItem","position":3,"name":"Accidentes De Coche","item":"https:\/\/personalinjuryattorney-fresno.com\/es\/lesiones-personales\/accidentes-de-coche\/"},{"@type":"ListItem","position":4,"name":"Reclamaciones de Seguros por Accidentes de Auto"}]},{"@type":"WebSite","@id":"https:\/\/personalinjuryattorney-fresno.com\/es\/#website","url":"https:\/\/personalinjuryattorney-fresno.com\/es\/","name":"Grossman Law Offices","description":"Experienced Attorneys Representing Accident Victims Throughout California","potentialAction":[{"@type":"SearchAction","target":{"@type":"EntryPoint","urlTemplate":"https:\/\/personalinjuryattorney-fresno.com\/es\/?s={search_term_string}"},"query-input":{"@type":"PropertyValueSpecification","valueRequired":true,"valueName":"search_term_string"}}],"inLanguage":"es"}]}},"_links":{"self":[{"href":"https:\/\/personalinjuryattorney-fresno.com\/es\/wp-json\/wp\/v2\/pages\/2598","targetHints":{"allow":["GET"]}}],"collection":[{"href":"https:\/\/personalinjuryattorney-fresno.com\/es\/wp-json\/wp\/v2\/pages"}],"about":[{"href":"https:\/\/personalinjuryattorney-fresno.com\/es\/wp-json\/wp\/v2\/types\/page"}],"author":[{"embeddable":true,"href":"https:\/\/personalinjuryattorney-fresno.com\/es\/wp-json\/wp\/v2\/users\/5"}],"replies":[{"embeddable":true,"href":"https:\/\/personalinjuryattorney-fresno.com\/es\/wp-json\/wp\/v2\/comments?post=2598"}],"version-history":[{"count":0,"href":"https:\/\/personalinjuryattorney-fresno.com\/es\/wp-json\/wp\/v2\/pages\/2598\/revisions"}],"up":[{"embeddable":true,"href":"https:\/\/personalinjuryattorney-fresno.com\/es\/wp-json\/wp\/v2\/pages\/1975"}],"wp:attachment":[{"href":"https:\/\/personalinjuryattorney-fresno.com\/es\/wp-json\/wp\/v2\/media?parent=2598"}],"curies":[{"name":"wp","href":"https:\/\/api.w.org\/{rel}","templated":true}]}}