{"id":2588,"date":"2019-07-02T10:07:04","date_gmt":"2019-07-02T10:07:04","guid":{"rendered":"https:\/\/personalinjuryattorney-fresno.com\/?page_id=2588"},"modified":"2024-07-18T06:15:08","modified_gmt":"2024-07-18T06:15:08","slug":"accidentes-por-vuelco","status":"publish","type":"page","link":"https:\/\/personalinjuryattorney-fresno.com\/es\/lesiones-personales\/accidentes-de-coche\/accidentes-por-vuelco\/","title":{"rendered":"ACCIDENTES POR VUELCO"},"content":{"rendered":"\n<p>Un accidente por vuelco puede ser el tipo de accidente m\u00e1s peligroso e impredecible que alguien puede experimentar por una variedad de razones. Para empezar, el movimiento de vuelco del autom\u00f3vil significa que los pasajeros son lanzados en todas las direcciones posibles, y los sistemas de seguridad, incluso en los veh\u00edculos de pasajeros m\u00e1s seguros, no pueden prever y mitigar todos estos problemas. Adem\u00e1s del movimiento de vuelco del veh\u00edculo, existen muchos otros factores como la velocidad del veh\u00edculo, la geograf\u00eda del \u00e1rea circundante, cualquier obst\u00e1culo con el que el veh\u00edculo pueda chocar, y m\u00e1s. Como resultado, este tipo de choques tienen tasas de mortalidad consistentemente m\u00e1s altas que la mayor\u00eda de los otros tipos de accidentes automovil\u00edsticos.<\/p>\n\n\n\n<p>No importa c\u00f3mo se haya causado tu vuelco, contacta al equipo de Grossman Law Offices ahora para empezar a trabajar en obtener el dinero que te mereces despu\u00e9s de este desafortunado evento. Trabajaremos directamente con las compa\u00f1\u00edas de seguros involucradas en el caso y trabajaremos para conseguirte todo el apoyo financiero que mereces y al que tienes derecho para asegurarte de que puedas concentrarte en tu recuperaci\u00f3n sin el estr\u00e9s adicional que conlleva las preocupaciones financieras.<\/p>\n\n\n\n<p>Cont\u00e1ctanos ahora para una consulta inicial gratuita y empieza a obtener el dinero que te mereces. Si el accidente no fue tu culpa, no hay raz\u00f3n para que debas soportar innecesariamente la carga financiera que conllevan los gastos m\u00e9dicos, la p\u00e9rdida de salarios y el sufrimiento emocional que puede resultar de un accidente tan traum\u00e1tico.<\/p>\n\n\n\n<h2 class=\"wp-block-heading\">\u00bfC\u00d3MO OCURRE UN ACCIDENTE POR VUELCO?<\/h2>\n\n\n\n<p>Existen diversas maneras en que puede ocurrir un vuelco en un veh\u00edculo, pero los vuelcos m\u00e1s comunes son el resultado de una combinaci\u00f3n de velocidad y colisi\u00f3n con obst\u00e1culos bajos que pueden hacer que el veh\u00edculo se vuelque. En algunos casos, el obst\u00e1culo puede ser simplemente fricci\u00f3n, y a medida que el veh\u00edculo viaja a una velocidad lo suficientemente alta y gira de lado mientras frena, puede volcarse y entrar en un vuelco completo. Dependiendo de la velocidad, el veh\u00edculo puede dar medio vuelco (terminando sobre el techo), un vuelco completo (terminando de nuevo sobre las ruedas), o puede quedar de lado. El veh\u00edculo puede volcarse varias veces antes de detenerse en una de estas posiciones.<\/p>\n\n\n\n<p>Al igual que la velocidad real, la direcci\u00f3n y las vueltas del veh\u00edculo, la causa del accidente en s\u00ed es bastante impredecible. El \u00fanico detalle importante de \u00abc\u00f3mo\u00bb es que el veh\u00edculo se estaba moviendo a una cierta velocidad o en una cierta direcci\u00f3n, y se volc\u00f3 m\u00e1s all\u00e1 del centro de gravedad.<\/p>\n\n\n\n<h2 class=\"wp-block-heading\">QU\u00c9 HACER DESPU\u00c9S DE UN ACCIDENTE POR VUELCO<\/h2>\n\n\n\n<p>Lo m\u00e1s importante que debes hacer despu\u00e9s de un accidente es asegurarte de que t\u00fa y tus pasajeros est\u00e9n seguros, tomar nota de cualquier lesi\u00f3n y asegurarte de que todos reciban atenci\u00f3n lo mejor posible. Dir\u00edgete a un \u00e1rea segura si es posible, pero aseg\u00farate de no mover a alguien con una sospecha de lesi\u00f3n en la columna o el cuello a menos que sea absolutamente necesario. Contacta al departamento de polic\u00eda de Fresno, o aseg\u00farate de que alguien m\u00e1s lo haga, para que los servicios de emergencia puedan ser notificados y puedas recibir la atenci\u00f3n profesional que necesitas lo antes posible.<\/p>\n\n\n\n<p>Atender tus lesiones debe ser tu prioridad absoluta, ya sea que recibas atenci\u00f3n m\u00e9dica de emergencia en el lugar y tomes una ambulancia, o si ves a tu m\u00e9dico por tu cuenta despu\u00e9s. Si crees que has sufrido lesiones, lo cual es muy probable despu\u00e9s de un accidente por vuelco, entonces es de tu mejor inter\u00e9s recibir tratamiento de inmediato. Es probable que est\u00e9s experimentando una significativa descarga de adrenalina, que es bien conocida por enmascarar las lesiones y el dolor por un corto tiempo, lo que significa que incluso si tu reacci\u00f3n inicial es decir que est\u00e1s bien, en realidad podr\u00edas estar sufriendo significativamente.<\/p>\n\n\n\n<h2 class=\"wp-block-heading\">CONT\u00c1CTANOS HOY<\/h2>\n\n\n\n<p>Una vez que hayas abordado tus problemas m\u00e9dicos inmediatos, lo siguiente que debes hacer es contactar a un profesional legal experimentado sobre c\u00f3mo pueden ayudarte. Trabajaremos contigo para perseguir agresivamente cualquier y todas las opciones legales disponibles para ti con el fin de obtener la compensaci\u00f3n que te mereces, la ayuda que necesitas y la tranquilidad que deber\u00edas tener mientras te concentras en tu recuperaci\u00f3n f\u00edsica y en volver a encaminar tu vida despu\u00e9s de esta experiencia traum\u00e1tica y dolorosa.<\/p>\n\n\n\n<p>Programa tu consulta inicial ahora para comenzar en el camino correcto de inmediato.<\/p>\n","protected":false},"excerpt":{"rendered":"<p>Un accidente por vuelco puede ser el tipo de accidente m\u00e1s peligroso e impredecible que alguien puede experimentar por una&#8230;<\/p>\n","protected":false},"author":5,"featured_media":0,"parent":1975,"menu_order":0,"comment_status":"closed","ping_status":"closed","template":"template-practice-area.php","meta":{"footnotes":""},"class_list":["post-2588","page","type-page","status-publish","hentry"],"yoast_head":"<!-- This site is optimized with the Yoast SEO plugin v25.0 - https:\/\/yoast.com\/wordpress\/plugins\/seo\/ -->\n<title>ACCIDENTES POR VUELCO | Grossman Law Offices<\/title>\n<meta name=\"robots\" content=\"index, follow, max-snippet:-1, max-image-preview:large, max-video-preview:-1\" \/>\n<link rel=\"canonical\" href=\"https:\/\/personalinjuryattorney-fresno.com\/es\/lesiones-personales\/accidentes-de-coche\/accidentes-por-vuelco\/\" \/>\n<meta property=\"og:locale\" content=\"es_ES\" \/>\n<meta property=\"og:type\" content=\"article\" \/>\n<meta property=\"og:title\" content=\"ACCIDENTES POR VUELCO | Grossman Law Offices\" \/>\n<meta property=\"og:description\" content=\"Un accidente por vuelco puede ser el tipo de accidente m\u00e1s peligroso e impredecible que alguien puede experimentar por una...\" \/>\n<meta property=\"og:url\" content=\"https:\/\/personalinjuryattorney-fresno.com\/es\/lesiones-personales\/accidentes-de-coche\/accidentes-por-vuelco\/\" \/>\n<meta property=\"og:site_name\" content=\"Grossman Law Offices\" \/>\n<meta property=\"article:modified_time\" content=\"2024-07-18T06:15:08+00:00\" \/>\n<meta property=\"og:image\" content=\"https:\/\/personalinjuryattorney-fresno.com\/wp-content\/uploads\/2019\/03\/og-logo.jpg\" \/>\n\t<meta property=\"og:image:width\" content=\"400\" \/>\n\t<meta property=\"og:image:height\" content=\"400\" \/>\n\t<meta property=\"og:image:type\" content=\"image\/jpeg\" \/>\n<meta name=\"twitter:card\" content=\"summary_large_image\" \/>\n<meta name=\"twitter:label1\" content=\"Tiempo de lectura\" \/>\n\t<meta name=\"twitter:data1\" content=\"4 minutos\" \/>\n<script type=\"application\/ld+json\" class=\"yoast-schema-graph\">{\"@context\":\"https:\/\/schema.org\",\"@graph\":[{\"@type\":\"WebPage\",\"@id\":\"https:\/\/personalinjuryattorney-fresno.com\/es\/lesiones-personales\/accidentes-de-coche\/accidentes-por-vuelco\/\",\"url\":\"https:\/\/personalinjuryattorney-fresno.com\/es\/lesiones-personales\/accidentes-de-coche\/accidentes-por-vuelco\/\",\"name\":\"ACCIDENTES POR VUELCO | Grossman Law Offices\",\"isPartOf\":{\"@id\":\"https:\/\/personalinjuryattorney-fresno.com\/es\/#website\"},\"datePublished\":\"2019-07-02T10:07:04+00:00\",\"dateModified\":\"2024-07-18T06:15:08+00:00\",\"breadcrumb\":{\"@id\":\"https:\/\/personalinjuryattorney-fresno.com\/es\/lesiones-personales\/accidentes-de-coche\/accidentes-por-vuelco\/#breadcrumb\"},\"inLanguage\":\"es\",\"potentialAction\":[{\"@type\":\"ReadAction\",\"target\":[\"https:\/\/personalinjuryattorney-fresno.com\/es\/lesiones-personales\/accidentes-de-coche\/accidentes-por-vuelco\/\"]}]},{\"@type\":\"BreadcrumbList\",\"@id\":\"https:\/\/personalinjuryattorney-fresno.com\/es\/lesiones-personales\/accidentes-de-coche\/accidentes-por-vuelco\/#breadcrumb\",\"itemListElement\":[{\"@type\":\"ListItem\",\"position\":1,\"name\":\"Inicio\",\"item\":\"https:\/\/personalinjuryattorney-fresno.com\/es\/\"},{\"@type\":\"ListItem\",\"position\":2,\"name\":\"Lesiones Persona\",\"item\":\"https:\/\/personalinjuryattorney-fresno.com\/es\/lesiones-personales\/\"},{\"@type\":\"ListItem\",\"position\":3,\"name\":\"Accidentes De Coche\",\"item\":\"https:\/\/personalinjuryattorney-fresno.com\/es\/lesiones-personales\/accidentes-de-coche\/\"},{\"@type\":\"ListItem\",\"position\":4,\"name\":\"ACCIDENTES POR VUELCO\"}]},{\"@type\":\"WebSite\",\"@id\":\"https:\/\/personalinjuryattorney-fresno.com\/es\/#website\",\"url\":\"https:\/\/personalinjuryattorney-fresno.com\/es\/\",\"name\":\"Grossman Law Offices\",\"description\":\"Experienced Attorneys Representing Accident Victims Throughout California\",\"potentialAction\":[{\"@type\":\"SearchAction\",\"target\":{\"@type\":\"EntryPoint\",\"urlTemplate\":\"https:\/\/personalinjuryattorney-fresno.com\/es\/?s={search_term_string}\"},\"query-input\":{\"@type\":\"PropertyValueSpecification\",\"valueRequired\":true,\"valueName\":\"search_term_string\"}}],\"inLanguage\":\"es\"}]}<\/script>\n<!-- \/ Yoast SEO plugin. -->","yoast_head_json":{"title":"ACCIDENTES POR VUELCO | Grossman Law Offices","robots":{"index":"index","follow":"follow","max-snippet":"max-snippet:-1","max-image-preview":"max-image-preview:large","max-video-preview":"max-video-preview:-1"},"canonical":"https:\/\/personalinjuryattorney-fresno.com\/es\/lesiones-personales\/accidentes-de-coche\/accidentes-por-vuelco\/","og_locale":"es_ES","og_type":"article","og_title":"ACCIDENTES POR VUELCO | Grossman Law Offices","og_description":"Un accidente por vuelco puede ser el tipo de accidente m\u00e1s peligroso e impredecible que alguien puede experimentar por una...","og_url":"https:\/\/personalinjuryattorney-fresno.com\/es\/lesiones-personales\/accidentes-de-coche\/accidentes-por-vuelco\/","og_site_name":"Grossman Law Offices","article_modified_time":"2024-07-18T06:15:08+00:00","og_image":[{"width":400,"height":400,"url":"https:\/\/personalinjuryattorney-fresno.com\/wp-content\/uploads\/2019\/03\/og-logo.jpg","type":"image\/jpeg"}],"twitter_card":"summary_large_image","twitter_misc":{"Tiempo de lectura":"4 minutos"},"schema":{"@context":"https:\/\/schema.org","@graph":[{"@type":"WebPage","@id":"https:\/\/personalinjuryattorney-fresno.com\/es\/lesiones-personales\/accidentes-de-coche\/accidentes-por-vuelco\/","url":"https:\/\/personalinjuryattorney-fresno.com\/es\/lesiones-personales\/accidentes-de-coche\/accidentes-por-vuelco\/","name":"ACCIDENTES POR VUELCO | Grossman Law Offices","isPartOf":{"@id":"https:\/\/personalinjuryattorney-fresno.com\/es\/#website"},"datePublished":"2019-07-02T10:07:04+00:00","dateModified":"2024-07-18T06:15:08+00:00","breadcrumb":{"@id":"https:\/\/personalinjuryattorney-fresno.com\/es\/lesiones-personales\/accidentes-de-coche\/accidentes-por-vuelco\/#breadcrumb"},"inLanguage":"es","potentialAction":[{"@type":"ReadAction","target":["https:\/\/personalinjuryattorney-fresno.com\/es\/lesiones-personales\/accidentes-de-coche\/accidentes-por-vuelco\/"]}]},{"@type":"BreadcrumbList","@id":"https:\/\/personalinjuryattorney-fresno.com\/es\/lesiones-personales\/accidentes-de-coche\/accidentes-por-vuelco\/#breadcrumb","itemListElement":[{"@type":"ListItem","position":1,"name":"Inicio","item":"https:\/\/personalinjuryattorney-fresno.com\/es\/"},{"@type":"ListItem","position":2,"name":"Lesiones Persona","item":"https:\/\/personalinjuryattorney-fresno.com\/es\/lesiones-personales\/"},{"@type":"ListItem","position":3,"name":"Accidentes De Coche","item":"https:\/\/personalinjuryattorney-fresno.com\/es\/lesiones-personales\/accidentes-de-coche\/"},{"@type":"ListItem","position":4,"name":"ACCIDENTES POR VUELCO"}]},{"@type":"WebSite","@id":"https:\/\/personalinjuryattorney-fresno.com\/es\/#website","url":"https:\/\/personalinjuryattorney-fresno.com\/es\/","name":"Grossman Law Offices","description":"Experienced Attorneys Representing Accident Victims Throughout California","potentialAction":[{"@type":"SearchAction","target":{"@type":"EntryPoint","urlTemplate":"https:\/\/personalinjuryattorney-fresno.com\/es\/?s={search_term_string}"},"query-input":{"@type":"PropertyValueSpecification","valueRequired":true,"valueName":"search_term_string"}}],"inLanguage":"es"}]}},"_links":{"self":[{"href":"https:\/\/personalinjuryattorney-fresno.com\/es\/wp-json\/wp\/v2\/pages\/2588","targetHints":{"allow":["GET"]}}],"collection":[{"href":"https:\/\/personalinjuryattorney-fresno.com\/es\/wp-json\/wp\/v2\/pages"}],"about":[{"href":"https:\/\/personalinjuryattorney-fresno.com\/es\/wp-json\/wp\/v2\/types\/page"}],"author":[{"embeddable":true,"href":"https:\/\/personalinjuryattorney-fresno.com\/es\/wp-json\/wp\/v2\/users\/5"}],"replies":[{"embeddable":true,"href":"https:\/\/personalinjuryattorney-fresno.com\/es\/wp-json\/wp\/v2\/comments?post=2588"}],"version-history":[{"count":0,"href":"https:\/\/personalinjuryattorney-fresno.com\/es\/wp-json\/wp\/v2\/pages\/2588\/revisions"}],"up":[{"embeddable":true,"href":"https:\/\/personalinjuryattorney-fresno.com\/es\/wp-json\/wp\/v2\/pages\/1975"}],"wp:attachment":[{"href":"https:\/\/personalinjuryattorney-fresno.com\/es\/wp-json\/wp\/v2\/media?parent=2588"}],"curies":[{"name":"wp","href":"https:\/\/api.w.org\/{rel}","templated":true}]}}