{"id":2433,"date":"2019-04-05T13:05:33","date_gmt":"2019-04-05T13:05:33","guid":{"rendered":"https:\/\/personalinjuryattorney-fresno.com\/?page_id=2433"},"modified":"2024-07-17T12:46:16","modified_gmt":"2024-07-17T12:46:16","slug":"manejo-temerario-en-fresno","status":"publish","type":"page","link":"https:\/\/personalinjuryattorney-fresno.com\/es\/lesiones-personales\/accidentes-de-coche\/manejo-temerario-en-fresno\/","title":{"rendered":"MANEJO TEMERARIO EN FRESNO\u00a0"},"content":{"rendered":"\n<p>En algunas situaciones, un accidente automovil\u00edstico es completamente inevitable. Pero este no siempre es el caso. A veces, la causa es el manejo temerario. Si el conductor hubiera sido m\u00e1s cauteloso, podr\u00eda haber evitado causar un accidente.&nbsp;<\/p>\n\n\n\n<p>Si el manejo temerario en Fresno caus\u00f3 tu accidente, es posible que seas elegible para recibir compensaci\u00f3n. En Grossman Law Offices queremos conocer tu caso. Nuestra firma puede discutir tus opciones y, dependiendo de tus circunstancias, ayudarte a recuperar da\u00f1os.&nbsp;<\/p>\n\n\n\n<h2 class=\"wp-block-heading\">\u00bfQU\u00c9 ES EL MANEJO TEMERARIO?&nbsp;<\/h2>\n\n\n\n<p>Muchos accidentes automovil\u00edsticos son causados por negligencia. Un tipo de comportamiento negligente es el manejo temerario. Cuando un conductor se comporta de una manera que pone en riesgo a otras personas, est\u00e1 siendo temerario. Aqu\u00ed hay algunos comportamientos comunes de manejo temerario:<\/p>\n\n\n\n<ol class=\"wp-block-list\">\n<li>MANEJAR DEMASIADO R\u00c1PIDO\u00a0<\/li>\n<\/ol>\n\n\n\n<p>El l\u00edmite de velocidad no es solo una sugerencia. Es la ley, y est\u00e1 destinada a mantener a las personas seguras. Sin embargo, algunos conductores eligen ignorar el l\u00edmite de velocidad. Manejan demasiado r\u00e1pido y el resultado es un accidente. Cuando alguien va a alta velocidad, no puede controlar f\u00e1cilmente su veh\u00edculo. Un ligero giro del volante podr\u00eda hacer que un conductor pierda por completo el control. Pero hay otra raz\u00f3n por la que la velocidad es peligrosa. A mayor velocidad, m\u00e1s tiempo le toma a tu auto detenerse. Si un auto frente a ti frena, es posible que no puedas detenerte antes de golpearlo. Lo mismo ocurre con los peligros en la carretera y las curvas cerradas.<\/p>\n\n\n\n<ol class=\"wp-block-list\" start=\"2\">\n<li>IGNORAR EL DERECHO DE V\u00cdA<\/li>\n<\/ol>\n\n\n\n<p>Las personas que ignoran las reglas de derecho de v\u00eda son temerarias y peligrosas. Por ejemplo, un peat\u00f3n tiene derecho de v\u00eda en un cruce de peatones. Si un conductor no reduce la velocidad o no busca peatones, podr\u00eda golpear a alguien. El mismo problema ocurre cuando los conductores no ceden el paso a otros veh\u00edculos.<\/p>\n\n\n\n<ol class=\"wp-block-list\" start=\"3\">\n<li>CONDUCIR BAJO LA INFLUENCIA\u00a0<\/li>\n<\/ol>\n\n\n\n<p>Cualquier tipo de conducci\u00f3n bajo la influencia es un claro ejemplo de comportamiento temerario. Aunque beber solo no es temerario, beber y ponerse al volante de tu veh\u00edculo pone a otros en peligro. En 2015, la polic\u00eda de Fresno realiz\u00f3 2,786 arrestos por conducir bajo la influencia. Conducir bajo el efecto de drogas tambi\u00e9n es com\u00fan y igualmente peligroso. Lo que agrava la situaci\u00f3n es el hecho de que los accidentes por conducir bajo la influencia a menudo resultan en lesiones graves. En algunos casos, las v\u00edctimas perdieron la vida.&nbsp;<\/p>\n\n\n\n<h2 class=\"wp-block-heading\">C\u00d3MO RECIBIR COMPENSACI\u00d3N&nbsp;<\/h2>\n\n\n\n<p>Si estuviste involucrado en un accidente automovil\u00edstico causado por un conductor temerario, es posible que puedas buscar compensaci\u00f3n. En California, la ley toma en serio el manejo temerario.&nbsp;<\/p>\n\n\n\n<p>Si el otro conductor rompi\u00f3 una ley, entonces la polic\u00eda podr\u00eda arrestarlo. Sin embargo, no obligar\u00e1n al conductor culpable a darte dinero por el accidente. En cambio, podr\u00edan presentarle cargos. Esos cargos resultan en un caso judicial que podr\u00eda terminar con una multa o tiempo en la c\u00e1rcel.&nbsp;<\/p>\n\n\n\n<p>Al trabajar con un abogado, puedes tomar medidas adicionales. Puedes presentar una demanda por lesiones personales que podr\u00eda resultar en compensaci\u00f3n por tus salarios perdidos, facturas m\u00e9dicas y terapia. Despu\u00e9s de un accidente, el costo de tus gastos realmente puede acumularse. Tu demanda podr\u00eda conseguirte el dinero que necesitas para pagar esos gastos.&nbsp;<\/p>\n\n\n\n<p>Si obtienes un resultado exitoso para tu caso, hay dos escenarios posibles. Primero, podr\u00edas resolver la situaci\u00f3n con un acuerdo. Tu abogado podr\u00eda trabajar con el abogado contrario y negociar un pago justo. En este caso, no es necesario ir a juicio.&nbsp;<\/p>\n\n\n\n<p>El segundo escenario exitoso es un juicio que termina a tu favor. Si tu abogado convence al tribunal, podr\u00edan responsabilizar al otro conductor por tus da\u00f1os.<\/p>\n\n\n\n<h2 class=\"wp-block-heading\">OBTENIENDO AYUDA CON EL MANEJO TEMERARIO EN FRESNO&nbsp;<\/h2>\n\n\n\n<p>\u00bfUn conductor temerario caus\u00f3 tu accidente? Si es as\u00ed, mereces una mano amiga. Cont\u00e1ctanos en Grossman Law Offices para obtener m\u00e1s informaci\u00f3n sobre lo que podemos hacer por ti. Con nuestra ayuda, podr\u00edas estar en camino hacia un futuro mejor.<\/p>\n\n\n\n<p><\/p>\n","protected":false},"excerpt":{"rendered":"<p>En algunas situaciones, un accidente automovil\u00edstico es completamente inevitable. Pero este no siempre es el caso. A veces, la causa&#8230;<\/p>\n","protected":false},"author":5,"featured_media":0,"parent":1975,"menu_order":0,"comment_status":"closed","ping_status":"closed","template":"template-practice-area.php","meta":{"footnotes":""},"class_list":["post-2433","page","type-page","status-publish","hentry"],"yoast_head":"<!-- This site is optimized with the Yoast SEO plugin v25.0 - https:\/\/yoast.com\/wordpress\/plugins\/seo\/ -->\n<title>MANEJO TEMERARIO EN FRESNO\u00a0 | Grossman Law Offices<\/title>\n<meta name=\"robots\" content=\"index, follow, max-snippet:-1, max-image-preview:large, max-video-preview:-1\" \/>\n<link rel=\"canonical\" href=\"https:\/\/personalinjuryattorney-fresno.com\/es\/lesiones-personales\/accidentes-de-coche\/manejo-temerario-en-fresno\/\" \/>\n<meta property=\"og:locale\" content=\"es_ES\" \/>\n<meta property=\"og:type\" content=\"article\" \/>\n<meta property=\"og:title\" content=\"MANEJO TEMERARIO EN FRESNO\u00a0 | Grossman Law Offices\" \/>\n<meta property=\"og:description\" content=\"En algunas situaciones, un accidente automovil\u00edstico es completamente inevitable. Pero este no siempre es el caso. A veces, la causa...\" \/>\n<meta property=\"og:url\" content=\"https:\/\/personalinjuryattorney-fresno.com\/es\/lesiones-personales\/accidentes-de-coche\/manejo-temerario-en-fresno\/\" \/>\n<meta property=\"og:site_name\" content=\"Grossman Law Offices\" \/>\n<meta property=\"article:modified_time\" content=\"2024-07-17T12:46:16+00:00\" \/>\n<meta property=\"og:image\" content=\"https:\/\/personalinjuryattorney-fresno.com\/wp-content\/uploads\/2019\/03\/og-logo.jpg\" \/>\n\t<meta property=\"og:image:width\" content=\"400\" \/>\n\t<meta property=\"og:image:height\" content=\"400\" \/>\n\t<meta property=\"og:image:type\" content=\"image\/jpeg\" \/>\n<meta name=\"twitter:card\" content=\"summary_large_image\" \/>\n<meta name=\"twitter:label1\" content=\"Tiempo de lectura\" \/>\n\t<meta name=\"twitter:data1\" content=\"3 minutos\" \/>\n<script type=\"application\/ld+json\" class=\"yoast-schema-graph\">{\"@context\":\"https:\/\/schema.org\",\"@graph\":[{\"@type\":\"WebPage\",\"@id\":\"https:\/\/personalinjuryattorney-fresno.com\/es\/lesiones-personales\/accidentes-de-coche\/manejo-temerario-en-fresno\/\",\"url\":\"https:\/\/personalinjuryattorney-fresno.com\/es\/lesiones-personales\/accidentes-de-coche\/manejo-temerario-en-fresno\/\",\"name\":\"MANEJO TEMERARIO EN FRESNO\u00a0 | Grossman Law Offices\",\"isPartOf\":{\"@id\":\"https:\/\/personalinjuryattorney-fresno.com\/es\/#website\"},\"datePublished\":\"2019-04-05T13:05:33+00:00\",\"dateModified\":\"2024-07-17T12:46:16+00:00\",\"breadcrumb\":{\"@id\":\"https:\/\/personalinjuryattorney-fresno.com\/es\/lesiones-personales\/accidentes-de-coche\/manejo-temerario-en-fresno\/#breadcrumb\"},\"inLanguage\":\"es\",\"potentialAction\":[{\"@type\":\"ReadAction\",\"target\":[\"https:\/\/personalinjuryattorney-fresno.com\/es\/lesiones-personales\/accidentes-de-coche\/manejo-temerario-en-fresno\/\"]}]},{\"@type\":\"BreadcrumbList\",\"@id\":\"https:\/\/personalinjuryattorney-fresno.com\/es\/lesiones-personales\/accidentes-de-coche\/manejo-temerario-en-fresno\/#breadcrumb\",\"itemListElement\":[{\"@type\":\"ListItem\",\"position\":1,\"name\":\"Inicio\",\"item\":\"https:\/\/personalinjuryattorney-fresno.com\/es\/\"},{\"@type\":\"ListItem\",\"position\":2,\"name\":\"Lesiones Persona\",\"item\":\"https:\/\/personalinjuryattorney-fresno.com\/es\/lesiones-personales\/\"},{\"@type\":\"ListItem\",\"position\":3,\"name\":\"Accidentes De Coche\",\"item\":\"https:\/\/personalinjuryattorney-fresno.com\/es\/lesiones-personales\/accidentes-de-coche\/\"},{\"@type\":\"ListItem\",\"position\":4,\"name\":\"MANEJO TEMERARIO EN FRESNO\u00a0\"}]},{\"@type\":\"WebSite\",\"@id\":\"https:\/\/personalinjuryattorney-fresno.com\/es\/#website\",\"url\":\"https:\/\/personalinjuryattorney-fresno.com\/es\/\",\"name\":\"Grossman Law Offices\",\"description\":\"Experienced Attorneys Representing Accident Victims Throughout California\",\"potentialAction\":[{\"@type\":\"SearchAction\",\"target\":{\"@type\":\"EntryPoint\",\"urlTemplate\":\"https:\/\/personalinjuryattorney-fresno.com\/es\/?s={search_term_string}\"},\"query-input\":{\"@type\":\"PropertyValueSpecification\",\"valueRequired\":true,\"valueName\":\"search_term_string\"}}],\"inLanguage\":\"es\"}]}<\/script>\n<!-- \/ Yoast SEO plugin. -->","yoast_head_json":{"title":"MANEJO TEMERARIO EN FRESNO\u00a0 | Grossman Law Offices","robots":{"index":"index","follow":"follow","max-snippet":"max-snippet:-1","max-image-preview":"max-image-preview:large","max-video-preview":"max-video-preview:-1"},"canonical":"https:\/\/personalinjuryattorney-fresno.com\/es\/lesiones-personales\/accidentes-de-coche\/manejo-temerario-en-fresno\/","og_locale":"es_ES","og_type":"article","og_title":"MANEJO TEMERARIO EN FRESNO\u00a0 | Grossman Law Offices","og_description":"En algunas situaciones, un accidente automovil\u00edstico es completamente inevitable. Pero este no siempre es el caso. A veces, la causa...","og_url":"https:\/\/personalinjuryattorney-fresno.com\/es\/lesiones-personales\/accidentes-de-coche\/manejo-temerario-en-fresno\/","og_site_name":"Grossman Law Offices","article_modified_time":"2024-07-17T12:46:16+00:00","og_image":[{"width":400,"height":400,"url":"https:\/\/personalinjuryattorney-fresno.com\/wp-content\/uploads\/2019\/03\/og-logo.jpg","type":"image\/jpeg"}],"twitter_card":"summary_large_image","twitter_misc":{"Tiempo de lectura":"3 minutos"},"schema":{"@context":"https:\/\/schema.org","@graph":[{"@type":"WebPage","@id":"https:\/\/personalinjuryattorney-fresno.com\/es\/lesiones-personales\/accidentes-de-coche\/manejo-temerario-en-fresno\/","url":"https:\/\/personalinjuryattorney-fresno.com\/es\/lesiones-personales\/accidentes-de-coche\/manejo-temerario-en-fresno\/","name":"MANEJO TEMERARIO EN FRESNO\u00a0 | Grossman Law Offices","isPartOf":{"@id":"https:\/\/personalinjuryattorney-fresno.com\/es\/#website"},"datePublished":"2019-04-05T13:05:33+00:00","dateModified":"2024-07-17T12:46:16+00:00","breadcrumb":{"@id":"https:\/\/personalinjuryattorney-fresno.com\/es\/lesiones-personales\/accidentes-de-coche\/manejo-temerario-en-fresno\/#breadcrumb"},"inLanguage":"es","potentialAction":[{"@type":"ReadAction","target":["https:\/\/personalinjuryattorney-fresno.com\/es\/lesiones-personales\/accidentes-de-coche\/manejo-temerario-en-fresno\/"]}]},{"@type":"BreadcrumbList","@id":"https:\/\/personalinjuryattorney-fresno.com\/es\/lesiones-personales\/accidentes-de-coche\/manejo-temerario-en-fresno\/#breadcrumb","itemListElement":[{"@type":"ListItem","position":1,"name":"Inicio","item":"https:\/\/personalinjuryattorney-fresno.com\/es\/"},{"@type":"ListItem","position":2,"name":"Lesiones Persona","item":"https:\/\/personalinjuryattorney-fresno.com\/es\/lesiones-personales\/"},{"@type":"ListItem","position":3,"name":"Accidentes De Coche","item":"https:\/\/personalinjuryattorney-fresno.com\/es\/lesiones-personales\/accidentes-de-coche\/"},{"@type":"ListItem","position":4,"name":"MANEJO TEMERARIO EN FRESNO\u00a0"}]},{"@type":"WebSite","@id":"https:\/\/personalinjuryattorney-fresno.com\/es\/#website","url":"https:\/\/personalinjuryattorney-fresno.com\/es\/","name":"Grossman Law Offices","description":"Experienced Attorneys Representing Accident Victims Throughout California","potentialAction":[{"@type":"SearchAction","target":{"@type":"EntryPoint","urlTemplate":"https:\/\/personalinjuryattorney-fresno.com\/es\/?s={search_term_string}"},"query-input":{"@type":"PropertyValueSpecification","valueRequired":true,"valueName":"search_term_string"}}],"inLanguage":"es"}]}},"_links":{"self":[{"href":"https:\/\/personalinjuryattorney-fresno.com\/es\/wp-json\/wp\/v2\/pages\/2433","targetHints":{"allow":["GET"]}}],"collection":[{"href":"https:\/\/personalinjuryattorney-fresno.com\/es\/wp-json\/wp\/v2\/pages"}],"about":[{"href":"https:\/\/personalinjuryattorney-fresno.com\/es\/wp-json\/wp\/v2\/types\/page"}],"author":[{"embeddable":true,"href":"https:\/\/personalinjuryattorney-fresno.com\/es\/wp-json\/wp\/v2\/users\/5"}],"replies":[{"embeddable":true,"href":"https:\/\/personalinjuryattorney-fresno.com\/es\/wp-json\/wp\/v2\/comments?post=2433"}],"version-history":[{"count":0,"href":"https:\/\/personalinjuryattorney-fresno.com\/es\/wp-json\/wp\/v2\/pages\/2433\/revisions"}],"up":[{"embeddable":true,"href":"https:\/\/personalinjuryattorney-fresno.com\/es\/wp-json\/wp\/v2\/pages\/1975"}],"wp:attachment":[{"href":"https:\/\/personalinjuryattorney-fresno.com\/es\/wp-json\/wp\/v2\/media?parent=2433"}],"curies":[{"name":"wp","href":"https:\/\/api.w.org\/{rel}","templated":true}]}}