{"id":2424,"date":"2019-11-19T17:27:31","date_gmt":"2019-11-19T17:27:31","guid":{"rendered":"https:\/\/personalinjuryattorney-fresno.com\/?page_id=2424"},"modified":"2024-07-17T02:47:31","modified_gmt":"2024-07-17T02:47:31","slug":"accidentes-por-defectos-automotrices","status":"publish","type":"page","link":"https:\/\/personalinjuryattorney-fresno.com\/es\/lesiones-personales\/accidentes-de-coche\/accidentes-por-defectos-automotrices\/","title":{"rendered":"Accidentes Por Defectos Automotrices"},"content":{"rendered":"\n<p>En 2017, 55 personas murieron y miles resultaron heridas en accidentes automovil\u00edsticos en Fresno. Si bien muchos de esos choques fueron causados por errores del conductor, algunos fueron el resultado de veh\u00edculos o piezas defectuosas. Si ha sido v\u00edctima de un defecto automotriz, merece una compensaci\u00f3n. Grossman Law Offices puede informarle m\u00e1s sobre sus opciones para buscar justicia.<\/p>\n\n\n\n<h2 class=\"wp-block-heading\">\u00bfQU\u00c9 ES UN DEFECTO AUTOMOTRIZ?<\/h2>\n\n\n\n<p>Si un autom\u00f3vil no est\u00e1 dise\u00f1ado correctamente, cualquiera que conduzca el veh\u00edculo podr\u00eda estar en peligro. Es responsabilidad del fabricante del veh\u00edculo crear un veh\u00edculo razonablemente seguro. Si no cumplen con su responsabilidad, el fabricante puede ser responsable de pagar sus gastos relacionados con el accidente. Un fabricante de piezas tambi\u00e9n podr\u00eda ser el culpable.<\/p>\n\n\n\n<p>Un defecto automotriz podr\u00eda causar su accidente. Pero en algunos casos, el defecto no es responsable del choque. M\u00e1s bien, empeora las lesiones que sufre en una colisi\u00f3n. En cualquier situaci\u00f3n, puede emprender acciones legales contra la parte responsable.<\/p>\n\n\n\n<p>Todos los siguientes son ejemplos de defectos automotrices causados por fabricantes de piezas:<\/p>\n\n\n\n<h3 class=\"wp-block-heading\">TECHO APLASTADO<\/h3>\n\n\n\n<p>En caso de un accidente de vuelco, el techo de un veh\u00edculo deber\u00eda protegerlo razonablemente del da\u00f1o. Sin embargo, esto no siempre es as\u00ed. Si las estructuras de soporte del techo fallan, los ocupantes del autom\u00f3vil podr\u00edan sufrir lesiones graves. A menudo, este tipo de defecto resulta en lesiones en el cuello o par\u00e1lisis permanente.<\/p>\n\n\n\n<h3 class=\"wp-block-heading\">FALLA DEL SISTEMA DE COMBUSTIBLE<\/h3>\n\n\n\n<p>Despu\u00e9s de un accidente, una falla en el sistema de combustible puede resultar en un incendio o explosi\u00f3n post-colisi\u00f3n. Por lo general, esto es causado por un tanque de combustible perforado o un sistema de combustible mal dise\u00f1ado. El incendio podr\u00eda ponerlo a usted u otros ocupantes del veh\u00edculo en peligro mortal. Incluso si sobrevive, podr\u00eda tener desfiguraciones permanentes por sus quemaduras.<\/p>\n\n\n\n<h3 class=\"wp-block-heading\">FALLA DEL AIRBAG<\/h3>\n\n\n\n<p>Aunque un airbag deber\u00eda mantenerlo seguro, no siempre funciona como deber\u00eda. A veces, el airbag puede no activarse cuando se necesita. O puede activarse con demasiada fuerza. De cualquier manera, es probable que experimente lesiones graves.<\/p>\n\n\n\n<h3 class=\"wp-block-heading\">FALLA DE LA PUERTA<\/h3>\n\n\n\n<p>Las puertas de su autom\u00f3vil deber\u00edan protegerlo en un accidente. Sin embargo, las puertas podr\u00edan fallar y usted podr\u00eda ser expulsado del veh\u00edculo.<\/p>\n\n\n\n<h3 class=\"wp-block-heading\">FALLA DEL CINTUR\u00d3N DE SEGURIDAD<\/h3>\n\n\n\n<p>Algunos cinturones de seguridad tienen defectos que no les permiten bloquearse durante una colisi\u00f3n. Como resultado, tienen demasiada holgura y no retienen al ocupante del veh\u00edculo.<\/p>\n\n\n\n<h3 class=\"wp-block-heading\">SIN PROTECCI\u00d3N CONTRA IMPACTOS LATERALES<\/h3>\n\n\n\n<p>Cada autom\u00f3vil deber\u00eda tener refuerzos en las puertas laterales para absorber un impacto durante un choque lateral. Si sufre un impacto lateral y sus puertas no tienen protecci\u00f3n adicional, sus lesiones podr\u00edan ser graves.<\/p>\n\n\n\n<h3 class=\"wp-block-heading\">NEUM\u00c1TICOS DEFECTUOSOS<\/h3>\n\n\n\n<p>Los neum\u00e1ticos tienen una vida \u00fatil. Pero cuando un neum\u00e1tico falla antes de alcanzar el final de su vida \u00fatil, podr\u00eda ser un defecto automotriz. Desafortunadamente, los neum\u00e1ticos defectuosos a veces son causas de accidentes.<\/p>\n\n\n\n<h2 class=\"wp-block-heading\">EXIGIENDO A LOS FABRICANTES UN EST\u00c1NDAR M\u00c1S ALTO<\/h2>\n\n\n\n<p>Hoy en d\u00eda, la industria automotriz tiene acceso a una tecnolog\u00eda incre\u00edble. Los nuevos desarrollos les permiten fabricar veh\u00edculos m\u00e1s seguros que limitan tanto los accidentes como las lesiones. Lamentablemente, ciertos fabricantes priorizan sus ganancias sobre la seguridad. Recortan costos y omiten las nuevas caracter\u00edsticas de seguridad.<\/p>\n\n\n\n<p>Es hora de comenzar a exigir a los fabricantes de autom\u00f3viles est\u00e1ndares m\u00e1s altos. Si ha sido v\u00edctima de un defecto automotriz, puede emprender acciones legales. Al presentar una demanda por lesiones personales contra el fabricante de las piezas o del veh\u00edculo, podr\u00eda recibir una compensaci\u00f3n. Adem\u00e1s de compensarlo por sus da\u00f1os y dolor y sufrimiento, tambi\u00e9n env\u00eda un mensaje de que los fabricantes ser\u00e1n responsables de sus acciones.<\/p>\n\n\n\n<h3 class=\"wp-block-heading\">QU\u00c9 NECESITA PARA PRESENTAR UNA DEMANDA<\/h3>\n\n\n\n<p>Si desea presentar una demanda por un defecto automotriz, lo primero que debe hacer es consultar con un abogado de responsabilidad de locales en Fresno. Le preguntar\u00e1n sobre su accidente y determinar\u00e1n si tiene o no un caso.<\/p>\n\n\n\n<p>En caso de que tenga motivos para una demanda, recopilar\u00e1n evidencia del defecto. Esto no es tan f\u00e1cil como podr\u00eda imaginar. Para construir un caso convincente, necesita un investigador experimentado. Grossman Law Offices entiende las complejidades de los casos de defectos automotrices. Tenemos las habilidades y los recursos para construir un caso s\u00f3lido.<\/p>\n\n\n\n<p>Una vez que se construye su caso y se presenta la documentaci\u00f3n, puede resolver la situaci\u00f3n fuera de la sala del tribunal. En la mediaci\u00f3n, la otra parte podr\u00eda acordar escribirle un cheque de acuerdo. De lo contrario, su caso ir\u00e1 a juicio. Sin importar c\u00f3mo se resuelva su caso, podr\u00eda terminar con el dinero para sus facturas m\u00e9dicas, salarios perdidos y dolor y sufrimiento. Llame a nuestro abogado de accidentes automovil\u00edsticos hoy para una consulta gratuita y comience.<\/p>\n","protected":false},"excerpt":{"rendered":"<p>En 2017, 55 personas murieron y miles resultaron heridas en accidentes automovil\u00edsticos en Fresno. Si bien muchos de esos choques&#8230;<\/p>\n","protected":false},"author":6,"featured_media":1759,"parent":1975,"menu_order":0,"comment_status":"closed","ping_status":"closed","template":"template-practice-area.php","meta":{"footnotes":""},"class_list":["post-2424","page","type-page","status-publish","has-post-thumbnail","hentry"],"yoast_head":"<!-- This site is optimized with the Yoast SEO plugin v25.0 - https:\/\/yoast.com\/wordpress\/plugins\/seo\/ -->\n<title>Accidentes Por Defectos Automotrices | Grossman Law Offices<\/title>\n<meta name=\"robots\" content=\"index, follow, max-snippet:-1, max-image-preview:large, max-video-preview:-1\" \/>\n<link rel=\"canonical\" href=\"https:\/\/personalinjuryattorney-fresno.com\/es\/lesiones-personales\/accidentes-de-coche\/accidentes-por-defectos-automotrices\/\" \/>\n<meta property=\"og:locale\" content=\"es_ES\" \/>\n<meta property=\"og:type\" content=\"article\" \/>\n<meta property=\"og:title\" content=\"Accidentes Por Defectos Automotrices | Grossman Law Offices\" \/>\n<meta property=\"og:description\" content=\"En 2017, 55 personas murieron y miles resultaron heridas en accidentes automovil\u00edsticos en Fresno. Si bien muchos de esos choques...\" \/>\n<meta property=\"og:url\" content=\"https:\/\/personalinjuryattorney-fresno.com\/es\/lesiones-personales\/accidentes-de-coche\/accidentes-por-defectos-automotrices\/\" \/>\n<meta property=\"og:site_name\" content=\"Grossman Law Offices\" \/>\n<meta property=\"article:modified_time\" content=\"2024-07-17T02:47:31+00:00\" \/>\n<meta property=\"og:image\" content=\"https:\/\/personalinjuryattorney-fresno.com\/wp-content\/uploads\/2023\/12\/Auto-Defect-Accidents.webp\" \/>\n\t<meta property=\"og:image:width\" content=\"730\" \/>\n\t<meta property=\"og:image:height\" content=\"485\" \/>\n\t<meta property=\"og:image:type\" content=\"image\/webp\" \/>\n<meta name=\"twitter:card\" content=\"summary_large_image\" \/>\n<meta name=\"twitter:label1\" content=\"Tiempo de lectura\" \/>\n\t<meta name=\"twitter:data1\" content=\"4 minutos\" \/>\n<script type=\"application\/ld+json\" class=\"yoast-schema-graph\">{\"@context\":\"https:\/\/schema.org\",\"@graph\":[{\"@type\":\"WebPage\",\"@id\":\"https:\/\/personalinjuryattorney-fresno.com\/es\/lesiones-personales\/accidentes-de-coche\/accidentes-por-defectos-automotrices\/\",\"url\":\"https:\/\/personalinjuryattorney-fresno.com\/es\/lesiones-personales\/accidentes-de-coche\/accidentes-por-defectos-automotrices\/\",\"name\":\"Accidentes Por Defectos Automotrices | Grossman Law Offices\",\"isPartOf\":{\"@id\":\"https:\/\/personalinjuryattorney-fresno.com\/es\/#website\"},\"primaryImageOfPage\":{\"@id\":\"https:\/\/personalinjuryattorney-fresno.com\/es\/lesiones-personales\/accidentes-de-coche\/accidentes-por-defectos-automotrices\/#primaryimage\"},\"image\":{\"@id\":\"https:\/\/personalinjuryattorney-fresno.com\/es\/lesiones-personales\/accidentes-de-coche\/accidentes-por-defectos-automotrices\/#primaryimage\"},\"thumbnailUrl\":\"https:\/\/personalinjuryattorney-fresno.com\/wp-content\/uploads\/2023\/12\/Auto-Defect-Accidents.webp\",\"datePublished\":\"2019-11-19T17:27:31+00:00\",\"dateModified\":\"2024-07-17T02:47:31+00:00\",\"breadcrumb\":{\"@id\":\"https:\/\/personalinjuryattorney-fresno.com\/es\/lesiones-personales\/accidentes-de-coche\/accidentes-por-defectos-automotrices\/#breadcrumb\"},\"inLanguage\":\"es\",\"potentialAction\":[{\"@type\":\"ReadAction\",\"target\":[\"https:\/\/personalinjuryattorney-fresno.com\/es\/lesiones-personales\/accidentes-de-coche\/accidentes-por-defectos-automotrices\/\"]}]},{\"@type\":\"ImageObject\",\"inLanguage\":\"es\",\"@id\":\"https:\/\/personalinjuryattorney-fresno.com\/es\/lesiones-personales\/accidentes-de-coche\/accidentes-por-defectos-automotrices\/#primaryimage\",\"url\":\"https:\/\/personalinjuryattorney-fresno.com\/wp-content\/uploads\/2023\/12\/Auto-Defect-Accidents.webp\",\"contentUrl\":\"https:\/\/personalinjuryattorney-fresno.com\/wp-content\/uploads\/2023\/12\/Auto-Defect-Accidents.webp\",\"width\":730,\"height\":485},{\"@type\":\"BreadcrumbList\",\"@id\":\"https:\/\/personalinjuryattorney-fresno.com\/es\/lesiones-personales\/accidentes-de-coche\/accidentes-por-defectos-automotrices\/#breadcrumb\",\"itemListElement\":[{\"@type\":\"ListItem\",\"position\":1,\"name\":\"Inicio\",\"item\":\"https:\/\/personalinjuryattorney-fresno.com\/es\/\"},{\"@type\":\"ListItem\",\"position\":2,\"name\":\"Lesiones Persona\",\"item\":\"https:\/\/personalinjuryattorney-fresno.com\/es\/lesiones-personales\/\"},{\"@type\":\"ListItem\",\"position\":3,\"name\":\"Accidentes De Coche\",\"item\":\"https:\/\/personalinjuryattorney-fresno.com\/es\/lesiones-personales\/accidentes-de-coche\/\"},{\"@type\":\"ListItem\",\"position\":4,\"name\":\"Accidentes Por Defectos Automotrices\"}]},{\"@type\":\"WebSite\",\"@id\":\"https:\/\/personalinjuryattorney-fresno.com\/es\/#website\",\"url\":\"https:\/\/personalinjuryattorney-fresno.com\/es\/\",\"name\":\"Grossman Law Offices\",\"description\":\"Experienced Attorneys Representing Accident Victims Throughout California\",\"potentialAction\":[{\"@type\":\"SearchAction\",\"target\":{\"@type\":\"EntryPoint\",\"urlTemplate\":\"https:\/\/personalinjuryattorney-fresno.com\/es\/?s={search_term_string}\"},\"query-input\":{\"@type\":\"PropertyValueSpecification\",\"valueRequired\":true,\"valueName\":\"search_term_string\"}}],\"inLanguage\":\"es\"}]}<\/script>\n<!-- \/ Yoast SEO plugin. -->","yoast_head_json":{"title":"Accidentes Por Defectos Automotrices | Grossman Law Offices","robots":{"index":"index","follow":"follow","max-snippet":"max-snippet:-1","max-image-preview":"max-image-preview:large","max-video-preview":"max-video-preview:-1"},"canonical":"https:\/\/personalinjuryattorney-fresno.com\/es\/lesiones-personales\/accidentes-de-coche\/accidentes-por-defectos-automotrices\/","og_locale":"es_ES","og_type":"article","og_title":"Accidentes Por Defectos Automotrices | Grossman Law Offices","og_description":"En 2017, 55 personas murieron y miles resultaron heridas en accidentes automovil\u00edsticos en Fresno. Si bien muchos de esos choques...","og_url":"https:\/\/personalinjuryattorney-fresno.com\/es\/lesiones-personales\/accidentes-de-coche\/accidentes-por-defectos-automotrices\/","og_site_name":"Grossman Law Offices","article_modified_time":"2024-07-17T02:47:31+00:00","og_image":[{"width":730,"height":485,"url":"https:\/\/personalinjuryattorney-fresno.com\/wp-content\/uploads\/2023\/12\/Auto-Defect-Accidents.webp","type":"image\/webp"}],"twitter_card":"summary_large_image","twitter_misc":{"Tiempo de lectura":"4 minutos"},"schema":{"@context":"https:\/\/schema.org","@graph":[{"@type":"WebPage","@id":"https:\/\/personalinjuryattorney-fresno.com\/es\/lesiones-personales\/accidentes-de-coche\/accidentes-por-defectos-automotrices\/","url":"https:\/\/personalinjuryattorney-fresno.com\/es\/lesiones-personales\/accidentes-de-coche\/accidentes-por-defectos-automotrices\/","name":"Accidentes Por Defectos Automotrices | Grossman Law Offices","isPartOf":{"@id":"https:\/\/personalinjuryattorney-fresno.com\/es\/#website"},"primaryImageOfPage":{"@id":"https:\/\/personalinjuryattorney-fresno.com\/es\/lesiones-personales\/accidentes-de-coche\/accidentes-por-defectos-automotrices\/#primaryimage"},"image":{"@id":"https:\/\/personalinjuryattorney-fresno.com\/es\/lesiones-personales\/accidentes-de-coche\/accidentes-por-defectos-automotrices\/#primaryimage"},"thumbnailUrl":"https:\/\/personalinjuryattorney-fresno.com\/wp-content\/uploads\/2023\/12\/Auto-Defect-Accidents.webp","datePublished":"2019-11-19T17:27:31+00:00","dateModified":"2024-07-17T02:47:31+00:00","breadcrumb":{"@id":"https:\/\/personalinjuryattorney-fresno.com\/es\/lesiones-personales\/accidentes-de-coche\/accidentes-por-defectos-automotrices\/#breadcrumb"},"inLanguage":"es","potentialAction":[{"@type":"ReadAction","target":["https:\/\/personalinjuryattorney-fresno.com\/es\/lesiones-personales\/accidentes-de-coche\/accidentes-por-defectos-automotrices\/"]}]},{"@type":"ImageObject","inLanguage":"es","@id":"https:\/\/personalinjuryattorney-fresno.com\/es\/lesiones-personales\/accidentes-de-coche\/accidentes-por-defectos-automotrices\/#primaryimage","url":"https:\/\/personalinjuryattorney-fresno.com\/wp-content\/uploads\/2023\/12\/Auto-Defect-Accidents.webp","contentUrl":"https:\/\/personalinjuryattorney-fresno.com\/wp-content\/uploads\/2023\/12\/Auto-Defect-Accidents.webp","width":730,"height":485},{"@type":"BreadcrumbList","@id":"https:\/\/personalinjuryattorney-fresno.com\/es\/lesiones-personales\/accidentes-de-coche\/accidentes-por-defectos-automotrices\/#breadcrumb","itemListElement":[{"@type":"ListItem","position":1,"name":"Inicio","item":"https:\/\/personalinjuryattorney-fresno.com\/es\/"},{"@type":"ListItem","position":2,"name":"Lesiones Persona","item":"https:\/\/personalinjuryattorney-fresno.com\/es\/lesiones-personales\/"},{"@type":"ListItem","position":3,"name":"Accidentes De Coche","item":"https:\/\/personalinjuryattorney-fresno.com\/es\/lesiones-personales\/accidentes-de-coche\/"},{"@type":"ListItem","position":4,"name":"Accidentes Por Defectos Automotrices"}]},{"@type":"WebSite","@id":"https:\/\/personalinjuryattorney-fresno.com\/es\/#website","url":"https:\/\/personalinjuryattorney-fresno.com\/es\/","name":"Grossman Law Offices","description":"Experienced Attorneys Representing Accident Victims Throughout California","potentialAction":[{"@type":"SearchAction","target":{"@type":"EntryPoint","urlTemplate":"https:\/\/personalinjuryattorney-fresno.com\/es\/?s={search_term_string}"},"query-input":{"@type":"PropertyValueSpecification","valueRequired":true,"valueName":"search_term_string"}}],"inLanguage":"es"}]}},"_links":{"self":[{"href":"https:\/\/personalinjuryattorney-fresno.com\/es\/wp-json\/wp\/v2\/pages\/2424","targetHints":{"allow":["GET"]}}],"collection":[{"href":"https:\/\/personalinjuryattorney-fresno.com\/es\/wp-json\/wp\/v2\/pages"}],"about":[{"href":"https:\/\/personalinjuryattorney-fresno.com\/es\/wp-json\/wp\/v2\/types\/page"}],"author":[{"embeddable":true,"href":"https:\/\/personalinjuryattorney-fresno.com\/es\/wp-json\/wp\/v2\/users\/6"}],"replies":[{"embeddable":true,"href":"https:\/\/personalinjuryattorney-fresno.com\/es\/wp-json\/wp\/v2\/comments?post=2424"}],"version-history":[{"count":0,"href":"https:\/\/personalinjuryattorney-fresno.com\/es\/wp-json\/wp\/v2\/pages\/2424\/revisions"}],"up":[{"embeddable":true,"href":"https:\/\/personalinjuryattorney-fresno.com\/es\/wp-json\/wp\/v2\/pages\/1975"}],"wp:featuredmedia":[{"embeddable":true,"href":"https:\/\/personalinjuryattorney-fresno.com\/es\/wp-json\/wp\/v2\/media\/1759"}],"wp:attachment":[{"href":"https:\/\/personalinjuryattorney-fresno.com\/es\/wp-json\/wp\/v2\/media?parent=2424"}],"curies":[{"name":"wp","href":"https:\/\/api.w.org\/{rel}","templated":true}]}}