{"id":2396,"date":"2024-05-27T08:48:01","date_gmt":"2024-05-27T08:48:01","guid":{"rendered":"https:\/\/personalinjuryattorney-fresno.com\/privacy-policy\/"},"modified":"2024-05-27T14:11:50","modified_gmt":"2024-05-27T14:11:50","slug":"politica-de-privacidad","status":"publish","type":"page","link":"https:\/\/personalinjuryattorney-fresno.com\/es\/politica-de-privacidad\/","title":{"rendered":"Pol\u00edtica de Privacidad"},"content":{"rendered":"\n<p>Por favor revise los principios descritos en relaci\u00f3n con el manejo de sus datos personales por parte del Bufete. Este documento explica nuestros m\u00e9todos para la recopilaci\u00f3n, utilizaci\u00f3n y procesamiento de sus datos personales, junto con sus derechos con respecto a nuestras pr\u00e1cticas de datos (denominada la \u00abPol\u00edtica de Privacidad\u00bb). La \u00abinformaci\u00f3n personal\u00bb se define aqu\u00ed como los datos que, solos o combinados con otros datos que poseemos, lo hacen identificable. Para los californianos, la \u00abinformaci\u00f3n personal\u00bb tiene una definici\u00f3n espec\u00edfica bajo la Ley de Privacidad del Consumidor de California (CCPA). Nos comprometemos a no vender ni compartir sus datos identificables fuera del alcance de la Pol\u00edtica de Privacidad.<\/p>\n\n\n\n<p>Esta Pol\u00edtica de Privacidad rige c\u00f3mo Grossman Law recopila, usa, mantiene y divulga informaci\u00f3n recopilada de los usuarios (cada uno, un \u00abUsuario\u00bb) del sitio web https:\/\/personalinjuryattorney-fresno.com\/ (\u00abSitio\u00bb). Esta pol\u00edtica de privacidad se aplica al Sitio y a todos los productos y servicios ofrecidos por Grossman Law Firm. Si elige usar nuestro Sitio, entonces acepta la recopilaci\u00f3n y uso de la informaci\u00f3n seg\u00fan esta pol\u00edtica. La informaci\u00f3n personal que recopilamos se utiliza para proporcionar y mejorar el Sitio y el Servicio. No utilizaremos ni compartiremos su informaci\u00f3n con nadie, excepto como se describe en esta Pol\u00edtica de Privacidad.<\/p>\n\n\n\n<p>Nuestra Pol\u00edtica de Privacidad fue creada con la ayuda de la Plantilla de Pol\u00edtica de Privacidad y el Generador de Pol\u00edtica de Privacidad.<\/p>\n\n\n\n<p>Recopilaci\u00f3n y Uso de la Informaci\u00f3n<\/p>\n\n\n\n<p>Para una mejor experiencia mientras usa nuestro Sitio, es posible que le pidamos que nos proporcione cierta informaci\u00f3n de identificaci\u00f3n personal, incluyendo pero no limit\u00e1ndose a su nombre, n\u00famero de tel\u00e9fono y direcci\u00f3n postal. La informaci\u00f3n que recopilamos puede ser utilizada para contactarlo o identificarlo.<\/p>\n\n\n\n<p>Datos de Registro<\/p>\n\n\n\n<p>Cada vez que visita nuestro Sitio, recopilamos informaci\u00f3n que su navegador nos env\u00eda, llamada Datos de Registro. Estos Datos de Registro pueden incluir informaci\u00f3n como la direcci\u00f3n de Protocolo de Internet (\u00abIP\u00bb) de su computadora, la versi\u00f3n del navegador, las p\u00e1ginas de nuestro Sitio que visita, la hora y fecha de su visita, el tiempo dedicado a esas p\u00e1ginas y otras estad\u00edsticas.<\/p>\n\n\n\n<p>Informaci\u00f3n de identificaci\u00f3n no personal<\/p>\n\n\n\n<p>Podemos recopilar informaci\u00f3n de identificaci\u00f3n no personal sobre los Usuarios cada vez que interact\u00faan con nuestro Sitio. La informaci\u00f3n de identificaci\u00f3n no personal puede incluir el nombre del navegador, el tipo de computadora y la informaci\u00f3n t\u00e9cnica sobre los medios de conexi\u00f3n de los Usuarios a nuestro Sitio, como el sistema operativo y los proveedores de servicios de Internet utilizados y otra informaci\u00f3n similar.<\/p>\n\n\n\n<p>Cookies<\/p>\n\n\n\n<p>Las cookies son archivos con una peque\u00f1a cantidad de datos que se usan com\u00fanmente como un identificador \u00fanico an\u00f3nimo. Estos se env\u00edan a su navegador desde el sitio web que visita y se almacenan en el disco duro de su computadora.<\/p>\n\n\n\n<p>Nuestro sitio web utiliza estas \u00abcookies\u00bb para recopilar informaci\u00f3n y mejorar nuestro Servicio y Sitio. Usted tiene la opci\u00f3n de aceptar o rechazar estas cookies y saber cu\u00e1ndo se env\u00eda una cookie a su computadora. Si elige rechazar nuestras cookies, es posible que no pueda utilizar algunas partes de nuestro Servicio o Sitio.<\/p>\n\n\n\n<p>Para obtener m\u00e1s informaci\u00f3n general sobre las cookies, lea \u00ab\u00bfQu\u00e9 son las cookies?\u00bb.<\/p>\n\n\n\n<p>Proveedores de Servicios<br>Podemos emplear compa\u00f1\u00edas e individuos de terceros por las siguientes razones:<br>Para facilitar nuestro Servicio;<br>Para proporcionar el Servicio en nuestro nombre;<br>Para realizar servicios relacionados con el Servicio; o<br>Para ayudarnos a analizar c\u00f3mo se utiliza nuestro Servicio.<\/p>\n\n\n\n<p>Queremos informar a los usuarios de nuestro Sitio que estos terceros tienen acceso a su Informaci\u00f3n Personal. La raz\u00f3n es realizar las tareas asignadas a ellos en nuestro nombre. Sin embargo, est\u00e1n obligados a no divulgar ni usar la informaci\u00f3n para ning\u00fan otro prop\u00f3sito.<\/p>\n\n\n\n<p>Seguridad<\/p>\n\n\n\n<p>Valoramos su confianza al proporcionarnos su Informaci\u00f3n Personal, por lo que estamos esforz\u00e1ndonos por usar medios comercialmente aceptables para protegerla. Pero recuerde que ning\u00fan m\u00e9todo de transmisi\u00f3n por Internet o m\u00e9todo de almacenamiento electr\u00f3nico es 100% seguro y confiable, y no podemos garantizar su seguridad absoluta.<\/p>\n\n\n\n<p>C\u00f3mo protegemos su informaci\u00f3n<\/p>\n\n\n\n<p>Adoptamos pr\u00e1cticas adecuadas de recopilaci\u00f3n, almacenamiento y procesamiento de datos y medidas de seguridad para proteger contra el acceso no autorizado, la alteraci\u00f3n, divulgaci\u00f3n o destrucci\u00f3n de su informaci\u00f3n personal, nombre de usuario, contrase\u00f1a, informaci\u00f3n de transacciones y datos almacenados en nuestro Sitio. Nuestro Sitio cumple con los est\u00e1ndares de vulnerabilidad PCI para crear un entorno lo m\u00e1s seguro posible para los Usuarios.<\/p>\n\n\n\n<p>Enlaces a Otros Sitios<\/p>\n\n\n\n<p>Nuestro Sitio puede contener enlaces a otros sitios. Si hace clic en un enlace de terceros, ser\u00e1 dirigido a ese sitio. Tenga en cuenta que estos sitios externos no son operados por nosotros. Por lo tanto, le recomendamos encarecidamente que revise la Pol\u00edtica de Privacidad de estos sitios web. No tenemos control sobre el contenido, las pol\u00edticas de privacidad o las pr\u00e1cticas de sitios o servicios de terceros y no asumimos ninguna responsabilidad por ellos.<\/p>\n\n\n\n<p>Privacidad de los Ni\u00f1os<\/p>\n\n\n\n<p>Nuestros Servicios no est\u00e1n dirigidos a personas menores de 13 a\u00f1os. No recopilamos a sabiendas informaci\u00f3n de identificaci\u00f3n personal de ni\u00f1os menores de 13 a\u00f1os. En el caso de que descubramos que un ni\u00f1o menor de 13 a\u00f1os nos ha proporcionado informaci\u00f3n personal, la eliminamos inmediatamente de nuestros servidores. Si usted es un padre o tutor y sabe que su hijo nos ha proporcionado informaci\u00f3n personal, cont\u00e1ctenos para que podamos tomar las medidas necesarias.<\/p>\n\n\n\n<p>Cambios a Esta Pol\u00edtica de Privacidad<\/p>\n\n\n\n<p>Podemos actualizar nuestra Pol\u00edtica de Privacidad de vez en cuando. Por lo tanto, le aconsejamos que revise esta p\u00e1gina peri\u00f3dicamente para ver si hay cambios. Le notificaremos cualquier cambio publicando la nueva Pol\u00edtica de Privacidad en esta p\u00e1gina. Estos cambios entran en vigencia inmediatamente despu\u00e9s de su publicaci\u00f3n en esta p\u00e1gina.<\/p>\n\n\n\n<p>Cont\u00e1ctenos<\/p>\n\n\n\n<p>Si tiene alguna pregunta o sugerencia sobre nuestra Pol\u00edtica de Privacidad, no dude en contactarnos.<\/p>\n\n\n\n<p>Grossman Law Firm<br>Oficina de Fresno<br>7161 N. Howard Street Suite 202 Fresno, CA 93720<br>Efectivo desde el 01.05.24<\/p>\n","protected":false},"excerpt":{"rendered":"<p>Por favor revise los principios descritos en relaci\u00f3n con el manejo de sus datos personales por parte del Bufete. Este&#8230;<\/p>\n","protected":false},"author":5,"featured_media":0,"parent":0,"menu_order":0,"comment_status":"closed","ping_status":"closed","template":"","meta":{"footnotes":""},"class_list":["post-2396","page","type-page","status-publish","hentry"],"yoast_head":"<!-- This site is optimized with the Yoast SEO plugin v25.0 - https:\/\/yoast.com\/wordpress\/plugins\/seo\/ -->\n<title>Pol\u00edtica de Privacidad | Grossman Law Offices<\/title>\n<meta name=\"robots\" content=\"index, follow, max-snippet:-1, max-image-preview:large, max-video-preview:-1\" \/>\n<link rel=\"canonical\" href=\"https:\/\/personalinjuryattorney-fresno.com\/es\/politica-de-privacidad\/\" \/>\n<meta property=\"og:locale\" content=\"es_ES\" \/>\n<meta property=\"og:type\" content=\"article\" \/>\n<meta property=\"og:title\" content=\"Pol\u00edtica de Privacidad | Grossman Law Offices\" \/>\n<meta property=\"og:description\" content=\"Por favor revise los principios descritos en relaci\u00f3n con el manejo de sus datos personales por parte del Bufete. Este...\" \/>\n<meta property=\"og:url\" content=\"https:\/\/personalinjuryattorney-fresno.com\/es\/politica-de-privacidad\/\" \/>\n<meta property=\"og:site_name\" content=\"Grossman Law Offices\" \/>\n<meta property=\"article:modified_time\" content=\"2024-05-27T14:11:50+00:00\" \/>\n<meta property=\"og:image\" content=\"https:\/\/personalinjuryattorney-fresno.com\/wp-content\/uploads\/2019\/03\/og-logo.jpg\" \/>\n\t<meta property=\"og:image:width\" content=\"400\" \/>\n\t<meta property=\"og:image:height\" content=\"400\" \/>\n\t<meta property=\"og:image:type\" content=\"image\/jpeg\" \/>\n<meta name=\"twitter:card\" content=\"summary_large_image\" \/>\n<meta name=\"twitter:label1\" content=\"Tiempo de lectura\" \/>\n\t<meta name=\"twitter:data1\" content=\"5 minutos\" \/>\n<script type=\"application\/ld+json\" class=\"yoast-schema-graph\">{\"@context\":\"https:\/\/schema.org\",\"@graph\":[{\"@type\":\"WebPage\",\"@id\":\"https:\/\/personalinjuryattorney-fresno.com\/es\/politica-de-privacidad\/\",\"url\":\"https:\/\/personalinjuryattorney-fresno.com\/es\/politica-de-privacidad\/\",\"name\":\"Pol\u00edtica de Privacidad | Grossman Law Offices\",\"isPartOf\":{\"@id\":\"https:\/\/personalinjuryattorney-fresno.com\/es\/#website\"},\"datePublished\":\"2024-05-27T08:48:01+00:00\",\"dateModified\":\"2024-05-27T14:11:50+00:00\",\"breadcrumb\":{\"@id\":\"https:\/\/personalinjuryattorney-fresno.com\/es\/politica-de-privacidad\/#breadcrumb\"},\"inLanguage\":\"es\",\"potentialAction\":[{\"@type\":\"ReadAction\",\"target\":[\"https:\/\/personalinjuryattorney-fresno.com\/es\/politica-de-privacidad\/\"]}]},{\"@type\":\"BreadcrumbList\",\"@id\":\"https:\/\/personalinjuryattorney-fresno.com\/es\/politica-de-privacidad\/#breadcrumb\",\"itemListElement\":[{\"@type\":\"ListItem\",\"position\":1,\"name\":\"Inicio\",\"item\":\"https:\/\/personalinjuryattorney-fresno.com\/es\/\"},{\"@type\":\"ListItem\",\"position\":2,\"name\":\"Pol\u00edtica de Privacidad\"}]},{\"@type\":\"WebSite\",\"@id\":\"https:\/\/personalinjuryattorney-fresno.com\/es\/#website\",\"url\":\"https:\/\/personalinjuryattorney-fresno.com\/es\/\",\"name\":\"Grossman Law Offices\",\"description\":\"Experienced Attorneys Representing Accident Victims Throughout California\",\"potentialAction\":[{\"@type\":\"SearchAction\",\"target\":{\"@type\":\"EntryPoint\",\"urlTemplate\":\"https:\/\/personalinjuryattorney-fresno.com\/es\/?s={search_term_string}\"},\"query-input\":{\"@type\":\"PropertyValueSpecification\",\"valueRequired\":true,\"valueName\":\"search_term_string\"}}],\"inLanguage\":\"es\"}]}<\/script>\n<!-- \/ Yoast SEO plugin. -->","yoast_head_json":{"title":"Pol\u00edtica de Privacidad | Grossman Law Offices","robots":{"index":"index","follow":"follow","max-snippet":"max-snippet:-1","max-image-preview":"max-image-preview:large","max-video-preview":"max-video-preview:-1"},"canonical":"https:\/\/personalinjuryattorney-fresno.com\/es\/politica-de-privacidad\/","og_locale":"es_ES","og_type":"article","og_title":"Pol\u00edtica de Privacidad | Grossman Law Offices","og_description":"Por favor revise los principios descritos en relaci\u00f3n con el manejo de sus datos personales por parte del Bufete. Este...","og_url":"https:\/\/personalinjuryattorney-fresno.com\/es\/politica-de-privacidad\/","og_site_name":"Grossman Law Offices","article_modified_time":"2024-05-27T14:11:50+00:00","og_image":[{"width":400,"height":400,"url":"https:\/\/personalinjuryattorney-fresno.com\/wp-content\/uploads\/2019\/03\/og-logo.jpg","type":"image\/jpeg"}],"twitter_card":"summary_large_image","twitter_misc":{"Tiempo de lectura":"5 minutos"},"schema":{"@context":"https:\/\/schema.org","@graph":[{"@type":"WebPage","@id":"https:\/\/personalinjuryattorney-fresno.com\/es\/politica-de-privacidad\/","url":"https:\/\/personalinjuryattorney-fresno.com\/es\/politica-de-privacidad\/","name":"Pol\u00edtica de Privacidad | Grossman Law Offices","isPartOf":{"@id":"https:\/\/personalinjuryattorney-fresno.com\/es\/#website"},"datePublished":"2024-05-27T08:48:01+00:00","dateModified":"2024-05-27T14:11:50+00:00","breadcrumb":{"@id":"https:\/\/personalinjuryattorney-fresno.com\/es\/politica-de-privacidad\/#breadcrumb"},"inLanguage":"es","potentialAction":[{"@type":"ReadAction","target":["https:\/\/personalinjuryattorney-fresno.com\/es\/politica-de-privacidad\/"]}]},{"@type":"BreadcrumbList","@id":"https:\/\/personalinjuryattorney-fresno.com\/es\/politica-de-privacidad\/#breadcrumb","itemListElement":[{"@type":"ListItem","position":1,"name":"Inicio","item":"https:\/\/personalinjuryattorney-fresno.com\/es\/"},{"@type":"ListItem","position":2,"name":"Pol\u00edtica de Privacidad"}]},{"@type":"WebSite","@id":"https:\/\/personalinjuryattorney-fresno.com\/es\/#website","url":"https:\/\/personalinjuryattorney-fresno.com\/es\/","name":"Grossman Law Offices","description":"Experienced Attorneys Representing Accident Victims Throughout California","potentialAction":[{"@type":"SearchAction","target":{"@type":"EntryPoint","urlTemplate":"https:\/\/personalinjuryattorney-fresno.com\/es\/?s={search_term_string}"},"query-input":{"@type":"PropertyValueSpecification","valueRequired":true,"valueName":"search_term_string"}}],"inLanguage":"es"}]}},"_links":{"self":[{"href":"https:\/\/personalinjuryattorney-fresno.com\/es\/wp-json\/wp\/v2\/pages\/2396","targetHints":{"allow":["GET"]}}],"collection":[{"href":"https:\/\/personalinjuryattorney-fresno.com\/es\/wp-json\/wp\/v2\/pages"}],"about":[{"href":"https:\/\/personalinjuryattorney-fresno.com\/es\/wp-json\/wp\/v2\/types\/page"}],"author":[{"embeddable":true,"href":"https:\/\/personalinjuryattorney-fresno.com\/es\/wp-json\/wp\/v2\/users\/5"}],"replies":[{"embeddable":true,"href":"https:\/\/personalinjuryattorney-fresno.com\/es\/wp-json\/wp\/v2\/comments?post=2396"}],"version-history":[{"count":0,"href":"https:\/\/personalinjuryattorney-fresno.com\/es\/wp-json\/wp\/v2\/pages\/2396\/revisions"}],"wp:attachment":[{"href":"https:\/\/personalinjuryattorney-fresno.com\/es\/wp-json\/wp\/v2\/media?parent=2396"}],"curies":[{"name":"wp","href":"https:\/\/api.w.org\/{rel}","templated":true}]}}