{"id":2122,"date":"2024-04-17T09:56:00","date_gmt":"2024-04-17T09:56:00","guid":{"rendered":"https:\/\/personalinjuryattorney-fresno.com\/faq\/damages-recovery\/"},"modified":"2024-05-22T11:54:57","modified_gmt":"2024-05-22T11:54:57","slug":"que-danos-puede-recuperar","status":"publish","type":"page","link":"https:\/\/personalinjuryattorney-fresno.com\/es\/faq\/que-danos-puede-recuperar\/","title":{"rendered":"\u00bfQu\u00e9 Da\u00f1os Puede Recuperar?"},"content":{"rendered":"\n<p>Si est\u00e1s involucrado en un accidente, es posible que tengas derecho a una compensaci\u00f3n de la persona que caus\u00f3 tus lesiones. En un caso de lesiones personales, tienes derecho a da\u00f1os econ\u00f3micos y no econ\u00f3micos. Los da\u00f1os econ\u00f3micos son gastos directos o p\u00e9rdidas financieras que son el resultado directo del accidente que caus\u00f3 tus lesiones. Los da\u00f1os no econ\u00f3micos incluyen cosas como dolor y sufrimiento y disminuci\u00f3n en la calidad de vida.<\/p>\n\n\n\n<h2 class=\"wp-block-heading\">DIFERENTES TIPOS DE RECLAMACIONES POR LESIONES PERSONALES<\/h2>\n\n\n\n<p><strong>Agravio intencional:<\/strong> Un agravio intencional es un acto para causar intencionalmente da\u00f1o a una v\u00edctima. La negligencia intencional y la ignorancia tambi\u00e9n pueden clasificarse como un agravio intencional.<br><\/p>\n\n\n\n<p><strong>Agravio por negligencia:<\/strong> Los agravios por negligencia son los m\u00e1s comunes cuando se trata de lesiones personales. La teor\u00eda de la negligencia es bastante clara, la parte culpable (la persona que caus\u00f3 la lesi\u00f3n) debe un deber de cuidado y ese deber se incumple cuando sus acciones resultan en tu lesi\u00f3n. En un agravio por negligencia, no es necesario demostrar una intenci\u00f3n intencional, ya que no tienes que cumplir con los mismos requisitos que en un agravio intencional. Un ejemplo com\u00fan de un agravio por negligencia es un accidente automovil\u00edstico. La mayor\u00eda de los accidentes automovil\u00edsticos son accidentes y no son intencionales. Aunque la persona culpable del accidente no ten\u00eda la intenci\u00f3n de causar el accidente, su negligencia result\u00f3 en tu lesi\u00f3n, por lo tanto, te deben una compensaci\u00f3n. <br><\/p>\n\n\n\n<p><strong>Agravio por responsabilidad estricta:<\/strong> En un caso de responsabilidad estricta, el demandado es responsable de tus da\u00f1os incluso si no tuvo la intenci\u00f3n intencional o negligente de causarte da\u00f1o. En un caso de responsabilidad estricta, tu abogado debe demostrar que la persona que caus\u00f3 tus lesiones es sustancialmente responsable. Algunos de los casos de responsabilidad estricta m\u00e1s comunes suelen involucrar la responsabilidad del producto. Un ejemplo de responsabilidad del producto ser\u00eda si compraste una cafetera que funcion\u00f3 mal y te quem\u00f3. Debido al defecto en el producto, es posible que seas elegible para presentar una reclamaci\u00f3n por responsabilidad del producto.<\/p>\n\n\n\n<h2 class=\"wp-block-heading\">\u00bfA QU\u00c9 DA\u00d1OS\/COMPENSACI\u00d3N TENGO DERECHO?<\/h2>\n\n\n\n<p>Da\u00f1os Especiales (Da\u00f1os Econ\u00f3micos)<\/p>\n\n\n\n<p>Los da\u00f1os especiales (tambi\u00e9n llamados da\u00f1os econ\u00f3micos) son los gastos directos y las p\u00e9rdidas financieras sufridas por una v\u00edctima de accidente como resultado directo de su lesi\u00f3n. Los da\u00f1os econ\u00f3micos son m\u00e1s f\u00e1ciles de identificar y son verificables, ya que las personas suelen tener recibos o hay un rastro de papel. A continuaci\u00f3n, se presentan ejemplos comunes de da\u00f1os econ\u00f3micos:<br><\/p>\n\n\n\n<ul class=\"wp-block-list\">\n<li>Facturas m\u00e9dicas actuales, pasadas y futuras<\/li>\n\n\n\n<li>Salarios perdidos<\/li>\n\n\n\n<li>P\u00e9rdida de capacidad de ganancia futura y oportunidades laborales<\/li>\n\n\n\n<li>Da\u00f1os a la propiedad\/p\u00e9rdida de propiedad<\/li>\n\n\n\n<li> Costo de las reparaciones de la propiedad da\u00f1ada<\/li>\n<\/ul>\n\n\n\n<p><strong>Da\u00f1os Generales (No Econ\u00f3micos)<\/strong><\/p>\n\n\n\n<p>Los da\u00f1os no econ\u00f3micos se consideran subjetivos y no se pueden medir f\u00e1cilmente. En California, no hay valores est\u00e1ndar de da\u00f1os por dolor y sufrimiento. Debido a su naturaleza subjetiva, los da\u00f1os no econ\u00f3micos como el trauma emocional o psicol\u00f3gico y el dolor y sufrimiento son dif\u00edciles de cuantificar. Debido a su naturaleza subjetiva, es importante contratar a un abogado experimentado en lesiones personales en Fresno que pueda evaluar y cuantificar con precisi\u00f3n los da\u00f1os no econ\u00f3micos. A continuaci\u00f3n, se presentan algunos ejemplos comunes de da\u00f1os no econ\u00f3micos:<br><\/p>\n\n\n\n<ul class=\"wp-block-list\">\n<li>Dolor y sufrimiento actuales, pasados y futuros <\/li>\n\n\n\n<li>Angustia emocional<\/li>\n\n\n\n<li>Calidad general de vida<\/li>\n\n\n\n<li>Discapacidad<\/li>\n\n\n\n<li>P\u00e9rdida de compa\u00f1erismo\/consorcio<\/li>\n<\/ul>\n\n\n\n<p><strong>Da\u00f1os Punitivos<\/strong><\/p>\n\n\n\n<p>En casos de lesiones personales, los da\u00f1os punitivos generalmente solo est\u00e1n disponibles en casos de agravio intencional y a veces en casos de responsabilidad estricta. Sin embargo, ese no siempre es el caso. Si crees que puedes tener derecho a da\u00f1os punitivos, contacta a un abogado de lesiones personales en Fresno para discutir qu\u00e9 da\u00f1os tienes derecho a reclamar.<\/p>\n\n\n\n<h2 class=\"wp-block-heading\">EVALUACI\u00d3N GRATUITA DE DA\u00d1OS<\/h2>\n\n\n\n<p>Si t\u00fa o un ser querido han resultado lesionados en un accidente como resultado de la negligencia de otra persona, es importante que hables con un abogado de lesiones personales en Fresno. Nuestra firma legal ofrece consultas gratis. Despu\u00e9s de tu consulta, sabr\u00e1s qu\u00e9 tipo de reclamaciones y da\u00f1os puedes perseguir. Llama hoy para conocer las opciones disponibles para ti.<br><\/p>\n","protected":false},"excerpt":{"rendered":"<p>Si est\u00e1s involucrado en un accidente, es posible que tengas derecho a una compensaci\u00f3n de la persona que caus\u00f3 tus&#8230;<\/p>\n","protected":false},"author":2,"featured_media":0,"parent":1950,"menu_order":0,"comment_status":"closed","ping_status":"closed","template":"template-practice-area.php","meta":{"footnotes":""},"class_list":["post-2122","page","type-page","status-publish","hentry"],"yoast_head":"<!-- This site is optimized with the Yoast SEO plugin v25.0 - https:\/\/yoast.com\/wordpress\/plugins\/seo\/ -->\n<title>\u00bfQu\u00e9 Da\u00f1os Puede Recuperar? | Grossman Law Offices<\/title>\n<meta name=\"description\" content=\"Nuestro bufete de abogados ofrece consultas gratuitas. Despu\u00e9s de su consulta, sabr\u00e1 qu\u00e9 tipo de reclamos y da\u00f1os es elegible para presentar. Ll\u00e1menos hoy.\" \/>\n<meta name=\"robots\" content=\"index, follow, max-snippet:-1, max-image-preview:large, max-video-preview:-1\" \/>\n<link rel=\"canonical\" href=\"https:\/\/personalinjuryattorney-fresno.com\/es\/faq\/que-danos-puede-recuperar\/\" \/>\n<meta property=\"og:locale\" content=\"es_ES\" \/>\n<meta property=\"og:type\" content=\"article\" \/>\n<meta property=\"og:title\" content=\"\u00bfQu\u00e9 Da\u00f1os Puede Recuperar? | Grossman Law Offices\" \/>\n<meta property=\"og:description\" content=\"Nuestro bufete de abogados ofrece consultas gratuitas. Despu\u00e9s de su consulta, sabr\u00e1 qu\u00e9 tipo de reclamos y da\u00f1os es elegible para presentar. Ll\u00e1menos hoy.\" \/>\n<meta property=\"og:url\" content=\"https:\/\/personalinjuryattorney-fresno.com\/es\/faq\/que-danos-puede-recuperar\/\" \/>\n<meta property=\"og:site_name\" content=\"Grossman Law Offices\" \/>\n<meta property=\"article:modified_time\" content=\"2024-05-22T11:54:57+00:00\" \/>\n<meta property=\"og:image\" content=\"https:\/\/personalinjuryattorney-fresno.com\/wp-content\/uploads\/2019\/03\/og-logo.jpg\" \/>\n\t<meta property=\"og:image:width\" content=\"400\" \/>\n\t<meta property=\"og:image:height\" content=\"400\" \/>\n\t<meta property=\"og:image:type\" content=\"image\/jpeg\" \/>\n<meta name=\"twitter:card\" content=\"summary_large_image\" \/>\n<meta name=\"twitter:label1\" content=\"Tiempo de lectura\" \/>\n\t<meta name=\"twitter:data1\" content=\"3 minutos\" \/>\n<script type=\"application\/ld+json\" class=\"yoast-schema-graph\">{\"@context\":\"https:\/\/schema.org\",\"@graph\":[{\"@type\":\"WebPage\",\"@id\":\"https:\/\/personalinjuryattorney-fresno.com\/es\/faq\/que-danos-puede-recuperar\/\",\"url\":\"https:\/\/personalinjuryattorney-fresno.com\/es\/faq\/que-danos-puede-recuperar\/\",\"name\":\"\u00bfQu\u00e9 Da\u00f1os Puede Recuperar? | Grossman Law Offices\",\"isPartOf\":{\"@id\":\"https:\/\/personalinjuryattorney-fresno.com\/es\/#website\"},\"datePublished\":\"2024-04-17T09:56:00+00:00\",\"dateModified\":\"2024-05-22T11:54:57+00:00\",\"description\":\"Nuestro bufete de abogados ofrece consultas gratuitas. Despu\u00e9s de su consulta, sabr\u00e1 qu\u00e9 tipo de reclamos y da\u00f1os es elegible para presentar. Ll\u00e1menos hoy.\",\"breadcrumb\":{\"@id\":\"https:\/\/personalinjuryattorney-fresno.com\/es\/faq\/que-danos-puede-recuperar\/#breadcrumb\"},\"inLanguage\":\"es\",\"potentialAction\":[{\"@type\":\"ReadAction\",\"target\":[\"https:\/\/personalinjuryattorney-fresno.com\/es\/faq\/que-danos-puede-recuperar\/\"]}]},{\"@type\":\"BreadcrumbList\",\"@id\":\"https:\/\/personalinjuryattorney-fresno.com\/es\/faq\/que-danos-puede-recuperar\/#breadcrumb\",\"itemListElement\":[{\"@type\":\"ListItem\",\"position\":1,\"name\":\"Inicio\",\"item\":\"https:\/\/personalinjuryattorney-fresno.com\/es\/\"},{\"@type\":\"ListItem\",\"position\":2,\"name\":\"FAQ\",\"item\":\"https:\/\/personalinjuryattorney-fresno.com\/es\/faq\/\"},{\"@type\":\"ListItem\",\"position\":3,\"name\":\"\u00bfQu\u00e9 Da\u00f1os Puede Recuperar?\"}]},{\"@type\":\"WebSite\",\"@id\":\"https:\/\/personalinjuryattorney-fresno.com\/es\/#website\",\"url\":\"https:\/\/personalinjuryattorney-fresno.com\/es\/\",\"name\":\"Grossman Law Offices\",\"description\":\"Experienced Attorneys Representing Accident Victims Throughout California\",\"potentialAction\":[{\"@type\":\"SearchAction\",\"target\":{\"@type\":\"EntryPoint\",\"urlTemplate\":\"https:\/\/personalinjuryattorney-fresno.com\/es\/?s={search_term_string}\"},\"query-input\":{\"@type\":\"PropertyValueSpecification\",\"valueRequired\":true,\"valueName\":\"search_term_string\"}}],\"inLanguage\":\"es\"}]}<\/script>\n<!-- \/ Yoast SEO plugin. -->","yoast_head_json":{"title":"\u00bfQu\u00e9 Da\u00f1os Puede Recuperar? | Grossman Law Offices","description":"Nuestro bufete de abogados ofrece consultas gratuitas. Despu\u00e9s de su consulta, sabr\u00e1 qu\u00e9 tipo de reclamos y da\u00f1os es elegible para presentar. Ll\u00e1menos hoy.","robots":{"index":"index","follow":"follow","max-snippet":"max-snippet:-1","max-image-preview":"max-image-preview:large","max-video-preview":"max-video-preview:-1"},"canonical":"https:\/\/personalinjuryattorney-fresno.com\/es\/faq\/que-danos-puede-recuperar\/","og_locale":"es_ES","og_type":"article","og_title":"\u00bfQu\u00e9 Da\u00f1os Puede Recuperar? | Grossman Law Offices","og_description":"Nuestro bufete de abogados ofrece consultas gratuitas. Despu\u00e9s de su consulta, sabr\u00e1 qu\u00e9 tipo de reclamos y da\u00f1os es elegible para presentar. Ll\u00e1menos hoy.","og_url":"https:\/\/personalinjuryattorney-fresno.com\/es\/faq\/que-danos-puede-recuperar\/","og_site_name":"Grossman Law Offices","article_modified_time":"2024-05-22T11:54:57+00:00","og_image":[{"width":400,"height":400,"url":"https:\/\/personalinjuryattorney-fresno.com\/wp-content\/uploads\/2019\/03\/og-logo.jpg","type":"image\/jpeg"}],"twitter_card":"summary_large_image","twitter_misc":{"Tiempo de lectura":"3 minutos"},"schema":{"@context":"https:\/\/schema.org","@graph":[{"@type":"WebPage","@id":"https:\/\/personalinjuryattorney-fresno.com\/es\/faq\/que-danos-puede-recuperar\/","url":"https:\/\/personalinjuryattorney-fresno.com\/es\/faq\/que-danos-puede-recuperar\/","name":"\u00bfQu\u00e9 Da\u00f1os Puede Recuperar? | Grossman Law Offices","isPartOf":{"@id":"https:\/\/personalinjuryattorney-fresno.com\/es\/#website"},"datePublished":"2024-04-17T09:56:00+00:00","dateModified":"2024-05-22T11:54:57+00:00","description":"Nuestro bufete de abogados ofrece consultas gratuitas. Despu\u00e9s de su consulta, sabr\u00e1 qu\u00e9 tipo de reclamos y da\u00f1os es elegible para presentar. Ll\u00e1menos hoy.","breadcrumb":{"@id":"https:\/\/personalinjuryattorney-fresno.com\/es\/faq\/que-danos-puede-recuperar\/#breadcrumb"},"inLanguage":"es","potentialAction":[{"@type":"ReadAction","target":["https:\/\/personalinjuryattorney-fresno.com\/es\/faq\/que-danos-puede-recuperar\/"]}]},{"@type":"BreadcrumbList","@id":"https:\/\/personalinjuryattorney-fresno.com\/es\/faq\/que-danos-puede-recuperar\/#breadcrumb","itemListElement":[{"@type":"ListItem","position":1,"name":"Inicio","item":"https:\/\/personalinjuryattorney-fresno.com\/es\/"},{"@type":"ListItem","position":2,"name":"FAQ","item":"https:\/\/personalinjuryattorney-fresno.com\/es\/faq\/"},{"@type":"ListItem","position":3,"name":"\u00bfQu\u00e9 Da\u00f1os Puede Recuperar?"}]},{"@type":"WebSite","@id":"https:\/\/personalinjuryattorney-fresno.com\/es\/#website","url":"https:\/\/personalinjuryattorney-fresno.com\/es\/","name":"Grossman Law Offices","description":"Experienced Attorneys Representing Accident Victims Throughout California","potentialAction":[{"@type":"SearchAction","target":{"@type":"EntryPoint","urlTemplate":"https:\/\/personalinjuryattorney-fresno.com\/es\/?s={search_term_string}"},"query-input":{"@type":"PropertyValueSpecification","valueRequired":true,"valueName":"search_term_string"}}],"inLanguage":"es"}]}},"_links":{"self":[{"href":"https:\/\/personalinjuryattorney-fresno.com\/es\/wp-json\/wp\/v2\/pages\/2122","targetHints":{"allow":["GET"]}}],"collection":[{"href":"https:\/\/personalinjuryattorney-fresno.com\/es\/wp-json\/wp\/v2\/pages"}],"about":[{"href":"https:\/\/personalinjuryattorney-fresno.com\/es\/wp-json\/wp\/v2\/types\/page"}],"author":[{"embeddable":true,"href":"https:\/\/personalinjuryattorney-fresno.com\/es\/wp-json\/wp\/v2\/users\/2"}],"replies":[{"embeddable":true,"href":"https:\/\/personalinjuryattorney-fresno.com\/es\/wp-json\/wp\/v2\/comments?post=2122"}],"version-history":[{"count":0,"href":"https:\/\/personalinjuryattorney-fresno.com\/es\/wp-json\/wp\/v2\/pages\/2122\/revisions"}],"up":[{"embeddable":true,"href":"https:\/\/personalinjuryattorney-fresno.com\/es\/wp-json\/wp\/v2\/pages\/1950"}],"wp:attachment":[{"href":"https:\/\/personalinjuryattorney-fresno.com\/es\/wp-json\/wp\/v2\/media?parent=2122"}],"curies":[{"name":"wp","href":"https:\/\/api.w.org\/{rel}","templated":true}]}}