{"id":2030,"date":"2024-12-02T19:46:45","date_gmt":"2024-12-02T19:46:45","guid":{"rendered":"https:\/\/personalinjuryattorney-fresno.com\/personal-injury\/bus-accidents\/"},"modified":"2024-05-31T17:52:06","modified_gmt":"2024-05-31T17:52:06","slug":"accidentes-de-autobus","status":"publish","type":"page","link":"https:\/\/personalinjuryattorney-fresno.com\/es\/lesiones-personales\/accidentes-de-autobus\/","title":{"rendered":"Accidentes de Autob\u00fas"},"content":{"rendered":"\n<p>Aunque ser conductor de autob\u00fas requiere licencias y certificaciones, los conductores de autob\u00fas no siempre son responsables. En la mayor\u00eda de los accidentes de autob\u00fas, la negligencia del conductor es la culpable. El conductor de autob\u00fas o la compa\u00f1\u00eda de autobuses podr\u00edan ser responsables de los da\u00f1os de una v\u00edctima.<\/p>\n\n\n\n<figure class=\"wp-block-image size-full\"><img loading=\"lazy\" decoding=\"async\" width=\"730\" height=\"487\" src=\"https:\/\/personalinjuryattorney-fresno.com\/wp-content\/uploads\/2023\/12\/Bus-Accident-Attorney-Fresno.webp\" alt=\"\" class=\"wp-image-1708\" title=\"Bus Accident Attorney Fresno\" srcset=\"https:\/\/personalinjuryattorney-fresno.com\/wp-content\/uploads\/2023\/12\/Bus-Accident-Attorney-Fresno.webp 730w, https:\/\/personalinjuryattorney-fresno.com\/wp-content\/uploads\/2023\/12\/Bus-Accident-Attorney-Fresno-450x300.webp 450w\" sizes=\"auto, (max-width: 730px) 100vw, 730px\" \/><\/figure>\n\n\n\n<p>Si eres v\u00edctima de un accidente de autob\u00fas, podr\u00edas tener derecho a una compensaci\u00f3n. Aqu\u00ed en Grossman Law Offices, podemos ayudarte en tu b\u00fasqueda para recuperar los da\u00f1os. Adem\u00e1s de explicarte tus opciones para recuperarte, tambi\u00e9n podemos guiarte a trav\u00e9s del proceso.<\/p>\n\n\n\n<h2 class=\"wp-block-heading\">\u00bfQUI\u00c9N CAUS\u00d3 EL ACCIDENTE?<\/h2>\n\n\n\n<p>Si deseas recibir dinero por tus da\u00f1os, necesitas responder una pregunta: \u00bfqui\u00e9n caus\u00f3 el accidente? En algunos casos, otro conductor es el culpable. En otras ocasiones, el conductor de autob\u00fas fue el \u00fanico responsable.<\/p>\n\n\n\n<p>Pero tambi\u00e9n podr\u00eda ser culpa de alguien que no est\u00e1 en la carretera. Por ejemplo, una empresa de fabricaci\u00f3n podr\u00eda haber hecho una parte defectuosa. Si esa parte caus\u00f3 el accidente, podr\u00edan ser responsables.<\/p>\n\n\n\n<p>La \u00fanica forma en que puedes recibir compensaci\u00f3n por tu accidente es demostrando que otra persona fue la culpable. Tambi\u00e9n necesitas mostrar que su negligencia caus\u00f3 el accidente. Si el incidente cumple con ambos criterios, podr\u00edas presentar una demanda por lesiones personales contra uno de los siguientes:<\/p>\n\n\n\n<h3 class=\"wp-block-heading\">1. EL CONDUCTOR DE AUTOB\u00daS<\/h3>\n\n\n\n<p>Es m\u00e1s com\u00fan que el conductor de autob\u00fas sea en parte responsable del accidente. A menudo, la conducci\u00f3n distra\u00edda es la culpable. Al no prestar atenci\u00f3n a la carretera de cerca, el conductor te pone en riesgo.<\/p>\n\n\n\n<p>Otro acto negligente com\u00fan de los conductores de autob\u00fas es conducir mientras est\u00e1n somnolientos. Cuando los conductores de autob\u00fas llevan pasajeros a trav\u00e9s de las l\u00edneas estatales, tienden a cansarse demasiado. Podr\u00edan dejar de hacer las paradas de descanso requeridas. Si un conductor causa un accidente mientras conduce exhausto, generalmente son responsables.<\/p>\n\n\n\n<p>Existen muchas regulaciones estatales que mantienen a los conductores de autob\u00fas a un alto est\u00e1ndar. Sin embargo, los conductores no siempre cumplen con esos requisitos. Cuando esto ocurre y el resultado es un accidente, el conductor es responsable.<\/p>\n\n\n\n<h3 class=\"wp-block-heading\">2. LA COMPA\u00d1\u00cdA DE AUTOBUSES<\/h3>\n\n\n\n<p>En algunos casos, la compa\u00f1\u00eda de autobuses es la culpable. Si el autob\u00fas es un autob\u00fas p\u00fablico, el gobierno local podr\u00eda ser el culpable.<\/p>\n\n\n\n<p>Esto suele ser cierto cuando una empresa tiene pr\u00e1cticas negligentes de contrataci\u00f3n. Por ejemplo, una empresa de autobuses podr\u00eda contratar a un conductor de autob\u00fas a pesar de tener un historial de conducir bajo los efectos del alcohol. Del mismo modo, podr\u00edan contratar a alguien sin las calificaciones adecuadas.<\/p>\n\n\n\n<p>En cualquiera de estas situaciones, la negligencia de la empresa es la causa del accidente. Si hubieran sido m\u00e1s atentos durante el proceso de contrataci\u00f3n, podr\u00edan haber evitado el accidente.<\/p>\n\n\n\n<h3 class=\"wp-block-heading\">3. TERCERO<\/h3>\n\n\n\n<p>Los accidentes causados por mantenimiento deficiente o partes defectuosas a menudo son culpa de un tercero. Considera este ejemplo. Una empresa contrata a un proveedor para manejar el mantenimiento de su flota. Si el proveedor no proporciona un mantenimiento adecuado o apropiado, son responsables del accidente. Cuando una parte defectuosa es el problema, el fabricante o minorista podr\u00eda ser responsable.<\/p>\n\n\n\n<h3 class=\"wp-block-heading\">4. EL GOBIERNO<\/h3>\n\n\n\n<p>Los conductores de autom\u00f3viles y autobuses merecen condiciones de conducci\u00f3n seguras. Cuando la falta de mantenimiento de la carretera o un dise\u00f1o deficiente de la carretera causa el accidente, el gobierno podr\u00eda ser el culpable. Su falta de reparar una carretera en mal estado es una forma de negligencia. Del mismo modo, una zona de construcci\u00f3n mal dise\u00f1ada tambi\u00e9n podr\u00eda ser negligencia.<\/p>\n\n\n\n<p>Vale la pena se\u00f1alar que las reclamaciones contra el gobierno son particularmente complejas. El proceso para presentar una demanda es m\u00e1s detallado. Adem\u00e1s, tienes menos tiempo para presentar una demanda.<\/p>\n\n\n\n<h2 class=\"wp-block-heading\">\u00bfC\u00d3MO DEMUESTRAS LA RESPONSABILIDAD?<\/h2>\n\n\n\n<p>Si decides presentar una reclamaci\u00f3n contra alguien, necesitas evidencia. M\u00e1s espec\u00edficamente, necesitas evidencia de responsabilidad. Esta evidencia puede venir en muchas formas. Aqu\u00ed tienes algunos ejemplos:<br><\/p>\n\n\n\n<figure class=\"wp-block-image size-full\"><img loading=\"lazy\" decoding=\"async\" width=\"730\" height=\"530\" src=\"https:\/\/personalinjuryattorney-fresno.com\/wp-content\/uploads\/2023\/12\/Bus-Accident-Lawyer-Fresno.webp\" alt=\"\" class=\"wp-image-1710\" title=\"Bus Accident Lawyer Fresno\" srcset=\"https:\/\/personalinjuryattorney-fresno.com\/wp-content\/uploads\/2023\/12\/Bus-Accident-Lawyer-Fresno.webp 730w, https:\/\/personalinjuryattorney-fresno.com\/wp-content\/uploads\/2023\/12\/Bus-Accident-Lawyer-Fresno-413x300.webp 413w\" sizes=\"auto, (max-width: 730px) 100vw, 730px\" \/><\/figure>\n\n\n\n<ul class=\"wp-block-list\">\n<li>Registros del historial de conducci\u00f3n, historial laboral y pruebas de alcohol del conductor obtenidos de los registros de personal de su empresa<\/li>\n\n\n\n<li>Registros de llamadas del tel\u00e9fono celular del conductor de autob\u00fas<\/li>\n\n\n\n<li>Registros de despacho que muestran detalles del viaje en autob\u00fas, incluidos los tiempos de llegada y la comunicaci\u00f3n<\/li>\n\n\n\n<li>Grabaciones de vigilancia de c\u00e1maras de seguridad de tiendas, c\u00e1maras de sem\u00e1foros y m\u00e1s<\/li>\n\n\n\n<li>El Registrador de Datos de Eventos, o EDR, que muestra datos del accidente del autob\u00fas. Esto incluye informaci\u00f3n sobre posibles fallas o partes defectuosas<\/li>\n\n\n\n<li>Registros de mantenimiento e inspecci\u00f3n del autob\u00fas<\/li>\n<\/ul>\n\n\n\n<p>Necesitas evidencia de las fuentes anteriores para respaldar tu caso. Sin embargo, no est\u00e1s solo. Un abogado de lesiones personales en Fresno puede hacer el trabajo por ti. <\/p>\n\n\n\n<h2 class=\"wp-block-heading\">CAUSAS DE ACCIDENTES DE AUTOB\u00daS<\/h2>\n\n\n\n<p>En 2016, hubo 1,041 lesiones y muertes por accidentes de veh\u00edculos en Fresno. Algunos de esos accidentes involucraron autobuses. Aunque los accidentes de autob\u00fas pueden no ser tan comunes como los accidentes de autom\u00f3vil, tienden a ser m\u00e1s graves.<\/p>\n\n\n\n<p>Para comprender la gravedad de un accidente de autob\u00fas, necesitas entender las causas de ellos. Aqu\u00ed tienes algunos de los tipos m\u00e1s comunes de accidentes de autob\u00fas:<\/p>\n\n\n\n<h3 class=\"wp-block-heading\">1. ACCIDENTES DE AUTOB\u00daS PEATONAL<\/h3>\n\n\n\n<p>Cuando un conductor se acerca a una parada de autob\u00fas, generalmente hay personas alrededor. Esto crea una situaci\u00f3n peligrosa. Un conductor podr\u00eda golpear a un pasajero.<\/p>\n\n\n\n<p>En Fresno, ocurrieron 22 muertes peatonales entre enero de 2018 y octubre de 2018. Muchos de estos accidentes pueden evitarse con una conducci\u00f3n cautelosa. Esto es especialmente cierto en los accidentes de autob\u00fas y peatones.<\/p>\n\n\n\n<h3 class=\"wp-block-heading\">2. REVENTONES DE NEUM\u00c1TICOS U OTROS PROBLEMAS DE MANTENIMIENTO<\/h3>\n\n\n\n<p>Algunas colisiones ocurren porque un autob\u00fas no tiene el mantenimiento adecuado. Por ejemplo, los neum\u00e1ticos viejos son propensos a reventones. Un revent\u00f3n pone en peligro a otros conductores y podr\u00eda causar un accidente.<\/p>\n\n\n\n<p>Otros problemas de mantenimiento tambi\u00e9n podr\u00edan causar accidentes. Frenos defectuosos y problemas de motor podr\u00edan ser una cat\u00e1strofe esperando a suceder.<\/p>\n\n\n\n<h3 class=\"wp-block-heading\">3. CONDUCCI\u00d3N DISTRA\u00cdDA<\/h3>\n\n\n\n<p>Conf\u00edas en las manos de un conductor de autob\u00fas. Sin embargo, abusan de tu confianza cuando conducen distra\u00eddos. El conductor podr\u00eda estar mirando un tel\u00e9fono celular o hablando con un pasajero. En el corto tiempo que sus ojos est\u00e1n fuera de la carretera, puede ocurrir un accidente.<\/p>\n\n\n\n<h2 class=\"wp-block-heading\">TRABAJANDO CON UN ABOGADO DE ACCIDENTES DE AUTOB\u00daS EN FRESNO<\/h2>\n\n\n\n<p>Mereces una compensaci\u00f3n por tu accidente de autob\u00fas. Pero no todos toman las medidas necesarias para recuperar sus da\u00f1os. De hecho, algunas personas ni siquiera se dan cuenta de que tienen opciones.<\/p>\n\n\n\n<p>Al hablar con un profesional de Grossman Law Offices, puedes aprender m\u00e1s sobre tus posibilidades de compensaci\u00f3n. Tienes el potencial de recuperar el costo de tus facturas m\u00e9dicas, salarios perdidos y otros gastos. Contacta nuestra oficina hoy para obtener m\u00e1s informaci\u00f3n.<\/p>\n","protected":false},"excerpt":{"rendered":"<p>Aunque ser conductor de autob\u00fas requiere licencias y certificaciones, los conductores de autob\u00fas no siempre son responsables. En la mayor\u00eda&#8230;<\/p>\n","protected":false},"author":2,"featured_media":0,"parent":1993,"menu_order":0,"comment_status":"closed","ping_status":"closed","template":"template-practice-area.php","meta":{"footnotes":""},"class_list":["post-2030","page","type-page","status-publish","hentry"],"yoast_head":"<!-- This site is optimized with the Yoast SEO plugin v25.0 - https:\/\/yoast.com\/wordpress\/plugins\/seo\/ -->\n<title>Abogado accidentes autob\u00fas en Fresno | Grossman Law Offices<\/title>\n<meta name=\"description\" content=\"Si est\u00e1 buscando un abogado de accidentes de autob\u00fas en Fresno, comun\u00edquese con Grossman Law Offices. Tiene el potencial de recuperar el costo de sus gastos.\" \/>\n<meta name=\"robots\" content=\"index, follow, max-snippet:-1, max-image-preview:large, max-video-preview:-1\" \/>\n<link rel=\"canonical\" href=\"https:\/\/personalinjuryattorney-fresno.com\/es\/lesiones-personales\/accidentes-de-autobus\/\" \/>\n<meta property=\"og:locale\" content=\"es_ES\" \/>\n<meta property=\"og:type\" content=\"article\" \/>\n<meta property=\"og:title\" content=\"Abogado accidentes autob\u00fas en Fresno | Grossman Law Offices\" \/>\n<meta property=\"og:description\" content=\"Si est\u00e1 buscando un abogado de accidentes de autob\u00fas en Fresno, comun\u00edquese con Grossman Law Offices. Tiene el potencial de recuperar el costo de sus gastos.\" \/>\n<meta property=\"og:url\" content=\"https:\/\/personalinjuryattorney-fresno.com\/es\/lesiones-personales\/accidentes-de-autobus\/\" \/>\n<meta property=\"og:site_name\" content=\"Grossman Law Offices\" \/>\n<meta property=\"og:image\" content=\"https:\/\/personalinjuryattorney-fresno.com\/wp-content\/uploads\/2023\/12\/Bus-Accident-Attorney-Fresno.webp\" \/>\n<meta name=\"twitter:card\" content=\"summary_large_image\" \/>\n<meta name=\"twitter:label1\" content=\"Tiempo de lectura\" \/>\n\t<meta name=\"twitter:data1\" content=\"6 minutos\" \/>\n<script type=\"application\/ld+json\" class=\"yoast-schema-graph\">{\"@context\":\"https:\/\/schema.org\",\"@graph\":[{\"@type\":\"WebPage\",\"@id\":\"https:\/\/personalinjuryattorney-fresno.com\/es\/lesiones-personales\/accidentes-de-autobus\/\",\"url\":\"https:\/\/personalinjuryattorney-fresno.com\/es\/lesiones-personales\/accidentes-de-autobus\/\",\"name\":\"Abogado accidentes autob\u00fas en Fresno | Grossman Law Offices\",\"isPartOf\":{\"@id\":\"https:\/\/personalinjuryattorney-fresno.com\/es\/#website\"},\"primaryImageOfPage\":{\"@id\":\"https:\/\/personalinjuryattorney-fresno.com\/es\/lesiones-personales\/accidentes-de-autobus\/#primaryimage\"},\"image\":{\"@id\":\"https:\/\/personalinjuryattorney-fresno.com\/es\/lesiones-personales\/accidentes-de-autobus\/#primaryimage\"},\"thumbnailUrl\":\"https:\/\/personalinjuryattorney-fresno.com\/wp-content\/uploads\/2023\/12\/Bus-Accident-Attorney-Fresno.webp\",\"datePublished\":\"2024-12-02T19:46:45+00:00\",\"description\":\"Si est\u00e1 buscando un abogado de accidentes de autob\u00fas en Fresno, comun\u00edquese con Grossman Law Offices. Tiene el potencial de recuperar el costo de sus gastos.\",\"breadcrumb\":{\"@id\":\"https:\/\/personalinjuryattorney-fresno.com\/es\/lesiones-personales\/accidentes-de-autobus\/#breadcrumb\"},\"inLanguage\":\"es\",\"potentialAction\":[{\"@type\":\"ReadAction\",\"target\":[\"https:\/\/personalinjuryattorney-fresno.com\/es\/lesiones-personales\/accidentes-de-autobus\/\"]}]},{\"@type\":\"ImageObject\",\"inLanguage\":\"es\",\"@id\":\"https:\/\/personalinjuryattorney-fresno.com\/es\/lesiones-personales\/accidentes-de-autobus\/#primaryimage\",\"url\":\"https:\/\/personalinjuryattorney-fresno.com\/wp-content\/uploads\/2023\/12\/Bus-Accident-Attorney-Fresno.webp\",\"contentUrl\":\"https:\/\/personalinjuryattorney-fresno.com\/wp-content\/uploads\/2023\/12\/Bus-Accident-Attorney-Fresno.webp\"},{\"@type\":\"BreadcrumbList\",\"@id\":\"https:\/\/personalinjuryattorney-fresno.com\/es\/lesiones-personales\/accidentes-de-autobus\/#breadcrumb\",\"itemListElement\":[{\"@type\":\"ListItem\",\"position\":1,\"name\":\"Inicio\",\"item\":\"https:\/\/personalinjuryattorney-fresno.com\/es\/\"},{\"@type\":\"ListItem\",\"position\":2,\"name\":\"Lesiones Persona\",\"item\":\"https:\/\/personalinjuryattorney-fresno.com\/es\/lesiones-personales\/\"},{\"@type\":\"ListItem\",\"position\":3,\"name\":\"Accidentes de Autob\u00fas\"}]},{\"@type\":\"WebSite\",\"@id\":\"https:\/\/personalinjuryattorney-fresno.com\/es\/#website\",\"url\":\"https:\/\/personalinjuryattorney-fresno.com\/es\/\",\"name\":\"Grossman Law Offices\",\"description\":\"Experienced Attorneys Representing Accident Victims Throughout California\",\"potentialAction\":[{\"@type\":\"SearchAction\",\"target\":{\"@type\":\"EntryPoint\",\"urlTemplate\":\"https:\/\/personalinjuryattorney-fresno.com\/es\/?s={search_term_string}\"},\"query-input\":{\"@type\":\"PropertyValueSpecification\",\"valueRequired\":true,\"valueName\":\"search_term_string\"}}],\"inLanguage\":\"es\"}]}<\/script>\n<!-- \/ Yoast SEO plugin. -->","yoast_head_json":{"title":"Abogado accidentes autob\u00fas en Fresno | Grossman Law Offices","description":"Si est\u00e1 buscando un abogado de accidentes de autob\u00fas en Fresno, comun\u00edquese con Grossman Law Offices. Tiene el potencial de recuperar el costo de sus gastos.","robots":{"index":"index","follow":"follow","max-snippet":"max-snippet:-1","max-image-preview":"max-image-preview:large","max-video-preview":"max-video-preview:-1"},"canonical":"https:\/\/personalinjuryattorney-fresno.com\/es\/lesiones-personales\/accidentes-de-autobus\/","og_locale":"es_ES","og_type":"article","og_title":"Abogado accidentes autob\u00fas en Fresno | Grossman Law Offices","og_description":"Si est\u00e1 buscando un abogado de accidentes de autob\u00fas en Fresno, comun\u00edquese con Grossman Law Offices. Tiene el potencial de recuperar el costo de sus gastos.","og_url":"https:\/\/personalinjuryattorney-fresno.com\/es\/lesiones-personales\/accidentes-de-autobus\/","og_site_name":"Grossman Law Offices","og_image":[{"url":"https:\/\/personalinjuryattorney-fresno.com\/wp-content\/uploads\/2023\/12\/Bus-Accident-Attorney-Fresno.webp","type":"","width":"","height":""}],"twitter_card":"summary_large_image","twitter_misc":{"Tiempo de lectura":"6 minutos"},"schema":{"@context":"https:\/\/schema.org","@graph":[{"@type":"WebPage","@id":"https:\/\/personalinjuryattorney-fresno.com\/es\/lesiones-personales\/accidentes-de-autobus\/","url":"https:\/\/personalinjuryattorney-fresno.com\/es\/lesiones-personales\/accidentes-de-autobus\/","name":"Abogado accidentes autob\u00fas en Fresno | Grossman Law Offices","isPartOf":{"@id":"https:\/\/personalinjuryattorney-fresno.com\/es\/#website"},"primaryImageOfPage":{"@id":"https:\/\/personalinjuryattorney-fresno.com\/es\/lesiones-personales\/accidentes-de-autobus\/#primaryimage"},"image":{"@id":"https:\/\/personalinjuryattorney-fresno.com\/es\/lesiones-personales\/accidentes-de-autobus\/#primaryimage"},"thumbnailUrl":"https:\/\/personalinjuryattorney-fresno.com\/wp-content\/uploads\/2023\/12\/Bus-Accident-Attorney-Fresno.webp","datePublished":"2024-12-02T19:46:45+00:00","description":"Si est\u00e1 buscando un abogado de accidentes de autob\u00fas en Fresno, comun\u00edquese con Grossman Law Offices. Tiene el potencial de recuperar el costo de sus gastos.","breadcrumb":{"@id":"https:\/\/personalinjuryattorney-fresno.com\/es\/lesiones-personales\/accidentes-de-autobus\/#breadcrumb"},"inLanguage":"es","potentialAction":[{"@type":"ReadAction","target":["https:\/\/personalinjuryattorney-fresno.com\/es\/lesiones-personales\/accidentes-de-autobus\/"]}]},{"@type":"ImageObject","inLanguage":"es","@id":"https:\/\/personalinjuryattorney-fresno.com\/es\/lesiones-personales\/accidentes-de-autobus\/#primaryimage","url":"https:\/\/personalinjuryattorney-fresno.com\/wp-content\/uploads\/2023\/12\/Bus-Accident-Attorney-Fresno.webp","contentUrl":"https:\/\/personalinjuryattorney-fresno.com\/wp-content\/uploads\/2023\/12\/Bus-Accident-Attorney-Fresno.webp"},{"@type":"BreadcrumbList","@id":"https:\/\/personalinjuryattorney-fresno.com\/es\/lesiones-personales\/accidentes-de-autobus\/#breadcrumb","itemListElement":[{"@type":"ListItem","position":1,"name":"Inicio","item":"https:\/\/personalinjuryattorney-fresno.com\/es\/"},{"@type":"ListItem","position":2,"name":"Lesiones Persona","item":"https:\/\/personalinjuryattorney-fresno.com\/es\/lesiones-personales\/"},{"@type":"ListItem","position":3,"name":"Accidentes de Autob\u00fas"}]},{"@type":"WebSite","@id":"https:\/\/personalinjuryattorney-fresno.com\/es\/#website","url":"https:\/\/personalinjuryattorney-fresno.com\/es\/","name":"Grossman Law Offices","description":"Experienced Attorneys Representing Accident Victims Throughout California","potentialAction":[{"@type":"SearchAction","target":{"@type":"EntryPoint","urlTemplate":"https:\/\/personalinjuryattorney-fresno.com\/es\/?s={search_term_string}"},"query-input":{"@type":"PropertyValueSpecification","valueRequired":true,"valueName":"search_term_string"}}],"inLanguage":"es"}]}},"_links":{"self":[{"href":"https:\/\/personalinjuryattorney-fresno.com\/es\/wp-json\/wp\/v2\/pages\/2030","targetHints":{"allow":["GET"]}}],"collection":[{"href":"https:\/\/personalinjuryattorney-fresno.com\/es\/wp-json\/wp\/v2\/pages"}],"about":[{"href":"https:\/\/personalinjuryattorney-fresno.com\/es\/wp-json\/wp\/v2\/types\/page"}],"author":[{"embeddable":true,"href":"https:\/\/personalinjuryattorney-fresno.com\/es\/wp-json\/wp\/v2\/users\/2"}],"replies":[{"embeddable":true,"href":"https:\/\/personalinjuryattorney-fresno.com\/es\/wp-json\/wp\/v2\/comments?post=2030"}],"version-history":[{"count":0,"href":"https:\/\/personalinjuryattorney-fresno.com\/es\/wp-json\/wp\/v2\/pages\/2030\/revisions"}],"up":[{"embeddable":true,"href":"https:\/\/personalinjuryattorney-fresno.com\/es\/wp-json\/wp\/v2\/pages\/1993"}],"wp:attachment":[{"href":"https:\/\/personalinjuryattorney-fresno.com\/es\/wp-json\/wp\/v2\/media?parent=2030"}],"curies":[{"name":"wp","href":"https:\/\/api.w.org\/{rel}","templated":true}]}}